{"id":12804,"date":"2021-02-09T19:07:48","date_gmt":"2021-02-09T18:07:48","guid":{"rendered":"https:\/\/agora.xtec.cat\/iesmanolohugue\/?page_id=12804"},"modified":"2021-04-26T19:03:11","modified_gmt":"2021-04-26T17:03:11","slug":"portes-obertes-virtuals-2021","status":"publish","type":"page","link":"https:\/\/agora.xtec.cat\/iesmanolohugue\/portes-obertes-virtuals-2021\/","title":{"rendered":"PORTES OBERTES VIRTUALS 2021"},"content":{"rendered":"<table class=\"alignleft\" style=\"height: 220px; width: 821px; border-style: solid; border-color: #121314; background-color: #ededce;\" border=\"1\" cellspacing=\"0\" cellpadding=\"0\">\n<tbody>\n<tr style=\"height: 299px;\">\n<td style=\"width: 819px; background-color: #fcfcfc; height: 10px;\" colspan=\"2\">\n<table style=\"height: 83px; width: 800px; border-style: solid; border-color: #000000;\" border=\"1\" width=\"553\">\n<tbody>\n<tr style=\"height: 157px;\">\n<td style=\"width: 794px; height: 83px;\">\n<ul>\n<li><span style=\"font-size: 12pt;\"><a href=\"https:\/\/prezi.com\/view\/1bZOlhJIlHAVE8jinAkK\/\">PRESENTACI\u00d3 PORTES OBERTES ESO DIA 11\/3\/2021<\/a><\/span><\/li>\n<li><span style=\"font-size: 12pt;\"><a href=\"https:\/\/agora.xtec.cat\/iesmanolohugue\/wp-content\/uploads\/usu9\/2021\/04\/Manolo-Hugu\u00e9-Batxillerat-2021-2022.pdf\">PRESENTACI\u00d3 PORTES OBERTES BATXILLERAT 26\/4\/2021<\/a><\/span><\/li>\n<li><span style=\"font-size: 12pt;\"><a href=\"https:\/\/view.genial.ly\/60489771e8c6730d6ee771be\/presentation-portes-obertes-2021-fp-ins-manolo-hugue\">PRESENTACI\u00d3 PORTES OBERTES CICLES FORMATIUS 26\/4\/2021<\/a><\/span><\/li>\n<\/ul>\n<\/td>\n<\/tr>\n<\/tbody>\n<\/table>\n<\/td>\n<\/tr>\n<tr style=\"height: 23px;\">\n<td style=\"width: 527px; height: 23px; background-color: #fcfcfc;\">\n<ul>\n<li><a href=\"https:\/\/izi.travel\/es\/6212-ins-manolo-hugue\/ca\">VISITA VIRTUAL A L&#8217;INSTITUT EN FRANC\u00c8S, CATAL\u00c0 I CASTELL\u00c0<\/a><\/li>\n<li><a href=\"https:\/\/drive.google.com\/file\/d\/11wBV87KqqARo2G8Qu0zARVsV1aJbrWQ_\/view?usp=sharing\">AULA D&#8217;ACOLLIDA<\/a><\/li>\n<li><a href=\"https:\/\/drive.google.com\/file\/d\/1otp5_Qp4PL-fPOIDAvSCopf91BjVfWFz\/view?usp=sharing\">\u00c0MBIT LING\u00dcISTIC: LLENGUA CATALANA<\/a><\/li>\n<li><a href=\"https:\/\/drive.google.com\/file\/d\/1LkFBEuH0ZLD7uIWOlogZDdhKmZVN52YW\/view?usp=sharing\">\u00c0MBIT LING\u00dcISTIC, LLENGUES ESTRANGERES: FR\u00c0NC\u00c8S<\/a><\/li>\n<li><a href=\"https:\/\/drive.google.com\/file\/d\/1_fSZierl3WR0qR9H6GbvttNTzZlsMKvS\/view?usp=sharing\">\u00c0MBIT MATEM\u00c0TIC<\/a><\/li>\n<li><a href=\"https:\/\/drive.google.com\/file\/d\/1Ymu3nNKDU2dqWRZ9ay1IFmIgow71wrQ-\/view?usp=sharing\">\u00c0MBIT LING\u00dcISTIC, LLENGUES ESTRANGERES: ANGL\u00c8S<\/a><\/li>\n<li><a href=\"https:\/\/drive.google.com\/file\/d\/16ZBt6FKn1WUMxk5mA9GgLb6uPu2jwsSZ\/view?usp=sharing\">\u00c0MBIT LING\u00dcISTIC: LENGUA CASTELLANA<\/a><\/li>\n<li><a href=\"https:\/\/drive.google.com\/file\/d\/1THreOQguRkjQjabEE4odJXHtEKC124Ex\/view?usp=sharing\">\u00c0MBIT CIENT\u00cdFIC:<\/a><\/li>\n<li>I<a href=\"https:\/\/agora.xtec.cat\/iesmanolohugue\/institut-manolo-hugue-en-imatges\/\">NSTITUT MANOLO HUGU\u00c9 EN IMATGES<\/a><\/li>\n<\/ul>\n<\/td>\n<td style=\"width: 292px; background-color: #fcfcfc; height: 23px;\"><span style=\"font-size: 14pt;\"><strong><span style=\"color: #ff0000;\">ELECCI\u00d3 D&#8217;ITINERARIS<\/span><\/strong><\/span><\/p>\n<ul>\n<li><a href=\"https:\/\/agora.xtec.cat\/iesmanolohugue\/wp-content\/uploads\/usu9\/2021\/02\/full-4art-eso-itineraris-optatives-21-22-1.pdf\">FULL D&#8217;ELECCI\u00d3 ITINERARIS 4t ESO<\/a><\/li>\n<li><a href=\"https:\/\/agora.xtec.cat\/iesmanolohugue\/wp-content\/uploads\/usu9\/2021\/02\/full-1BATX-itineraris-optatives-21-22.pdf\">FULL D&#8217;ELECCI\u00d3 ITINERARIS 1r BATX<\/a><\/li>\n<li><a href=\"https:\/\/agora.xtec.cat\/iesmanolohugue\/wp-content\/uploads\/usu9\/2021\/02\/full-2BATX-itineraris-optatives-21-22.pdf\">FULL D&#8217;ELECCI\u00d3 D&#8217;ITINERARIS 2n BATX<\/a><\/li>\n<\/ul>\n<\/td>\n<\/tr>\n<tr style=\"height: 33px;\">\n<td style=\"width: 527px; height: 33px; background-color: #fcfcfc;\">\n<ul>\n<li><a href=\"https:\/\/www.powtoon.com\/s\/bkvtP5Jmzam\/1\/m\">PRESENTACI\u00d3 SOBRE ESTUDIS POSTOBLIGATORIS<\/a><\/li>\n<\/ul>\n<\/td>\n<td style=\"width: 292px; background-color: #fcfcfc; height: 33px;\"><\/td>\n<\/tr>\n<tr style=\"height: 55px;\">\n<td style=\"width: 819px; background-color: #fcfcfc; height: 55px;\" colspan=\"2\">\n<ul style=\"list-style-type: circle;\">\n<li><a href=\"https:\/\/preinscripcio.gencat.cat\/ca\/inici\/\">WEB INFORMATIU DE LA\u00a0 PREINSCRIPCI\u00d3 DE LA GENERALITAT<\/a><\/li>\n<\/ul>\n<\/td>\n<\/tr>\n<tr style=\"height: 99px;\">\n<td style=\"width: 819px; background-color: #fcfcfc; height: 99px;\" colspan=\"2\">\n<ul>\n<li><a href=\"https:\/\/idcatmobil.seu.cat\/\">INSTRUCCIONS PER OBTENIR IDCAT M\u00d2BIL PER PODER FER PREINSCRIPCI\u00d3 I MATR\u00cdCULA TELEM\u00c0TICA D&#8217;ESO, BATXILLERAT I CICLES FORMATIUS.<\/a><\/li>\n<\/ul>\n<\/td>\n<\/tr>\n<\/tbody>\n<\/table>\n","protected":false},"excerpt":{"rendered":"<ul>\n<li><a href=\"https:\/\/prezi.com\/view\/1bZOlhJIlHAVE8jinAkK\/\">PRESENTACI\u00d3 PORTES OBERTES ESO DIA 11\/3\/2021<\/a><\/li>\n<li><a href=\"https:\/\/agora.xtec.cat\/iesmanolohugue\/wp-content\/uploads\/usu9\/2021\/04\/Manolo-Hugu\u00e9-Batxillerat-2021-2022.pdf\">PRESENTACI\u00d3 PORTES OBERTES BATXILLERAT 26\/4\/2021<\/a><\/li>\n<li><a href=\"https:\/\/view.genial.ly\/60489771e8c6730d6ee771be\/presentation-portes-obertes-2021-fp-ins-manolo-hugue\">PRESENTACI\u00d3 PORTES OBERTES CICLES FORMATIUS 26\/4\/2021<\/a><\/li>\n<\/ul>\n<ul>\n<li><a href=\"https:\/\/izi.travel\/es\/6212-ins-manolo-hugue\/ca\">VISITA VIRTUAL A L&#8217;INSTITUT EN FRANC\u00c8S, CATAL\u00c0 I CASTELL\u00c0<\/a><\/li>\n<li><a href=\"https:\/\/drive.google.com\/file\/d\/11wBV87KqqARo2G8Qu0zARVsV1aJbrWQ_\/view?usp=sharing\">AULA D&#8217;ACOLLIDA<\/a><\/li>\n<li><a href=\"https:\/\/drive.google.com\/file\/d\/1otp5_Qp4PL-fPOIDAvSCopf91BjVfWFz\/view?usp=sharing\">\u00c0MBIT LING\u00dcISTIC: LLENGUA CATALANA<\/a><\/li>\n<li><a href=\"https:\/\/drive.google.com\/file\/d\/1LkFBEuH0ZLD7uIWOlogZDdhKmZVN52YW\/view?usp=sharing\">\u00c0MBIT LING\u00dcISTIC, LLENGUES ESTRANGERES: FR\u00c0NC\u00c8S<\/a><\/li>\n<li><a href=\"https:\/\/drive.google.com\/file\/d\/1_fSZierl3WR0qR9H6GbvttNTzZlsMKvS\/view?usp=sharing\">\u00c0MBIT MATEM\u00c0TIC<\/a><\/li>\n<li><a href=\"https:\/\/drive.google.com\/file\/d\/1Ymu3nNKDU2dqWRZ9ay1IFmIgow71wrQ-\/view?usp=sharing\">\u00c0MBIT LING\u00dcISTIC, LLENGUES ESTRANGERES: ANGL\u00c8S<\/a><\/li>\n<li><a&hellip;  <a href=\"https:\/\/agora.xtec.cat\/iesmanolohugue\/portes-obertes-virtuals-2021\/\" title=\"Read PORTES OBERTES VIRTUALS 2021\">Llegeix m\u00e9s\u00bb<\/a><br \/>\n","protected":false},"author":1,"featured_media":0,"parent":0,"menu_order":0,"comment_status":"closed","ping_status":"closed","template":"","meta":{"_bbp_topic_count":0,"_bbp_reply_count":0,"_bbp_total_topic_count":0,"_bbp_total_reply_count":0,"_bbp_voice_count":0,"_bbp_anonymous_reply_count":0,"_bbp_topic_count_hidden":0,"_bbp_reply_count_hidden":0,"_bbp_forum_subforum_count":0,"footnotes":""},"class_list":["post-12804","page","type-page","status-publish","hentry"],"post_mailing_queue_ids":[],"_links":{"self":[{"href":"https:\/\/agora.xtec.cat\/iesmanolohugue\/wp-json\/wp\/v2\/pages\/12804","targetHints":{"allow":["GET"]}}],"collection":[{"href":"https:\/\/agora.xtec.cat\/iesmanolohugue\/wp-json\/wp\/v2\/pages"}],"about":[{"href":"https:\/\/agora.xtec.cat\/iesmanolohugue\/wp-json\/wp\/v2\/types\/page"}],"author":[{"embeddable":true,"href":"https:\/\/agora.xtec.cat\/iesmanolohugue\/wp-json\/wp\/v2\/users\/1"}],"replies":[{"embeddable":true,"href":"https:\/\/agora.xtec.cat\/iesmanolohugue\/wp-json\/wp\/v2\/comments?post=12804"}],"version-history":[{"count":4,"href":"https:\/\/agora.xtec.cat\/iesmanolohugue\/wp-json\/wp\/v2\/pages\/12804\/revisions"}],"predecessor-version":[{"id":13152,"href":"https:\/\/agora.xtec.cat\/iesmanolohugue\/wp-json\/wp\/v2\/pages\/12804\/revisions\/13152"}],"wp:attachment":[{"href":"https:\/\/agora.xtec.cat\/iesmanolohugue\/wp-json\/wp\/v2\/media?parent=12804"}],"curies":[{"name":"wp","href":"https:\/\/api.w.org\/{rel}","templated":true}]}}