{"id":12446,"date":"2020-10-01T18:52:51","date_gmt":"2020-10-01T16:52:51","guid":{"rendered":"https:\/\/agora.xtec.cat\/iesmanolohugue\/?page_id=12446"},"modified":"2025-10-16T17:19:42","modified_gmt":"2025-10-16T15:19:42","slug":"criteris-avaluacio-cicles-formatius-branca-mecanitzacio","status":"publish","type":"page","link":"https:\/\/agora.xtec.cat\/iesmanolohugue\/criteris-avaluacio-cicles-formatius-branca-mecanitzacio\/","title":{"rendered":"CRITERIS AVALUACI\u00d3 CICLES FORMATIUS BRANCA MECANITZACI\u00d3"},"content":{"rendered":"<h4><span style=\"font-size: 18pt;\">GRAU MITJ\u00c0\u00a0<\/span><\/h4>\n<h4><\/h4>\n<p><strong>1r CFGM MEC\u00c0NICA<\/strong><\/p>\n<ul>\n<li><a href=\"https:\/\/agora.xtec.cat\/iesmanolohugue\/wp-content\/uploads\/usu9\/2025\/10\/Criteris-davaluacio-Modul-professional-optatiu-Manteniment.docx.pdf\"><span style=\"font-size: 10pt;\">Criteris qualificaci\u00f3 Manteniment Industrial\u00a0<\/span><\/a><\/li>\n<li><a href=\"https:\/\/agora.xtec.cat\/iesmanolohugue\/wp-content\/uploads\/usu9\/2025\/10\/Criteris-davaluacio-1708_Sostenibilitat-aplicada-al-sistema-productiu.pdf\"><span style=\"font-size: 10pt;\">Criteris qualificaci\u00f3 Sostenibilitat Aplicada al Sistema Productiu<\/span><\/a><\/li>\n<li><a href=\"https:\/\/agora.xtec.cat\/iesmanolohugue\/wp-content\/uploads\/usu9\/2025\/10\/Criteris-davaluacio-Modul-professional-optatiu-Manteniment.docx.pdf\"><span style=\"font-size: 10pt;\">Criteris qualificaci\u00f3 Introducci\u00f3 a la soldadura i caldereria\u00a0<\/span><\/a><\/li>\n<li><a href=\"https:\/\/agora.xtec.cat\/iesmanolohugue\/wp-content\/uploads\/usu9\/2025\/10\/Criteris-davaluacio-0156_Angles-professional.pdf\"><span style=\"font-size: 10pt;\">Criteris qualificaci\u00f3\u00a0 Angl\u00e8s<\/span><\/a><\/li>\n<li><a href=\"https:\/\/agora.xtec.cat\/iesmanolohugue\/wp-content\/uploads\/usu9\/2025\/10\/Criteris-davaluacio-1709_Itinerari-personal-per-a-locupabilitat-I.docx.pdf\"><span style=\"font-size: 10pt;\">Criteris qualificaci\u00f3 Itinerari personal per a l&#8217;ocupaci\u00f3 I<\/span><\/a><\/li>\n<li><a href=\"https:\/\/agora.xtec.cat\/iesmanolohugue\/wp-content\/uploads\/usu9\/2025\/10\/Criteris-davaluacio-0005_Sistemes-automatitzats.docx.pdf\"><span style=\"font-size: 10pt;\">Criteris qualificaci\u00f3 Sistemes automatitzats<\/span><\/a><\/li>\n<li><a href=\"https:\/\/agora.xtec.cat\/iesmanolohugue\/wp-content\/uploads\/usu9\/2025\/10\/Criteris-davaluacio-0006_Metrologia-i-assaig.docx.pdf\"><span style=\"font-size: 10pt;\">Criteris qualificaci\u00f3 Metrologia<\/span><\/a><\/li>\n<li><a href=\"https:\/\/agora.xtec.cat\/iesmanolohugue\/wp-content\/uploads\/usu9\/2025\/10\/Criteris-davaluacio-0004_Fabricacio-per-arrencament-de-ferritja.docx.pdf\"><span style=\"font-size: 10pt;\">Criteris qualificaci\u00f3 Fabricaci\u00f3 per arrencaments de ferritja<\/span><\/a><\/li>\n<li><a href=\"https:\/\/agora.xtec.cat\/iesmanolohugue\/wp-content\/uploads\/usu9\/2025\/10\/Criteris-davaluacio-0007_Interpretacio-grafica.pdf\"><span style=\"font-size: 10pt;\">Criteris qualificaci\u00f3 Interpretaci\u00f3 gr\u00e0fica<\/span><\/a><\/li>\n<li><a href=\"https:\/\/agora.xtec.cat\/iesmanolohugue\/wp-content\/uploads\/usu9\/2025\/10\/Criteris-davaluacio-1664_Digitalitzacio-aplicada-als-sectors-productius.pdf\"><span style=\"font-size: 10pt;\">Criteris qualificaci\u00f3 Digitalitzaci\u00f3 aplicada als sectors productius I<\/span><\/a><\/li>\n<\/ul>\n<p><span style=\"font-size: 12pt;\"><strong>2n CFGM MEC\u00c0NICA<\/strong><\/span><\/p>\n<ul>\n<li><a href=\"https:\/\/agora.xtec.cat\/iesmanolohugue\/wp-content\/uploads\/usu9\/2025\/10\/Criteris-d_avaluacio-0003_Fabricacio-per-abrasio-electroerosio-tall-i-conformat-i-per-processos-especials.docx.pdf\"><span style=\"font-size: 10pt;\">Criteris qualificaci\u00f3 Fabricaci\u00f3 per abrasi\u00f3, electroerosi\u00f3, tall i conformat i processos especials<\/span><\/a><\/li>\n<li><a href=\"https:\/\/agora.xtec.cat\/iesmanolohugue\/wp-content\/uploads\/usu9\/2025\/10\/Criteris-d_avaluacio-0001_Processos-de-mecanitzacio.docx.pdf\"><span style=\"font-size: 10pt;\">Criteris qualificaci\u00f3 Processos de mecanitzaci\u00f3<\/span><\/a><\/li>\n<li><a href=\"https:\/\/agora.xtec.cat\/iesmanolohugue\/wp-content\/uploads\/usu9\/2025\/10\/Criteris-d_avaluacio-0002_Mecanitzacio-per-control-numeric.docx.pdf\"><span style=\"font-size: 10pt;\">Criteris qualificaci\u00f3 Mecanitzaci\u00f3 per Control Num\u00e8ric<\/span><\/a><\/li>\n<li><a href=\"https:\/\/agora.xtec.cat\/iesmanolohugue\/wp-content\/uploads\/usu9\/2024\/09\/MP09_24-25_CRAVAL_EIE_GM.docx.pdf\"><span style=\"font-size: 10pt;\">Criteris qualificaci\u00f3 Projecte intermodular<\/span><\/a><\/li>\n<li><span style=\"font-size: 10pt;\"><a href=\"https:\/\/agora.xtec.cat\/iesmanolohugue\/wp-content\/uploads\/usu9\/2025\/10\/Criteris-d_avaluacio-1710_Itinerari-personal-per-a-l_ocupabilitat-II.docx.pdf\">Criteris qualificaci\u00f3 Itinerari personal per a l&#8217;ocupaci\u00f3 II<\/a><\/span><\/li>\n<\/ul>\n<h4><span style=\"font-size: 18pt;\">GRAU SUPERIOR MOTLLES I MATRIUS<\/span><\/h4>\n<p><strong>1r CFGS MOTLLES I MATRIUS<\/strong><\/p>\n<ul>\n<li><a href=\"https:\/\/agora.xtec.cat\/iesmanolohugue\/wp-content\/uploads\/usu9\/2025\/10\/Criteris-d_avaluacio-1709_Itinerari-personal-per-a-l_ocupabilitat-I.docx.pdf\"><span style=\"font-size: 10pt;\">Criteris qualificaci\u00f3 Itinerari personal per a l&#8217;ocupaci\u00f3 I<\/span><\/a><\/li>\n<li><a href=\"https:\/\/agora.xtec.cat\/iesmanolohugue\/wp-content\/uploads\/usu9\/2025\/10\/Criteris-d_avaluacio-C029_Disseny-industrial-per-proces-de-xapa-i-estampacio.pdf\"><span style=\"font-size: 10pt;\">Criteris qualificaci\u00f3 Disseny industrial per proc\u00e9s de xapa i estampaci\u00f3<\/span><\/a><\/li>\n<li><a href=\"https:\/\/agora.xtec.cat\/iesmanolohugue\/wp-content\/uploads\/usu9\/2025\/10\/Criteris-d_avaluacio-C030_Disseny-de-motlles-per-a-productes-polimerics.pdf\"><span style=\"font-size: 10pt;\">Criteris qualificaci\u00f3 Disseny de motlles per a productes polim\u00e8rics<\/span><\/a><\/li>\n<li><a href=\"https:\/\/agora.xtec.cat\/iesmanolohugue\/wp-content\/uploads\/usu9\/2025\/10\/Criteris-d_avaluacio-0002_Mecanitzacio-per-control-numeric.docx-1.pdf\"><span style=\"font-size: 10pt;\">Criteris qualificaci\u00f3 Mecanitzat per control num\u00e8ric<\/span><\/a><\/li>\n<li><a href=\"https:\/\/agora.xtec.cat\/iesmanolohugue\/wp-content\/uploads\/usu9\/2025\/10\/Criteris-d_avaluacio-0161_Fabricacio-assistida-per-ordinador.docx.pdf\"><span style=\"font-size: 10pt;\">Criteris qualificaci\u00f3 Fabricaci\u00f3 assistida per ordinador\u00a0<\/span><\/a><\/li>\n<li><a href=\"https:\/\/agora.xtec.cat\/iesmanolohugue\/wp-content\/uploads\/usu9\/2025\/10\/Criteris-d_avaluacio-1665_Digitalitzacio-aplicada-als-sectors-productius.docx.pdf\"><span style=\"font-size: 10pt;\">Criteris qualificaci\u00f3 Digitalitzaci\u00f3 aplicada als sectors productius<\/span><\/a><\/li>\n<li><a href=\"https:\/\/agora.xtec.cat\/iesmanolohugue\/wp-content\/uploads\/usu9\/2025\/10\/Criteris-d_avaluacio-0007_Interpretacio-Grafica.pdf\"><span style=\"font-size: 10pt;\">Criteris qualificaci\u00f3 Interpretaci\u00f3 gr\u00e0fica<\/span><\/a><\/li>\n<li><a href=\"https:\/\/agora.xtec.cat\/iesmanolohugue\/wp-content\/uploads\/usu9\/2025\/10\/Criteris-d_avaluacio-0160_Definicio-de-processos-de-mecanitzacio-conformacio-i-muntatge.docx.pdf\"><span style=\"font-size: 10pt;\">Criteris qualificaci\u00f3 Definici\u00f3 de processos de mecanitzaci\u00f3, conformaci\u00f3 i muntatge\u00a0<\/span><\/a><\/li>\n<li><a href=\"https:\/\/agora.xtec.cat\/iesmanolohugue\/wp-content\/uploads\/usu9\/2025\/10\/Criteris-d_avaluacio-C031_Execucio-de-processos-de-transformacio-de-materials.docx.pdf\"><span style=\"font-size: 10pt;\">Criteris qualificaci\u00f3 Execuci\u00f3 de processos de transformaci\u00f3 de materials<\/span><\/a><\/li>\n<li><a href=\"https:\/\/agora.xtec.cat\/iesmanolohugue\/wp-content\/uploads\/usu9\/2025\/10\/Criteris-d_avaluacio-0164_Execucio-de-processos-de-fabricacio.docx.pdf\"><span style=\"font-size: 10pt;\">Criteris qualificaci\u00f3 Execuci\u00f3 de processos de fabricaci\u00f3<\/span><\/a><\/li>\n<li><span style=\"font-size: 10pt;\"><a href=\"https:\/\/agora.xtec.cat\/iesmanolohugue\/wp-content\/uploads\/usu9\/2025\/10\/Criteris-d_avaluacio-1708_Sostenibilitat-aplicada-al-sistema-productiu.docx.pdf\">Criteris qualificaci\u00f3 Sostenibilitat aplicada al sistema productiu<\/a><\/span><\/li>\n<\/ul>\n<p><strong>2n CFGS MOTLLES I MATRIUS<\/strong><\/p>\n<ul>\n<li><a href=\"https:\/\/agora.xtec.cat\/iesmanolohugue\/wp-content\/uploads\/usu9\/2025\/10\/Criteris-d_avaluacio-0163_Programacio-de-la-produccio.docx.pdf\"><span style=\"font-size: 10pt;\">Criteris qualificaci\u00f3 Programaci\u00f3 de la producci\u00f3<\/span><\/a><\/li>\n<li><a href=\"https:\/\/agora.xtec.cat\/iesmanolohugue\/wp-content\/uploads\/usu9\/2025\/10\/Criteris-d_avaluacio-C028_Materials.docx.pdf\"><span style=\"font-size: 10pt;\">Criteris qualificaci\u00f3 Materials<\/span><\/a><\/li>\n<li><a href=\"https:\/\/agora.xtec.cat\/iesmanolohugue\/wp-content\/uploads\/usu9\/2025\/10\/Criteris-d_avaluacio-0166_Verificacio-de-productes.docx.pdf\"><span style=\"font-size: 10pt;\">Criteris qualificaci\u00f3 Verificaci\u00f3 de productes<\/span><\/a><\/li>\n<li><a href=\"https:\/\/agora.xtec.cat\/iesmanolohugue\/wp-content\/uploads\/usu9\/2025\/10\/Criteris-d_avaluacio-0167_Projecte-intermodular-de-fabricacio-de-productes-mecanics.pdf\"><span style=\"font-size: 10pt;\">Criteris qualificaci\u00f3 Projecte intermodular de fabricaci\u00f3 de productes mec\u00e0nics\u00a0<\/span><\/a><\/li>\n<li><a href=\"https:\/\/agora.xtec.cat\/iesmanolohugue\/wp-content\/uploads\/usu9\/2025\/10\/Criteris-d_avaluacio-0162_Programacio-de-sistemes-automatics-de-fabricacio-mecanica.pdf\"><span style=\"font-size: 10pt;\"><span style=\"font-size: 10pt;\">Criteris qualificaci\u00f3 <\/span>Programaci\u00f3 de sistemes autom\u00e0tics de fabricaci\u00f3 mec\u00e0nica<\/span><\/a><\/li>\n<li><a href=\"https:\/\/agora.xtec.cat\/iesmanolohugue\/wp-content\/uploads\/usu9\/2025\/10\/Criteris-d_avaluacio-0165_Gestio-de-la-qualitat-prevencio-de-riscos-laborals-i-proteccio-ambientals.docx.pdf\"><span style=\"font-size: 10pt;\">Criteris qualificaci\u00f3 Gesti\u00f3 de la qualitat, prevenci\u00f3 de riscos laborals i protecci\u00f3 ambientals<\/span><\/a><\/li>\n<li><a href=\"https:\/\/agora.xtec.cat\/iesmanolohugue\/wp-content\/uploads\/usu9\/2025\/10\/CRITERIS-D_AVALUACIO-ANGLES-CFGS-MOTLLES-25-26_.pdf\"><span style=\"font-size: 10pt;\">Criteris qualificaci\u00f3 Angl\u00e8s<\/span><\/a><\/li>\n<li><a href=\"https:\/\/agora.xtec.cat\/iesmanolohugue\/wp-content\/uploads\/usu9\/2025\/10\/Criteris-d_avaluacio-1708_Sostenibilitat-aplicada-al-sistema-productiu.docx-1.pdf\"><span style=\"font-size: 10pt;\">Criteris qualificaci\u00f3 Sostenibilitat aplicada al sistema productiu<\/span><\/a><\/li>\n<li><a href=\"https:\/\/agora.xtec.cat\/iesmanolohugue\/wp-content\/uploads\/usu9\/2025\/10\/Criteris-d_avaluacio-1710_Itinerari-personal-per-a-l_ocupabilitat-II.docx-1.pdf\"><span style=\"font-size: 10pt;\">Criteris qualificaci\u00f3 Itinerari personal per a l&#8217;ocupabilitat II<\/span><\/a><\/li>\n<\/ul>\n","protected":false},"excerpt":{"rendered":"<p>GRAU MITJ\u00c0\u00a0<\/p>\n<p>1r CFGM MEC\u00c0NICA<\/p>\n<ul>\n<li><a href=\"https:\/\/agora.xtec.cat\/iesmanolohugue\/wp-content\/uploads\/usu9\/2025\/10\/Criteris-davaluacio-Modul-professional-optatiu-Manteniment.docx.pdf\">Criteris qualificaci\u00f3 Manteniment Industrial\u00a0<\/a><\/li>\n<li><a href=\"https:\/\/agora.xtec.cat\/iesmanolohugue\/wp-content\/uploads\/usu9\/2025\/10\/Criteris-davaluacio-1708_Sostenibilitat-aplicada-al-sistema-productiu.pdf\">Criteris qualificaci\u00f3 Sostenibilitat Aplicada al Sistema Productiu<\/a><\/li>\n<li><a href=\"https:\/\/agora.xtec.cat\/iesmanolohugue\/wp-content\/uploads\/usu9\/2025\/10\/Criteris-davaluacio-Modul-professional-optatiu-Manteniment.docx.pdf\">Criteris qualificaci\u00f3 Introducci\u00f3 a la soldadura i caldereria\u00a0<\/a><\/li>\n<li><a href=\"https:\/\/agora.xtec.cat\/iesmanolohugue\/wp-content\/uploads\/usu9\/2025\/10\/Criteris-davaluacio-0156_Angles-professional.pdf\">Criteris qualificaci\u00f3\u00a0 Angl\u00e8s<\/a><\/li>\n<li><a href=\"https:\/\/agora.xtec.cat\/iesmanolohugue\/wp-content\/uploads\/usu9\/2025\/10\/Criteris-davaluacio-1709_Itinerari-personal-per-a-locupabilitat-I.docx.pdf\">Criteris qualificaci\u00f3 Itinerari personal per a l&#8217;ocupaci\u00f3 I<\/a><\/li>\n<li><a href=\"https:\/\/agora.xtec.cat\/iesmanolohugue\/wp-content\/uploads\/usu9\/2025\/10\/Criteris-davaluacio-0005_Sistemes-automatitzats.docx.pdf\">Criteris qualificaci\u00f3 Sistemes automatitzats<\/a><\/li>\n<li><a href=\"https:\/\/agora.xtec.cat\/iesmanolohugue\/wp-content\/uploads\/usu9\/2025\/10\/Criteris-davaluacio-0006_Metrologia-i-assaig.docx.pdf\">Criteris qualificaci\u00f3 Metrologia<\/a><\/li>\n<li><a href=\"https:\/\/agora.xtec.cat\/iesmanolohugue\/wp-content\/uploads\/usu9\/2025\/10\/Criteris-davaluacio-0004_Fabricacio-per-arrencament-de-ferritja.docx.pdf\">Criteris qualificaci\u00f3 Fabricaci\u00f3 per&hellip;  <a href=\"https:\/\/agora.xtec.cat\/iesmanolohugue\/criteris-avaluacio-cicles-formatius-branca-mecanitzacio\/\" title=\"Read CRITERIS AVALUACI\u00d3 CICLES FORMATIUS BRANCA MECANITZACI\u00d3\">Llegeix m\u00e9s\u00bb<\/a><br \/>\n","protected":false},"author":1,"featured_media":0,"parent":0,"menu_order":0,"comment_status":"closed","ping_status":"closed","template":"","meta":{"_bbp_topic_count":0,"_bbp_reply_count":0,"_bbp_total_topic_count":0,"_bbp_total_reply_count":0,"_bbp_voice_count":0,"_bbp_anonymous_reply_count":0,"_bbp_topic_count_hidden":0,"_bbp_reply_count_hidden":0,"_bbp_forum_subforum_count":0,"footnotes":""},"class_list":["post-12446","page","type-page","status-publish","hentry"],"post_mailing_queue_ids":[],"_links":{"self":[{"href":"https:\/\/agora.xtec.cat\/iesmanolohugue\/wp-json\/wp\/v2\/pages\/12446","targetHints":{"allow":["GET"]}}],"collection":[{"href":"https:\/\/agora.xtec.cat\/iesmanolohugue\/wp-json\/wp\/v2\/pages"}],"about":[{"href":"https:\/\/agora.xtec.cat\/iesmanolohugue\/wp-json\/wp\/v2\/types\/page"}],"author":[{"embeddable":true,"href":"https:\/\/agora.xtec.cat\/iesmanolohugue\/wp-json\/wp\/v2\/users\/1"}],"replies":[{"embeddable":true,"href":"https:\/\/agora.xtec.cat\/iesmanolohugue\/wp-json\/wp\/v2\/comments?post=12446"}],"version-history":[{"count":7,"href":"https:\/\/agora.xtec.cat\/iesmanolohugue\/wp-json\/wp\/v2\/pages\/12446\/revisions"}],"predecessor-version":[{"id":18845,"href":"https:\/\/agora.xtec.cat\/iesmanolohugue\/wp-json\/wp\/v2\/pages\/12446\/revisions\/18845"}],"wp:attachment":[{"href":"https:\/\/agora.xtec.cat\/iesmanolohugue\/wp-json\/wp\/v2\/media?parent=12446"}],"curies":[{"name":"wp","href":"https:\/\/api.w.org\/{rel}","templated":true}]}}