{"id":12364,"date":"2020-09-25T08:30:25","date_gmt":"2020-09-25T06:30:25","guid":{"rendered":"https:\/\/agora.xtec.cat\/iesmanolohugue\/?page_id=12364"},"modified":"2025-10-14T22:26:47","modified_gmt":"2025-10-14T20:26:47","slug":"criteris-avaluacio-cicles-formatius-branca-administracio","status":"publish","type":"page","link":"https:\/\/agora.xtec.cat\/iesmanolohugue\/criteris-avaluacio-cicles-formatius-branca-administracio\/","title":{"rendered":"CRITERIS AVALUACI\u00d3 CICLES FORMATIUS BRANCA ADMINISTRACI\u00d3"},"content":{"rendered":"<ul>\n<li><a href=\"https:\/\/agora.xtec.cat\/iesmanolohugue\/wp-content\/uploads\/usu9\/2025\/10\/CRITERI-MINIM-AVALUACIO-DEPARTAMENT-25-26.pdf\"><span style=\"font-size: 12pt;\">Criteris\u00a0generals m\u00ednims sobre l\u2019avaluaci\u00f3 i la recuperaci\u00f3 dels m\u00f2duls<br \/>\nprofessionals i\/o unitats formatives del CFGM de Gesti\u00f3 Administrativa i del<br \/>\nCFGS d\u2019Administraci\u00f3 i Finances<\/span><\/a><\/li>\n<\/ul>\n<h2>GRAU MITJ\u00c0<\/h2>\n<p><strong>1r CFGM GESTI\u00d3 ADMINISTRATIVA<\/strong><\/p>\n<ul>\n<li><a href=\"https:\/\/agora.xtec.cat\/iesmanolohugue\/wp-content\/uploads\/usu9\/2025\/10\/CRAVAL-CMA1-Operacions-adminstratives-de-compravenda-2025-2026.docx.pdf\"><span style=\"font-size: 10pt;\">Criteris qualificaci\u00f3 Operacions administratives de compravenda<\/span><\/a><\/li>\n<li><a href=\"https:\/\/agora.xtec.cat\/iesmanolohugue\/wp-content\/uploads\/usu9\/2025\/10\/CRAVALM0442-Operacions-Administratives-de-RRHH.pdf\"><span style=\"font-size: 10pt;\">Criteris qualificaci\u00f3 Operacions administratives de recursos humans<\/span><\/a><\/li>\n<li><a href=\"https:\/\/agora.xtec.cat\/iesmanolohugue\/wp-content\/uploads\/usu9\/2025\/10\/CRAVAL-MP437-Comunicacio-empresarial-i-atencio-al-client-2025-2026.pdf\"><span style=\"font-size: 10pt;\">Criteris qualificaci\u00f3 Comunicaci\u00f3 empresarial i atenci\u00f3 al client<\/span><\/a><\/li>\n<li><span style=\"font-size: 10pt;\"><a href=\"https:\/\/agora.xtec.cat\/iesmanolohugue\/wp-content\/uploads\/usu9\/2025\/10\/CRAVAL-CMA1-0439-Empresa-i-Administracio-2024-2025.docx.pdf\">Criteris qualificaci\u00f3 Empresa i Administraci\u00f3<\/a>\u00a0<\/span><\/li>\n<li><a href=\"https:\/\/agora.xtec.cat\/iesmanolohugue\/wp-content\/uploads\/usu9\/2025\/10\/CRAVALMP440-Tractament-Informatic-de-la-Informacio-2025-2026.pdf\"><span style=\"font-size: 10pt;\">Criteris qualificaci\u00f3 Tractament inform\u00e0tic de la informaci\u00f3<\/span><\/a><\/li>\n<li><a href=\"https:\/\/agora.xtec.cat\/iesmanolohugue\/wp-content\/uploads\/usu9\/2025\/10\/CRITERIS-AVALUACIO-MP8-angles-1r-CFGM_GestioAdministrativa_25-26.docx-1.pdf\"><span style=\"font-size: 10pt;\">Criteris qualificaci\u00f3 Angl\u00e8s<\/span><\/a><\/li>\n<li><a href=\"https:\/\/agora.xtec.cat\/iesmanolohugue\/wp-content\/uploads\/usu9\/2025\/10\/CRAVAL-AG10-1709-IPO1-25-26.docx.pdf\"><span style=\"font-size: 10pt;\">Criteris qualificaci\u00f3 Itinerari Personal per a l&#8217;Ocupaci\u00f3 1<\/span><\/a><\/li>\n<li><a href=\"https:\/\/agora.xtec.cat\/iesmanolohugue\/wp-content\/uploads\/usu9\/2025\/10\/CRAVAL-CMA1-0441-TECNICA-COMPTABLE-2025-2026.docx.docx.pdf\"><span style=\"font-size: 10pt;\">Criteris qualificaci\u00f3 T\u00e8cnica comptable<\/span><\/a><\/li>\n<li><a href=\"https:\/\/agora.xtec.cat\/iesmanolohugue\/wp-content\/uploads\/usu9\/2025\/10\/CAVAL-CATALA-CURS-25-26.docx.pdf\"><span style=\"font-size: 10pt;\">Criteris qualificaci\u00f3 Catal\u00e0<\/span><\/a><\/li>\n<li><a href=\"https:\/\/agora.xtec.cat\/iesmanolohugue\/wp-content\/uploads\/usu9\/2025\/10\/CAVAL-MP1708-SOSTENIBILITAT-2025-2026.pdf\"><span style=\"font-size: 10pt;\">Criteris qualificaci\u00f3 Sostenibilitat<\/span><\/a><\/li>\n<\/ul>\n<p><strong>2n CFGM GESTI\u00d3 ADMINISTRATIVA<\/strong><\/p>\n<ul>\n<li><span style=\"font-size: 10pt;\"><a href=\"https:\/\/agora.xtec.cat\/iesmanolohugue\/wp-content\/uploads\/usu9\/2025\/10\/CAVAL-MP1708-SOSTENIBILITAT-2025-2026.pdf\">Criteris qualificaci\u00f3 Sostenibilitat<\/a>\u00a0<\/span><\/li>\n<li><a href=\"https:\/\/agora.xtec.cat\/iesmanolohugue\/wp-content\/uploads\/usu9\/2025\/10\/CRAVAL-OPERACIONS-AUXILIARS-DE-TRESORERIA-0448.docx.pdf\"><span style=\"font-size: 10pt;\">Criteris qualificaci\u00f3 Operacions auxiliars de gesti\u00f3 de tresoreria<\/span><\/a><\/li>\n<li><a href=\"https:\/\/agora.xtec.cat\/iesmanolohugue\/wp-content\/uploads\/usu9\/2025\/10\/CRITERIS-DAVALUACIO-DEL-MODUL-0446-EMPRESA-A-LAULA.pdf\"><span style=\"font-size: 10pt;\">Criteris qualificaci\u00f3 Empresa a l&#8217;aula<\/span><\/a><\/li>\n<li><a href=\"https:\/\/agora.xtec.cat\/iesmanolohugue\/wp-content\/uploads\/usu9\/2025\/10\/CRAVAL-CMA2-0443-TRACTAMENT-DE-LA-DOCUMENTACIO-COMPTABLE-2025-26.pdf\"><span style=\"font-size: 10pt;\">Criteris qualificaci\u00f3 Tractament de la documentaci\u00f3 comptable<\/span><\/a><\/li>\n<li><a href=\"https:\/\/agora.xtec.cat\/iesmanolohugue\/wp-content\/uploads\/usu9\/2025\/10\/25-26-CRAVAL-1664-DIGITALITZACIO-APLICADA-ALS-SECTORS-PRODUCTIUS.pdf\"><span style=\"font-size: 10pt;\">Criteris qualificaci\u00f3 Digitalitzaci\u00f3 aplicada a sectors productius<\/span><\/a><\/li>\n<li><a href=\"https:\/\/agora.xtec.cat\/iesmanolohugue\/wp-content\/uploads\/usu9\/2025\/10\/CRAVAL-AG10-1710-IPO2-25-26.docx.pdf\"><span style=\"font-size: 10pt;\">Criteris qualificaci\u00f3 Itinerari personal per a l&#8217;ocupabilitat II<\/span><\/a><\/li>\n<li><span style=\"font-size: 10pt;\"><a href=\"https:\/\/agora.xtec.cat\/iesmanolohugue\/wp-content\/uploads\/usu9\/2025\/10\/CRAVAL1713-PROJECTE-INTERMODULAR.pdf\">Criteris qualificaci\u00f3 Projecte Intermodular<\/a><\/span><\/li>\n<li><a href=\"https:\/\/agora.xtec.cat\/iesmanolohugue\/wp-content\/uploads\/usu9\/2025\/10\/CRAVAL-MODUL-PROFESSIONAL-OPTATIU-2025-26.docx-1.pdf\"><span style=\"font-size: 10pt;\">Criteris qualificaci\u00f3 M\u00f2dul professional optatiu<\/span><\/a><\/li>\n<\/ul>\n<h2>GRAU SUPERIOR<\/h2>\n<p><strong>1r CFGS ADMINISTRACI\u00d3 I FINANCES<\/strong><\/p>\n<ul>\n<li><a href=\"https:\/\/agora.xtec.cat\/iesmanolohugue\/wp-content\/uploads\/usu9\/2025\/10\/CRAVAL-0655-GESTIO-LOGISTICA-I-COMERCIAL-25-26.pdf\"><span style=\"font-size: 10pt;\">Criteris qualificaci\u00f3 Gesti\u00f3 log\u00edstica i comercial<\/span><\/a><\/li>\n<li><a href=\"https:\/\/agora.xtec.cat\/iesmanolohugue\/wp-content\/uploads\/usu9\/2025\/10\/CRITERIS-DAVALUACIO-DEL-MODUL-0647-GESTIO-DE-LA-DOCUMENTACIO-JURIDICA-I-EMPRESARIAL-3.docx.pdf\"><span style=\"font-size: 10pt;\">Criteris qualificaci\u00f3 Gesti\u00f3 de la Documentaci\u00f3 Jur\u00eddica i Empresarial<\/span><\/a><\/li>\n<li><a href=\"https:\/\/agora.xtec.cat\/iesmanolohugue\/wp-content\/uploads\/usu9\/2025\/10\/CRAVAL-MP437-Comunicacio-empresarial-i-atencio-al-client-2025-2026.pdf\"><span style=\"font-size: 10pt;\">Criteris qualificaci\u00f3 Comunicaci\u00f3 i atenci\u00f3 al client\u00a0<\/span><\/a><\/li>\n<li><a href=\"https:\/\/agora.xtec.cat\/iesmanolohugue\/wp-content\/uploads\/usu9\/2025\/10\/CRAVAL-0649-OFIMATICA-I-PROCES-DE-LA-INFORMACIO-1r-curs-CFGS-2024-25-1.docx.pdf\"><span style=\"font-size: 10pt;\">Criteris qualificaci\u00f3 Ofim\u00e0tica i proc\u00e9s de la informaci\u00f3<\/span><\/a><\/li>\n<li><a href=\"https:\/\/agora.xtec.cat\/iesmanolohugue\/wp-content\/uploads\/usu9\/2025\/10\/CRAVAL-CS1A-GESTIO-RECURSOS-HUMANS-CURS-25-26.docx.pdf\"><span style=\"font-size: 10pt;\">Criteris qualificaci\u00f3 Gesti\u00f3 de Recursos Humans<\/span><\/a><\/li>\n<li><a href=\"https:\/\/agora.xtec.cat\/iesmanolohugue\/wp-content\/uploads\/usu9\/2025\/10\/CRAVAL-CSA1-MP0650-PROCES-INTEGRAL-DE-LACTIVITAT-COMERCIAL-2025-2026.pdf\"><span style=\"font-size: 10pt;\">Criteris qualificaci\u00f3 Proc\u00e9s integral de l&#8217;activitat comercial\u00a0<\/span><\/a><\/li>\n<li><a href=\"https:\/\/agora.xtec.cat\/iesmanolohugue\/wp-content\/uploads\/usu9\/2025\/10\/CRITERIS-AVALUACIO-MP06-angles_CFGS_AdministracioiFinances_25-26.docx.pdf\"><span style=\"font-size: 10pt;\">Criteris qualificaci\u00f3 Angl\u00e8s<\/span><\/a><\/li>\n<li><a href=\"https:\/\/agora.xtec.cat\/iesmanolohugue\/wp-content\/uploads\/usu9\/2025\/10\/2025-2026-CRITERIS-DAVALUACIO-DEL-MODUL-076-CATALA-PROFESSIONAL.docx.pdf\"><span style=\"font-size: 10pt;\">Criteris qualificaci\u00f3 Catal\u00e0 professional<\/span><\/a><\/li>\n<li><a href=\"https:\/\/agora.xtec.cat\/iesmanolohugue\/wp-content\/uploads\/usu9\/2025\/10\/CRAVAL-AGB0-1709-IPO1-25-26.docx-1.pdf\"><span style=\"font-size: 10pt;\">Criteris qualificaci\u00f3 Itinerari Personal per a l&#8217;Ocupaci\u00f3 1<\/span><\/a><\/li>\n<\/ul>\n<p><strong>2n CFGS ADMINISTRACI\u00d3 I FINANCES<\/strong><\/p>\n<ul>\n<li><a href=\"https:\/\/agora.xtec.cat\/iesmanolohugue\/wp-content\/uploads\/usu9\/2025\/10\/CRAVAL-CSA2-08-2025-2026-GESTIO-FINANCERA-LOMLOE.docx-1.pdf\"><span style=\"font-size: 10pt;\">Criteris qualificaci\u00f3 Gesti\u00f3 financera<\/span><\/a><\/li>\n<li><a href=\"https:\/\/agora.xtec.cat\/iesmanolohugue\/wp-content\/uploads\/usu9\/2025\/10\/CRAVAL-CSA2-MP0654-COMPTABILITAT-I-FISCALITAT-2025-2026.pdf\"><span style=\"font-size: 10pt;\">Criteris qualificaci\u00f3 Comptabilitat i fiscalitat<\/span><\/a><\/li>\n<li><a href=\"https:\/\/agora.xtec.cat\/iesmanolohugue\/wp-content\/uploads\/usu9\/2025\/10\/CRAVAL-CSA2-MP656-SIMULACIO-EMPRESARIAL-INTENSIVA-2025-2026.pdf\"><span style=\"font-size: 10pt;\">Criteris qualificaci\u00f3 Simulaci\u00f3 empresarial<\/span><\/a><\/li>\n<li><a href=\"https:\/\/agora.xtec.cat\/iesmanolohugue\/wp-content\/uploads\/usu9\/2025\/10\/CRAVAL-CSA2-MP657-PROJECTE-INTERMODULAR-2025-2026.docx-1-2.pdf\"><span style=\"font-size: 10pt;\">Criteris qualificaci\u00f3 Projecte d&#8217;administraci\u00f3 i finances<\/span><\/a><\/li>\n<li><a href=\"https:\/\/agora.xtec.cat\/iesmanolohugue\/wp-content\/uploads\/usu9\/2025\/10\/CRAVAL-MP1665-Digitalitzacio-2025-2026-copia.pdf\"><span style=\"font-size: 10pt;\">Criteris qualificaci\u00f3 Digitalitzaci\u00f3<\/span><\/a><\/li>\n<li><a href=\"https:\/\/agora.xtec.cat\/iesmanolohugue\/wp-content\/uploads\/usu9\/2025\/10\/CRAVAL-MP1708-sostenibilitat-CURS-25-26-.pdf\"><span style=\"font-size: 10pt;\">Criteris qualificaci\u00f3 Sostenibilitat<\/span><\/a><\/li>\n<li><a href=\"https:\/\/agora.xtec.cat\/iesmanolohugue\/wp-content\/uploads\/usu9\/2025\/10\/CRAVAL-AGB0-1710-IPO2-25-26.docx.pdf\"><span style=\"font-size: 10pt;\">Criteris qualificaci\u00f3 Itinerari Personal per a l&#8217;Ocupaci\u00f3 2<\/span><\/a><\/li>\n<li><span style=\"font-size: 10pt;\"><a href=\"https:\/\/agora.xtec.cat\/iesmanolohugue\/wp-content\/uploads\/usu9\/2025\/10\/CRAVAL-CSA2-MODUL-OPTATIU-GENERAL-CURS-2025-2026.pdf\">Criteris qualificaci\u00f3 M\u00f2dul Optatiu General<\/a><\/span><\/li>\n<li><span style=\"font-size: 10pt;\"><a href=\"https:\/\/agora.xtec.cat\/iesmanolohugue\/wp-content\/uploads\/usu9\/2025\/10\/CRAVAL-CSA2-MODUL-OPTATIU-INTENSIU-CURS-2025-2026.pdf\">Criteris qualificaci\u00f3 M\u00f2dul Optatiu Intensiu<\/a><\/span><\/li>\n<\/ul>\n","protected":false},"excerpt":{"rendered":"<ul>\n<li><a href=\"https:\/\/agora.xtec.cat\/iesmanolohugue\/wp-content\/uploads\/usu9\/2025\/10\/CRITERI-MINIM-AVALUACIO-DEPARTAMENT-25-26.pdf\">Criteris\u00a0generals m\u00ednims sobre l\u2019avaluaci\u00f3 i la recuperaci\u00f3 dels m\u00f2duls<br \/>\nprofessionals i\/o unitats formatives del CFGM de Gesti\u00f3 Administrativa i del<br \/>\nCFGS d\u2019Administraci\u00f3 i Finances<\/a><\/li>\n<\/ul>\n<p>GRAU MITJ\u00c0<br \/>\n1r CFGM GESTI\u00d3 ADMINISTRATIVA<\/p>\n<ul>\n<li><a href=\"https:\/\/agora.xtec.cat\/iesmanolohugue\/wp-content\/uploads\/usu9\/2025\/10\/CRAVAL-CMA1-Operacions-adminstratives-de-compravenda-2025-2026.docx.pdf\">Criteris qualificaci\u00f3 Operacions administratives de compravenda<\/a><\/li>\n<li><a href=\"https:\/\/agora.xtec.cat\/iesmanolohugue\/wp-content\/uploads\/usu9\/2025\/10\/CRAVALM0442-Operacions-Administratives-de-RRHH.pdf\">Criteris qualificaci\u00f3 Operacions administratives de recursos humans<\/a><\/li>\n<li><a href=\"https:\/\/agora.xtec.cat\/iesmanolohugue\/wp-content\/uploads\/usu9\/2025\/10\/CRAVAL-MP437-Comunicacio-empresarial-i-atencio-al-client-2025-2026.pdf\">Criteris qualificaci\u00f3 Comunicaci\u00f3 empresarial i&hellip;  <a href=\"https:\/\/agora.xtec.cat\/iesmanolohugue\/criteris-avaluacio-cicles-formatius-branca-administracio\/\" title=\"Read CRITERIS AVALUACI\u00d3 CICLES FORMATIUS BRANCA ADMINISTRACI\u00d3\">Llegeix m\u00e9s\u00bb<\/a><br \/>\n","protected":false},"author":1,"featured_media":0,"parent":0,"menu_order":0,"comment_status":"closed","ping_status":"closed","template":"","meta":{"_bbp_topic_count":0,"_bbp_reply_count":0,"_bbp_total_topic_count":0,"_bbp_total_reply_count":0,"_bbp_voice_count":0,"_bbp_anonymous_reply_count":0,"_bbp_topic_count_hidden":0,"_bbp_reply_count_hidden":0,"_bbp_forum_subforum_count":0,"footnotes":""},"class_list":["post-12364","page","type-page","status-publish","hentry"],"post_mailing_queue_ids":[],"_links":{"self":[{"href":"https:\/\/agora.xtec.cat\/iesmanolohugue\/wp-json\/wp\/v2\/pages\/12364","targetHints":{"allow":["GET"]}}],"collection":[{"href":"https:\/\/agora.xtec.cat\/iesmanolohugue\/wp-json\/wp\/v2\/pages"}],"about":[{"href":"https:\/\/agora.xtec.cat\/iesmanolohugue\/wp-json\/wp\/v2\/types\/page"}],"author":[{"embeddable":true,"href":"https:\/\/agora.xtec.cat\/iesmanolohugue\/wp-json\/wp\/v2\/users\/1"}],"replies":[{"embeddable":true,"href":"https:\/\/agora.xtec.cat\/iesmanolohugue\/wp-json\/wp\/v2\/comments?post=12364"}],"version-history":[{"count":8,"href":"https:\/\/agora.xtec.cat\/iesmanolohugue\/wp-json\/wp\/v2\/pages\/12364\/revisions"}],"predecessor-version":[{"id":18842,"href":"https:\/\/agora.xtec.cat\/iesmanolohugue\/wp-json\/wp\/v2\/pages\/12364\/revisions\/18842"}],"wp:attachment":[{"href":"https:\/\/agora.xtec.cat\/iesmanolohugue\/wp-json\/wp\/v2\/media?parent=12364"}],"curies":[{"name":"wp","href":"https:\/\/api.w.org\/{rel}","templated":true}]}}