{"id":12331,"date":"2020-09-21T11:46:19","date_gmt":"2020-09-21T09:46:19","guid":{"rendered":"https:\/\/agora.xtec.cat\/iesmanolohugue\/?page_id=12331"},"modified":"2025-10-13T23:41:57","modified_gmt":"2025-10-13T21:41:57","slug":"https-agora-xtec-cat-iesmanolohugue-criteris-qualificacio-cfgs-termalisme-i-benestar","status":"publish","type":"page","link":"https:\/\/agora.xtec.cat\/iesmanolohugue\/https-agora-xtec-cat-iesmanolohugue-criteris-qualificacio-cfgs-termalisme-i-benestar\/","title":{"rendered":"CRITERIS AVALUACI\u00d3 CICLES FORMATIUS EST\u00c8TICA i BELLESA"},"content":{"rendered":"<p>&nbsp;<\/p>\n<ul>\n<li><a href=\"https:\/\/agora.xtec.cat\/iesmanolohugue\/wp-content\/uploads\/usu9\/2025\/10\/25-26-CRAVAL-0633_-Tecniques-dhigiene-facial-i-corporal.pdf\"><span style=\"font-size: 10pt;\">Criteris qualificaci\u00f3. T\u00e8cniques d&#8217;higiene facial i corporal\u00a0<\/span><\/a><\/li>\n<li><a href=\"https:\/\/agora.xtec.cat\/iesmanolohugue\/wp-content\/uploads\/usu9\/2025\/10\/25-26-CRAVAL-0635_-Depilacio-mecanica-i-descoloracio-del-borrissol.docx.pdf\"><span style=\"font-size: 10pt;\">Criteris qualificaci\u00f3. Depilaci\u00f3 mec\u00e0nica i descoloraci\u00f3 del borrissol\u00a0<\/span><\/a><\/li>\n<li><a href=\"https:\/\/agora.xtec.cat\/iesmanolohugue\/wp-content\/uploads\/usu9\/2025\/10\/25-26-CRAVAL-0636-Estetica-de-mans-i-peus-.pdf\"><span style=\"font-size: 10pt;\">Criteris qualificaci\u00f3. Est\u00e8tica de mans i peus<\/span><\/a><\/li>\n<li><span style=\"font-size: 10pt;\"><a href=\"https:\/\/agora.xtec.cat\/iesmanolohugue\/wp-content\/uploads\/usu9\/2025\/10\/25-26-CRAVAL-0634_-Maquillatge.pdf\">Criteris qualificaci\u00f3. Maquillatge<\/a>\u00a0<\/span><\/li>\n<li><a href=\"https:\/\/agora.xtec.cat\/iesmanolohugue\/wp-content\/uploads\/usu9\/2025\/10\/25-26-CRAVAL-0637_Tecniques-d_ungles-artificials.pdf\"><span style=\"font-size: 10pt;\">Criteris qualificaci\u00f3. T\u00e8cniques d&#8217;ungles artificials<\/span><\/a><\/li>\n<li><a href=\"https:\/\/agora.xtec.cat\/iesmanolohugue\/wp-content\/uploads\/usu9\/2025\/10\/25-26-CRAVAL-0638_-Analisi-Estetica.pdf\"><span style=\"font-size: 10pt;\">Criteris de qualificaci\u00f3. An\u00e0lisi est\u00e8tica<\/span><\/a><\/li>\n<li><a href=\"https:\/\/agora.xtec.cat\/iesmanolohugue\/wp-content\/uploads\/usu9\/2025\/10\/25-26-CRAVAL-0639-ACTIVITATS-CABINA-ESTETICA.pdf\"><span style=\"font-size: 10pt;\">Criteris de qualificaci\u00f3. Activitats en cabina d&#8217;est\u00e8tica<\/span><\/a><\/li>\n<li><a href=\"https:\/\/agora.xtec.cat\/iesmanolohugue\/wp-content\/uploads\/usu9\/2025\/10\/25-26-CRAVAL-MP0640-IMATGE-CORPORAL-I-HABITS-SALUDABLES.pdf\"><span style=\"font-size: 10pt;\">Criteris qualificaci\u00f3. Imatge corporal i h\u00e0bits saludables<\/span><\/a><\/li>\n<li><a href=\"https:\/\/agora.xtec.cat\/iesmanolohugue\/wp-content\/uploads\/usu9\/2025\/10\/25-26-CRAVAL-0641_Cosmetologia-per-Estetica-i-Bellesa.pdf\"><span style=\"font-size: 10pt;\">Criteris qualificaci\u00f3. Cosmetologia per a Est\u00e8tica i Bellesa<\/span><\/a><\/li>\n<li><a href=\"https:\/\/agora.xtec.cat\/iesmanolohugue\/wp-content\/uploads\/usu9\/2025\/10\/25-26-CRAVAL-MP0642-PERFUMERIA-I-COSMETICA-NATURAL.pdf\"><span style=\"font-size: 10pt;\">Criteris qualificaci\u00f3. Perfumeria i cosm\u00e8tica natural<\/span><\/a><\/li>\n<li><a href=\"https:\/\/agora.xtec.cat\/iesmanolohugue\/wp-content\/uploads\/usu9\/2025\/10\/25-26-CRAVAL-0643_-Marqueting-i-venda-a-IP.pdf\"><span style=\"font-size: 10pt;\">Criteris qualificaci\u00f3. M\u00e0rqueting i venda en imatge personal<\/span><\/a><\/li>\n<li><a href=\"https:\/\/agora.xtec.cat\/iesmanolohugue\/wp-content\/uploads\/usu9\/2025\/10\/25-26-CRAVAL-MPOPT-Modull-professionat-optatiu.pdf\"><span style=\"font-size: 10pt;\">Criteris qualificaci\u00f3. M\u00f2dul Professional Optatiu<\/span><\/a><\/li>\n<li><a href=\"https:\/\/agora.xtec.cat\/iesmanolohugue\/wp-content\/uploads\/usu9\/2025\/10\/25-26-CRAVAL-1664-DIGITALITZACIO-APLICADA-ALS-SECTORS-PRODUCTIUS.pdf\"><span style=\"font-size: 10pt;\">Criteris qualificaci\u00f3. Digitalitzaci\u00f3 aplicada als sectors productius<\/span><\/a><\/li>\n<li><a href=\"https:\/\/agora.xtec.cat\/iesmanolohugue\/wp-content\/uploads\/usu9\/2025\/10\/CRAVAL-25-26-0156-ANGLES.pdf\"><span style=\"font-size: 10pt;\">Criteris qualificaci\u00f3. Angl\u00e8s t\u00e8cnic<\/span><\/a><\/li>\n<li><a href=\"https:\/\/agora.xtec.cat\/iesmanolohugue\/wp-content\/uploads\/usu9\/2025\/10\/CRAVAL-IP20-1710-IPO2-25-26.docx.pdf\"><span style=\"font-size: 10pt;\">Criteris qualificaci\u00f3. Itinerari Personal per a l&#8217;Ocupabilitat 2<\/span><\/a><\/li>\n<li><a href=\"https:\/\/agora.xtec.cat\/iesmanolohugue\/wp-content\/uploads\/usu9\/2025\/10\/CRAVAL-IP20-1709-IPO1-25-26.docx.pdf\"><span style=\"font-size: 10pt;\">Criteris qualificaci\u00f3. Itinerari Personal per a l&#8217;Ocupaci\u00f3 1<\/span><\/a><\/li>\n<li><a href=\"https:\/\/agora.xtec.cat\/iesmanolohugue\/wp-content\/uploads\/usu9\/2025\/10\/CRAVAL-1713_Projecte-intermodular-25-26.docx.pdf\"><span style=\"font-size: 10pt;\">Criteris qualificaci\u00f3 Projecte Intermodular<\/span><\/a><\/li>\n<li><a href=\"https:\/\/agora.xtec.cat\/iesmanolohugue\/wp-content\/uploads\/usu9\/2025\/10\/25-26-CRAVAL-1708.-Sostenibiltat-al-sistema-productiu.docx.pdf\"><span style=\"font-size: 10pt;\">Criteris qualificaci\u00f3 Sostenibilitat al sistema productiu<\/span><\/a><\/li>\n<\/ul>\n","protected":false},"excerpt":{"rendered":"<p>&nbsp;<\/p>\n<ul>\n<li><a href=\"https:\/\/agora.xtec.cat\/iesmanolohugue\/wp-content\/uploads\/usu9\/2025\/10\/25-26-CRAVAL-0633_-Tecniques-dhigiene-facial-i-corporal.pdf\">Criteris qualificaci\u00f3. T\u00e8cniques d&#8217;higiene facial i corporal\u00a0<\/a><\/li>\n<li><a href=\"https:\/\/agora.xtec.cat\/iesmanolohugue\/wp-content\/uploads\/usu9\/2025\/10\/25-26-CRAVAL-0635_-Depilacio-mecanica-i-descoloracio-del-borrissol.docx.pdf\">Criteris qualificaci\u00f3. Depilaci\u00f3 mec\u00e0nica i descoloraci\u00f3 del borrissol\u00a0<\/a><\/li>\n<li><a href=\"https:\/\/agora.xtec.cat\/iesmanolohugue\/wp-content\/uploads\/usu9\/2025\/10\/25-26-CRAVAL-0636-Estetica-de-mans-i-peus-.pdf\">Criteris qualificaci\u00f3. Est\u00e8tica de mans i peus<\/a><\/li>\n<li><a href=\"https:\/\/agora.xtec.cat\/iesmanolohugue\/wp-content\/uploads\/usu9\/2025\/10\/25-26-CRAVAL-0634_-Maquillatge.pdf\">Criteris qualificaci\u00f3. Maquillatge<\/a>\u00a0<\/li>\n<li><a href=\"https:\/\/agora.xtec.cat\/iesmanolohugue\/wp-content\/uploads\/usu9\/2025\/10\/25-26-CRAVAL-0637_Tecniques-d_ungles-artificials.pdf\">Criteris qualificaci\u00f3. T\u00e8cniques d&#8217;ungles artificials<\/a><\/li>\n<li><a href=\"https:\/\/agora.xtec.cat\/iesmanolohugue\/wp-content\/uploads\/usu9\/2025\/10\/25-26-CRAVAL-0638_-Analisi-Estetica.pdf\">Criteris de qualificaci\u00f3. An\u00e0lisi est\u00e8tica<\/a><\/li>\n<li><a href=\"https:\/\/agora.xtec.cat\/iesmanolohugue\/wp-content\/uploads\/usu9\/2025\/10\/25-26-CRAVAL-0639-ACTIVITATS-CABINA-ESTETICA.pdf\">Criteris de qualificaci\u00f3. Activitats en cabina d&#8217;est\u00e8tica<\/a><\/li>\n<li><a href=\"https:\/\/agora.xtec.cat\/iesmanolohugue\/wp-content\/uploads\/usu9\/2025\/10\/25-26-CRAVAL-MP0640-IMATGE-CORPORAL-I-HABITS-SALUDABLES.pdf\">Criteris qualificaci\u00f3.&hellip;  <a href=\"https:\/\/agora.xtec.cat\/iesmanolohugue\/https-agora-xtec-cat-iesmanolohugue-criteris-qualificacio-cfgs-termalisme-i-benestar\/\" title=\"Read CRITERIS AVALUACI\u00d3 CICLES FORMATIUS EST\u00c8TICA i BELLESA\">Llegeix m\u00e9s\u00bb<\/a><br \/>\n","protected":false},"author":1,"featured_media":0,"parent":0,"menu_order":0,"comment_status":"closed","ping_status":"closed","template":"","meta":{"_bbp_topic_count":0,"_bbp_reply_count":0,"_bbp_total_topic_count":0,"_bbp_total_reply_count":0,"_bbp_voice_count":0,"_bbp_anonymous_reply_count":0,"_bbp_topic_count_hidden":0,"_bbp_reply_count_hidden":0,"_bbp_forum_subforum_count":0,"footnotes":""},"class_list":["post-12331","page","type-page","status-publish","hentry"],"post_mailing_queue_ids":[],"_links":{"self":[{"href":"https:\/\/agora.xtec.cat\/iesmanolohugue\/wp-json\/wp\/v2\/pages\/12331","targetHints":{"allow":["GET"]}}],"collection":[{"href":"https:\/\/agora.xtec.cat\/iesmanolohugue\/wp-json\/wp\/v2\/pages"}],"about":[{"href":"https:\/\/agora.xtec.cat\/iesmanolohugue\/wp-json\/wp\/v2\/types\/page"}],"author":[{"embeddable":true,"href":"https:\/\/agora.xtec.cat\/iesmanolohugue\/wp-json\/wp\/v2\/users\/1"}],"replies":[{"embeddable":true,"href":"https:\/\/agora.xtec.cat\/iesmanolohugue\/wp-json\/wp\/v2\/comments?post=12331"}],"version-history":[{"count":7,"href":"https:\/\/agora.xtec.cat\/iesmanolohugue\/wp-json\/wp\/v2\/pages\/12331\/revisions"}],"predecessor-version":[{"id":18762,"href":"https:\/\/agora.xtec.cat\/iesmanolohugue\/wp-json\/wp\/v2\/pages\/12331\/revisions\/18762"}],"wp:attachment":[{"href":"https:\/\/agora.xtec.cat\/iesmanolohugue\/wp-json\/wp\/v2\/media?parent=12331"}],"curies":[{"name":"wp","href":"https:\/\/api.w.org\/{rel}","templated":true}]}}