{"id":11336,"date":"2020-05-08T11:58:58","date_gmt":"2020-05-08T09:58:58","guid":{"rendered":"https:\/\/agora.xtec.cat\/iesmanolohugue\/?page_id=11336"},"modified":"2023-07-18T11:15:40","modified_gmt":"2023-07-18T09:15:40","slug":"preinscripcio-i-matricula-cicles","status":"publish","type":"page","link":"https:\/\/agora.xtec.cat\/iesmanolohugue\/preinscripcio-i-matricula-cicles\/","title":{"rendered":"PREINSCRIPCI\u00d3 I MATR\u00cdCULA CICLES"},"content":{"rendered":"<p>&nbsp;<\/p>\n<p>&nbsp;<\/p>\n<table style=\"border-collapse: collapse; width: 100%; height: 93px;\">\n<tbody>\n<tr>\n<td style=\"width: 100%;\"><a href=\"https:\/\/agora.xtec.cat\/iesmanolohugue\/wp-content\/uploads\/usu9\/2023\/07\/INFORME_PREINSCRITES_OME_INFORME_PREINSCRITES_OME-1.pdf\">CFPS 23-24 &#8211; Cicles de grau superior de formaci\u00f3 professional Alumnes preinscrits al centre 18\/07\/2023<\/a><\/td>\n<\/tr>\n<tr>\n<td style=\"width: 100%;\"><a href=\"https:\/\/agora.xtec.cat\/iesmanolohugue\/wp-content\/uploads\/usu9\/2023\/07\/INFORME_ASSIGNADES_INFORME_ASSIGNADES.pdf\">CFPS 23-24 &#8211; Cicles de grau superior de formaci\u00f3 professional Alumnes assignats al centre amb indicaci\u00f3 de la primera petici\u00f3 a 18\/07\/2023<\/a><\/td>\n<\/tr>\n<tr>\n<td style=\"width: 100%;\"><a href=\"https:\/\/agora.xtec.cat\/iesmanolohugue\/wp-content\/uploads\/usu9\/2023\/07\/INFORME_BAREM_DEFINITIU_BAREM-GS.pdf\">CFPS 23-24 &#8211; Cicles de grau superior de formaci\u00f3 professional Publicaci\u00f3 de la llista de sol\u00b7licituds que han demanat el centre i l&#8217;ensenyament en primera petici\u00f3 ordenada a 10\/07\/2023<\/a><\/td>\n<\/tr>\n<tr>\n<td style=\"width: 100%;\"><a href=\"https:\/\/agora.xtec.cat\/iesmanolohugue\/wp-content\/uploads\/usu9\/2023\/06\/INFORME_PREINSCRITES_OME_INFORME_PREINSCRITES_OME-2.pdf\">CFGM &#8211; 23-24 &#8211; Cicles de grau mitj\u00e0 de formaci\u00f3 professional Alumnes preinscrits al centre 30\/06\/2023<\/a><\/td>\n<\/tr>\n<tr>\n<td style=\"width: 100%;\"><a href=\"https:\/\/agora.xtec.cat\/iesmanolohugue\/wp-content\/uploads\/usu9\/2023\/06\/INFORME_ASSIGNADES_INFORME_ASSIGNADES-2.pdf\">CFGM &#8211; 23-24 &#8211; Cicles de grau mitj\u00e0 de formaci\u00f3 professional Alumnes assignats al centre amb indicaci\u00f3 de la primera petici\u00f3 a 30\/06\/2023<\/a><\/td>\n<\/tr>\n<tr>\n<td style=\"width: 100%;\"><a href=\"https:\/\/agora.xtec.cat\/iesmanolohugue\/wp-content\/uploads\/usu9\/2023\/06\/INFORME_ASSIGNADES_INFORME_ASSIGNADES-1.pdf\">CFGM &#8211; 23-24 &#8211; Proc\u00e9s per a la resta de l&#8217;alumnat Alumnes assignats al centre amb indicaci\u00f3 de la primera petici\u00f3 a 30\/06\/2023<\/a><\/td>\n<\/tr>\n<tr>\n<td style=\"width: 100%;\"><a href=\"https:\/\/agora.xtec.cat\/iesmanolohugue\/wp-content\/uploads\/usu9\/2023\/06\/INFORME_PREINSCRITES_OME_INFORME_PREINSCRITES_OME-1-1.pdf\">CFGM &#8211; 23-24 &#8211; Proc\u00e9s per a la resta de l&#8217;alumnat Alumnes preinscrits al centre 30\/06\/2023<\/a><\/td>\n<\/tr>\n<tr>\n<td style=\"width: 100%;\"><a href=\"https:\/\/agora.xtec.cat\/iesmanolohugue\/wp-content\/uploads\/usu9\/2023\/05\/Oferta-de-places-cicles-de-grau-superior-curs-23-24.doc.pdf\">Oferta de places cicles de grau superior curs 23-24<\/a><span style=\"font-size: 12pt;\"><br \/>\n<\/span><\/td>\n<\/tr>\n<tr>\n<td style=\"width: 100%;\"><span style=\"font-size: 12pt;\"><a href=\"https:\/\/agora.xtec.cat\/iesmanolohugue\/wp-content\/uploads\/usu9\/2023\/06\/INFORME_BAREM_PROVISIONAL_BAREM.pdf\">CFPS 23-24 &#8211; Cicles de grau superior de formaci\u00f3 professional Publicaci\u00f3 de la llista de sol\u00b7licituds que han demanat el centre i l&#8217;ensenyament en primera petici\u00f3 amb la puntuaci\u00f3 provisional a 26\/06\/2023<\/a><\/span><\/td>\n<\/tr>\n<tr>\n<td style=\"width: 100%;\"><span style=\"font-size: 12pt;\"><a href=\"https:\/\/agora.xtec.cat\/iesmanolohugue\/wp-content\/uploads\/usu9\/2023\/06\/INFORME_BAREM_DEFINITIU_BAREM-2.pdf\">CFGM &#8211; 23-24 &#8211; Cicles de formaci\u00f3 professional de grau mitj\u00e0 Publicaci\u00f3 de la llista de sol\u00b7licituds que han demanat el centre i l&#8217;ensenyament en primera petici\u00f3 ordenada a 20\/06\/2023<\/a><\/span><\/td>\n<\/tr>\n<tr>\n<td style=\"width: 100%;\"><span style=\"font-size: 12pt;\"><a href=\"https:\/\/agora.xtec.cat\/iesmanolohugue\/wp-content\/uploads\/usu9\/2023\/06\/INFORME_BAREM_DEFINITIU_BAREM-1.pdf\">CFGM &#8211; 23-24 &#8211; Proc\u00e9s per a la resta de l&#8217;alumnat Publicaci\u00f3 de la llista de sol\u00b7licituds que han demanat el centre i l&#8217;ensenyament en primera petici\u00f3 ordenada a 20\/06\/2023<\/a>\u00a0<\/span><\/td>\n<\/tr>\n<tr>\n<td style=\"width: 100%;\"><span style=\"font-size: 12pt;\"><a href=\"https:\/\/agora.xtec.cat\/iesmanolohugue\/wp-content\/uploads\/usu9\/2023\/06\/INFORME_BAREM_RESOLTESGM-.pdf\">CFGM &#8211; 23-24 &#8211; Cicles de formaci\u00f3 professional de grau mitj\u00e0 Publicaci\u00f3 de la llista de sol\u00b7licituds que han demanat el centre i l&#8217;ensenyament en primera petici\u00f3 amb la puntuaci\u00f3 resoltes les reclamacions a 14\/06\/2023<\/a><\/span><\/td>\n<\/tr>\n<tr>\n<td style=\"width: 100%;\"><span style=\"font-size: 12pt;\"><a href=\"https:\/\/agora.xtec.cat\/iesmanolohugue\/wp-content\/uploads\/usu9\/2023\/06\/INFORME_BAREM_RESOLTES-GM1.pdf\">CFGM &#8211; 23-24 &#8211; Proc\u00e9s per a la resta de l&#8217;alumnat &#8211; <\/a><\/span><span style=\"font-size: 12pt;\"><a href=\"https:\/\/agora.xtec.cat\/iesmanolohugue\/wp-content\/uploads\/usu9\/2023\/06\/INFORME_BAREM_RESOLTES-GM1.pdf\">Publicaci\u00f3 de la llista de sol\u00b7licituds que han demanat el centre i l&#8217;ensenyament en primera petici\u00f3 amb la puntuaci\u00f3 resoltes les reclamacions a 14\/06\/2023<\/a><\/span><\/td>\n<\/tr>\n<tr>\n<td style=\"width: 100%;\"><span style=\"font-size: 12pt;\"><a href=\"https:\/\/agora.xtec.cat\/iesmanolohugue\/wp-content\/uploads\/usu9\/2023\/06\/llista-de-sollicituds-per-a-la-resta-dalumnat-de-CFGM-que-han-demanat-el-centre-i-lensenyament-en-primera-peticio-amb-la-puntuacio-provisional-a-31052023.pdf\">llista de sol\u00b7licituds per a la resta d&#8217;alumnat de CFGM que han demanat el centre i l&#8217;ensenyament en primera petici\u00f3 amb la puntuaci\u00f3 provisional a 31\/05\/2023<\/a><\/span><\/td>\n<\/tr>\n<tr>\n<td style=\"width: 100%;\"><span style=\"font-size: 12pt;\"><a href=\"https:\/\/agora.xtec.cat\/iesmanolohugue\/wp-content\/uploads\/usu9\/2023\/06\/llista-de-sollicituds-per-a-CFGM-que-han-demanat-el-centre-i-lensenyament-en-primera-peticio-amb-la-puntuacio-provisional-a-31052023-1.pdf\">llista de sol\u00b7licituds per a CFGM que han demanat el centre i l&#8217;ensenyament en primera petici\u00f3 amb la puntuaci\u00f3 provisional a 31\/05\/2023<\/a><\/span><\/td>\n<\/tr>\n<tr style=\"height: 29px;\">\n<td style=\"width: 100%; height: 29px;\"><span style=\"font-size: 12pt;\"><a href=\"https:\/\/agora.xtec.cat\/iesmanolohugue\/wp-content\/uploads\/usu9\/2023\/04\/Publicacio-de-loferta-inicial-de-places-CFGM.pdf\">-Publicaci\u00f3 de l\u2019oferta inicial de places CFGM<\/a><\/span><\/td>\n<\/tr>\n<tr style=\"height: 32px;\">\n<td style=\"width: 100%; height: 32px;\"><span style=\"font-size: 12pt;\"><a href=\"https:\/\/preinscripcio.gencat.cat\/ca\/detalls\/noticia\/dates-preinscripcio-2023-2024\">-DATES DE LA <strong>PREINSCRIPCI\u00d3<\/strong>\u00a0DEL CURS 2023-2024<\/a><\/span><\/td>\n<\/tr>\n<\/tbody>\n<\/table>\n<p>&nbsp;<\/p>\n","protected":false},"excerpt":{"rendered":"<p>&nbsp;<br \/>\n&nbsp;<\/p>\n<p><a href=\"https:\/\/agora.xtec.cat\/iesmanolohugue\/wp-content\/uploads\/usu9\/2023\/07\/INFORME_PREINSCRITES_OME_INFORME_PREINSCRITES_OME-1.pdf\">CFPS 23-24 &#8211; Cicles de grau superior de formaci\u00f3 professional Alumnes preinscrits al centre 18\/07\/2023<\/a><\/p>\n<p><a href=\"https:\/\/agora.xtec.cat\/iesmanolohugue\/wp-content\/uploads\/usu9\/2023\/07\/INFORME_ASSIGNADES_INFORME_ASSIGNADES.pdf\">CFPS 23-24 &#8211; Cicles de grau superior de formaci\u00f3 professional Alumnes assignats al centre amb indicaci\u00f3 de la primera petici\u00f3 a 18\/07\/2023<\/a><\/p>\n<p><a href=\"https:\/\/agora.xtec.cat\/iesmanolohugue\/wp-content\/uploads\/usu9\/2023\/07\/INFORME_BAREM_DEFINITIU_BAREM-GS.pdf\">CFPS 23-24 &#8211; Cicles de grau superior&hellip;  <a href=\"https:\/\/agora.xtec.cat\/iesmanolohugue\/preinscripcio-i-matricula-cicles\/\" title=\"Read PREINSCRIPCI\u00d3 I MATR\u00cdCULA CICLES\">Llegeix m\u00e9s\u00bb<\/a><\/p>\n","protected":false},"author":1,"featured_media":0,"parent":0,"menu_order":0,"comment_status":"closed","ping_status":"closed","template":"","meta":{"_bbp_topic_count":0,"_bbp_reply_count":0,"_bbp_total_topic_count":0,"_bbp_total_reply_count":0,"_bbp_voice_count":0,"_bbp_anonymous_reply_count":0,"_bbp_topic_count_hidden":0,"_bbp_reply_count_hidden":0,"_bbp_forum_subforum_count":0,"footnotes":""},"class_list":["post-11336","page","type-page","status-publish","hentry"],"post_mailing_queue_ids":[],"_links":{"self":[{"href":"https:\/\/agora.xtec.cat\/iesmanolohugue\/wp-json\/wp\/v2\/pages\/11336","targetHints":{"allow":["GET"]}}],"collection":[{"href":"https:\/\/agora.xtec.cat\/iesmanolohugue\/wp-json\/wp\/v2\/pages"}],"about":[{"href":"https:\/\/agora.xtec.cat\/iesmanolohugue\/wp-json\/wp\/v2\/types\/page"}],"author":[{"embeddable":true,"href":"https:\/\/agora.xtec.cat\/iesmanolohugue\/wp-json\/wp\/v2\/users\/1"}],"replies":[{"embeddable":true,"href":"https:\/\/agora.xtec.cat\/iesmanolohugue\/wp-json\/wp\/v2\/comments?post=11336"}],"version-history":[{"count":5,"href":"https:\/\/agora.xtec.cat\/iesmanolohugue\/wp-json\/wp\/v2\/pages\/11336\/revisions"}],"predecessor-version":[{"id":16604,"href":"https:\/\/agora.xtec.cat\/iesmanolohugue\/wp-json\/wp\/v2\/pages\/11336\/revisions\/16604"}],"wp:attachment":[{"href":"https:\/\/agora.xtec.cat\/iesmanolohugue\/wp-json\/wp\/v2\/media?parent=11336"}],"curies":[{"name":"wp","href":"https:\/\/api.w.org\/{rel}","templated":true}]}}