{"id":10665,"date":"2019-11-19T10:00:50","date_gmt":"2019-11-19T09:00:50","guid":{"rendered":"https:\/\/agora.xtec.cat\/iesmanolohugue\/?page_id=10665"},"modified":"2024-07-15T10:48:30","modified_gmt":"2024-07-15T08:48:30","slug":"aportacions-voluntaries","status":"publish","type":"page","link":"https:\/\/agora.xtec.cat\/iesmanolohugue\/aportacions-voluntaries\/","title":{"rendered":"Aportacions volunt\u00e0ries"},"content":{"rendered":"<p>&nbsp;<\/p>\n<table style=\"height: 320px; border-style: solid; width: 60.467%; border-color: #050101;\" border=\"1\" width=\"821\">\n<tbody>\n<tr style=\"height: 32px;\">\n<td style=\"width: 26.7231%; height: 32px;\"><span style=\"font-size: 18pt;\">ESTUDIS<\/span><\/td>\n<td style=\"width: 72.3096%; height: 32px;\"><span style=\"font-size: 18pt;\">QUOTA DE MATERIAL ANUAL<\/span><\/td>\n<\/tr>\n<tr style=\"height: 32px;\">\n<td style=\"width: 26.7231%; height: 32px;\">ESO<\/td>\n<td style=\"width: 72.3096%; height: 32px;\">QUOTA MATERIAL: 60 \u20ac<\/td>\n<\/tr>\n<tr style=\"height: 32px;\">\n<td style=\"width: 26.7231%; height: 32px;\">BATXILLERAT<\/td>\n<td style=\"width: 72.3096%; height: 32px;\">QUOTA MATERIAL: 60 \u20ac<\/td>\n<\/tr>\n<tr style=\"height: 47px;\">\n<td style=\"width: 26.7231%; height: 79px;\" rowspan=\"2\">CICLES FORMATIUS FAM\u00cdLIA ADMINISTRACI\u00d3<\/td>\n<td style=\"width: 72.3096%; height: 47px;\"><strong>GRAU MITJ\u00c0<\/strong> QUOTA MATERIAL: 75 \u20ac<\/td>\n<\/tr>\n<tr style=\"height: 32px;\">\n<td style=\"width: 72.3096%; height: 32px;\"><strong>GRAU SUPERIOR<\/strong>\u00a0 QUOTA MATERIAL: 75 \u20ac<\/td>\n<\/tr>\n<tr style=\"height: 78px;\">\n<td style=\"width: 26.7231%; height: 78px;\">CICLES FORMATIUS FAM\u00cdLIA MECANITZACI\u00d3<\/td>\n<td style=\"width: 72.3096%; height: 78px;\"><strong>GRAU MITJ\u00c0<\/strong> 1r CURS QUOTA MATERIAL: 250 \u20ac<br \/>\n<strong>GRAU MITJ\u00c0<\/strong> 2n CURS QUOTA MATERIAL: 150 \u20ac<strong>GRAU SUPERIOR<\/strong> <strong>MOTLLES I MATRIUS<\/strong> QUOTA MATERIAL: 150 \u20ac<\/td>\n<\/tr>\n<tr style=\"height: 57px;\">\n<td style=\"width: 26.7231%; height: 57px;\">CICLES FORMATIUS FAM\u00cdLIA IMATGE PERSONAL<\/td>\n<td style=\"width: 72.3096%; height: 57px;\"><strong>GRAU MITJ\u00c0 D&#8217;EST\u00c8TICA I BELLESA: <\/strong>QUOTA MATERIAL: 500 \u20ac<\/p>\n<p><strong>GRAU SUPERIOR D&#8217;EST\u00c8TICA INTEGRAL: <\/strong>QUOTA MATERIAL: 500 \u20ac<\/p>\n<p><strong>GRAU SUPERIOR TERMALISME I BENESTAR: <\/strong>QUOTA DE MATERIAL 50 \u20ac<\/td>\n<\/tr>\n<\/tbody>\n<\/table>\n<p>&nbsp;<\/p>\n<ul>\n<li>Aquestes quotes no inclouen els pagaments corresponents a les diferents sortides pedag\u00f2giques, intercanvis d&#8217;idiomes, viatges f\u00ed de curs, cr\u00e8dits de s\u00edntesi,&#8230;; ni tampoc la quota de l&#8217;AMPA. En el cas de Cicles Formatius de Grau Superior no s&#8217;inclou els preus p\u00fablics.<\/li>\n<\/ul>\n<p><strong>Actualitzat a data 26\/04\/2024<\/strong><\/p>\n","protected":false},"excerpt":{"rendered":"<p>&nbsp;<\/p>\n<p>ESTUDIS<br \/>\nQUOTA DE MATERIAL ANUAL<\/p>\n<p>ESO<br \/>\nQUOTA MATERIAL: 60 \u20ac<\/p>\n<p>BATXILLERAT<br \/>\nQUOTA MATERIAL: 60 \u20ac<\/p>\n<p>CICLES FORMATIUS FAM\u00cdLIA ADMINISTRACI\u00d3<br \/>\nGRAU MITJ\u00c0 QUOTA MATERIAL: 75 \u20ac<\/p>\n<p>GRAU SUPERIOR\u00a0 QUOTA MATERIAL: 75 \u20ac<\/p>\n<p>CICLES FORMATIUS FAM\u00cdLIA MECANITZACI\u00d3<br \/>\nGRAU MITJ\u00c0 1r CURS QUOTA MATERIAL: 250 \u20ac<br \/>\nGRAU MITJ\u00c0 2n CURS QUOTA MATERIAL: 150 \u20acGRAU SUPERIOR MOTLLES I MATRIUS QUOTA&hellip;  <a href=\"https:\/\/agora.xtec.cat\/iesmanolohugue\/aportacions-voluntaries\/\" title=\"Read Aportacions volunt\u00e0ries\">Llegeix m\u00e9s\u00bb<\/a><\/p>\n","protected":false},"author":1,"featured_media":0,"parent":0,"menu_order":0,"comment_status":"closed","ping_status":"closed","template":"","meta":{"_bbp_topic_count":0,"_bbp_reply_count":0,"_bbp_total_topic_count":0,"_bbp_total_reply_count":0,"_bbp_voice_count":0,"_bbp_anonymous_reply_count":0,"_bbp_topic_count_hidden":0,"_bbp_reply_count_hidden":0,"_bbp_forum_subforum_count":0,"footnotes":""},"class_list":["post-10665","page","type-page","status-publish","hentry"],"post_mailing_queue_ids":[],"_links":{"self":[{"href":"https:\/\/agora.xtec.cat\/iesmanolohugue\/wp-json\/wp\/v2\/pages\/10665","targetHints":{"allow":["GET"]}}],"collection":[{"href":"https:\/\/agora.xtec.cat\/iesmanolohugue\/wp-json\/wp\/v2\/pages"}],"about":[{"href":"https:\/\/agora.xtec.cat\/iesmanolohugue\/wp-json\/wp\/v2\/types\/page"}],"author":[{"embeddable":true,"href":"https:\/\/agora.xtec.cat\/iesmanolohugue\/wp-json\/wp\/v2\/users\/1"}],"replies":[{"embeddable":true,"href":"https:\/\/agora.xtec.cat\/iesmanolohugue\/wp-json\/wp\/v2\/comments?post=10665"}],"version-history":[{"count":8,"href":"https:\/\/agora.xtec.cat\/iesmanolohugue\/wp-json\/wp\/v2\/pages\/10665\/revisions"}],"predecessor-version":[{"id":17724,"href":"https:\/\/agora.xtec.cat\/iesmanolohugue\/wp-json\/wp\/v2\/pages\/10665\/revisions\/17724"}],"wp:attachment":[{"href":"https:\/\/agora.xtec.cat\/iesmanolohugue\/wp-json\/wp\/v2\/media?parent=10665"}],"curies":[{"name":"wp","href":"https:\/\/api.w.org\/{rel}","templated":true}]}}