{"id":10661,"date":"2019-11-19T09:41:15","date_gmt":"2019-11-19T08:41:15","guid":{"rendered":"https:\/\/agora.xtec.cat\/iesmanolohugue\/?page_id=10661"},"modified":"2021-05-17T17:38:32","modified_gmt":"2021-05-17T15:38:32","slug":"convenis-vigents","status":"publish","type":"page","link":"https:\/\/agora.xtec.cat\/iesmanolohugue\/convenis-vigents\/","title":{"rendered":"Convenis vigents"},"content":{"rendered":"<p>CONVENIS D&#8217;\u00daS SOCIAL<\/p>\n<ul>\n<li>Conveni amb <a href=\"https:\/\/web.fumh.cat\/index.php\/portfolio\">Fundaci\u00f3 Universit\u00e0ria Mart\u00ed l&#8217;Hum\u00e0<\/a><\/li>\n<li>Conveni amb <a href=\"http:\/\/www.centredemocratic.cat\/upcm\/espais\/\">Universitat Popular de Caldes de Montbu<\/a>i<\/li>\n<li>Conveni amb l<a href=\"http:\/\/www.calderi.cat\/2019\/03\/nou-conveni-dusos-lies-manolo-hugue-lajuntament\/\">&#8216;Ajuntament de Caldes de Montbui per la cessi\u00f3 de les pistes esportives.<\/a><\/li>\n<\/ul>\n<p>CONVENIS DE FORMACI\u00d3 PROFESSIONAL<a id=\"mcegrid91\" class=\"mce-active\" href=\"https:\/\/agora.xtec.cat\/iesmanolohugue\/wp-admin\/post-new.php?post_type=page#\" data-mce-x=\"1\" data-mce-y=\"9\"><\/a><\/p>\n<ul style=\"list-style-type: circle;\">\n<li>Conveni amb <a href=\"https:\/\/eurecat.org\/conveni-fp-motlles\/\">ASCAMM per impulsar l&#8217;FP dual en fabricaci\u00f3 de Motlles i Matrius<\/a><\/li>\n<\/ul>\n<p>CONVENIS DUAL<\/p>\n<table dir=\"ltr\" style=\"width: 847px;\" border=\"1\" cellspacing=\"0\" cellpadding=\"0\">\n<colgroup>\n<col width=\"75\" \/>\n<col width=\"75\" \/>\n<col width=\"268\" \/><\/colgroup>\n<tbody>\n<tr>\n<td style=\"width: 112px;\" data-sheets-value=\"{&quot;1&quot;:2,&quot;2&quot;:&quot;Data Inici Vig\u00e8ncia&quot;}\">Data Inici Vig\u00e8ncia<\/td>\n<td style=\"width: 119px;\" data-sheets-value=\"{&quot;1&quot;:2,&quot;2&quot;:&quot;Data Fi Vig\u00e8ncia&quot;}\">Data Fi Vig\u00e8ncia<\/td>\n<td style=\"width: 614px;\" data-sheets-value=\"{&quot;1&quot;:2,&quot;2&quot;:&quot;Descripcio&quot;}\">Descripcio<\/td>\n<\/tr>\n<tr>\n<td style=\"width: 112px;\" data-sheets-value=\"{&quot;1&quot;:2,&quot;2&quot;:&quot;2017\/06\/22&quot;}\">2017\/06\/22<\/td>\n<td style=\"width: 119px;\" data-sheets-value=\"{&quot;1&quot;:2,&quot;2&quot;:&quot;2020\/07\/31&quot;}\">2020\/07\/31<\/td>\n<td style=\"width: 614px;\" data-sheets-value=\"{&quot;1&quot;:2,&quot;2&quot;:&quot;DICOMOL SL&quot;}\">DICOMOL SL<\/td>\n<\/tr>\n<tr>\n<td style=\"width: 112px;\" data-sheets-value=\"{&quot;1&quot;:2,&quot;2&quot;:&quot;2017\/06\/22&quot;}\">2017\/06\/22<\/td>\n<td style=\"width: 119px;\" data-sheets-value=\"{&quot;1&quot;:2,&quot;2&quot;:&quot;2020\/07\/31&quot;}\">2020\/07\/31<\/td>\n<td style=\"width: 614px;\" data-sheets-value=\"{&quot;1&quot;:2,&quot;2&quot;:&quot;ASSOCIACI\u00d3 CATALANA D'EMPRESES DE MOTLLES I MATRIUS - ASCAMM&quot;}\">ASSOCIACI\u00d3 CATALANA D&#8217;EMPRESES DE MOTLLES I MATRIUS &#8211; ASCAMM<\/td>\n<\/tr>\n<tr>\n<td style=\"width: 112px;\" data-sheets-value=\"{&quot;1&quot;:2,&quot;2&quot;:&quot;2018\/03\/13&quot;}\">2018\/03\/13<\/td>\n<td style=\"width: 119px;\" data-sheets-value=\"{&quot;1&quot;:2,&quot;2&quot;:&quot;2021\/03\/01&quot;}\">2021\/03\/01<\/td>\n<td style=\"width: 614px;\" data-sheets-value=\"{&quot;1&quot;:2,&quot;2&quot;:&quot;PREVIFOC MATERIAL CONTRA INCENDIOS SLU&quot;}\">PREVIFOC MATERIAL CONTRA INCENDIOS SLU<\/td>\n<\/tr>\n<tr>\n<td style=\"width: 112px;\" data-sheets-value=\"{&quot;1&quot;:2,&quot;2&quot;:&quot;2019\/04\/29&quot;}\">2019\/04\/29<\/td>\n<td style=\"width: 119px;\" data-sheets-value=\"{&quot;1&quot;:2,&quot;2&quot;:&quot;2022\/06\/30&quot;}\">2022\/06\/30<\/td>\n<td style=\"width: 614px;\" data-sheets-value=\"{&quot;1&quot;:2,&quot;2&quot;:&quot;ATHENA MOTOR IB\u00c9RICA S.L.&quot;}\">ATHENA MOTOR IB\u00c9RICA S.L.<\/td>\n<\/tr>\n<tr>\n<td style=\"width: 112px;\" data-sheets-value=\"{&quot;1&quot;:2,&quot;2&quot;:&quot;2019\/06\/18&quot;}\">2019\/06\/18<\/td>\n<td style=\"width: 119px;\" data-sheets-value=\"{&quot;1&quot;:2,&quot;2&quot;:&quot;2021\/07\/31&quot;}\">2021\/07\/31<\/td>\n<td style=\"width: 614px;\" data-sheets-value=\"{&quot;1&quot;:2,&quot;2&quot;:&quot;JAVIER CASTA\u00d1\u00c9 G\u00d3MEZ&quot;}\">JAVIER CASTA\u00d1\u00c9 G\u00d3MEZ<\/td>\n<\/tr>\n<tr>\n<td style=\"width: 112px;\" data-sheets-value=\"{&quot;1&quot;:2,&quot;2&quot;:&quot;2019\/06\/25&quot;}\">2019\/06\/25<\/td>\n<td style=\"width: 119px;\" data-sheets-value=\"{&quot;1&quot;:2,&quot;2&quot;:&quot;2022\/07\/31&quot;}\">2022\/07\/31<\/td>\n<td style=\"width: 614px;\" data-sheets-value=\"{&quot;1&quot;:2,&quot;2&quot;:&quot;Tunap productos Qu\u00edmicos, SA&quot;}\">Tunap productos Qu\u00edmicos, SA<\/td>\n<\/tr>\n<tr>\n<td style=\"width: 112px;\" data-sheets-value=\"{&quot;1&quot;:2,&quot;2&quot;:&quot;2018\/03\/19&quot;}\">2018\/03\/19<\/td>\n<td style=\"width: 119px;\" data-sheets-value=\"{&quot;1&quot;:2,&quot;2&quot;:&quot;2021\/03\/19&quot;}\">2021\/03\/19<\/td>\n<td style=\"width: 614px;\" data-sheets-value=\"{&quot;1&quot;:2,&quot;2&quot;:&quot;BALNEARI TERMES VICT\u00d2RIA SA&quot;}\">BALNEARI TERMES VICT\u00d2RIA SA<\/td>\n<\/tr>\n<tr>\n<td style=\"width: 112px;\" data-sheets-value=\"{&quot;1&quot;:2,&quot;2&quot;:&quot;2017\/06\/22&quot;}\">2017\/06\/22<\/td>\n<td style=\"width: 119px;\" data-sheets-value=\"{&quot;1&quot;:2,&quot;2&quot;:&quot;2020\/07\/31&quot;}\">2020\/07\/31<\/td>\n<td style=\"width: 614px;\" data-sheets-value=\"{&quot;1&quot;:2,&quot;2&quot;:&quot;TALLERS FIESTAS SL&quot;}\">TALLERS FIESTAS SL<\/td>\n<\/tr>\n<tr>\n<td style=\"width: 112px;\" data-sheets-value=\"{&quot;1&quot;:2,&quot;2&quot;:&quot;2019\/06\/18&quot;}\">2019\/06\/18<\/td>\n<td style=\"width: 119px;\" data-sheets-value=\"{&quot;1&quot;:2,&quot;2&quot;:&quot;2021\/07\/31&quot;}\">2021\/07\/31<\/td>\n<td style=\"width: 614px;\" data-sheets-value=\"{&quot;1&quot;:2,&quot;2&quot;:&quot;INTEGRAL GLOBAL MAS SERVICES HOSPITALITY SL&quot;}\">INTEGRAL GLOBAL MAS SERVICES HOSPITALITY SL<\/td>\n<\/tr>\n<tr>\n<td style=\"width: 112px;\" data-sheets-value=\"{&quot;1&quot;:2,&quot;2&quot;:&quot;2018\/03\/12&quot;}\">2018\/03\/12<\/td>\n<td style=\"width: 119px;\" data-sheets-value=\"{&quot;1&quot;:2,&quot;2&quot;:&quot;2021\/03\/01&quot;}\">2021\/03\/01<\/td>\n<td style=\"width: 614px;\" data-sheets-value=\"{&quot;1&quot;:2,&quot;2&quot;:&quot;PLASGOM SAU&quot;}\">PLASGOM SAU<\/td>\n<\/tr>\n<tr>\n<td style=\"width: 112px;\" data-sheets-value=\"{&quot;1&quot;:2,&quot;2&quot;:&quot;2017\/06\/22&quot;}\">2017\/06\/22<\/td>\n<td style=\"width: 119px;\" data-sheets-value=\"{&quot;1&quot;:2,&quot;2&quot;:&quot;2020\/07\/31&quot;}\">2020\/07\/31<\/td>\n<td style=\"width: 614px;\" data-sheets-value=\"{&quot;1&quot;:2,&quot;2&quot;:&quot;SPROM SA&quot;}\">SPROM SA<\/td>\n<\/tr>\n<tr>\n<td style=\"width: 112px;\" data-sheets-value=\"{&quot;1&quot;:2,&quot;2&quot;:&quot;2017\/06\/22&quot;}\">2017\/06\/22<\/td>\n<td style=\"width: 119px;\" data-sheets-value=\"{&quot;1&quot;:2,&quot;2&quot;:&quot;2020\/07\/31&quot;}\">2020\/07\/31<\/td>\n<td style=\"width: 614px;\" data-sheets-value=\"{&quot;1&quot;:2,&quot;2&quot;:&quot;MEC\u00c1NICA J. PARENTE, S.L.&quot;}\">MEC\u00c1NICA J. PARENTE, S.L.<\/td>\n<\/tr>\n<tr>\n<td style=\"width: 112px;\" data-sheets-value=\"{&quot;1&quot;:2,&quot;2&quot;:&quot;2017\/06\/22&quot;}\">2017\/06\/22<\/td>\n<td style=\"width: 119px;\" data-sheets-value=\"{&quot;1&quot;:2,&quot;2&quot;:&quot;2020\/07\/31&quot;}\">2020\/07\/31<\/td>\n<td style=\"width: 614px;\" data-sheets-value=\"{&quot;1&quot;:2,&quot;2&quot;:&quot;TALLERES AUXILIARES DE ESTAMPACIONES SL&quot;}\">TALLERES AUXILIARES DE ESTAMPACIONES SL<\/td>\n<\/tr>\n<tr>\n<td style=\"width: 112px;\" data-sheets-value=\"{&quot;1&quot;:2,&quot;2&quot;:&quot;2017\/06\/22&quot;}\">2017\/06\/22<\/td>\n<td style=\"width: 119px;\" data-sheets-value=\"{&quot;1&quot;:2,&quot;2&quot;:&quot;2020\/07\/31&quot;}\">2020\/07\/31<\/td>\n<td style=\"width: 614px;\" data-sheets-value=\"{&quot;1&quot;:2,&quot;2&quot;:&quot;ITW ESPA\u00d1A SA&quot;}\">ITW ESPA\u00d1A SA<\/td>\n<\/tr>\n<tr>\n<td style=\"width: 112px;\" data-sheets-value=\"{&quot;1&quot;:2,&quot;2&quot;:&quot;2018\/03\/20&quot;}\">2018\/03\/20<\/td>\n<td style=\"width: 119px;\" data-sheets-value=\"{&quot;1&quot;:2,&quot;2&quot;:&quot;2021\/03\/30&quot;}\">2021\/03\/30<\/td>\n<td style=\"width: 614px;\" data-sheets-value=\"{&quot;1&quot;:2,&quot;2&quot;:&quot;BOSCH SISTEMAS DE FRENADO SLU&quot;}\">BOSCH SISTEMAS DE FRENADO SLU<\/td>\n<\/tr>\n<tr>\n<td style=\"width: 112px;\" data-sheets-value=\"{&quot;1&quot;:2,&quot;2&quot;:&quot;2019\/05\/15&quot;}\">2019\/05\/15<\/td>\n<td style=\"width: 119px;\" data-sheets-value=\"{&quot;1&quot;:2,&quot;2&quot;:&quot;2022\/05\/15&quot;}\">2022\/05\/15<\/td>\n<td style=\"width: 614px;\" data-sheets-value=\"{&quot;1&quot;:2,&quot;2&quot;:&quot;KME SPAIN SAU&quot;}\">KME SPAIN SAU<\/td>\n<\/tr>\n<tr>\n<td style=\"width: 112px;\" data-sheets-value=\"{&quot;1&quot;:2,&quot;2&quot;:&quot;2019\/04\/29&quot;}\">2019\/04\/29<\/td>\n<td style=\"width: 119px;\" data-sheets-value=\"{&quot;1&quot;:2,&quot;2&quot;:&quot;2022\/03\/30&quot;}\">2022\/03\/30<\/td>\n<td style=\"width: 614px;\" data-sheets-value=\"{&quot;1&quot;:2,&quot;2&quot;:&quot;LABORATORIO DIGITAL HIGH TEETH S.L,&quot;}\">LABORATORIO DIGITAL HIGH TEETH S.L,<\/td>\n<\/tr>\n<tr>\n<td style=\"width: 112px;\" data-sheets-value=\"{&quot;1&quot;:2,&quot;2&quot;:&quot;2017\/06\/22&quot;}\">2017\/06\/22<\/td>\n<td style=\"width: 119px;\" data-sheets-value=\"{&quot;1&quot;:2,&quot;2&quot;:&quot;2020\/07\/31&quot;}\">2020\/07\/31<\/td>\n<td style=\"width: 614px;\" data-sheets-value=\"{&quot;1&quot;:2,&quot;2&quot;:&quot;FORMIN SA&quot;}\">FORMIN SA<\/td>\n<\/tr>\n<tr>\n<td style=\"width: 112px;\" data-sheets-value=\"{&quot;1&quot;:2,&quot;2&quot;:&quot;2019\/05\/30&quot;}\">2019\/05\/30<\/td>\n<td style=\"width: 119px;\" data-sheets-value=\"{&quot;1&quot;:2,&quot;2&quot;:&quot;2022\/05\/30&quot;}\">2022\/05\/30<\/td>\n<td style=\"width: 614px;\" data-sheets-value=\"{&quot;1&quot;:2,&quot;2&quot;:&quot;CAYFI, SL&quot;}\">CAYFI, SL<\/td>\n<\/tr>\n<tr>\n<td style=\"width: 112px;\" data-sheets-value=\"{&quot;1&quot;:2,&quot;2&quot;:&quot;2017\/06\/22&quot;}\">2017\/06\/22<\/td>\n<td style=\"width: 119px;\" data-sheets-value=\"{&quot;1&quot;:2,&quot;2&quot;:&quot;2020\/07\/31&quot;}\">2020\/07\/31<\/td>\n<td style=\"width: 614px;\" data-sheets-value=\"{&quot;1&quot;:2,&quot;2&quot;:&quot;TALLERES ROGASA SA&quot;}\">TALLERES ROGASA SA<\/td>\n<\/tr>\n<tr>\n<td style=\"width: 112px;\" data-sheets-value=\"{&quot;1&quot;:2,&quot;2&quot;:&quot;2017\/06\/22&quot;}\">2017\/06\/22<\/td>\n<td style=\"width: 119px;\" data-sheets-value=\"{&quot;1&quot;:2,&quot;2&quot;:&quot;2020\/07\/31&quot;}\">2020\/07\/31<\/td>\n<td style=\"width: 614px;\" data-sheets-value=\"{&quot;1&quot;:2,&quot;2&quot;:&quot;MOL MATRIC SCCL&quot;}\">MOL MATRIC SCCL<\/td>\n<\/tr>\n<tr>\n<td style=\"width: 112px;\" data-sheets-value=\"{&quot;1&quot;:2,&quot;2&quot;:&quot;2019\/05\/13&quot;}\">2019\/05\/13<\/td>\n<td style=\"width: 119px;\" data-sheets-value=\"{&quot;1&quot;:2,&quot;2&quot;:&quot;2022\/05\/28&quot;}\">2022\/05\/28<\/td>\n<td style=\"width: 614px;\" data-sheets-value=\"{&quot;1&quot;:2,&quot;2&quot;:&quot;TALLER HERR-BACH SCP&quot;}\">TALLER HERR-BACH SCP<\/td>\n<\/tr>\n<tr>\n<td style=\"width: 112px;\" data-sheets-value=\"{&quot;1&quot;:2,&quot;2&quot;:&quot;2017\/06\/22&quot;}\">2017\/06\/22<\/td>\n<td style=\"width: 119px;\" data-sheets-value=\"{&quot;1&quot;:2,&quot;2&quot;:&quot;2020\/07\/31&quot;}\">2020\/07\/31<\/td>\n<td style=\"width: 614px;\" data-sheets-value=\"{&quot;1&quot;:2,&quot;2&quot;:&quot;DYNACAST ESPA\u00d1A SA&quot;}\">DYNACAST ESPA\u00d1A SA<\/td>\n<\/tr>\n<tr>\n<td style=\"width: 112px;\" data-sheets-value=\"{&quot;1&quot;:2,&quot;2&quot;:&quot;2017\/06\/22&quot;}\">2017\/06\/22<\/td>\n<td style=\"width: 119px;\" data-sheets-value=\"{&quot;1&quot;:2,&quot;2&quot;:&quot;2020\/07\/31&quot;}\">2020\/07\/31<\/td>\n<td style=\"width: 614px;\" data-sheets-value=\"{&quot;1&quot;:2,&quot;2&quot;:&quot;TE CONNECTIVITY SPAIN SLU&quot;}\">TE CONNECTIVITY SPAIN SLU<\/td>\n<\/tr>\n<tr>\n<td style=\"width: 112px;\" data-sheets-value=\"{&quot;1&quot;:2,&quot;2&quot;:&quot;2019\/05\/13&quot;}\">2019\/05\/13<\/td>\n<td style=\"width: 119px;\" data-sheets-value=\"{&quot;1&quot;:2,&quot;2&quot;:&quot;2022\/05\/30&quot;}\">2022\/05\/30<\/td>\n<td style=\"width: 614px;\" data-sheets-value=\"{&quot;1&quot;:2,&quot;2&quot;:&quot;JOAN OLIV\u00c9 SL&quot;}\">JOAN OLIV\u00c9 SL<\/td>\n<\/tr>\n<tr>\n<td style=\"width: 112px;\" data-sheets-value=\"{&quot;1&quot;:2,&quot;2&quot;:&quot;2017\/06\/22&quot;}\">2017\/06\/22<\/td>\n<td style=\"width: 119px;\" data-sheets-value=\"{&quot;1&quot;:2,&quot;2&quot;:&quot;2020\/07\/31&quot;}\">2020\/07\/31<\/td>\n<td style=\"width: 614px;\" data-sheets-value=\"{&quot;1&quot;:2,&quot;2&quot;:&quot;MOLMASA INDUSTRIAL DE MOTLLES SL&quot;}\">MOLMASA INDUSTRIAL DE MOTLLES SL<\/td>\n<\/tr>\n<tr>\n<td style=\"width: 112px;\" data-sheets-value=\"{&quot;1&quot;:2,&quot;2&quot;:&quot;2017\/06\/22&quot;}\">2017\/06\/22<\/td>\n<td style=\"width: 119px;\" data-sheets-value=\"{&quot;1&quot;:2,&quot;2&quot;:&quot;2020\/07\/31&quot;}\">2020\/07\/31<\/td>\n<td style=\"width: 614px;\" data-sheets-value=\"{&quot;1&quot;:2,&quot;2&quot;:&quot;FLEXNGATE PL\u00c1STICOS,SL&quot;}\">FLEXNGATE PL\u00c1STICOS,SL<\/td>\n<\/tr>\n<tr>\n<td style=\"width: 112px;\" data-sheets-value=\"{&quot;1&quot;:2,&quot;2&quot;:&quot;2019\/04\/28&quot;}\">2019\/04\/28<\/td>\n<td style=\"width: 119px;\" data-sheets-value=\"{&quot;1&quot;:2,&quot;2&quot;:&quot;2022\/04\/30&quot;}\">2022\/04\/30<\/td>\n<td style=\"width: 614px;\" data-sheets-value=\"{&quot;1&quot;:2,&quot;2&quot;:&quot;GRUPO J URIACH SL&quot;}\">GRUPO J URIACH SL<\/td>\n<\/tr>\n<\/tbody>\n<\/table>\n","protected":false},"excerpt":{"rendered":"<p>CONVENIS D&#8217;\u00daS SOCIAL<\/p>\n<ul>\n<li>Conveni amb <a href=\"https:\/\/web.fumh.cat\/index.php\/portfolio\">Fundaci\u00f3 Universit\u00e0ria Mart\u00ed l&#8217;Hum\u00e0<\/a><\/li>\n<li>Conveni amb <a href=\"http:\/\/www.centredemocratic.cat\/upcm\/espais\/\">Universitat Popular de Caldes de Montbu<\/a>i<\/li>\n<li>Conveni amb l<a href=\"http:\/\/www.calderi.cat\/2019\/03\/nou-conveni-dusos-lies-manolo-hugue-lajuntament\/\">&#8216;Ajuntament de Caldes de Montbui per la cessi\u00f3 de les pistes esportives.<\/a><\/li>\n<\/ul>\n<p>CONVENIS DE FORMACI\u00d3 PROFESSIONAL<a id=\"mcegrid91\" class=\"mce-active\" href=\"https:\/\/agora.xtec.cat\/iesmanolohugue\/wp-admin\/post-new.php?post_type=page#\" data-mce-x=\"1\" data-mce-y=\"9\"><\/a><\/p>\n<ul style=\"list-style-type: circle;\">\n<li>Conveni amb <a href=\"https:\/\/eurecat.org\/conveni-fp-motlles\/\">ASCAMM per&hellip;  <a href=\"https:\/\/agora.xtec.cat\/iesmanolohugue\/convenis-vigents\/\" title=\"Read Convenis vigents\">Llegeix m\u00e9s\u00bb<\/a><br \/>\n","protected":false},"author":1,"featured_media":0,"parent":0,"menu_order":0,"comment_status":"closed","ping_status":"closed","template":"","meta":{"_bbp_topic_count":0,"_bbp_reply_count":0,"_bbp_total_topic_count":0,"_bbp_total_reply_count":0,"_bbp_voice_count":0,"_bbp_anonymous_reply_count":0,"_bbp_topic_count_hidden":0,"_bbp_reply_count_hidden":0,"_bbp_forum_subforum_count":0,"footnotes":""},"class_list":["post-10661","page","type-page","status-publish","hentry"],"post_mailing_queue_ids":[],"_links":{"self":[{"href":"https:\/\/agora.xtec.cat\/iesmanolohugue\/wp-json\/wp\/v2\/pages\/10661","targetHints":{"allow":["GET"]}}],"collection":[{"href":"https:\/\/agora.xtec.cat\/iesmanolohugue\/wp-json\/wp\/v2\/pages"}],"about":[{"href":"https:\/\/agora.xtec.cat\/iesmanolohugue\/wp-json\/wp\/v2\/types\/page"}],"author":[{"embeddable":true,"href":"https:\/\/agora.xtec.cat\/iesmanolohugue\/wp-json\/wp\/v2\/users\/1"}],"replies":[{"embeddable":true,"href":"https:\/\/agora.xtec.cat\/iesmanolohugue\/wp-json\/wp\/v2\/comments?post=10661"}],"version-history":[{"count":2,"href":"https:\/\/agora.xtec.cat\/iesmanolohugue\/wp-json\/wp\/v2\/pages\/10661\/revisions"}],"predecessor-version":[{"id":13189,"href":"https:\/\/agora.xtec.cat\/iesmanolohugue\/wp-json\/wp\/v2\/pages\/10661\/revisions\/13189"}],"wp:attachment":[{"href":"https:\/\/agora.xtec.cat\/iesmanolohugue\/wp-json\/wp\/v2\/media?parent=10661"}],"curies":[{"name":"wp","href":"https:\/\/api.w.org\/{rel}","templated":true}]}}