{"id":10446,"date":"2019-09-24T18:22:03","date_gmt":"2019-09-24T16:22:03","guid":{"rendered":"http:\/\/agora.xtec.cat\/iesmanolohugue\/?page_id=10446"},"modified":"2025-10-16T17:25:40","modified_gmt":"2025-10-16T15:25:40","slug":"criteris-qualificacio-eso","status":"publish","type":"page","link":"https:\/\/agora.xtec.cat\/iesmanolohugue\/criteris-qualificacio-eso\/","title":{"rendered":"Criteris qualificaci\u00f3 Batxillerat"},"content":{"rendered":"<p>&nbsp;<\/p>\n<table style=\"width: 101.00855227126779%;\" border=\"0\">\n<tbody>\n<tr>\n<td style=\"width: 100%;\">\n<blockquote>\n<ul>\n<li><span style=\"font-size: 10pt;\"><a href=\"https:\/\/agora.xtec.cat\/iesmanolohugue\/wp-content\/uploads\/usu9\/2025\/10\/CRITERIS-DAVALUACIO-BATXILLERAT-2025-2026.pdf\">CRITERIS D&#8217;AVALUACI\u00d3 BATXILLERAT 2025-2026<\/a><\/span><\/li>\n<\/ul>\n<p><span style=\"font-size: 12pt;\"><strong>DEPARTAMENTS<\/strong><\/span><\/p><\/blockquote>\n<table style=\"width: 91.2708%; height: 538px;\" border=\"0\" width=\"100%\">\n<tbody>\n<tr>\n<td style=\"width: 100%;\" valign=\"top\">\n<blockquote><p><a href=\"https:\/\/agora.xtec.cat\/iesmanolohugue\/wp-content\/uploads\/usu9\/2025\/10\/CRITERIS-DAVALUACIO-Estada-Empresa-2025-2026.docx.pdf\"><span style=\"font-size: 12pt;\"><span style=\"font-size: 10pt;\">ESTADA A L&#8217;EMPRESA <\/span><\/span><\/a><\/p>\n<p><span style=\"font-size: 10pt;\">&#8211;<a href=\"https:\/\/agora.xtec.cat\/iesmanolohugue\/wp-content\/uploads\/usu9\/2025\/10\/VERSION_DEFINITIVA_CRITERIS-BAT-AVALUACIO-LLENGUA-CASTELLANA_1o-y-2o-BAT_2025_26.docx.pdf\">CRITERIS DE QUALIFICACI\u00d3 BATX DEPT LLENGUA CASTELLANA (Lengua Castellana y Literatura. Creaci\u00f3n Literaria, Literatura Castellana)<\/a><\/span><\/p>\n<p><span style=\"font-size: 10pt;\">&#8211;<a href=\"https:\/\/agora.xtec.cat\/iesmanolohugue\/wp-content\/uploads\/usu9\/2025\/10\/2025-26_BATXILLERAT_-CRITERIS-DE-QUALIFICACIO_LLENGUA-CATALANA_-LLATI.docx.pdf\">CRITERIS DE QUALIFICACI\u00d3 BATX DEPT LLENGUA I LITERATURA CATALANES i LLENG\u00dcES CL\u00c0SSIQUES (Llengua i Literatura Catalana, Llat\u00ed, Literatura Universal, Grec)<\/a><\/span><\/p>\n<p><span style=\"font-size: 10pt;\">&#8211;<a href=\"https:\/\/agora.xtec.cat\/iesmanolohugue\/wp-content\/uploads\/usu9\/2025\/10\/CRITERIS-D_AVALUACIO-BATX-25-26.pdf\">CRITERIS DE QUALIFICACI\u00d3 BATX DEPT MATEM\u00c0TIQUES (Matem\u00e0tiques, Matem\u00e0tiques aplicades a les ci\u00e8ncies socials, Matem\u00e0tica aplicada)<\/a><\/span><\/p>\n<p><span style=\"font-size: 10pt;\">&#8211;<a href=\"https:\/\/agora.xtec.cat\/iesmanolohugue\/wp-content\/uploads\/usu9\/2025\/10\/CRITERIS-DE-QUALIFICACIO-CIENCIES-EXPERIMENTALS.-BATXILLERAT.docx.pdf\">CRITERIS DE QUALIFICACI\u00d3 BATX DEPT CI\u00c8NCIES EXPERIMENTALS ( Biologia, Biologia Humana, F\u00edsica, Qu\u00edmica, Reptes de Biologia i Geologia, Geologia i Ci\u00e8ncies Ambientals, ODS)<\/a><\/span><\/p>\n<p><span style=\"font-size: 10pt;\">-C<a href=\"https:\/\/agora.xtec.cat\/iesmanolohugue\/wp-content\/uploads\/usu9\/2025\/10\/CRITERIS-DAVALUACIO-DE-BATXILLERAT_Tecnologia-i-Enginyeria-25-26.docx.pdf\">RITERIS DE QUALIFICACI\u00d3 BATX DEPT TECNOLOGIES (Tecnologia i Enginyeria)<\/a><\/span><\/p>\n<p><span style=\"font-size: 10pt;\">&#8211;<a href=\"https:\/\/agora.xtec.cat\/iesmanolohugue\/wp-content\/uploads\/usu9\/2025\/10\/CRITERIS-AVALUACIO-Batxillerat-Dibuix-Tecnic-i-EF-25-26.docx.pdf\">CRITERIS DE QUALIFICACI\u00d3 BATX DEPT EXPRESSI\u00d3 (Educaci\u00f3 F\u00edsica, Dibuix T\u00e8cnic)<\/a><\/span><\/p>\n<p><span style=\"font-size: 10pt;\">&#8211;<a href=\"https:\/\/agora.xtec.cat\/iesmanolohugue\/wp-content\/uploads\/usu9\/2025\/10\/Criteris-de-Qualificacio-Llengues-Estrangeres-Batxillerat-2025-26.pdf\">CRITERIS DE QUALIFICACI\u00d3 BATX DEPT LLENG\u00dcES ESTRANGERES (Angl\u00e8s, Franc\u00e8s)<\/a><\/span><\/p>\n<p><span style=\"font-size: 10pt;\">&#8211;<a href=\"https:\/\/agora.xtec.cat\/iesmanolohugue\/wp-content\/uploads\/usu9\/2025\/10\/CRITERIS-D-AVALUACIO-Socials-de-batxillerat-2025-2026.docx.pdf\">CRITERIS DE QUALIFICACI\u00d3 BATX DEPT CI\u00c8NCIES SOCIALS (Filosofia, Hist\u00f2ria del m\u00f3n contemporani, Economia, Funcionament de l&#8217;empresa, Problem\u00e0tiques socials, Ciutadania, dret i pol\u00edtica, Hist\u00f2ria de la Filosofia, Psicologia, Projecte empresarial, Hist\u00f2ria d&#8217;Espanya i Catalunya, Hist\u00f2ria de l&#8217;Art, Geografia, Funcionament de l&#8217;Empresa i Disseny de Models de Negoci, Poblaci\u00f3 i Prosperitat, Pau, Just\u00edcia i Corresponsabilitat)<\/a><\/span><\/p>\n<p>&nbsp;<\/p><\/blockquote>\n<p>&nbsp;<\/p>\n<hr \/>\n<p>&nbsp;<\/td>\n<\/tr>\n<\/tbody>\n<\/table>\n<\/td>\n<\/tr>\n<\/tbody>\n<\/table>\n<p>&nbsp;<\/p>\n","protected":false},"excerpt":{"rendered":"<p>&nbsp;<\/p>\n<ul>\n<li><a href=\"https:\/\/agora.xtec.cat\/iesmanolohugue\/wp-content\/uploads\/usu9\/2025\/10\/CRITERIS-DAVALUACIO-BATXILLERAT-2025-2026.pdf\">CRITERIS D&#8217;AVALUACI\u00d3 BATXILLERAT 2025-2026<\/a><\/li>\n<\/ul>\n<p>DEPARTAMENTS<\/p>\n<p><a href=\"https:\/\/agora.xtec.cat\/iesmanolohugue\/wp-content\/uploads\/usu9\/2025\/10\/CRITERIS-DAVALUACIO-Estada-Empresa-2025-2026.docx.pdf\">ESTADA A L&#8217;EMPRESA <\/a><br \/>\n&#8211;<a href=\"https:\/\/agora.xtec.cat\/iesmanolohugue\/wp-content\/uploads\/usu9\/2025\/10\/VERSION_DEFINITIVA_CRITERIS-BAT-AVALUACIO-LLENGUA-CASTELLANA_1o-y-2o-BAT_2025_26.docx.pdf\">CRITERIS DE QUALIFICACI\u00d3 BATX DEPT LLENGUA CASTELLANA (Lengua Castellana y Literatura. Creaci\u00f3n Literaria, Literatura Castellana)<\/a><br \/>\n&#8211;<a href=\"https:\/\/agora.xtec.cat\/iesmanolohugue\/wp-content\/uploads\/usu9\/2025\/10\/2025-26_BATXILLERAT_-CRITERIS-DE-QUALIFICACIO_LLENGUA-CATALANA_-LLATI.docx.pdf\">CRITERIS DE QUALIFICACI\u00d3 BATX DEPT LLENGUA I LITERATURA CATALANES i LLENG\u00dcES CL\u00c0SSIQUES (Llengua i Literatura Catalana, Llat\u00ed, Literatura Universal, Grec)<\/a><br \/>\n&#8211;<a href=\"https:\/\/agora.xtec.cat\/iesmanolohugue\/wp-content\/uploads\/usu9\/2025\/10\/CRITERIS-D_AVALUACIO-BATX-25-26.pdf\">CRITERIS&hellip;  <a href=\"https:\/\/agora.xtec.cat\/iesmanolohugue\/criteris-qualificacio-eso\/\" title=\"Read Criteris qualificaci\u00f3 Batxillerat\">Llegeix m\u00e9s\u00bb<\/a><\/p>\n","protected":false},"author":1,"featured_media":0,"parent":0,"menu_order":0,"comment_status":"closed","ping_status":"closed","template":"","meta":{"_bbp_topic_count":0,"_bbp_reply_count":0,"_bbp_total_topic_count":0,"_bbp_total_reply_count":0,"_bbp_voice_count":0,"_bbp_anonymous_reply_count":0,"_bbp_topic_count_hidden":0,"_bbp_reply_count_hidden":0,"_bbp_forum_subforum_count":0,"footnotes":""},"class_list":["post-10446","page","type-page","status-publish","hentry"],"post_mailing_queue_ids":[],"_links":{"self":[{"href":"https:\/\/agora.xtec.cat\/iesmanolohugue\/wp-json\/wp\/v2\/pages\/10446","targetHints":{"allow":["GET"]}}],"collection":[{"href":"https:\/\/agora.xtec.cat\/iesmanolohugue\/wp-json\/wp\/v2\/pages"}],"about":[{"href":"https:\/\/agora.xtec.cat\/iesmanolohugue\/wp-json\/wp\/v2\/types\/page"}],"author":[{"embeddable":true,"href":"https:\/\/agora.xtec.cat\/iesmanolohugue\/wp-json\/wp\/v2\/users\/1"}],"replies":[{"embeddable":true,"href":"https:\/\/agora.xtec.cat\/iesmanolohugue\/wp-json\/wp\/v2\/comments?post=10446"}],"version-history":[{"count":8,"href":"https:\/\/agora.xtec.cat\/iesmanolohugue\/wp-json\/wp\/v2\/pages\/10446\/revisions"}],"predecessor-version":[{"id":18884,"href":"https:\/\/agora.xtec.cat\/iesmanolohugue\/wp-json\/wp\/v2\/pages\/10446\/revisions\/18884"}],"wp:attachment":[{"href":"https:\/\/agora.xtec.cat\/iesmanolohugue\/wp-json\/wp\/v2\/media?parent=10446"}],"curies":[{"name":"wp","href":"https:\/\/api.w.org\/{rel}","templated":true}]}}