{"id":10443,"date":"2019-10-01T13:03:10","date_gmt":"2019-10-01T11:03:10","guid":{"rendered":"http:\/\/agora.xtec.cat\/iesmanolohugue\/?page_id=10443"},"modified":"2025-10-21T08:54:17","modified_gmt":"2025-10-21T06:54:17","slug":"criteris-davaluacio-eso","status":"publish","type":"page","link":"https:\/\/agora.xtec.cat\/iesmanolohugue\/criteris-davaluacio-eso\/","title":{"rendered":"CRITERIS D&#8217;AVALUACI\u00d3 ESO"},"content":{"rendered":"<table style=\"width: 100%; height: 718px;\" border=\"0\">\n<tbody>\n<tr style=\"height: 718px;\">\n<td style=\"width: 100%; height: 718px;\">\n<ul>\n<li><a href=\"https:\/\/agora.xtec.cat\/iesmanolohugue\/wp-content\/uploads\/usu9\/2025\/10\/CRITERIS-DAVALUACIO-ESO-2025-2026-penjat-al-web.pdf\">CRITERIS D&#8217;AVALUACI\u00d3 ESO 2025-2026<\/a><\/li>\n<\/ul>\n<table style=\"width: 100.148%; height: 638px;\" border=\"0\" width=\"100%\">\n<tbody>\n<tr style=\"height: 638px;\">\n<td style=\"width: 100%; height: 638px;\">\n<table style=\"width: 69.9670773506253%; height: 514px;\" border=\"0\" width=\"100%\">\n<tbody>\n<tr style=\"height: 601px;\">\n<td style=\"width: 100%; height: 601px;\" valign=\"top\">&nbsp;<\/p>\n<p><a href=\"https:\/\/agora.xtec.cat\/iesmanolohugue\/wp-content\/uploads\/usu9\/2025\/10\/2025-26_ESO_CRITERIS-DE-QUALIFICACIO-DEPARTAMENT-CATALA_CLASSIQUES.docx.pdf\"><span style=\"font-size: 12pt;\">-Departament de Llengua i Literatura catalana (Llengua Catalana i Literatura, Llat\u00ed, optativa trimestral catal\u00e0 1r ESO, optativa quadrimestral cl\u00e0ssiques 3r, Cultura cl\u00e0ssica 4t)<\/span><\/a><\/p>\n<p><a href=\"https:\/\/agora.xtec.cat\/iesmanolohugue\/wp-content\/uploads\/usu9\/2025\/10\/VERSION-DEFINITIVA_CRITERIOS-DE-EVALUACION-ESO-DEPARTAMENTO_LLENGUA_CASTELLANA_2025_26-Documents-de-Google.pdf\"><span style=\"font-size: 12pt;\">-Departament de Llengua i Literatura castellana (Lengua y Literatura castellana, optativa trimestral 1\u00ba, optativa cuatrimestral 2\u00ba)<\/span><\/a><\/p>\n<p><span style=\"font-size: 12pt;\"><a href=\"https:\/\/agora.xtec.cat\/iesmanolohugue\/wp-content\/uploads\/usu9\/2025\/10\/CRITERIS-D_AVALUACIO-ESO-25-26.docx.pdf\">-Departament de Matem\u00e0tiques (Matem\u00e0tiques)<\/a><\/span><\/p>\n<p><a href=\"https:\/\/agora.xtec.cat\/iesmanolohugue\/wp-content\/uploads\/usu9\/2025\/10\/CRITERIS-DE-QUALIFICACIO-CIENCIES-EXPERIMENTALS-ESO.docx.pdf\"><span style=\"font-size: 12pt;\">-Departament de Ci\u00e8ncies Experimentals (B<\/span><span style=\"font-size: 12pt;\">iologia i Geologia, F\u00edsica i Qu\u00edmica, Cultura Cient\u00edfica, optativa trimestral Escola Verda 1r)\u00a0<\/span><\/a><\/p>\n<p><a href=\"https:\/\/agora.xtec.cat\/iesmanolohugue\/wp-content\/uploads\/usu9\/2025\/10\/CRITERIS-DAVALUACIO-ESO-DEPARTAMENT-DE-TECNOLOGIES-25-26.docx-1.pdf\"><span style=\"font-size: 12pt;\">-Departament de Tecnologia (Tecnologia, optativa quadrimestral rob\u00f2tica 2n, optativa quadrimestral TecnoArt 3r,Digitalitzaci\u00f3)<\/span><\/a><\/p>\n<p><span style=\"font-size: 12pt;\">&#8211;<a href=\"https:\/\/agora.xtec.cat\/iesmanolohugue\/wp-content\/uploads\/usu9\/2025\/10\/CRITERIS-D_AVALUACIO.-ESO.-Depart.-Artistic.-25-26.docx.pdf\">Departament d&#8217;Expressi\u00f3 (Educaci\u00f3 f\u00edsica, Educaci\u00f3 Visual i Pl\u00e0stica, M\u00fasica)<\/a><\/span><\/p>\n<p><a href=\"https:\/\/agora.xtec.cat\/iesmanolohugue\/wp-content\/uploads\/usu9\/2025\/10\/CRITERIS-DE-QUALIFICACIO-LLENGUES-ESTRANGERES-ESO-2025-26.docx.pdf\"><span style=\"font-size: 12pt;\">-Departament de Lleng\u00fces estrangeres (Angl\u00e8s, Franc\u00e8s, opt anual segona llengua estrangera)<\/span><\/a><\/p>\n<p><span style=\"font-size: 12pt;\">&#8211;<a href=\"https:\/\/agora.xtec.cat\/iesmanolohugue\/wp-content\/uploads\/usu9\/2025\/10\/CRITERIS-D_AVALUACIO-CCSS-ESO-2025-2026v4.docx.pdf\">Departament de Ci\u00e8ncies Socials (Geografia i Hist\u00f2ria, Filosofia, Activitats c\u00edviques i culturals, Religi\u00f3, Economia, Emprenedoria i Servei Comunitari)\u00a0<\/a><\/span><\/p>\n<p><a href=\"https:\/\/agora.xtec.cat\/iesmanolohugue\/wp-content\/uploads\/usu9\/2025\/10\/CRITERIS-QUALIFICACIO-EVCE-4t-ESO-2025-26.docx.pdf\"><span style=\"font-size: 12pt;\">-Departament d&#8217;Orientaci\u00f3 (Educaci\u00f3 en valors c\u00edvics i \u00e8tics 4t)<\/span><\/a><\/p>\n<p>&nbsp;<\/p>\n<p>&nbsp;<\/p>\n<hr \/>\n<p>&nbsp;<\/td>\n<\/tr>\n<\/tbody>\n<\/table>\n<\/td>\n<\/tr>\n<\/tbody>\n<\/table>\n<\/td>\n<\/tr>\n<\/tbody>\n<\/table>\n","protected":false},"excerpt":{"rendered":"<ul>\n<li><a href=\"https:\/\/agora.xtec.cat\/iesmanolohugue\/wp-content\/uploads\/usu9\/2025\/10\/CRITERIS-DAVALUACIO-ESO-2025-2026-penjat-al-web.pdf\">CRITERIS D&#8217;AVALUACI\u00d3 ESO 2025-2026<\/a><\/li>\n<\/ul>\n<p>&nbsp;<br \/>\n<a href=\"https:\/\/agora.xtec.cat\/iesmanolohugue\/wp-content\/uploads\/usu9\/2025\/10\/2025-26_ESO_CRITERIS-DE-QUALIFICACIO-DEPARTAMENT-CATALA_CLASSIQUES.docx.pdf\">-Departament de Llengua i Literatura catalana (Llengua Catalana i Literatura, Llat\u00ed, optativa trimestral catal\u00e0 1r ESO, optativa quadrimestral cl\u00e0ssiques 3r, Cultura cl\u00e0ssica 4t)<\/a><br \/>\n<a href=\"https:\/\/agora.xtec.cat\/iesmanolohugue\/wp-content\/uploads\/usu9\/2025\/10\/VERSION-DEFINITIVA_CRITERIOS-DE-EVALUACION-ESO-DEPARTAMENTO_LLENGUA_CASTELLANA_2025_26-Documents-de-Google.pdf\">-Departament de Llengua i Literatura castellana (Lengua y Literatura castellana, optativa trimestral 1\u00ba, optativa cuatrimestral 2\u00ba)<\/a><br \/>\n<a href=\"https:\/\/agora.xtec.cat\/iesmanolohugue\/wp-content\/uploads\/usu9\/2025\/10\/CRITERIS-D_AVALUACIO-ESO-25-26.docx.pdf\">-Departament&hellip;  <a href=\"https:\/\/agora.xtec.cat\/iesmanolohugue\/criteris-davaluacio-eso\/\" title=\"Read CRITERIS D&#8217;AVALUACI\u00d3 ESO\">Llegeix m\u00e9s\u00bb<\/a><\/p>\n","protected":false},"author":1,"featured_media":0,"parent":0,"menu_order":0,"comment_status":"closed","ping_status":"closed","template":"","meta":{"_bbp_topic_count":0,"_bbp_reply_count":0,"_bbp_total_topic_count":0,"_bbp_total_reply_count":0,"_bbp_voice_count":0,"_bbp_anonymous_reply_count":0,"_bbp_topic_count_hidden":0,"_bbp_reply_count_hidden":0,"_bbp_forum_subforum_count":0,"footnotes":""},"class_list":["post-10443","page","type-page","status-publish","hentry"],"post_mailing_queue_ids":[],"_links":{"self":[{"href":"https:\/\/agora.xtec.cat\/iesmanolohugue\/wp-json\/wp\/v2\/pages\/10443","targetHints":{"allow":["GET"]}}],"collection":[{"href":"https:\/\/agora.xtec.cat\/iesmanolohugue\/wp-json\/wp\/v2\/pages"}],"about":[{"href":"https:\/\/agora.xtec.cat\/iesmanolohugue\/wp-json\/wp\/v2\/types\/page"}],"author":[{"embeddable":true,"href":"https:\/\/agora.xtec.cat\/iesmanolohugue\/wp-json\/wp\/v2\/users\/1"}],"replies":[{"embeddable":true,"href":"https:\/\/agora.xtec.cat\/iesmanolohugue\/wp-json\/wp\/v2\/comments?post=10443"}],"version-history":[{"count":8,"href":"https:\/\/agora.xtec.cat\/iesmanolohugue\/wp-json\/wp\/v2\/pages\/10443\/revisions"}],"predecessor-version":[{"id":18669,"href":"https:\/\/agora.xtec.cat\/iesmanolohugue\/wp-json\/wp\/v2\/pages\/10443\/revisions\/18669"}],"wp:attachment":[{"href":"https:\/\/agora.xtec.cat\/iesmanolohugue\/wp-json\/wp\/v2\/media?parent=10443"}],"curies":[{"name":"wp","href":"https:\/\/api.w.org\/{rel}","templated":true}]}}