{"id":10439,"date":"2019-09-24T17:50:34","date_gmt":"2019-09-24T15:50:34","guid":{"rendered":"http:\/\/agora.xtec.cat\/iesmanolohugue\/?page_id=10439"},"modified":"2025-10-14T00:15:50","modified_gmt":"2025-10-13T22:15:50","slug":"criteris-de-qualificacio-curs-2021-2022","status":"publish","type":"page","link":"https:\/\/agora.xtec.cat\/iesmanolohugue\/criteris-de-qualificacio-curs-2021-2022\/","title":{"rendered":"Criteris de qualificaci\u00f3 curs 2025-2026"},"content":{"rendered":"<ul>\n<li><a href=\"https:\/\/agora.xtec.cat\/iesmanolohugue\/criteris-davaluacio-eso\/\">Criteris qualificaci\u00f3 ESO<\/a><\/li>\n<li><a href=\"https:\/\/agora.xtec.cat\/iesmanolohugue\/criteris-qualificacio-eso\/\">Criteris qualificaci\u00f3 batxillerat<\/a><\/li>\n<li><a href=\"https:\/\/agora.xtec.cat\/iesmanolohugue\/?page_id=12331&amp;preview=true\">Criteris qualificaci\u00f3 cicles formatius grau mitj\u00e0 Est\u00e8tica i Bellesa<\/a><\/li>\n<li><a href=\"https:\/\/agora.xtec.cat\/iesmanolohugue\/criteris-avaluacio-cicles-formatius-branca-administracio\/\">Criteris qualificaci\u00f3 cicles formatius branca d&#8217;Administraci\u00f3<\/a><\/li>\n<li><a href=\"https:\/\/agora.xtec.cat\/iesmanolohugue\/criteris-avaluacio-cicles-formatius-branca-mecanitzacio\/\">Criteris qualificaci\u00f3 cicles formatius branca Mec\u00e0nica<\/a><\/li>\n<li><a href=\"https:\/\/agora.xtec.cat\/iesmanolohugue\/?page_id=15528&amp;preview=true\">Criteris qualificaci\u00f3 CFGS. Est\u00e8tica Integral i Benestar<\/a><\/li>\n<\/ul>\n","protected":false},"excerpt":{"rendered":"<ul>\n<li><a href=\"https:\/\/agora.xtec.cat\/iesmanolohugue\/criteris-davaluacio-eso\/\">Criteris qualificaci\u00f3 ESO<\/a><\/li>\n<li><a href=\"https:\/\/agora.xtec.cat\/iesmanolohugue\/criteris-qualificacio-eso\/\">Criteris qualificaci\u00f3 batxillerat<\/a><\/li>\n<li><a href=\"https:\/\/agora.xtec.cat\/iesmanolohugue\/?page_id=12331&amp;preview=true\">Criteris qualificaci\u00f3 cicles formatius grau mitj\u00e0 Est\u00e8tica i Bellesa<\/a><\/li>\n<li><a href=\"https:\/\/agora.xtec.cat\/iesmanolohugue\/criteris-avaluacio-cicles-formatius-branca-administracio\/\">Criteris qualificaci\u00f3 cicles formatius branca d&#8217;Administraci\u00f3<\/a><\/li>\n<li><a href=\"https:\/\/agora.xtec.cat\/iesmanolohugue\/criteris-avaluacio-cicles-formatius-branca-mecanitzacio\/\">Criteris qualificaci\u00f3 cicles formatius branca Mec\u00e0nica<\/a><\/li>\n<li><a href=\"https:\/\/agora.xtec.cat\/iesmanolohugue\/?page_id=15528&amp;preview=true\">Criteris qualificaci\u00f3 CFGS. Est\u00e8tica Integral i Benestar<\/a><\/li>\n<\/ul>\n","protected":false},"author":1,"featured_media":0,"parent":0,"menu_order":0,"comment_status":"closed","ping_status":"closed","template":"","meta":{"_bbp_topic_count":0,"_bbp_reply_count":0,"_bbp_total_topic_count":0,"_bbp_total_reply_count":0,"_bbp_voice_count":0,"_bbp_anonymous_reply_count":0,"_bbp_topic_count_hidden":0,"_bbp_reply_count_hidden":0,"_bbp_forum_subforum_count":0,"footnotes":""},"class_list":["post-10439","page","type-page","status-publish","hentry"],"post_mailing_queue_ids":[],"_links":{"self":[{"href":"https:\/\/agora.xtec.cat\/iesmanolohugue\/wp-json\/wp\/v2\/pages\/10439","targetHints":{"allow":["GET"]}}],"collection":[{"href":"https:\/\/agora.xtec.cat\/iesmanolohugue\/wp-json\/wp\/v2\/pages"}],"about":[{"href":"https:\/\/agora.xtec.cat\/iesmanolohugue\/wp-json\/wp\/v2\/types\/page"}],"author":[{"embeddable":true,"href":"https:\/\/agora.xtec.cat\/iesmanolohugue\/wp-json\/wp\/v2\/users\/1"}],"replies":[{"embeddable":true,"href":"https:\/\/agora.xtec.cat\/iesmanolohugue\/wp-json\/wp\/v2\/comments?post=10439"}],"version-history":[{"count":7,"href":"https:\/\/agora.xtec.cat\/iesmanolohugue\/wp-json\/wp\/v2\/pages\/10439\/revisions"}],"predecessor-version":[{"id":18788,"href":"https:\/\/agora.xtec.cat\/iesmanolohugue\/wp-json\/wp\/v2\/pages\/10439\/revisions\/18788"}],"wp:attachment":[{"href":"https:\/\/agora.xtec.cat\/iesmanolohugue\/wp-json\/wp\/v2\/media?parent=10439"}],"curies":[{"name":"wp","href":"https:\/\/api.w.org\/{rel}","templated":true}]}}