{"id":39,"date":"2014-09-17T16:36:44","date_gmt":"2014-09-17T16:36:44","guid":{"rendered":"http:\/\/agora.xtec.cat\/iesmallafre\/?page_id=39"},"modified":"2024-10-15T12:49:18","modified_gmt":"2024-10-15T10:49:18","slug":"instal%c2%b7lacions","status":"publish","type":"page","link":"https:\/\/agora.xtec.cat\/iesmallafre\/linstitut\/instal%c2%b7lacions\/","title":{"rendered":"Instal\u00b7lacions"},"content":{"rendered":"<p>&nbsp;<\/p>\n\n<p>Les nostres instal\u00b7lacions inclouen:<\/p>\n<p>Biblioteca<br \/>\n2 laboratoris (un de f\u00edsica i un de biologia-ci\u00e8ncies)<br \/>\n2 aules-taller de tecnologia<br \/>\n2 aules d\u2019inform\u00e0tica<br \/>\nAules especials per al batxillerat art\u00edstic (Dibuix art\u00edstic, Volum, M\u00fasica i Arts Esc\u00e8niques)<br \/>\nAula d\u2019idiomes<br \/>\nGimn\u00e0s i pista poliesportiva exterior<br \/>\nLaboratori fotogr\u00e0fic<br \/>\nDotaci\u00f3 multim\u00e8dia a totes les aules (ordinador i projector)<br \/>\nWI-FI de gran capacitat a tot el centre<\/p>\n<p>&nbsp;<\/p>\n<p>&nbsp;<\/p>\n<p>&nbsp;<\/p>\n","protected":false},"excerpt":{"rendered":"<p>&nbsp;<\/p>\n<p>Les nostres instal\u00b7lacions inclouen:<br \/>\nBiblioteca<br \/>\n2 laboratoris (un de f\u00edsica i un de biologia-ci\u00e8ncies)<br \/>\n2 aules-taller de tecnologia<br \/>\n2 aules d\u2019inform\u00e0tica<br \/>\nAules especials per al batxillerat art\u00edstic (Dibuix art\u00edstic, Volum, M\u00fasica i Arts Esc\u00e8niques)<br \/>\nAula d\u2019idiomes<br \/>\nGimn\u00e0s i pista poliesportiva exterior<br \/>\nLaboratori fotogr\u00e0fic<br \/>\nDotaci\u00f3 multim\u00e8dia a totes les aules (ordinador i projector)<br \/>\nWI-FI de gran&hellip;  <a href=\"https:\/\/agora.xtec.cat\/iesmallafre\/linstitut\/instal%c2%b7lacions\/\" title=\"Read Instal\u00b7lacions\">Llegeix m\u00e9s\u00bb<\/a><\/p>\n","protected":false},"author":1,"featured_media":0,"parent":19,"menu_order":30,"comment_status":"closed","ping_status":"closed","template":"page-templates\/side-menu.php","meta":{"_bbp_topic_count":0,"_bbp_reply_count":0,"_bbp_total_topic_count":0,"_bbp_total_reply_count":0,"_bbp_voice_count":0,"_bbp_anonymous_reply_count":0,"_bbp_topic_count_hidden":0,"_bbp_reply_count_hidden":0,"_bbp_forum_subforum_count":0,"footnotes":""},"class_list":["post-39","page","type-page","status-publish","hentry"],"post_mailing_queue_ids":[],"_links":{"self":[{"href":"https:\/\/agora.xtec.cat\/iesmallafre\/wp-json\/wp\/v2\/pages\/39","targetHints":{"allow":["GET"]}}],"collection":[{"href":"https:\/\/agora.xtec.cat\/iesmallafre\/wp-json\/wp\/v2\/pages"}],"about":[{"href":"https:\/\/agora.xtec.cat\/iesmallafre\/wp-json\/wp\/v2\/types\/page"}],"author":[{"embeddable":true,"href":"https:\/\/agora.xtec.cat\/iesmallafre\/wp-json\/wp\/v2\/users\/1"}],"replies":[{"embeddable":true,"href":"https:\/\/agora.xtec.cat\/iesmallafre\/wp-json\/wp\/v2\/comments?post=39"}],"version-history":[{"count":3,"href":"https:\/\/agora.xtec.cat\/iesmallafre\/wp-json\/wp\/v2\/pages\/39\/revisions"}],"predecessor-version":[{"id":990,"href":"https:\/\/agora.xtec.cat\/iesmallafre\/wp-json\/wp\/v2\/pages\/39\/revisions\/990"}],"up":[{"embeddable":true,"href":"https:\/\/agora.xtec.cat\/iesmallafre\/wp-json\/wp\/v2\/pages\/19"}],"wp:attachment":[{"href":"https:\/\/agora.xtec.cat\/iesmallafre\/wp-json\/wp\/v2\/media?parent=39"}],"curies":[{"name":"wp","href":"https:\/\/api.w.org\/{rel}","templated":true}]}}