{"id":24269,"date":"2024-10-10T12:20:37","date_gmt":"2024-10-10T10:20:37","guid":{"rendered":"https:\/\/agora.xtec.cat\/iesmallafre\/?page_id=24269"},"modified":"2024-10-10T12:20:37","modified_gmt":"2024-10-10T10:20:37","slug":"entrenament-personal","status":"publish","type":"page","link":"https:\/\/agora.xtec.cat\/iesmallafre\/entrenament-personal\/","title":{"rendered":"Entrenament personal"},"content":{"rendered":"<div class=\"flex max-w-full flex-col flex-grow\">\n<div class=\"min-h-8 text-message flex w-full flex-col items-end gap-2 whitespace-normal break-words [.text-message+&amp;]:mt-5\" dir=\"auto\" data-message-author-role=\"assistant\" data-message-id=\"94b51aca-59c3-4922-86ec-04bbed747923\">\n<div class=\"flex w-full flex-col gap-1 empty:hidden first:pt-[3px]\">\n<div class=\"markdown prose w-full break-words dark:prose-invert light\">\n<p>Programa enfocat a la millora de la condici\u00f3 f\u00edsica de manera individualitzada i adaptada a les necessitats personals de cada participant.<\/p>\n<ul>\n<li><strong>A qui va dirigit:<\/strong><br \/>\nL\u2019activitat est\u00e0 oberta a tots els membres de la comunitat educativa.<\/li>\n<li><strong>Dies, lloc i horaris:<\/strong><br \/>\nEs dur\u00e0 a terme a les instal\u00b7lacions de l\u2019institut, amb l\u2019horari pendent de determinar.<\/li>\n<\/ul>\n<\/div>\n<\/div>\n<\/div>\n<\/div>\n<p>Preus: segons nombre de dies i de participants (individual, dos o m\u00e0xim tres participants).<\/p>\n<p>M\u00e9s informaci\u00f3 a la p\u00e0gina <a href=\"https:\/\/aeemallafre.clupik.app\/ca\">web de l\u2019AEE<\/a>.<\/p>\n","protected":false},"excerpt":{"rendered":"<p>Programa enfocat a la millora de la condici\u00f3 f\u00edsica de manera individualitzada i adaptada a les necessitats personals de cada participant.<\/p>\n<ul>\n<li>A qui va dirigit:<br \/>\nL\u2019activitat est\u00e0 oberta a tots els membres de la comunitat educativa.<\/li>\n<li>Dies, lloc i horaris:<br \/>\nEs dur\u00e0 a terme a les instal\u00b7lacions de l\u2019institut,&hellip;  <a href=\"https:\/\/agora.xtec.cat\/iesmallafre\/entrenament-personal\/\" title=\"Read Entrenament personal\">Llegeix m\u00e9s\u00bb<\/a><\/p>\n","protected":false},"author":16,"featured_media":0,"parent":0,"menu_order":0,"comment_status":"closed","ping_status":"closed","template":"","meta":{"_bbp_topic_count":0,"_bbp_reply_count":0,"_bbp_total_topic_count":0,"_bbp_total_reply_count":0,"_bbp_voice_count":0,"_bbp_anonymous_reply_count":0,"_bbp_topic_count_hidden":0,"_bbp_reply_count_hidden":0,"_bbp_forum_subforum_count":0,"footnotes":""},"class_list":["post-24269","page","type-page","status-publish","hentry"],"post_mailing_queue_ids":[],"_links":{"self":[{"href":"https:\/\/agora.xtec.cat\/iesmallafre\/wp-json\/wp\/v2\/pages\/24269","targetHints":{"allow":["GET"]}}],"collection":[{"href":"https:\/\/agora.xtec.cat\/iesmallafre\/wp-json\/wp\/v2\/pages"}],"about":[{"href":"https:\/\/agora.xtec.cat\/iesmallafre\/wp-json\/wp\/v2\/types\/page"}],"author":[{"embeddable":true,"href":"https:\/\/agora.xtec.cat\/iesmallafre\/wp-json\/wp\/v2\/users\/16"}],"replies":[{"embeddable":true,"href":"https:\/\/agora.xtec.cat\/iesmallafre\/wp-json\/wp\/v2\/comments?post=24269"}],"version-history":[{"count":1,"href":"https:\/\/agora.xtec.cat\/iesmallafre\/wp-json\/wp\/v2\/pages\/24269\/revisions"}],"predecessor-version":[{"id":24272,"href":"https:\/\/agora.xtec.cat\/iesmallafre\/wp-json\/wp\/v2\/pages\/24269\/revisions\/24272"}],"wp:attachment":[{"href":"https:\/\/agora.xtec.cat\/iesmallafre\/wp-json\/wp\/v2\/media?parent=24269"}],"curies":[{"name":"wp","href":"https:\/\/api.w.org\/{rel}","templated":true}]}}