{"id":22320,"date":"2023-03-06T13:59:59","date_gmt":"2023-03-06T12:59:59","guid":{"rendered":"https:\/\/agora.xtec.cat\/iesmallafre\/?page_id=22320"},"modified":"2025-03-18T12:25:22","modified_gmt":"2025-03-18T11:25:22","slug":"proves-cangur","status":"publish","type":"page","link":"https:\/\/agora.xtec.cat\/iesmallafre\/projecte-educatiu\/ambit-stem\/proves-cangur\/","title":{"rendered":"Proves Cangur"},"content":{"rendered":"<p><span dir=\"ltr\" role=\"presentation\"><a href=\"https:\/\/agora.xtec.cat\/iesmallafre\/wp-content\/uploads\/usu105\/2025\/03\/cangur_cartell25-724x1024-1.jpg\"><img loading=\"lazy\" decoding=\"async\" class=\"wp-image-25037 alignright\" src=\"https:\/\/agora.xtec.cat\/iesmallafre\/wp-content\/uploads\/usu105\/2025\/03\/cangur_cartell25-724x1024-1.jpg\" alt=\"\" width=\"283\" height=\"400\" srcset=\"https:\/\/agora.xtec.cat\/iesmallafre\/wp-content\/uploads\/usu105\/2025\/03\/cangur_cartell25-724x1024-1.jpg 724w, https:\/\/agora.xtec.cat\/iesmallafre\/wp-content\/uploads\/usu105\/2025\/03\/cangur_cartell25-724x1024-1-212x300.jpg 212w\" sizes=\"auto, (max-width: 283px) 100vw, 283px\" \/><\/a><\/span><span dir=\"ltr\" role=\"presentation\">La<\/span> <span dir=\"ltr\" role=\"presentation\">prova Cangur<\/span> \u00e9<span dir=\"ltr\" role=\"presentation\">s una activitat matem\u00e0<\/span><span dir=\"ltr\" role=\"presentation\">tica anual, amb el format de concurs individual, <\/span><span dir=\"ltr\" role=\"presentation\">promoguda per l\u2019associaci\u00f3<\/span><span dir=\"ltr\" role=\"presentation\"> internacional<\/span> <span dir=\"ltr\" role=\"presentation\">Le Kangourou sans Fronti\u00e8<\/span><span dir=\"ltr\" role=\"presentation\">res<\/span><span dir=\"ltr\" role=\"presentation\">, que es marca com <\/span><span dir=\"ltr\" role=\"presentation\">a objectiu la promoci\u00f3<\/span><span dir=\"ltr\" role=\"presentation\"> de les matem\u00e0<\/span><span dir=\"ltr\" role=\"presentation\">tiques entre la gent jove, mitjan\u00e7<\/span><span dir=\"ltr\" role=\"presentation\">ant una <\/span><span dir=\"ltr\" role=\"presentation\">participaci\u00f3<\/span><span dir=\"ltr\" role=\"presentation\"> massiva en una activitat cient\u00ed<\/span><span dir=\"ltr\" role=\"presentation\">fica, sense intentar fer cap selecci\u00f3<\/span><span dir=\"ltr\" role=\"presentation\"> ni comparaci\u00f3 <\/span><span dir=\"ltr\" role=\"presentation\">entre centres ni entre zones geogr\u00e0<\/span><span dir=\"ltr\" role=\"presentation\">fiques.<\/span><br role=\"presentation\" \/><span dir=\"ltr\" role=\"presentation\">Le Kangourou sans Fronti\u00e8<\/span><span dir=\"ltr\" role=\"presentation\">res<\/span> <span dir=\"ltr\" role=\"presentation\">delega a les societats nacionals l\u2019organitzaci\u00f3<\/span><span dir=\"ltr\" role=\"presentation\"> local i la traducci\u00f3<\/span><span dir=\"ltr\" role=\"presentation\"> i <\/span><span dir=\"ltr\" role=\"presentation\">adaptaci\u00f3<\/span><span dir=\"ltr\" role=\"presentation\"> concreta de les diverses proves a cada llengua. La<\/span> <span dir=\"ltr\" role=\"presentation\">Societat Catalana de Matem\u00e0<\/span><span dir=\"ltr\" role=\"presentation\">tiques<\/span><br role=\"presentation\" \/><span dir=\"ltr\" role=\"presentation\">(SCM), filial de l\u2019<\/span><span dir=\"ltr\" role=\"presentation\">Institut d\u2019Estudis Catalans<\/span> <span dir=\"ltr\" role=\"presentation\">(IEC), \u00e9<\/span><span dir=\"ltr\" role=\"presentation\">s l\u2019entitat titular de l\u2019organitzaci\u00f3<\/span><span dir=\"ltr\" role=\"presentation\"> en els <\/span><span dir=\"ltr\" role=\"presentation\">territoris de parla catalana.<\/span><br role=\"presentation\" \/><span dir=\"ltr\" role=\"presentation\">La Comissi\u00f3<\/span><span dir=\"ltr\" role=\"presentation\"> Cangur de la SCM s\u2019encarrega de totes les q\u00fc<\/span><span dir=\"ltr\" role=\"presentation\">estions de preparaci\u00f3<\/span><span dir=\"ltr\" role=\"presentation\"> acad\u00e8<\/span><span dir=\"ltr\" role=\"presentation\">mica i <\/span><span dir=\"ltr\" role=\"presentation\">gesti\u00f3<\/span><span dir=\"ltr\" role=\"presentation\"> t\u00e8<\/span><span dir=\"ltr\" role=\"presentation\">cnica de la prova Cangur, de la proclamaci\u00f3<\/span><span dir=\"ltr\" role=\"presentation\"> de resultats i del lliurament de premis.<\/span><\/p>\n<p>&nbsp;<\/p>\n<h2><span id=\"Hist.C3.B2ria\"><\/span><span id=\"Hist\u00f2ria\" class=\"mw-headline\"><br \/>\n<\/span><\/h2>\n","protected":false},"excerpt":{"rendered":"<p><a href=\"https:\/\/agora.xtec.cat\/iesmallafre\/wp-content\/uploads\/usu105\/2025\/03\/cangur_cartell25-724x1024-1.jpg\"><\/a>La prova Cangur \u00e9s una activitat matem\u00e0tica anual, amb el format de concurs individual, promoguda per l\u2019associaci\u00f3 internacional Le Kangourou sans Fronti\u00e8res, que es marca com a objectiu la promoci\u00f3 de les matem\u00e0tiques entre la gent jove, mitjan\u00e7ant una participaci\u00f3 massiva en una activitat&hellip;  <a href=\"https:\/\/agora.xtec.cat\/iesmallafre\/projecte-educatiu\/ambit-stem\/proves-cangur\/\" title=\"Read Proves Cangur\">Llegeix m\u00e9s\u00bb<\/a><\/p>\n","protected":false},"author":16,"featured_media":0,"parent":24302,"menu_order":0,"comment_status":"closed","ping_status":"closed","template":"page-templates\/side-menu.php","meta":{"_bbp_topic_count":0,"_bbp_reply_count":0,"_bbp_total_topic_count":0,"_bbp_total_reply_count":0,"_bbp_voice_count":0,"_bbp_anonymous_reply_count":0,"_bbp_topic_count_hidden":0,"_bbp_reply_count_hidden":0,"_bbp_forum_subforum_count":0,"footnotes":""},"class_list":["post-22320","page","type-page","status-publish","hentry"],"post_mailing_queue_ids":[],"_links":{"self":[{"href":"https:\/\/agora.xtec.cat\/iesmallafre\/wp-json\/wp\/v2\/pages\/22320","targetHints":{"allow":["GET"]}}],"collection":[{"href":"https:\/\/agora.xtec.cat\/iesmallafre\/wp-json\/wp\/v2\/pages"}],"about":[{"href":"https:\/\/agora.xtec.cat\/iesmallafre\/wp-json\/wp\/v2\/types\/page"}],"author":[{"embeddable":true,"href":"https:\/\/agora.xtec.cat\/iesmallafre\/wp-json\/wp\/v2\/users\/16"}],"replies":[{"embeddable":true,"href":"https:\/\/agora.xtec.cat\/iesmallafre\/wp-json\/wp\/v2\/comments?post=22320"}],"version-history":[{"count":5,"href":"https:\/\/agora.xtec.cat\/iesmallafre\/wp-json\/wp\/v2\/pages\/22320\/revisions"}],"predecessor-version":[{"id":25039,"href":"https:\/\/agora.xtec.cat\/iesmallafre\/wp-json\/wp\/v2\/pages\/22320\/revisions\/25039"}],"up":[{"embeddable":true,"href":"https:\/\/agora.xtec.cat\/iesmallafre\/wp-json\/wp\/v2\/pages\/24302"}],"wp:attachment":[{"href":"https:\/\/agora.xtec.cat\/iesmallafre\/wp-json\/wp\/v2\/media?parent=22320"}],"curies":[{"name":"wp","href":"https:\/\/api.w.org\/{rel}","templated":true}]}}