{"id":760,"date":"2017-02-28T20:13:07","date_gmt":"2017-02-28T19:13:07","guid":{"rendered":"http:\/\/agora.xtec.cat\/iesmalgrat\/?page_id=760"},"modified":"2017-05-05T19:10:02","modified_gmt":"2017-05-05T17:10:02","slug":"formacio-en-centres-de-treball","status":"publish","type":"page","link":"https:\/\/agora.xtec.cat\/iesmalgrat\/formacio-en-centres-de-treball\/","title":{"rendered":"Formaci\u00f3 en centres de treball"},"content":{"rendered":"<h3 class=\"uk-panel-title\"><span style=\"color: #000080;\"><a href=\"http:\/\/agora.xtec.cat\/iesmalgrat\/wp-content\/uploads\/usu615\/2016\/11\/DSC_0229.jpg\"><img loading=\"lazy\" decoding=\"async\" class=\"size-large wp-image-353 aligncenter\" src=\"http:\/\/agora.xtec.cat\/iesmalgrat\/wp-content\/uploads\/usu615\/2016\/11\/DSC_0229-1024x438.jpg\" alt=\"dsc_0229\" width=\"1024\" height=\"438\" srcset=\"https:\/\/agora.xtec.cat\/iesmalgrat\/wp-content\/uploads\/usu615\/2016\/11\/DSC_0229-1024x438.jpg 1024w, https:\/\/agora.xtec.cat\/iesmalgrat\/wp-content\/uploads\/usu615\/2016\/11\/DSC_0229-300x128.jpg 300w, https:\/\/agora.xtec.cat\/iesmalgrat\/wp-content\/uploads\/usu615\/2016\/11\/DSC_0229-768x329.jpg 768w, https:\/\/agora.xtec.cat\/iesmalgrat\/wp-content\/uploads\/usu615\/2016\/11\/DSC_0229.jpg 1794w\" sizes=\"auto, (max-width: 1024px) 100vw, 1024px\" \/><\/a><\/span><\/h3>\n<h3 class=\"uk-panel-title\"><\/h3>\n<p>S\u00f3n pr\u00e0ctiques i estades formatives no laborals que realitza l\u2019alumnat d\u2019ensenyaments postobligatoris en centres de treball, mitjan\u00e7ant un conveni de col\u00b7laboraci\u00f3 que subscriuen el centre docent i l\u2019empresa. La formaci\u00f3 pr\u00e0ctica en centres de treball tamb\u00e9 es pot dur a terme en empreses de fora del territori catal\u00e0. Aquestes pr\u00e0ctiques formen part del programa formatiu curricular d\u2019aquests ensenyaments.<\/p>\n<h5><span style=\"color: #000080;\">QU\u00c8 COMPORTEN PER A L&#8217;ALUMNAT?<\/span><\/h5>\n<ul class=\"uk-list uk-list-space\">\n<li>El coneixement del m\u00f3n laboral i de l\u2019empresa.<\/li>\n<li>La possibilitat d\u2019estar en contacte amb la tecnologia m\u00e9s avan\u00e7ada.<\/li>\n<li>La compleci\u00f3 de la seva formaci\u00f3 professional, per capacitar-se per a la seva incorporaci\u00f3 al m\u00f3n laboral.<\/li>\n<li>L\u2019obtenci\u00f3 d\u2019una formaci\u00f3 adaptada a llocs de treball espec\u00edfics.<\/li>\n<li>L\u2019acostament a la cultura d\u2019empresa.<\/li>\n<li>L\u2019experi\u00e8ncia en el m\u00f3n laboral com a pas previ per a la primera ocupaci\u00f3.<\/li>\n<li>L\u2019inici del seu historial professional acreditat amb el quadern de pr\u00e0ctiques.<\/li>\n<li>La superaci\u00f3 del cr\u00e8dit de formaci\u00f3 en centres de treball per a l\u2019alumnat de cicles formatius.<\/li>\n<\/ul>\n<h6><span style=\"color: #000080;\">QU\u00c8 OFEREIXEN A L&#8217;EMPRESA?<\/span><\/h6>\n<ul class=\"uk-list uk-list-space\">\n<li>Captar futur personal qualificat.<\/li>\n<li>Col\u00b7laborar en la formaci\u00f3 del\/de la jove aprenent\/a.<\/li>\n<li>Oferir l\u2019acc\u00e9s del\/de la jove estudiant\/a a la seva primera ocupaci\u00f3.<\/li>\n<li>Relacionar-se amb els centres docents.<\/li>\n<li>No implica serveis retribu\u00efts ni vinculaci\u00f3 laboral.<\/li>\n<\/ul>\n<h6 style=\"text-align: center;\"><span style=\"color: #ff0000;\"><a style=\"color: #ff0000;\" href=\"https:\/\/docs.google.com\/a\/iesmalgrat.cat\/forms\/d\/e\/1FAIpQLSf1saC23CTXCbIRm3vh0zPupuKu4vt7ZlAtwpezeLeHcuXn9Q\/viewform\">CONTACTA AMB NOSALTRES SI ETS UNA EMPRESA I VOLS TENIR UN ALUMNE EN PR\u00c0CTIQUES<\/a><\/span><\/h6>\n<h6>\u00a0<span style=\"color: #000080;\">QU\u00c8 \u00c9S UN CONVENI DE COL\u00b7LABORACI\u00d3 PER A LA FORMACI\u00d3 EN CENTRES DE TREBALL?<\/span><\/h6>\n<p>\u00c9s un acord, subscrit amb model oficial, entre el centre docent i l\u2019empresa, a fi que l\u2019alumnat d\u2019ensenyaments postobligatoris pugui realitzar pr\u00e0ctiques formatives, no retribu\u00efdes, que completen la seva formaci\u00f3 al centre docent.<\/p>\n<h6><span style=\"color: #000080;\">DURADA DE LES PR\u00c0CTIQUES<\/span><\/h6>\n<p>La durada de la formaci\u00f3 pr\u00e0ctica en centres de treball ser\u00e0 la que estableixi el disseny curricular de l&#8217;ensenyament corresponent,\u00a0sempre en horari de tarda.<\/p>\n<p>Hi ha la possibilitat de fer una pr\u00f2rroga amb hores de pr\u00e0ctiques addicionals, sense sobrepassar el 20% de les hores obligat\u00f2ries d\u2019acord amb el que estableix la normativa de la formaci\u00f3 pr\u00e0ctica en centres de treball.<\/p>\n<p>&nbsp;<\/p>\n<h6><span style=\"color: #000080;\">L&#8217;APLICACI\u00d3 QBID<\/span><\/h6>\n<p>El BID (Base Integral de Dades), \u00e9s l&#8217;instrument oficial de gesti\u00f3 per a tots els agents implicats en el desenvolupament de la formaci\u00f3 pr\u00e0ctica en centres de treball dels alumnes de formaci\u00f3 professional. El BID comunica de forma activa, r\u00e0pida i segura les 13 cambres catalanes, el Consell de Cambres, els centres de formaci\u00f3 professional i els serveis centrals i les delegacions territorials del Departament d&#8217;Ensenyament. El QBID, com a eina de gesti\u00f3, actua com una intranet. T\u00e9, per tant, un acc\u00e9s restringit als diferents agents. Podeu accedir a l&#8217;entorn, clicant les imatges que teniu a la vostra disposici\u00f3 avall:<\/p>\n<div class=\"uk-align-center uk-grid\">\n<div class=\"uk-width-small-1-1 uk-width-medium-1-1 uk-width-large-1-1\"><a href=\"https:\/\/www.empresaiformacio.org\/sBidAlumne\" target=\"_blank\"><img decoding=\"async\" class=\"uk-align-center uk-margin-top marc-foto\" src=\"http:\/\/www.comtederius.cat\/images\/imatges\/sbid-alumnes.png\" \/><\/a><\/div>\n<div class=\"uk-width-small-1-1 uk-width-medium-1-1 uk-width-large-1-1\"><a href=\"https:\/\/www.empresaiformacio.org\/sBid\" target=\"_blank\"><img decoding=\"async\" class=\"uk-align-center uk-margin-top marc-foto\" src=\"http:\/\/www.comtederius.cat\/images\/imatges\/sbid-empreses.png\" \/><\/a><\/div>\n<\/div>\n","protected":false},"excerpt":{"rendered":"<p><a href=\"http:\/\/agora.xtec.cat\/iesmalgrat\/wp-content\/uploads\/usu615\/2016\/11\/DSC_0229.jpg\"><\/a><\/p>\n<p>S\u00f3n pr\u00e0ctiques i estades formatives no laborals que realitza l\u2019alumnat d\u2019ensenyaments postobligatoris en centres de treball, mitjan\u00e7ant un conveni de col\u00b7laboraci\u00f3 que subscriuen el centre docent i l\u2019empresa. La formaci\u00f3 pr\u00e0ctica en centres de treball tamb\u00e9 es pot dur a terme en empreses de&hellip;  <a href=\"https:\/\/agora.xtec.cat\/iesmalgrat\/formacio-en-centres-de-treball\/\" title=\"Read Formaci\u00f3 en centres de treball\">Llegeix m\u00e9s\u00bb<\/a><\/p>\n","protected":false},"author":8,"featured_media":0,"parent":0,"menu_order":0,"comment_status":"closed","ping_status":"closed","template":"","meta":{"_bbp_topic_count":0,"_bbp_reply_count":0,"_bbp_total_topic_count":0,"_bbp_total_reply_count":0,"_bbp_voice_count":0,"_bbp_anonymous_reply_count":0,"_bbp_topic_count_hidden":0,"_bbp_reply_count_hidden":0,"_bbp_forum_subforum_count":0,"footnotes":""},"class_list":["post-760","page","type-page","status-publish","hentry"],"post_mailing_queue_ids":[],"_links":{"self":[{"href":"https:\/\/agora.xtec.cat\/iesmalgrat\/wp-json\/wp\/v2\/pages\/760","targetHints":{"allow":["GET"]}}],"collection":[{"href":"https:\/\/agora.xtec.cat\/iesmalgrat\/wp-json\/wp\/v2\/pages"}],"about":[{"href":"https:\/\/agora.xtec.cat\/iesmalgrat\/wp-json\/wp\/v2\/types\/page"}],"author":[{"embeddable":true,"href":"https:\/\/agora.xtec.cat\/iesmalgrat\/wp-json\/wp\/v2\/users\/8"}],"replies":[{"embeddable":true,"href":"https:\/\/agora.xtec.cat\/iesmalgrat\/wp-json\/wp\/v2\/comments?post=760"}],"version-history":[{"count":4,"href":"https:\/\/agora.xtec.cat\/iesmalgrat\/wp-json\/wp\/v2\/pages\/760\/revisions"}],"predecessor-version":[{"id":1056,"href":"https:\/\/agora.xtec.cat\/iesmalgrat\/wp-json\/wp\/v2\/pages\/760\/revisions\/1056"}],"wp:attachment":[{"href":"https:\/\/agora.xtec.cat\/iesmalgrat\/wp-json\/wp\/v2\/media?parent=760"}],"curies":[{"name":"wp","href":"https:\/\/api.w.org\/{rel}","templated":true}]}}