{"id":7365,"date":"2025-09-25T10:16:34","date_gmt":"2025-09-25T08:16:34","guid":{"rendered":"https:\/\/agora.xtec.cat\/iesmalgrat\/?page_id=7365"},"modified":"2025-09-25T22:42:03","modified_gmt":"2025-09-25T20:42:03","slug":"sol-licitud-dexempcio","status":"publish","type":"page","link":"https:\/\/agora.xtec.cat\/iesmalgrat\/secretaria\/sol-licitud-dexempcio\/","title":{"rendered":"Sol\u00b7licitud d\u2019exempci\u00f3 de l&#8217;Estada a l&#8217;Empresa"},"content":{"rendered":"\n<p>SOL\u00b7LICITUD D\u2019EXEMPCI\u00d3 DE L\u2019ESTADA A L\u2019EMPRESA<\/p>\n\n\n\n<figure class=\"wp-block-image size-full\"><a href=\"https:\/\/agora.xtec.cat\/iesmalgrat\/wp-content\/uploads\/usu615\/2025\/09\/Captura-PNG.png\"><img loading=\"lazy\" decoding=\"async\" width=\"757\" height=\"355\" src=\"https:\/\/agora.xtec.cat\/iesmalgrat\/wp-content\/uploads\/usu615\/2025\/09\/Captura-PNG.png\" alt=\"\" class=\"wp-image-7379\" srcset=\"https:\/\/agora.xtec.cat\/iesmalgrat\/wp-content\/uploads\/usu615\/2025\/09\/Captura-PNG.png 757w, https:\/\/agora.xtec.cat\/iesmalgrat\/wp-content\/uploads\/usu615\/2025\/09\/Captura-PNG-300x141.png 300w\" sizes=\"auto, (max-width: 757px) 100vw, 757px\" \/><\/a><\/figure>\n\n\n\n<p>\u25cf <strong>Tipus d&#8217;exempcions:<\/strong><\/p>\n\n\n\n<p class=\"justify-text-block\">&#8211; Exempci\u00f3 total (100% de l\u2019estada) N\u2019hi ha de dos tipus:<br><strong>1.- Exempci\u00f3 per experi\u00e8ncia laboral:<\/strong><br>S\u2019atorga si l\u2019alumne o alumna acredita l\u2019experi\u00e8ncia professional corresponent a un nombre d\u2019hores igual o superior a l\u2019estada a l\u2019empresa. Aquesta experi\u00e8ncia ha d\u2019estar relacionada amb el perfil professional i les principals ocupacions i llocs de treball del cicle formatiu. Es consignar\u00e0 l\u2019expressi\u00f3 \u00abexempt\u00bb en cadascuna de les estades a l\u2019empresa incloses en els m\u00f2duls professionals i no tindr\u00e0 efectes en la qualificaci\u00f3 final del m\u00f2dul professional.<\/p>\n\n\n\n<p class=\"justify-text-block\"><strong>2.-  Exempci\u00f3 total per validaci\u00f3 o reconeixement d\u2019experi\u00e8ncia laboral:<\/strong><br>\u25cf Exempci\u00f3 total per validaci\u00f3 o reconeixement d\u2019experi\u00e8ncia laboral: les persones que tinguin<br>reconegudes i certificades totes les unitats formatives (UF) o els resultats d\u2019aprenentatge (RA) d\u2019almenys un m\u00f2dul professional o cr\u00e8dit directament relacionat amb les unitats de compet\u00e8ncia del cicle formatiu, a trav\u00e9s de:<br>       \u25cb La validaci\u00f3 dels aprenentatges assolits mitjan\u00e7ant l\u2019experi\u00e8ncia laboral o havent prestat assist\u00e8ncia a trav\u00e9s d\u2019una beca o voluntariat (Qualifica\u2019t, Acredita\u2019t, acreditaci\u00f3 de compet\u00e8ncies professionals).<\/p>\n\n\n\n<p class=\"justify-text-block\">\u25cf Exempci\u00f3 parcial per experi\u00e8ncia laboral<br>      \u25cb Exempci\u00f3 parcial del 50 % del total de les hores de l\u2019estada a l\u2019empresa:<br>                 \u25a0 S\u2019atorga si l\u2019alumne o alumna acredita l\u2019experi\u00e8ncia professional corresponent a un nombre d\u2019hores igual o superior al 50 % de l\u2019estada a l\u2019empresa. Aquesta acreditaci\u00f3 ha d\u2019estar relacionada amb les compet\u00e8ncies professionals dels ensenyaments professionals.<\/p>\n\n\n\n<p>       \u25cb L\u2019exempci\u00f3 del 25 % del total de les hores de l\u2019estada a l\u2019empresa:<br>S\u2019atorga si l\u2019alumne o alumna acredita experi\u00e8ncia laboral en qualsevol activitat professional. S\u2019ha d\u2019acreditar, com a m\u00ednim, el doble de l\u2019estada a l\u2019empresa de qu\u00e8 se sol\u00b7licita l\u2019exempci\u00f3.<\/p>\n\n\n\n<p>Documentaci\u00f3 necess\u00e0ria per a sol\u00b7licitar l\u2019exempci\u00f3 de l\u2019estada a l\u2019empresa :<\/p>\n\n\n\n<p>Per tal de tramitar l\u2019exempci\u00f3 de l\u2019estada a l\u2019empresa, s\u2019ha de presentar la seg\u00fcent<br>documentaci\u00f3:<\/p>\n\n\n\n<ol class=\"wp-block-list has-very-light-gray-to-cyan-bluish-gray-gradient-background has-background\">\n<li><strong>Sol\u00b7licitud d\u2019exempci\u00f3 degudament emplenada i signada<\/strong>.<br>o [Descarregar el fitxer adjunt]<br>o Ha d\u2019incloure les dades personals de l\u2019alumne\/a, el cicle formatiu i la justificaci\u00f3<br>de la sol\u00b7licitud.<\/li>\n\n\n\n<li><strong>Certificat de vida laboral actualitzat<\/strong><br>o Expedit per la Tresoreria General de la Seguretat Social.<br>o Ha de reflectir clarament els per\u00edodes treballats, les empreses i el tipus de<br>contracte.<\/li>\n\n\n\n<li><strong>Contractes de treball (si escau)<\/strong><br>o Per acreditar les funcions desenvolupades a l\u2019empresa i la seva relaci\u00f3 amb el<br>perfil professional del cicle.<\/li>\n\n\n\n<li><strong>Certificat de l\u2019empresa o informe de tasques (obligatori en cas d\u2019experi\u00e8ncia<br>relacionada amb l\u2019especialitat del cicle)<\/strong><br>o Document em\u00e8s per l\u2019empresa que especifiqui:<br>\u25aa Les funcions realitzades.<br>\u25aa El lloc de treball ocupat.<br>\u25aa El per\u00edode de treball.<br>\u25aa La valoraci\u00f3 de l\u2019acompliment, si \u00e9s possible.<\/li>\n<\/ol>\n\n\n\n<p>Aquest certificat ha de demostrar que l\u2019experi\u00e8ncia laboral t\u00e9 relaci\u00f3 directa amb els objectius de la FCT del cicle formatiu cursat.<\/p>\n\n\n\n<p><strong>Criteris d\u2019equival\u00e8ncia de l\u2019experi\u00e8ncia laboral<\/strong><br>\u25cf Si l\u2019experi\u00e8ncia laboral \u00e9s relacionada amb l\u2019especialitat del cicle formatiu:<br>o Cal acreditar, com a m\u00ednim, el mateix nombre d\u2019hores que les hores assignades a l\u2019estada a l\u2019empresa (FCT) en el curr\u00edculum del cicle.<br>o \u00c9s obligatori presentar un certificat de l\u2019empresa que acrediti les<br>funcions desenvolupades i la seva vinculaci\u00f3 amb el perfil professional<br>del cicle.<\/p>\n\n\n\n<p>\u25cf Si l\u2019experi\u00e8ncia laboral no \u00e9s relacionada amb l\u2019especialitat del cicle<br>formatiu:<br>o Cal acreditar el doble d\u2019hores de les hores establertes per a la FCT en<br>el curr\u00edculum oficial del cicle.<br>o No cal aportar un certificat detallat de tasques, per\u00f2 s\u00ed la vida laboral i<br>si \u00e9s possible, els contractes de treball per verificar els per\u00edodes<br>laborals.<\/p>\n\n\n\n<p><strong>Tramitaci\u00f3 i resoluci\u00f3<\/strong><br>\u25cf Lliurament de la documentaci\u00f3: tota la documentaci\u00f3 s\u2019ha de presentar a la coordinadora de Formaci\u00f3 Professional del centre.<br>\u25cf La direcci\u00f3 del centre \u00e9s l\u2019encarregada de resoldre la sol\u00b7licitud.<br>\u25cf Resoluci\u00f3: la resoluci\u00f3 es notificar\u00e0 per correu electr\u00f2nic per recollir-lo a secretaria.<\/p>\n\n\n\n<p><a href=\"https:\/\/agora.xtec.cat\/iesmalgrat\/wp-content\/uploads\/usu615\/2025\/09\/Sollicitud-dexcempcio-dEstada-a-lEmpresa-2.pdf\">Document de Sol\u00b7licitud <\/a><\/p>\n\n\n\n<p><\/p>\n","protected":false},"excerpt":{"rendered":"<p>SOL\u00b7LICITUD D\u2019EXEMPCI\u00d3 DE L\u2019ESTADA A L\u2019EMPRESA<\/p>\n<p><a href=\"https:\/\/agora.xtec.cat\/iesmalgrat\/wp-content\/uploads\/usu615\/2025\/09\/Captura-PNG.png\"><\/a><\/p>\n<p>\u25cf Tipus d&#8217;exempcions:<\/p>\n<p>&#8211; Exempci\u00f3 total (100% de l\u2019estada) N\u2019hi ha de dos tipus:1.- Exempci\u00f3 per experi\u00e8ncia laboral:S\u2019atorga si l\u2019alumne o alumna acredita l\u2019experi\u00e8ncia professional corresponent a un nombre d\u2019hores igual o superior a l\u2019estada a l\u2019empresa. Aquesta experi\u00e8ncia ha&hellip;  <a href=\"https:\/\/agora.xtec.cat\/iesmalgrat\/secretaria\/sol-licitud-dexempcio\/\" title=\"Read Sol\u00b7licitud d\u2019exempci\u00f3 de l&#8217;Estada a l&#8217;Empresa\">Llegeix m\u00e9s\u00bb<\/a><\/p>\n","protected":false},"author":1,"featured_media":0,"parent":6099,"menu_order":0,"comment_status":"closed","ping_status":"close","template":"","meta":{"_bbp_topic_count":0,"_bbp_reply_count":0,"_bbp_total_topic_count":0,"_bbp_total_reply_count":0,"_bbp_voice_count":0,"_bbp_anonymous_reply_count":0,"_bbp_topic_count_hidden":0,"_bbp_reply_count_hidden":0,"_bbp_forum_subforum_count":0,"footnotes":""},"class_list":["post-7365","page","type-page","status-publish","hentry"],"post_mailing_queue_ids":[],"_links":{"self":[{"href":"https:\/\/agora.xtec.cat\/iesmalgrat\/wp-json\/wp\/v2\/pages\/7365","targetHints":{"allow":["GET"]}}],"collection":[{"href":"https:\/\/agora.xtec.cat\/iesmalgrat\/wp-json\/wp\/v2\/pages"}],"about":[{"href":"https:\/\/agora.xtec.cat\/iesmalgrat\/wp-json\/wp\/v2\/types\/page"}],"author":[{"embeddable":true,"href":"https:\/\/agora.xtec.cat\/iesmalgrat\/wp-json\/wp\/v2\/users\/1"}],"replies":[{"embeddable":true,"href":"https:\/\/agora.xtec.cat\/iesmalgrat\/wp-json\/wp\/v2\/comments?post=7365"}],"version-history":[{"count":6,"href":"https:\/\/agora.xtec.cat\/iesmalgrat\/wp-json\/wp\/v2\/pages\/7365\/revisions"}],"predecessor-version":[{"id":7398,"href":"https:\/\/agora.xtec.cat\/iesmalgrat\/wp-json\/wp\/v2\/pages\/7365\/revisions\/7398"}],"up":[{"embeddable":true,"href":"https:\/\/agora.xtec.cat\/iesmalgrat\/wp-json\/wp\/v2\/pages\/6099"}],"wp:attachment":[{"href":"https:\/\/agora.xtec.cat\/iesmalgrat\/wp-json\/wp\/v2\/media?parent=7365"}],"curies":[{"name":"wp","href":"https:\/\/api.w.org\/{rel}","templated":true}]}}