{"id":6874,"date":"2025-03-14T08:01:17","date_gmt":"2025-03-14T07:01:17","guid":{"rendered":"https:\/\/agora.xtec.cat\/iesmalgrat\/?page_id=6874"},"modified":"2025-03-21T08:12:35","modified_gmt":"2025-03-21T07:12:35","slug":"llista-dadmesos-a-la-mobilitat-erasmus","status":"publish","type":"page","link":"https:\/\/agora.xtec.cat\/iesmalgrat\/erasmus-2\/llista-dadmesos-a-la-mobilitat-erasmus\/","title":{"rendered":"LLista provisional d&#8217;admesos a la mobilitat Erasmus+ 2025"},"content":{"rendered":"\n<p>Us informem que ja es troba disponible la llista d&#8217;admesos al programa Erasmus+. Podeu consultar la llista a continuaci\u00f3.<\/p>\n\n\n\n<div data-wp-interactive=\"core\/file\" class=\"wp-block-file\"><object data-wp-bind--hidden=\"!state.hasPdfPreview\" hidden class=\"wp-block-file__embed\" data=\"https:\/\/agora.xtec.cat\/iesmalgrat\/wp-content\/uploads\/usu615\/2025\/03\/llista-dadmesos-a-les-mobilitats-erasmus.pdf\" type=\"application\/pdf\" style=\"width:100%;height:600px\" aria-label=\"Incrustaci\u00f3 del fitxer llista-dadmesos-a-les-mobilitats-erasmus.\"><\/object><a id=\"wp-block-file--media-6c9fd234-4e85-4559-9e9d-334589a2d415\" href=\"https:\/\/agora.xtec.cat\/iesmalgrat\/wp-content\/uploads\/usu615\/2025\/03\/llista-dadmesos-a-les-mobilitats-erasmus.pdf\">llista-dadmesos-a-les-mobilitats-erasmus<\/a><a href=\"https:\/\/agora.xtec.cat\/iesmalgrat\/wp-content\/uploads\/usu615\/2025\/03\/llista-dadmesos-a-les-mobilitats-erasmus.pdf\" class=\"wp-block-file__button wp-element-button\" download aria-describedby=\"wp-block-file--media-6c9fd234-4e85-4559-9e9d-334589a2d415\">Baixa<\/a><\/div>\n\n\n\n<p>I que a partir de l&#8217;endem\u00e0 d&#8217;aquesta publicaci\u00f3 s&#8217;obri el per\u00edode de reclamacions.(48h)<\/p>\n\n\n\n<p>PUBLICACI\u00d3 ACLARIDORA:<\/p>\n\n\n\n<p>La publicaci\u00f3 de la present, ha diferit en dates quant al calendari previst, per motius aliens a l&#8217;organitzaci\u00f3.<\/p>\n\n\n\n<p>Les dates de les mobilitats, han sofert un canvi, motivat, per temes organitzatius dels pa\u00efsos d&#8217;acolliment.<\/p>\n\n\n\n<p>Les noves dates seran, del 5 de maig del 2025 al 5 de juny del 2025<\/p>\n","protected":false},"excerpt":{"rendered":"<p>Us informem que ja es troba disponible la llista d&#8217;admesos al programa Erasmus+. Podeu consultar la llista a continuaci\u00f3.<\/p>\n<p><a id=\"wp-block-file--media-6c9fd234-4e85-4559-9e9d-334589a2d415\" href=\"https:\/\/agora.xtec.cat\/iesmalgrat\/wp-content\/uploads\/usu615\/2025\/03\/llista-dadmesos-a-les-mobilitats-erasmus.pdf\">llista-dadmesos-a-les-mobilitats-erasmus<\/a><a href=\"https:\/\/agora.xtec.cat\/iesmalgrat\/wp-content\/uploads\/usu615\/2025\/03\/llista-dadmesos-a-les-mobilitats-erasmus.pdf\" class=\"wp-block-file__button wp-element-button\" download aria-describedby=\"wp-block-file--media-6c9fd234-4e85-4559-9e9d-334589a2d415\">Baixa<\/a><\/p>\n<p>I que a partir de l&#8217;endem\u00e0 d&#8217;aquesta publicaci\u00f3 s&#8217;obri el per\u00edode de reclamacions.(48h)<\/p>\n<p>PUBLICACI\u00d3 ACLARIDORA:<\/p>\n<p>La publicaci\u00f3 de la present, ha diferit&hellip;  <a href=\"https:\/\/agora.xtec.cat\/iesmalgrat\/erasmus-2\/llista-dadmesos-a-la-mobilitat-erasmus\/\" title=\"Read LLista provisional d&#8217;admesos a la mobilitat Erasmus+ 2025\">Llegeix m\u00e9s\u00bb<\/a><\/p>\n","protected":false},"author":6,"featured_media":0,"parent":6705,"menu_order":98,"comment_status":"closed","ping_status":"close","template":"page-templates\/side-menu.php","meta":{"_bbp_topic_count":0,"_bbp_reply_count":0,"_bbp_total_topic_count":0,"_bbp_total_reply_count":0,"_bbp_voice_count":0,"_bbp_anonymous_reply_count":0,"_bbp_topic_count_hidden":0,"_bbp_reply_count_hidden":0,"_bbp_forum_subforum_count":0,"footnotes":""},"class_list":["post-6874","page","type-page","status-publish","hentry"],"post_mailing_queue_ids":[],"_links":{"self":[{"href":"https:\/\/agora.xtec.cat\/iesmalgrat\/wp-json\/wp\/v2\/pages\/6874","targetHints":{"allow":["GET"]}}],"collection":[{"href":"https:\/\/agora.xtec.cat\/iesmalgrat\/wp-json\/wp\/v2\/pages"}],"about":[{"href":"https:\/\/agora.xtec.cat\/iesmalgrat\/wp-json\/wp\/v2\/types\/page"}],"author":[{"embeddable":true,"href":"https:\/\/agora.xtec.cat\/iesmalgrat\/wp-json\/wp\/v2\/users\/6"}],"replies":[{"embeddable":true,"href":"https:\/\/agora.xtec.cat\/iesmalgrat\/wp-json\/wp\/v2\/comments?post=6874"}],"version-history":[{"count":3,"href":"https:\/\/agora.xtec.cat\/iesmalgrat\/wp-json\/wp\/v2\/pages\/6874\/revisions"}],"predecessor-version":[{"id":6943,"href":"https:\/\/agora.xtec.cat\/iesmalgrat\/wp-json\/wp\/v2\/pages\/6874\/revisions\/6943"}],"up":[{"embeddable":true,"href":"https:\/\/agora.xtec.cat\/iesmalgrat\/wp-json\/wp\/v2\/pages\/6705"}],"wp:attachment":[{"href":"https:\/\/agora.xtec.cat\/iesmalgrat\/wp-json\/wp\/v2\/media?parent=6874"}],"curies":[{"name":"wp","href":"https:\/\/api.w.org\/{rel}","templated":true}]}}