{"id":6725,"date":"2025-02-20T10:31:29","date_gmt":"2025-02-20T09:31:29","guid":{"rendered":"https:\/\/agora.xtec.cat\/iesmalgrat\/?page_id=6725"},"modified":"2025-04-07T16:07:59","modified_gmt":"2025-04-07T14:07:59","slug":"procediment-de-vaga","status":"publish","type":"page","link":"https:\/\/agora.xtec.cat\/iesmalgrat\/recursos-pels-alumnes\/procediment-de-vaga\/","title":{"rendered":"Procediment de vaga"},"content":{"rendered":"\n<p class=\"justify-text-block\">Est\u00e0 recollit a les NOF del centre, el procediment que han de seguir els alumnes perqu\u00e8 \u00e9s pugui autoritzar el dret de vaga.<\/p>\n\n\n\n<p>Article 91:<br>Sobre les convocat\u00f2ries de vaga d\u2019alumnes (Decret 279\/2006 de 4 de juliol).<\/p>\n\n\n\n<p class=\"justify-text-block\">El Consell Escolar pot determinar que a partir del tercer curs de l&#8217;educaci\u00f3 secund\u00e0ria obligat\u00f2ria, les decisions col\u00b7lectives adoptades per l&#8217;alumnat, en relaci\u00f3 amb la seva assist\u00e8ncia a classe, no tinguin la consideraci\u00f3 de falta ni siguin objecte de sanci\u00f3 quan la decisi\u00f3 sigui resultat de l&#8217;exercici del dret de reuni\u00f3, hagi estat pr\u00e8viament comunicada pel consell de delegats i delegades a la direcci\u00f3 del centre i es disposi de la corresponent autoritzaci\u00f3 dels seus pares.<\/p>\n\n\n\n<p class=\"justify-text-block\">Les NOF han de regular les condicions en qu\u00e8 no s&#8217;han de considerar falta ni ser objecte de sanci\u00f3 les decisions col\u00b7lectives de l&#8217;alumnat sobre la seva assist\u00e8ncia a classe. Les condicions previstes s\u00f3n les seg\u00fcents:<\/p>\n\n\n\n<p class=\"justify-text-block\">Convocat\u00f2ria general de vaga d\u2019alumnes realitzada pels Sindicats d&#8217;Estudiants de l\u2019\u00e0mbit de Secund\u00e0ria, amb comunicaci\u00f3 pr\u00e8via al Director\/a i despr\u00e9s d&#8217;haver-se decidit en reuni\u00f3 convocada a l\u2019efecte del Consell de Delegats i despr\u00e9s d\u2019haver informat a la generalitat dels alumnes. Considerant la necessitat que la vaga sigui activa, els representants dels alumnes hauran d\u2019indicar quines seran les accions reivindicatives verificables que pensen dur a terme.<\/p>\n\n\n\n<p class=\"justify-text-block\">Q\u00fcestions que afectin de forma greu al desenvolupament de les activitats del centre, despr\u00e9s d&#8217;haver-se discutit en reuni\u00f3 de Consell Escolar convocada a l\u2019efecte.<\/p>\n\n\n\n<p>S\u2019estableix el seg\u00fcent protocol:<\/p>\n\n\n\n<p class=\"justify-text-block\">1.- Presentar la petici\u00f3 formal de vaga per escrit i signada per la majoria absoluta dels delegats (o subdelegats en cas d\u2019abs\u00e8ncia del delegat). En aquesta petici\u00f3 s\u2019adjuntar\u00e0 manifest o escrit de convocat\u00f2ria de la vaga, relaci\u00f3 d\u2019entitats i\/o sindicats convocants i altra informaci\u00f3 que es pugui considerar rellevant. L\u2019escrit s\u2019haur\u00e0 de presentar al registre d\u2019entrada del centre com a m\u00ednim tres (3) dies lectius abans del dia de vaga. A aquest efecte es tindr\u00e0 en compte la divisi\u00f3 dels grups &#8211; classe en cadascuna de les etapes: ESO, Batxillerat i Formaci\u00f3 Professional.<\/p>\n\n\n\n<p class=\"justify-text-block\">2.- La Direcci\u00f3 podr\u00e0 autoritzar o denegar la petici\u00f3 atenent a criteris objectius com s\u00f3n l\u2019acumulaci\u00f3 de jornades de vaga en dates pr\u00f2ximes, la representativitat real de les entitats i sindicats convocants, la incid\u00e8ncia de la jornada de vaga en el calendari escolar, les repercussions i conseq\u00fc\u00e8ncies de tot ordre derivades de convocat\u00f2ries anteriors, etc. La Direcci\u00f3 informar\u00e0 raonadament de l\u2019autoritzaci\u00f3 o denegaci\u00f3 de la petici\u00f3 als sol\u00b7licitants en reuni\u00f3 convocada a l\u2019efecte. La denegaci\u00f3 de l\u2019autoritzaci\u00f3 comportar\u00e0, a tots els efectes, que es mant\u00e9 el calendari lectiu del centre amb normalitat.<\/p>\n\n\n\n<p class=\"justify-text-block\">3.- En cas d\u2019autoritzaci\u00f3, la Direcci\u00f3 i el Consell de Delegats acordaran el calendari de reunions i assemblees de classe per tal que, en votaci\u00f3 secreta i aixecant acta, els alumnes es manifestin sobre la convocat\u00f2ria de vaga. Es prioritzar\u00e0 que les assemblees, convocades i dirigides pel delegat de classe, es facin en horari de tutoria o en hora de pati, sempre en pres\u00e8ncia d\u2019algun responsable del centre.<\/p>\n\n\n\n<p class=\"justify-text-block\">4.- El Consell de Delegats recollir\u00e0 les actes, far\u00e0 un recompte global i lliurar\u00e0 per escrit a la direcci\u00f3 el resultat de les votacions. En el cas que la votaci\u00f3 sigui majorit\u00e0ria en el total de l\u2019alumnat convocat a la votaci\u00f3, la vaga quedar\u00e0 convocada. En cas contrari es desconvoca.<\/p>\n\n\n\n<p class=\"justify-text-block\">5.- Abans de la jornada de vaga, la Direcci\u00f3 enviar\u00e0 per TPV el full d&#8217;autoritzaci\u00f3 als pares i mares dels alumnes menors d&#8217;edat, en el cas dels alumnes\/as majors d&#8217;edat ho podran signar ells. Els alumnes que no tinguin signada l&#8217;autoritzaci\u00f3 abans de la jornada de vaga incorreran, si no venen al centre, en falta per abs\u00e8ncia injustificada, amb les conseq\u00fc\u00e8ncies que se\u2019n puguin derivar.<\/p>\n\n\n\n<p class=\"justify-text-block\">6.- En tot cas es respectaran els drets dels alumnes que aix\u00ed ho vulguin a acudir a classe normalment durant la jornada de vaga, per la qual cosa les activitats que es desenvoluparan seran el m\u00e0xim normalitzades possibles.<\/p>\n","protected":false},"excerpt":{"rendered":"<p>Est\u00e0 recollit a les NOF del centre, el procediment que han de seguir els alumnes perqu\u00e8 \u00e9s pugui autoritzar el dret de vaga.<\/p>\n<p>Article 91:Sobre les convocat\u00f2ries de vaga d\u2019alumnes (Decret 279\/2006 de 4 de juliol).<\/p>\n<p>El Consell Escolar pot determinar que a partir del tercer curs&hellip;  <a href=\"https:\/\/agora.xtec.cat\/iesmalgrat\/recursos-pels-alumnes\/procediment-de-vaga\/\" title=\"Read Procediment de vaga\">Llegeix m\u00e9s\u00bb<\/a><\/p>\n","protected":false},"author":6,"featured_media":0,"parent":6722,"menu_order":2,"comment_status":"closed","ping_status":"close","template":"page-templates\/side-menu.php","meta":{"_bbp_topic_count":0,"_bbp_reply_count":0,"_bbp_total_topic_count":0,"_bbp_total_reply_count":0,"_bbp_voice_count":0,"_bbp_anonymous_reply_count":0,"_bbp_topic_count_hidden":0,"_bbp_reply_count_hidden":0,"_bbp_forum_subforum_count":0,"footnotes":""},"class_list":["post-6725","page","type-page","status-publish","hentry"],"post_mailing_queue_ids":[],"_links":{"self":[{"href":"https:\/\/agora.xtec.cat\/iesmalgrat\/wp-json\/wp\/v2\/pages\/6725","targetHints":{"allow":["GET"]}}],"collection":[{"href":"https:\/\/agora.xtec.cat\/iesmalgrat\/wp-json\/wp\/v2\/pages"}],"about":[{"href":"https:\/\/agora.xtec.cat\/iesmalgrat\/wp-json\/wp\/v2\/types\/page"}],"author":[{"embeddable":true,"href":"https:\/\/agora.xtec.cat\/iesmalgrat\/wp-json\/wp\/v2\/users\/6"}],"replies":[{"embeddable":true,"href":"https:\/\/agora.xtec.cat\/iesmalgrat\/wp-json\/wp\/v2\/comments?post=6725"}],"version-history":[{"count":2,"href":"https:\/\/agora.xtec.cat\/iesmalgrat\/wp-json\/wp\/v2\/pages\/6725\/revisions"}],"predecessor-version":[{"id":6727,"href":"https:\/\/agora.xtec.cat\/iesmalgrat\/wp-json\/wp\/v2\/pages\/6725\/revisions\/6727"}],"up":[{"embeddable":true,"href":"https:\/\/agora.xtec.cat\/iesmalgrat\/wp-json\/wp\/v2\/pages\/6722"}],"wp:attachment":[{"href":"https:\/\/agora.xtec.cat\/iesmalgrat\/wp-json\/wp\/v2\/media?parent=6725"}],"curies":[{"name":"wp","href":"https:\/\/api.w.org\/{rel}","templated":true}]}}