{"id":6705,"date":"2025-02-18T08:19:57","date_gmt":"2025-02-18T07:19:57","guid":{"rendered":"https:\/\/agora.xtec.cat\/iesmalgrat\/?page_id=6705"},"modified":"2025-02-22T10:04:40","modified_gmt":"2025-02-22T09:04:40","slug":"erasmus-2","status":"publish","type":"page","link":"https:\/\/agora.xtec.cat\/iesmalgrat\/erasmus-2\/","title":{"rendered":"Erasmus +"},"content":{"rendered":"<div class=\"wp-block-image\">\n<figure class=\"alignright size-full is-resized\"><a href=\"https:\/\/agora.xtec.cat\/iesmalgrat\/wp-content\/uploads\/usu615\/2024\/12\/napkin-selection-2.png\"><img loading=\"lazy\" decoding=\"async\" width=\"933\" height=\"623\" src=\"https:\/\/agora.xtec.cat\/iesmalgrat\/wp-content\/uploads\/usu615\/2024\/12\/napkin-selection-2.png\" alt=\"\" class=\"wp-image-6428\" style=\"width:500px\" srcset=\"https:\/\/agora.xtec.cat\/iesmalgrat\/wp-content\/uploads\/usu615\/2024\/12\/napkin-selection-2.png 933w, https:\/\/agora.xtec.cat\/iesmalgrat\/wp-content\/uploads\/usu615\/2024\/12\/napkin-selection-2-300x200.png 300w, https:\/\/agora.xtec.cat\/iesmalgrat\/wp-content\/uploads\/usu615\/2024\/12\/napkin-selection-2-768x513.png 768w\" sizes=\"auto, (max-width: 933px) 100vw, 933px\" \/><\/a><\/figure><\/div>\n\n\n<p class=\"justify-text-block\">L&#8217;Institut Ramon Turr\u00f3 i Darder ha rebut l&#8217;aprovaci\u00f3 del Servei Espanyol per a la Internacionalitzaci\u00f3 de l&#8217;Educaci\u00f3 (SEPIE) per a <strong>dos projectes de mobilitat dins del programa Erasmus+ 2024\/2025. <\/strong> Aquestes convocat\u00f2ries ofereixen una oportunitat \u00fanica tant per als alumnes com per al personal del centre per enriquir les seves compet\u00e8ncies i experi\u00e8ncia en l&#8217;\u00e0mbit internacional.<\/p>\n\n\n\n<p class=\"justify-text-block has-vivid-cyan-blue-color has-text-color has-link-color wp-elements-ed285c4bc260aeeff84d5db3ac431840\" id=\"justify-text-block\"><strong>Convocat\u00f2ria per a alumnes<\/strong><\/p>\n\n\n\n<p class=\"justify-text-block has-vivid-cyan-blue-color has-text-color has-link-color wp-elements-27dbeff3d831ca27e511a4733131ac90\"><strong>Convocat\u00f2ria per al personal<\/strong><\/p>\n\n\n\n<p class=\"justify-text-block\" id=\"justify-text-block\">S&#8217;ofereixen <strong>dotze beques<\/strong> per a estudiants de cicles formatius de grau mitj\u00e0 perqu\u00e8 realitzin pr\u00e0ctiques a Mil\u00e0 (It\u00e0lia) i Co\u00efmbra (Portugal) durant <strong>32<\/strong> dies, del 30 d\u2019abril al 31 de maig de 2025. La data l\u00edmit per presentar les sol\u00b7licituds \u00e9s el <strong>19 de gener del 2025<\/strong>.<strong><br>                                                         Nou termini fins el 31 de gener de 2025.<\/strong><\/p>\n\n\n\n<p class=\"justify-text-block\">Es convoquen <strong>quatre beques<\/strong> de mobilitat per a personal docent i no docent, amb estades de <strong>tres dies<\/strong> en diverses dates entre gener i desembre de 2025. Les sol\u00b7licituds tamb\u00e9 es poden presentar fins al <strong>19 de gener del 2025<\/strong>.<br>                                                          <strong><strong>Nou termini fins el 31 de gener de 2025.<\/strong><\/strong><\/p>\n\n\n\n<p class=\"justify-text-block\">Per a m\u00e9s informaci\u00f3 sobre els requisits, la documentaci\u00f3 necess\u00e0ria i els criteris de selecci\u00f3, consulteu els documents oficials disponibles al web del centre o contacteu amb el coordinador Erasmus a <a>erasmus@iesmalgrat.cat<\/a>.<\/p>\n\n\n\n<p><\/p>\n\n\n\n<p class=\"justify-text-block\"><strong>No deixeu escapar aquesta oportunitat per ampliar horitzons acad\u00e8mics i professionals!<\/strong><\/p>\n\n\n\n<p class=\"has-text-align-left has-medium-font-size\"><a href=\"https:\/\/agora.xtec.cat\/iesmalgrat\/wp-content\/uploads\/usu615\/2024\/12\/Convocatoria-VET-2024_2025-Alumnes-1.pdf\">Convocat\u00f2ria per a alumnes<\/a><br><a href=\"https:\/\/agora.xtec.cat\/iesmalgrat\/wp-content\/uploads\/usu615\/2024\/12\/Convocatoria-STAFF-2024_2025-Personal.pdf\">Convocat\u00f2ria per a professorat<\/a><br><a href=\"https:\/\/agora.xtec.cat\/iesmalgrat\/wp-content\/uploads\/usu615\/2025\/01\/Horario-para-Convocatorias-24_25.pdf\" data-type=\"link\" data-id=\"https:\/\/agora.xtec.cat\/iesmalgrat\/wp-content\/uploads\/usu615\/2025\/01\/Horario-para-Convocatorias-24_25.pdf\">Calendari de la convocat\u00f2ria<\/a><br><a href=\"https:\/\/agora.xtec.cat\/iesmalgrat\/wp-content\/uploads\/usu615\/2025\/02\/Lista-admitidos-a-ENTREVISTA-Erasmus_-1-1.pdf\" data-type=\"link\" data-id=\"https:\/\/agora.xtec.cat\/iesmalgrat\/wp-content\/uploads\/usu615\/2025\/02\/Lista-admitidos-a-ENTREVISTA-Erasmus_-1-1.pdf\">Llistat seleccionats\/des<\/a><br><a href=\"https:\/\/agora.xtec.cat\/iesmalgrat\/wp-content\/uploads\/usu615\/2025\/02\/Lista-admitidos-a-ENTREVISTA-Erasmus.pdf\">Llista admesos a job shadowing<\/a><\/p>\n\n\n<div class=\"wp-block-image\">\n<figure class=\"alignright size-large is-resized\"><a href=\"https:\/\/agora.xtec.cat\/iesmalgrat\/wp-content\/uploads\/usu615\/2025\/02\/Erasmus.png\"><img loading=\"lazy\" decoding=\"async\" width=\"1024\" height=\"533\" src=\"https:\/\/agora.xtec.cat\/iesmalgrat\/wp-content\/uploads\/usu615\/2025\/02\/Erasmus-1024x533.png\" alt=\"\" class=\"wp-image-6665\" style=\"width:300px\" srcset=\"https:\/\/agora.xtec.cat\/iesmalgrat\/wp-content\/uploads\/usu615\/2025\/02\/Erasmus-1024x533.png 1024w, https:\/\/agora.xtec.cat\/iesmalgrat\/wp-content\/uploads\/usu615\/2025\/02\/Erasmus-300x156.png 300w, https:\/\/agora.xtec.cat\/iesmalgrat\/wp-content\/uploads\/usu615\/2025\/02\/Erasmus-768x400.png 768w, https:\/\/agora.xtec.cat\/iesmalgrat\/wp-content\/uploads\/usu615\/2025\/02\/Erasmus-1536x800.png 1536w, https:\/\/agora.xtec.cat\/iesmalgrat\/wp-content\/uploads\/usu615\/2025\/02\/Erasmus-2048x1066.png 2048w\" sizes=\"auto, (max-width: 1024px) 100vw, 1024px\" \/><\/a><\/figure><\/div>\n\n\n<p><\/p>\n","protected":false},"excerpt":{"rendered":"<p><a href=\"https:\/\/agora.xtec.cat\/iesmalgrat\/wp-content\/uploads\/usu615\/2024\/12\/napkin-selection-2.png\"><\/a><\/p>\n<p>L&#8217;Institut Ramon Turr\u00f3 i Darder ha rebut l&#8217;aprovaci\u00f3 del Servei Espanyol per a la Internacionalitzaci\u00f3 de l&#8217;Educaci\u00f3 (SEPIE) per a dos projectes de mobilitat dins del programa Erasmus+ 2024\/2025.  Aquestes convocat\u00f2ries ofereixen una oportunitat \u00fanica tant per als alumnes com per al personal&hellip;  <a href=\"https:\/\/agora.xtec.cat\/iesmalgrat\/erasmus-2\/\" title=\"Read Erasmus +\">Llegeix m\u00e9s\u00bb<\/a><\/p>\n","protected":false},"author":6,"featured_media":0,"parent":0,"menu_order":0,"comment_status":"closed","ping_status":"close","template":"page-templates\/side-menu.php","meta":{"_bbp_topic_count":0,"_bbp_reply_count":0,"_bbp_total_topic_count":0,"_bbp_total_reply_count":0,"_bbp_voice_count":0,"_bbp_anonymous_reply_count":0,"_bbp_topic_count_hidden":0,"_bbp_reply_count_hidden":0,"_bbp_forum_subforum_count":0,"footnotes":""},"class_list":["post-6705","page","type-page","status-publish","hentry"],"post_mailing_queue_ids":[],"_links":{"self":[{"href":"https:\/\/agora.xtec.cat\/iesmalgrat\/wp-json\/wp\/v2\/pages\/6705","targetHints":{"allow":["GET"]}}],"collection":[{"href":"https:\/\/agora.xtec.cat\/iesmalgrat\/wp-json\/wp\/v2\/pages"}],"about":[{"href":"https:\/\/agora.xtec.cat\/iesmalgrat\/wp-json\/wp\/v2\/types\/page"}],"author":[{"embeddable":true,"href":"https:\/\/agora.xtec.cat\/iesmalgrat\/wp-json\/wp\/v2\/users\/6"}],"replies":[{"embeddable":true,"href":"https:\/\/agora.xtec.cat\/iesmalgrat\/wp-json\/wp\/v2\/comments?post=6705"}],"version-history":[{"count":6,"href":"https:\/\/agora.xtec.cat\/iesmalgrat\/wp-json\/wp\/v2\/pages\/6705\/revisions"}],"predecessor-version":[{"id":6763,"href":"https:\/\/agora.xtec.cat\/iesmalgrat\/wp-json\/wp\/v2\/pages\/6705\/revisions\/6763"}],"wp:attachment":[{"href":"https:\/\/agora.xtec.cat\/iesmalgrat\/wp-json\/wp\/v2\/media?parent=6705"}],"curies":[{"name":"wp","href":"https:\/\/api.w.org\/{rel}","templated":true}]}}