{"id":6099,"date":"2024-11-06T19:44:00","date_gmt":"2024-11-06T18:44:00","guid":{"rendered":"https:\/\/agora.xtec.cat\/iesmalgrat\/?page_id=6099"},"modified":"2025-02-07T12:48:13","modified_gmt":"2025-02-07T11:48:13","slug":"secretaria","status":"publish","type":"page","link":"https:\/\/agora.xtec.cat\/iesmalgrat\/secretaria\/","title":{"rendered":"Secretaria"},"content":{"rendered":"<div class=\"wp-block-image\">\n<figure class=\"alignright size-full is-resized\"><a href=\"https:\/\/agora.xtec.cat\/iesmalgrat\/wp-content\/uploads\/usu615\/2024\/11\/napkin-selection-22.png\"><img loading=\"lazy\" decoding=\"async\" width=\"708\" height=\"404\" src=\"https:\/\/agora.xtec.cat\/iesmalgrat\/wp-content\/uploads\/usu615\/2024\/11\/napkin-selection-22.png\" alt=\"\" class=\"wp-image-6103\" style=\"width:400px\" srcset=\"https:\/\/agora.xtec.cat\/iesmalgrat\/wp-content\/uploads\/usu615\/2024\/11\/napkin-selection-22.png 708w, https:\/\/agora.xtec.cat\/iesmalgrat\/wp-content\/uploads\/usu615\/2024\/11\/napkin-selection-22-300x171.png 300w\" sizes=\"auto, (max-width: 708px) 100vw, 708px\" \/><\/a><\/figure><\/div>\n\n\n<h2 class=\"wp-block-heading\">Horari d&#8217;atenci\u00f3 al p\u00fablic<\/h2>\n\n\n\n<p class=\"justify-text-block \">De dilluns a divendres.<\/p>\n\n\n\n<p>De 9:00 a 13:00<\/p>\n\n\n\n<p>Presencialment.<br>Per tel\u00e8fon trucant al 937 653 312 <br>Correu electr\u00f2nic: <a href=\"mailto:secretaria@iesmalgrat.cat\">secretaria@iesmalgrat.cat<\/a><\/p>\n\n\n\n<h2 class=\"wp-block-heading\">Fora de l&#8217;horari d&#8217;atenci\u00f3<\/h2>\n\n\n\n<p>Podeu fer arribar la vostra demanda per correu electr\u00f2nic a: <a href=\"mailto:secretaria@iesmalgrat.cat\">secretaria@iesmalgrat.cat<\/a><\/p>\n\n\n\n<h2 class=\"wp-block-heading\">Tr\u00e0mits<\/h2>\n\n\n\n<ul class=\"wp-block-list\">\n<li>Informaci\u00f3 de preinscripci\u00f3 i matr\u00edcula<\/li>\n\n\n\n<li>Sol\u00b7licitar certificats.<\/li>\n\n\n\n<li>Sol\u00b7licitar t\u00edtols.<\/li>\n\n\n\n<li>Demanar informaci\u00f3 de beques i ajuts<\/li>\n\n\n\n<li>Informaci\u00f3 de convalidacions<\/li>\n<\/ul>\n","protected":false},"excerpt":{"rendered":"<p><a href=\"https:\/\/agora.xtec.cat\/iesmalgrat\/wp-content\/uploads\/usu615\/2024\/11\/napkin-selection-22.png\"><\/a><\/p>\n<p>Horari d&#8217;atenci\u00f3 al p\u00fablic<\/p>\n<p>De dilluns a divendres.<\/p>\n<p>De 9:00 a 13:00<\/p>\n<p>Presencialment.Per tel\u00e8fon trucant al 937 653 312 Correu electr\u00f2nic: <a href=\"mailto:secretaria@iesmalgrat.cat\">secretaria@iesmalgrat.cat<\/a><\/p>\n<p>Fora de l&#8217;horari d&#8217;atenci\u00f3<\/p>\n<p>Podeu fer arribar la vostra demanda per correu electr\u00f2nic a: <a href=\"mailto:secretaria@iesmalgrat.cat\">secretaria@iesmalgrat.cat<\/a><\/p>\n<p>Tr\u00e0mits<\/p>\n<ul class=\"wp-block-list\">\n<li>Informaci\u00f3 de preinscripci\u00f3 i matr\u00edcula<\/li>\n<li>Sol\u00b7licitar certificats.<\/li>\n<li>Sol\u00b7licitar t\u00edtols.<\/li>\n<li>Demanar informaci\u00f3 de beques&hellip;  <a href=\"https:\/\/agora.xtec.cat\/iesmalgrat\/secretaria\/\" title=\"Read Secretaria\">Llegeix m\u00e9s\u00bb<\/a><br \/>\n","protected":false},"author":6,"featured_media":0,"parent":0,"menu_order":0,"comment_status":"closed","ping_status":"close","template":"page-templates\/side-menu.php","meta":{"_bbp_topic_count":0,"_bbp_reply_count":0,"_bbp_total_topic_count":0,"_bbp_total_reply_count":0,"_bbp_voice_count":0,"_bbp_anonymous_reply_count":0,"_bbp_topic_count_hidden":0,"_bbp_reply_count_hidden":0,"_bbp_forum_subforum_count":0,"footnotes":""},"class_list":["post-6099","page","type-page","status-publish","hentry"],"post_mailing_queue_ids":[],"_links":{"self":[{"href":"https:\/\/agora.xtec.cat\/iesmalgrat\/wp-json\/wp\/v2\/pages\/6099","targetHints":{"allow":["GET"]}}],"collection":[{"href":"https:\/\/agora.xtec.cat\/iesmalgrat\/wp-json\/wp\/v2\/pages"}],"about":[{"href":"https:\/\/agora.xtec.cat\/iesmalgrat\/wp-json\/wp\/v2\/types\/page"}],"author":[{"embeddable":true,"href":"https:\/\/agora.xtec.cat\/iesmalgrat\/wp-json\/wp\/v2\/users\/6"}],"replies":[{"embeddable":true,"href":"https:\/\/agora.xtec.cat\/iesmalgrat\/wp-json\/wp\/v2\/comments?post=6099"}],"version-history":[{"count":6,"href":"https:\/\/agora.xtec.cat\/iesmalgrat\/wp-json\/wp\/v2\/pages\/6099\/revisions"}],"predecessor-version":[{"id":6650,"href":"https:\/\/agora.xtec.cat\/iesmalgrat\/wp-json\/wp\/v2\/pages\/6099\/revisions\/6650"}],"wp:attachment":[{"href":"https:\/\/agora.xtec.cat\/iesmalgrat\/wp-json\/wp\/v2\/media?parent=6099"}],"curies":[{"name":"wp","href":"https:\/\/api.w.org\/{rel}","templated":true}]}}