{"id":6078,"date":"2024-11-05T18:28:31","date_gmt":"2024-11-05T17:28:31","guid":{"rendered":"https:\/\/agora.xtec.cat\/iesmalgrat\/?page_id=6078"},"modified":"2024-11-11T16:02:36","modified_gmt":"2024-11-11T15:02:36","slug":"eso","status":"publish","type":"page","link":"https:\/\/agora.xtec.cat\/iesmalgrat\/estudis\/eso\/","title":{"rendered":"ESO"},"content":{"rendered":"\n<h3 class=\"wp-block-heading\">Qu\u00e8 \u00e9s l\u2019ESO?<\/h3>\n\n\n\n<p class=\"justify-text-block\">L\u2019ESO, o Educaci\u00f3 Secund\u00e0ria Obligat\u00f2ria, \u00e9s una etapa educativa que t\u00e9 com a principal objectiu dotar els estudiants dels coneixements b\u00e0sics necessaris per desenvolupar-se en la societat i per continuar la seva formaci\u00f3 acad\u00e8mica o incorporar-se al m\u00f3n laboral. Aix\u00f2 inclou coneixements culturals generals i espec\u00edfics en \u00e0rees com la ci\u00e8ncia i la tecnologia, les humanitats, les arts i l\u2019educaci\u00f3 f\u00edsica. Tamb\u00e9 es fomenta que els alumnes consolidin h\u00e0bits d\u2019estudi, treball i vida saludable.<\/p>\n\n\n\n<p class=\"justify-text-block\">A m\u00e9s, l\u2019ESO busca formar joves responsables, capa\u00e7os d\u2019exercir els seus drets i deures com a ciutadans. Es promou el respecte i la igualtat de g\u00e8nere, la cooperaci\u00f3 i la solidaritat, aix\u00ed com el rebuig de qualsevol forma de viol\u00e8ncia, prejudicis o actituds sexistes. L\u2019objectiu \u00e9s contribuir a formar persones respectuoses i compromeses amb la diversitat.<\/p>\n\n\n\n<p><\/p>\n\n\n\n<div style=\"display: flex; justify-content: center;padding: 45px;\"> <iframe loading=\"lazy\" width=\"560\" height=\"315\" src=\"https:\/\/www.youtube.com\/embed\/f5k8LLlFy88?si=Hc2VXdsvYZH_VWNw\" title=\"YouTube video player\" frameborder=\"0\" allow=\"accelerometer; autoplay; clipboard-write; encrypted-media; gyroscope; picture-in-picture; web-share\" referrerpolicy=\"strict-origin-when-cross-origin\" allowfullscreen><\/iframe><\/div>\n\n\n\n<p class=\"justify-text-block\">L\u2019ESO tamb\u00e9 potencia el pensament cr\u00edtic i les compet\u00e8ncies tecnol\u00f2giques a trav\u00e9s de l\u2019\u00fas de fonts d\u2019informaci\u00f3; incentiva l\u2019esperit emprenedor, la iniciativa personal, la presa de decisions, l\u2019assumpci\u00f3 de responsabilitats i la capacitat per a \u201caprendre a aprendre\u201d, tot promovent un \u00fas adequat de la llengua catalana i la llengua castellana.<\/p>\n\n\n\n<p class=\"justify-block-text\">Entre els seus principis pedag\u00f2gics, l\u2019ESO inclou l\u2019aprenentatge de lleng\u00fces estrangeres, el treball per projectes i la resoluci\u00f3 col\u00b7laborativa de problemes. A m\u00e9s, es treballen de manera transversal l\u2019expressi\u00f3 i comprensi\u00f3 oral i escrita, la creativitat, l\u2019educaci\u00f3 emocional, l\u2019educaci\u00f3 per a la sostenibilitat i per a la salut, aix\u00ed com la igualtat de g\u00e8nere.<\/p>\n\n\n\n<p>Aix\u00ed mateix, aspectes com l\u2019atenci\u00f3 a la diversitat, la tutoria i l\u2019orientaci\u00f3 educativa i professional s\u00f3n elements fonamentals al llarg de l\u2019etapa.<\/p>\n\n\n\n<p class=\"justify-text-block\">L\u2019ESO t\u00e9 una durada de <strong>quatre cursos acad\u00e8mics<\/strong>. Al final d\u2019aquests quatre anys, si completen els requisits acad\u00e8mics, els estudiants obtenen el <em>t\u00edtol de Graduat en Educaci\u00f3 Secund\u00e0ria Obligat\u00f2ria<\/em>, necessari per accedir a estudis postobligatoris.<\/p>\n\n\n\n<p>El nostre horari  \u00e9s de 8:00 a 14:30 h de dilluns a divendres.<\/p>\n\n\n\n<p class=\"has-text-align-center has-medium-font-size\"><a href=\"https:\/\/agora.xtec.cat\/iesmalgrat\/prova-taula\/eso\/curriculum-eso\/\" data-type=\"page\" data-id=\"5895\" target=\"_blank\" rel=\"noreferrer noopener\">Mira el nostre curr\u00edculum<\/a><\/p>\n","protected":false},"excerpt":{"rendered":"<p>Qu\u00e8 \u00e9s l\u2019ESO?<\/p>\n<p>L\u2019ESO, o Educaci\u00f3 Secund\u00e0ria Obligat\u00f2ria, \u00e9s una etapa educativa que t\u00e9 com a principal objectiu dotar els estudiants dels coneixements b\u00e0sics necessaris per desenvolupar-se en la societat i per continuar la seva formaci\u00f3 acad\u00e8mica o incorporar-se al m\u00f3n laboral. Aix\u00f2 inclou coneixements culturals&hellip;  <a href=\"https:\/\/agora.xtec.cat\/iesmalgrat\/estudis\/eso\/\" title=\"Read ESO\">Llegeix m\u00e9s\u00bb<\/a><\/p>\n","protected":false},"author":6,"featured_media":0,"parent":5868,"menu_order":2,"comment_status":"closed","ping_status":"close","template":"page-templates\/side-menu.php","meta":{"_bbp_topic_count":0,"_bbp_reply_count":0,"_bbp_total_topic_count":0,"_bbp_total_reply_count":0,"_bbp_voice_count":0,"_bbp_anonymous_reply_count":0,"_bbp_topic_count_hidden":0,"_bbp_reply_count_hidden":0,"_bbp_forum_subforum_count":0,"footnotes":""},"class_list":["post-6078","page","type-page","status-publish","hentry"],"post_mailing_queue_ids":[],"_links":{"self":[{"href":"https:\/\/agora.xtec.cat\/iesmalgrat\/wp-json\/wp\/v2\/pages\/6078","targetHints":{"allow":["GET"]}}],"collection":[{"href":"https:\/\/agora.xtec.cat\/iesmalgrat\/wp-json\/wp\/v2\/pages"}],"about":[{"href":"https:\/\/agora.xtec.cat\/iesmalgrat\/wp-json\/wp\/v2\/types\/page"}],"author":[{"embeddable":true,"href":"https:\/\/agora.xtec.cat\/iesmalgrat\/wp-json\/wp\/v2\/users\/6"}],"replies":[{"embeddable":true,"href":"https:\/\/agora.xtec.cat\/iesmalgrat\/wp-json\/wp\/v2\/comments?post=6078"}],"version-history":[{"count":6,"href":"https:\/\/agora.xtec.cat\/iesmalgrat\/wp-json\/wp\/v2\/pages\/6078\/revisions"}],"predecessor-version":[{"id":6167,"href":"https:\/\/agora.xtec.cat\/iesmalgrat\/wp-json\/wp\/v2\/pages\/6078\/revisions\/6167"}],"up":[{"embeddable":true,"href":"https:\/\/agora.xtec.cat\/iesmalgrat\/wp-json\/wp\/v2\/pages\/5868"}],"wp:attachment":[{"href":"https:\/\/agora.xtec.cat\/iesmalgrat\/wp-json\/wp\/v2\/media?parent=6078"}],"curies":[{"name":"wp","href":"https:\/\/api.w.org\/{rel}","templated":true}]}}