{"id":6046,"date":"2024-11-05T08:03:13","date_gmt":"2024-11-05T07:03:13","guid":{"rendered":"https:\/\/agora.xtec.cat\/iesmalgrat\/?page_id=6046"},"modified":"2024-11-12T07:34:37","modified_gmt":"2024-11-12T06:34:37","slug":"batxillerat","status":"publish","type":"page","link":"https:\/\/agora.xtec.cat\/iesmalgrat\/estudis\/batxillerat\/","title":{"rendered":"Batxillerat"},"content":{"rendered":"\n<p class=\"justify-text-block\">El Batxillerat forma part de l&#8217;educaci\u00f3 secund\u00e0ria postobligat\u00f2ria i es distribueix en dos cursos acad\u00e8mics. Es desenvolupa en diverses modalitats, s&#8217;organitza de manera oberta i flexible.<\/p>\n\n\n\n<p class=\"justify-text-block\">Durant aquests <strong>dos cursos<\/strong> cal cursar una s\u00e8rie de <strong>mat\u00e8ries <\/strong>classificades de la manera seg\u00fcent:<\/p>\n\n\n\n<ul class=\"wp-block-list\">\n<li class=\"justify-text-block\"><strong>Mat\u00e8ries comunes:<\/strong>&nbsp;Aquestes assignatures proporcionen una formaci\u00f3 general&nbsp;i s\u00f3n obligat\u00f2ries per a tot l&#8217;alumnat.<\/li>\n\n\n\n<li class=\"justify-text-block\"><strong>Mat\u00e8ries de modalitat:<\/strong>&nbsp;Algunes s\u00f3n comunes a tots els estudiants que cursen una determinada modalitat i, a m\u00e9s, cada curs els alumnes triaran dues mat\u00e8ries m\u00e9s d&#8217;entre l&#8217;oferta existent per a cada modalitat.<\/li>\n\n\n\n<li class=\"justify-text-block\"><strong>Mat\u00e8ries optatives:<\/strong>&nbsp;Permeten aprofundir&nbsp;en aspectes propis de la modalitat escollida o b\u00e9 obrir nous&nbsp;camps de coneixement. En funci\u00f3 de la seva organitzaci\u00f3 i recursos,&nbsp;els centres podran adaptar el nombre de mat\u00e8ries optatives impartides.<\/li>\n\n\n\n<li class=\"justify-text-block\"><strong>Treball de recerca:<\/strong>&nbsp;\u00c9s obligatori per a tot l&#8217;alumnat de batxillerat de Catalunya. \u00c9s un treball d&#8217;investigaci\u00f3 que representa el 10% de la qualificaci\u00f3 total de l&#8217;etapa.&nbsp;<\/li>\n<\/ul>\n\n\n\n<div style=\"display: flex; justify-content: center;padding: 45px;\"> \n<iframe loading=\"lazy\" width=\"560\" height=\"315\" src=\"https:\/\/www.youtube.com\/embed\/JHcJVNqm8Cs?si=lCkUAKAjnQb1rlRD\" title=\"YouTube video player\" frameborder=\"0\" allow=\"accelerometer; autoplay; clipboard-write; encrypted-media; gyroscope; picture-in-picture; web-share\" referrerpolicy=\"strict-origin-when-cross-origin\" allowfullscreen><\/iframe>\n<\/div>\n\n\n\n<h2 class=\"wp-block-heading\">Modalitats<\/h2>\n\n\n\n<p>Al nostre centre podr\u00e0s triar entre les seg\u00fcents modalitats:<\/p>\n\n\n\n<ul class=\"wp-block-list\">\n<li>Ci\u00e8ncies i tecnologia<\/li>\n\n\n\n<li>Humanitats<\/li>\n\n\n\n<li>Ci\u00e8ncies socials<\/li>\n<\/ul>\n\n\n\n<p>Tamb\u00e9 tindr\u00e0s l&#8217;opci\u00f3 de cursar el batxillerat en tres anys.<\/p>\n\n\n\n<h2 class=\"wp-block-heading\">Com pots accedir?<\/h2>\n\n\n\n<p>Per accedir al batxillerat cal tenir algun dels t\u00edtols seg\u00fcents:<\/p>\n\n\n\n<ul class=\"wp-block-list\">\n<li>Graduat en educaci\u00f3 secund\u00e0ria obligat\u00f2ria (GESO),<\/li>\n\n\n\n<li>T\u00e8cnic d\u2019un cicle formatiu de grau mitj\u00e0 o t\u00e8cnic superior d\u2019un cicle formatiu de grau superior (en aquests casos es pot demanar la convalidaci\u00f3 de mat\u00e8ries espec\u00edfiques i del treball de recerca),<\/li>\n\n\n\n<li>Haver cursat estudis de sistemes educatius estrangers que hagin estat homologats al t\u00edtol de GESO<\/li>\n<\/ul>\n\n\n\n<h2 class=\"wp-block-heading\">Qu\u00e8 podr\u00e0s fer despr\u00e9s?<\/h2>\n\n\n\n<p>Amb el t\u00edtol de batxiller es pot accedir:<\/p>\n\n\n\n<ul class=\"wp-block-list\">\n<li>A la universitat ,un cop aprovades les proves d&#8217;acc\u00e9s;<\/li>\n\n\n\n<li>A un cicle formatiu de grau superior de formaci\u00f3 professional o a un cicle formatiu de grau superior d&#8217;arts pl\u00e0stiques i disseny;<\/li>\n\n\n\n<li>A un cicle formatiu de grau superior d\u2019ensenyaments esportius, si es tenen els requisits d\u2019acc\u00e9s;<\/li>\n\n\n\n<li>Als ensenyaments superiors art\u00edstics ,un cop superada una prova espec\u00edfica d&#8217;acc\u00e9s;<\/li>\n\n\n\n<li>Al m\u00f3n laboral.<\/li>\n<\/ul>\n\n\n\n<p class=\"has-text-align-center has-medium-font-size\"><a href=\"https:\/\/agora.xtec.cat\/iesmalgrat\/prova-taula\/curriculum-batxillerat\/\" data-type=\"page\" data-id=\"5897\" target=\"_blank\" rel=\"noreferrer noopener\">Mira el nostre curr\u00edculum<\/a><\/p>\n","protected":false},"excerpt":{"rendered":"<p>El Batxillerat forma part de l&#8217;educaci\u00f3 secund\u00e0ria postobligat\u00f2ria i es distribueix en dos cursos acad\u00e8mics. Es desenvolupa en diverses modalitats, s&#8217;organitza de manera oberta i flexible.<\/p>\n<p>Durant aquests dos cursos cal cursar una s\u00e8rie de mat\u00e8ries classificades de la manera seg\u00fcent:<\/p>\n<ul class=\"wp-block-list\">\n<li class=\"justify-text-block\">Mat\u00e8ries comunes:&nbsp;Aquestes assignatures proporcionen&hellip;  <a href=\"https:\/\/agora.xtec.cat\/iesmalgrat\/estudis\/batxillerat\/\" title=\"Read Batxillerat\">Llegeix m\u00e9s\u00bb<\/a><br \/>\n","protected":false},"author":6,"featured_media":0,"parent":5868,"menu_order":4,"comment_status":"closed","ping_status":"close","template":"page-templates\/side-menu.php","meta":{"_bbp_topic_count":0,"_bbp_reply_count":0,"_bbp_total_topic_count":0,"_bbp_total_reply_count":0,"_bbp_voice_count":0,"_bbp_anonymous_reply_count":0,"_bbp_topic_count_hidden":0,"_bbp_reply_count_hidden":0,"_bbp_forum_subforum_count":0,"footnotes":""},"class_list":["post-6046","page","type-page","status-publish","hentry"],"post_mailing_queue_ids":[],"_links":{"self":[{"href":"https:\/\/agora.xtec.cat\/iesmalgrat\/wp-json\/wp\/v2\/pages\/6046","targetHints":{"allow":["GET"]}}],"collection":[{"href":"https:\/\/agora.xtec.cat\/iesmalgrat\/wp-json\/wp\/v2\/pages"}],"about":[{"href":"https:\/\/agora.xtec.cat\/iesmalgrat\/wp-json\/wp\/v2\/types\/page"}],"author":[{"embeddable":true,"href":"https:\/\/agora.xtec.cat\/iesmalgrat\/wp-json\/wp\/v2\/users\/6"}],"replies":[{"embeddable":true,"href":"https:\/\/agora.xtec.cat\/iesmalgrat\/wp-json\/wp\/v2\/comments?post=6046"}],"version-history":[{"count":5,"href":"https:\/\/agora.xtec.cat\/iesmalgrat\/wp-json\/wp\/v2\/pages\/6046\/revisions"}],"predecessor-version":[{"id":6200,"href":"https:\/\/agora.xtec.cat\/iesmalgrat\/wp-json\/wp\/v2\/pages\/6046\/revisions\/6200"}],"up":[{"embeddable":true,"href":"https:\/\/agora.xtec.cat\/iesmalgrat\/wp-json\/wp\/v2\/pages\/5868"}],"wp:attachment":[{"href":"https:\/\/agora.xtec.cat\/iesmalgrat\/wp-json\/wp\/v2\/media?parent=6046"}],"curies":[{"name":"wp","href":"https:\/\/api.w.org\/{rel}","templated":true}]}}