{"id":5868,"date":"2024-10-23T08:41:29","date_gmt":"2024-10-23T06:41:29","guid":{"rendered":"https:\/\/agora.xtec.cat\/iesmalgrat\/?page_id=5868"},"modified":"2024-11-13T15:44:53","modified_gmt":"2024-11-13T14:44:53","slug":"estudis","status":"publish","type":"page","link":"https:\/\/agora.xtec.cat\/iesmalgrat\/estudis\/","title":{"rendered":"CONSTRUEIX EL TEU FUTUR AL NOSTRE INSTITUT"},"content":{"rendered":"\n<p class=\"justify-text-block\">A l\u2019Institut Ramon Turr\u00f3 i Darder, oferim una \u00e0mplia varietat d\u2019itineraris acad\u00e8mics per preparar els estudiants per a un futur d&#8217;\u00e8xit. Tant si t&#8217;interessa obtenir una base s\u00f2lida en Educaci\u00f3 Secund\u00e0ria Obligat\u00f2ria (ESO), explorar una de les nostres modalitats de Batxillerat, o b\u00e9 formar-te en una professi\u00f3 amb els nostres Cicles Formatius, aqu\u00ed trobar\u00e0s l&#8217;opci\u00f3 que millor s&#8217;adapta a les teves necessitats i interessos.<\/p>\n\n\n\n<figure class=\"wp-block-image size-full\"><a href=\"https:\/\/agora.xtec.cat\/iesmalgrat\/wp-content\/uploads\/usu615\/2024\/11\/napkin-selection-23.png\"><img loading=\"lazy\" decoding=\"async\" width=\"998\" height=\"542\" src=\"https:\/\/agora.xtec.cat\/iesmalgrat\/wp-content\/uploads\/usu615\/2024\/11\/napkin-selection-23.png\" alt=\"\" class=\"wp-image-6214\" srcset=\"https:\/\/agora.xtec.cat\/iesmalgrat\/wp-content\/uploads\/usu615\/2024\/11\/napkin-selection-23.png 998w, https:\/\/agora.xtec.cat\/iesmalgrat\/wp-content\/uploads\/usu615\/2024\/11\/napkin-selection-23-300x163.png 300w, https:\/\/agora.xtec.cat\/iesmalgrat\/wp-content\/uploads\/usu615\/2024\/11\/napkin-selection-23-768x417.png 768w\" sizes=\"auto, (max-width: 998px) 100vw, 998px\" \/><\/a><\/figure>\n\n\n\n<p><strong>Estudis disponibles:<\/strong><\/p>\n\n\n\n<ul class=\"wp-block-list\">\n<li class=\"justify-text-block\"><strong>ESO (Educaci\u00f3 Secund\u00e0ria Obligat\u00f2ria):<\/strong> Una formaci\u00f3 essencial que et prepara per a etapes posteriors, amb atenci\u00f3 personalitzada i suport acad\u00e8mic constant.<\/li>\n\n\n\n<li class=\"justify-text-block\"><strong>Batxillerat:<\/strong> Oferim diverses modalitats de Batxillerat, adaptades a diferents vocacions i camins professionals. Els nostres programes et preparen per accedir a estudis universitaris i altres formacions superiors.<\/li>\n\n\n\n<li><strong>Cicles Formatius:<\/strong>\n<ul class=\"wp-block-list\">\n<li class=\"justify-text-block\"><strong>Perruqueria:<\/strong> Forma&#8217;t en l\u2019art de la perruqueria amb una formaci\u00f3 pr\u00e0ctica i especialitzada, enfocada a les \u00faltimes tend\u00e8ncies i t\u00e8cniques del sector.<\/li>\n\n\n\n<li class=\"justify-text-block\"><strong>Est\u00e8tica:<\/strong> Un cicle professional dedicat a la bellesa i el benestar, amb una formaci\u00f3 integral en tractaments est\u00e8tics, maquillatge i benestar personal.<\/li>\n\n\n\n<li class=\"justify-text-block\"><strong>Agroecologia:<\/strong> Un cicle formatiu enfocat en la sostenibilitat i la producci\u00f3 ecol\u00f2gica, que et permetr\u00e0 descobrir el m\u00f3n de l&#8217;agricultura sostenible i respectuosa amb el medi ambient.<\/li>\n<\/ul>\n<\/li>\n\n\n\n<li><strong>Programes de Formaci\u00f3 Inicial (PFI):<\/strong>\n<ul class=\"wp-block-list\">\n<li class=\"justify-text-block\"><strong>Vivers i Jardins:<\/strong> Una introducci\u00f3 al m\u00f3n de la jardineria i el manteniment d&#8217;espais verds.<\/li>\n\n\n\n<li class=\"justify-text-block\"><strong>Perruqueria:<\/strong> Un programa formatiu que t&#8217;ofereix una base s\u00f2lida per iniciar-te en el sector de la perruqueria.<\/li>\n<\/ul>\n<\/li>\n<\/ul>\n\n\n\n<p class=\"justify-text-block\">Treballem per oferir-te una experi\u00e8ncia educativa de qualitat, adaptada a les teves necessitats, i amb l&#8217;objectiu de donar-te les eines per cr\u00e9ixer acad\u00e8micament, professionalment i personalment. Vine a con\u00e8ixer-nos i descobreix tot el que podem fer per tu!<\/p>\n","protected":false},"excerpt":{"rendered":"<p>A l\u2019Institut Ramon Turr\u00f3 i Darder, oferim una \u00e0mplia varietat d\u2019itineraris acad\u00e8mics per preparar els estudiants per a un futur d&#8217;\u00e8xit. Tant si t&#8217;interessa obtenir una base s\u00f2lida en Educaci\u00f3 Secund\u00e0ria Obligat\u00f2ria (ESO), explorar una de les nostres modalitats de Batxillerat, o b\u00e9 formar-te en&hellip;  <a href=\"https:\/\/agora.xtec.cat\/iesmalgrat\/estudis\/\" title=\"Read CONSTRUEIX EL TEU FUTUR AL NOSTRE INSTITUT\">Llegeix m\u00e9s\u00bb<\/a><\/p>\n","protected":false},"author":6,"featured_media":0,"parent":0,"menu_order":0,"comment_status":"closed","ping_status":"close","template":"page-templates\/side-menu.php","meta":{"_bbp_topic_count":0,"_bbp_reply_count":0,"_bbp_total_topic_count":0,"_bbp_total_reply_count":0,"_bbp_voice_count":0,"_bbp_anonymous_reply_count":0,"_bbp_topic_count_hidden":0,"_bbp_reply_count_hidden":0,"_bbp_forum_subforum_count":0,"footnotes":""},"class_list":["post-5868","page","type-page","status-publish","hentry"],"post_mailing_queue_ids":[],"_links":{"self":[{"href":"https:\/\/agora.xtec.cat\/iesmalgrat\/wp-json\/wp\/v2\/pages\/5868","targetHints":{"allow":["GET"]}}],"collection":[{"href":"https:\/\/agora.xtec.cat\/iesmalgrat\/wp-json\/wp\/v2\/pages"}],"about":[{"href":"https:\/\/agora.xtec.cat\/iesmalgrat\/wp-json\/wp\/v2\/types\/page"}],"author":[{"embeddable":true,"href":"https:\/\/agora.xtec.cat\/iesmalgrat\/wp-json\/wp\/v2\/users\/6"}],"replies":[{"embeddable":true,"href":"https:\/\/agora.xtec.cat\/iesmalgrat\/wp-json\/wp\/v2\/comments?post=5868"}],"version-history":[{"count":6,"href":"https:\/\/agora.xtec.cat\/iesmalgrat\/wp-json\/wp\/v2\/pages\/5868\/revisions"}],"predecessor-version":[{"id":6216,"href":"https:\/\/agora.xtec.cat\/iesmalgrat\/wp-json\/wp\/v2\/pages\/5868\/revisions\/6216"}],"wp:attachment":[{"href":"https:\/\/agora.xtec.cat\/iesmalgrat\/wp-json\/wp\/v2\/media?parent=5868"}],"curies":[{"name":"wp","href":"https:\/\/api.w.org\/{rel}","templated":true}]}}