{"id":5725,"date":"2024-10-10T19:31:44","date_gmt":"2024-10-10T17:31:44","guid":{"rendered":"https:\/\/agora.xtec.cat\/iesmalgrat\/?page_id=5725"},"modified":"2024-10-10T19:41:46","modified_gmt":"2024-10-10T17:41:46","slug":"perfil-del-contractant","status":"publish","type":"page","link":"https:\/\/agora.xtec.cat\/iesmalgrat\/perfil-del-contractant\/","title":{"rendered":"Perfil del contractant"},"content":{"rendered":"<div class=\"wp-block-image\">\n<figure class=\"alignright size-full is-resized\"><a href=\"https:\/\/agora.xtec.cat\/iesmalgrat\/wp-content\/uploads\/usu615\/2024\/10\/napkin-selection-18.png\"><img loading=\"lazy\" decoding=\"async\" width=\"792\" height=\"485\" src=\"https:\/\/agora.xtec.cat\/iesmalgrat\/wp-content\/uploads\/usu615\/2024\/10\/napkin-selection-18.png\" alt=\"\" class=\"wp-image-5731\" style=\"width:400px;height:auto\" srcset=\"https:\/\/agora.xtec.cat\/iesmalgrat\/wp-content\/uploads\/usu615\/2024\/10\/napkin-selection-18.png 792w, https:\/\/agora.xtec.cat\/iesmalgrat\/wp-content\/uploads\/usu615\/2024\/10\/napkin-selection-18-300x184.png 300w, https:\/\/agora.xtec.cat\/iesmalgrat\/wp-content\/uploads\/usu615\/2024\/10\/napkin-selection-18-768x470.png 768w\" sizes=\"auto, (max-width: 792px) 100vw, 792px\" \/><\/a><\/figure><\/div>\n\n\n<p><\/p>\n\n\n\n<p style=\"text-align: justify;\">En el perfil del contractant trobareu la informaci\u00f3 relativa a les licitacions en curs i les adjudicacions de l\u2019Institut Ramon Turr\u00f3 i Darder. Tamb\u00e9 hi trobareu els plecs de cl\u00e0usules administratives i prescripcions t\u00e8cniques corresponents.<\/p>\n\n\n\n<h2 class=\"wp-block-heading\">Licitacions actuals<\/h2>\n\n\n\n<hr class=\"wp-block-separator has-alpha-channel-opacity\"\/>\n\n\n\n<h2 class=\"wp-block-heading\">Licitacions anteriors<\/h2>\n\n\n\n<h3 class=\"wp-block-heading\">Contracte del servei de neteja 2023<\/h3>\n\n\n\n<ul class=\"wp-block-list\">\n<li><a href=\"https:\/\/drive.google.com\/file\/d\/11MsTnIZOJ-ysMhZWJ9TiJjEXBOddaRz5\/view?usp=drive_link\">Plec de cl\u00e0usules administratives 2023<\/a><\/li>\n\n\n\n<li><a href=\"https:\/\/drive.google.com\/file\/d\/1T3-_6QLEI-xx6qkWeXWeXzoL8BBuDvs2\/view?usp=drive_link\" data-type=\"link\" data-id=\"https:\/\/drive.google.com\/file\/d\/1T3-_6QLEI-xx6qkWeXWeXzoL8BBuDvs2\/view?usp=drive_link\">Plec de prescripcions t\u00e8cniques 2023<\/a><\/li>\n\n\n\n<li><a href=\"https:\/\/contractaciopublica.cat\/ca\/detall-publicacio\/7987b0a2-a1de-415a-8f1b-6a80a040d8d1\/300002035\">Informe de la publicaci\u00f3 de la licitaci\u00f3 contractual (2023)<\/a><\/li>\n\n\n\n<li><a href=\"https:\/\/contractaciopublica.cat\/ca\/detall-publicacio\/7987b0a2-a1de-415a-8f1b-6a80a040d8d1\/300037397\">Adjudicaci\u00f3 de la licitaci\u00f3 2023<\/a><\/li>\n<\/ul>\n","protected":false},"excerpt":{"rendered":"<p><a href=\"https:\/\/agora.xtec.cat\/iesmalgrat\/wp-content\/uploads\/usu615\/2024\/10\/napkin-selection-18.png\"><\/a><\/p>\n<p>En el perfil del contractant trobareu la informaci\u00f3 relativa a les licitacions en curs i les adjudicacions de l\u2019Institut Ramon Turr\u00f3 i Darder. Tamb\u00e9 hi trobareu els plecs de cl\u00e0usules administratives i prescripcions t\u00e8cniques corresponents.<\/p>\n<p>Licitacions actuals<\/p>\n<p>Licitacions anteriors<\/p>\n<p>Contracte del servei de neteja 2023<\/p>\n<ul class=\"wp-block-list\">\n<li><a href=\"https:\/\/drive.google.com\/file\/d\/11MsTnIZOJ-ysMhZWJ9TiJjEXBOddaRz5\/view?usp=drive_link\">Plec&hellip;  <a href=\"https:\/\/agora.xtec.cat\/iesmalgrat\/perfil-del-contractant\/\" title=\"Read Perfil del contractant\">Llegeix m\u00e9s\u00bb<\/a><br \/>\n","protected":false},"author":6,"featured_media":0,"parent":0,"menu_order":0,"comment_status":"closed","ping_status":"close","template":"page-templates\/side-menu.php","meta":{"_bbp_topic_count":0,"_bbp_reply_count":0,"_bbp_total_topic_count":0,"_bbp_total_reply_count":0,"_bbp_voice_count":0,"_bbp_anonymous_reply_count":0,"_bbp_topic_count_hidden":0,"_bbp_reply_count_hidden":0,"_bbp_forum_subforum_count":0,"footnotes":""},"class_list":["post-5725","page","type-page","status-publish","hentry"],"post_mailing_queue_ids":[],"_links":{"self":[{"href":"https:\/\/agora.xtec.cat\/iesmalgrat\/wp-json\/wp\/v2\/pages\/5725","targetHints":{"allow":["GET"]}}],"collection":[{"href":"https:\/\/agora.xtec.cat\/iesmalgrat\/wp-json\/wp\/v2\/pages"}],"about":[{"href":"https:\/\/agora.xtec.cat\/iesmalgrat\/wp-json\/wp\/v2\/types\/page"}],"author":[{"embeddable":true,"href":"https:\/\/agora.xtec.cat\/iesmalgrat\/wp-json\/wp\/v2\/users\/6"}],"replies":[{"embeddable":true,"href":"https:\/\/agora.xtec.cat\/iesmalgrat\/wp-json\/wp\/v2\/comments?post=5725"}],"version-history":[{"count":6,"href":"https:\/\/agora.xtec.cat\/iesmalgrat\/wp-json\/wp\/v2\/pages\/5725\/revisions"}],"predecessor-version":[{"id":5762,"href":"https:\/\/agora.xtec.cat\/iesmalgrat\/wp-json\/wp\/v2\/pages\/5725\/revisions\/5762"}],"wp:attachment":[{"href":"https:\/\/agora.xtec.cat\/iesmalgrat\/wp-json\/wp\/v2\/media?parent=5725"}],"curies":[{"name":"wp","href":"https:\/\/api.w.org\/{rel}","templated":true}]}}