{"id":554,"date":"2017-01-31T16:11:50","date_gmt":"2017-01-31T15:11:50","guid":{"rendered":"http:\/\/agora.xtec.cat\/iesmalgrat\/?page_id=554"},"modified":"2024-10-12T09:12:04","modified_gmt":"2024-10-12T07:12:04","slug":"projecte-de-convivencia","status":"publish","type":"page","link":"https:\/\/agora.xtec.cat\/iesmalgrat\/linstitut\/projecte-de-convivencia\/","title":{"rendered":"Projecte de conviv\u00e8ncia"},"content":{"rendered":"<h3><span style=\"color: #0000ff;\"><strong><a href=\"https:\/\/agora.xtec.cat\/iesmalgrat\/wp-content\/uploads\/usu615\/2024\/09\/napkin-selection-11.png\"><img loading=\"lazy\" decoding=\"async\" class=\"aligncenter wp-image-5523\" src=\"https:\/\/agora.xtec.cat\/iesmalgrat\/wp-content\/uploads\/usu615\/2024\/09\/napkin-selection-11-300x231.png\" alt=\"Conviv\u00e8ncia\" width=\"400\" height=\"308\" srcset=\"https:\/\/agora.xtec.cat\/iesmalgrat\/wp-content\/uploads\/usu615\/2024\/09\/napkin-selection-11-300x231.png 300w, https:\/\/agora.xtec.cat\/iesmalgrat\/wp-content\/uploads\/usu615\/2024\/09\/napkin-selection-11-768x592.png 768w, https:\/\/agora.xtec.cat\/iesmalgrat\/wp-content\/uploads\/usu615\/2024\/09\/napkin-selection-11.png 858w\" sizes=\"auto, (max-width: 400px) 100vw, 400px\" \/><\/a><\/strong><\/span><\/h3>\n<h3>El Projecte de Conviv\u00e8ncia (PdC)<\/h3>\n<p style=\"text-align: justify;\">El Projecte de conviv\u00e8ncia \u00e9s un document on es reflecteixen les accions que el centre docent desenvolupa per capacitar tot l&#8217;alumnat i la resta de la comunitat educativa per a la conviv\u00e8ncia i la gesti\u00f3 positiva de conflictes. Tamb\u00e9 recull els mecanismes que el centre estableix a l&#8217;hora de resoldre els conflictes i de crear una atmosfera de treball i de conviv\u00e8ncia segura i saludable.<\/p>\n<p style=\"text-align: justify;\">Les accions que s\u2019hi proposen poden ser abordades des de tres nivells diferents:<\/p>\n<ul>\n<li style=\"text-align: justify;\"><strong><span style=\"color: #333333;\">Valors i actituds<\/span>:<\/strong> acollida, coeducaci\u00f3, mediaci\u00f3 escolar, educaci\u00f3 emocional, educaci\u00f3 per a la pau, inclusi\u00f3, educaci\u00f3 antiracista, programa TEI (Tutoria entre iguals).<\/li>\n<li style=\"text-align: justify;\"><span style=\"color: #333333;\"><strong>Resoluci\u00f3 de conflictes<\/strong>:<\/span> prevenci\u00f3 de l&#8217;absentisme escolar, drets i deures dels alumnes, conductes contr\u00e0ries a les normes de conviv\u00e8ncia, conductes greument perjudicials per a la conviv\u00e8ncia en el centre, normes d&#8217;aula, mesures correctives i sancions. Carnet de conviv\u00e8ncia per punts.<\/li>\n<li style=\"text-align: justify;\"><span style=\"color: #000000;\"><strong>Marc organitzatiu<\/strong>: <\/span>participaci\u00f3, estructura i gesti\u00f3 de recursos<\/li>\n<\/ul>\n<p style=\"text-align: justify;\">Per a cadascuna d&#8217;aquestes accions es programen iniciatives i estrat\u00e8gies en <span style=\"color: #000000;\">tres \u00e0mbits<\/span> diferents: l&#8217;aula, el centre i l&#8217;entorn.<\/p>\n<p><strong>TRANSPAR\u00c8NCIA<\/strong><\/p>\n<p style=\"text-align: justify;\">Els ciutadans majors de setze anys i les persones jur\u00eddiques degudament acreditades tenen dret a sol\u00b7licitar informaci\u00f3 p\u00fablica als centres educatius.<br \/>\nEn el cas dels centres educatius, els pares, mares i tutors legals dels alumnes escolaritzats al centre, o el mateix l\u2019alumne si \u00e9s major de setze anys, tenen la condici\u00f3 de persones interessades per poder sol\u00b7licitar informaci\u00f3 sobre els seus resultats acad\u00e8mics i altres aspectes que els afectin directament. <strong>Les sol\u00b7licituds d\u2019informaci\u00f3 p\u00fablica es fan per escrit i es pdemanen de forma presencial.<\/strong><\/p>\n<p>Els usuaris autoritzats poden consultar el projecte de conviv\u00e8ncia del curs 2020-2021, clicant l\u2019enlla\u00e7 seg\u00fcent:<\/p>\n<p style=\"text-align: center;\"><a href=\"https:\/\/drive.google.com\/file\/d\/1wl0voWHMzfl5IKO7CFYTbSnI9inUtXjZ\/view?usp=sharing\"> Acc\u00e9s al document: Projecte de conviv\u00e8ncia<\/a><\/p>\n<p style=\"text-align: right;\">Darrera revisi\u00f3: Setembre de 2022<\/p>\n","protected":false},"excerpt":{"rendered":"<p><a href=\"https:\/\/agora.xtec.cat\/iesmalgrat\/wp-content\/uploads\/usu615\/2024\/09\/napkin-selection-11.png\"><\/a><br \/>\nEl Projecte de Conviv\u00e8ncia (PdC)<br \/>\nEl Projecte de conviv\u00e8ncia \u00e9s un document on es reflecteixen les accions que el centre docent desenvolupa per capacitar tot l&#8217;alumnat i la resta de la comunitat educativa per a la conviv\u00e8ncia i la gesti\u00f3 positiva de conflictes. Tamb\u00e9 recull&hellip;  <a href=\"https:\/\/agora.xtec.cat\/iesmalgrat\/linstitut\/projecte-de-convivencia\/\" title=\"Read Projecte de conviv\u00e8ncia\">Llegeix m\u00e9s\u00bb<\/a><\/p>\n","protected":false},"author":1,"featured_media":0,"parent":19,"menu_order":7,"comment_status":"closed","ping_status":"closed","template":"page-templates\/side-menu.php","meta":{"_bbp_topic_count":0,"_bbp_reply_count":0,"_bbp_total_topic_count":0,"_bbp_total_reply_count":0,"_bbp_voice_count":0,"_bbp_anonymous_reply_count":0,"_bbp_topic_count_hidden":0,"_bbp_reply_count_hidden":0,"_bbp_forum_subforum_count":0,"footnotes":""},"class_list":["post-554","page","type-page","status-publish","hentry"],"post_mailing_queue_ids":[],"_links":{"self":[{"href":"https:\/\/agora.xtec.cat\/iesmalgrat\/wp-json\/wp\/v2\/pages\/554","targetHints":{"allow":["GET"]}}],"collection":[{"href":"https:\/\/agora.xtec.cat\/iesmalgrat\/wp-json\/wp\/v2\/pages"}],"about":[{"href":"https:\/\/agora.xtec.cat\/iesmalgrat\/wp-json\/wp\/v2\/types\/page"}],"author":[{"embeddable":true,"href":"https:\/\/agora.xtec.cat\/iesmalgrat\/wp-json\/wp\/v2\/users\/1"}],"replies":[{"embeddable":true,"href":"https:\/\/agora.xtec.cat\/iesmalgrat\/wp-json\/wp\/v2\/comments?post=554"}],"version-history":[{"count":6,"href":"https:\/\/agora.xtec.cat\/iesmalgrat\/wp-json\/wp\/v2\/pages\/554\/revisions"}],"predecessor-version":[{"id":5837,"href":"https:\/\/agora.xtec.cat\/iesmalgrat\/wp-json\/wp\/v2\/pages\/554\/revisions\/5837"}],"up":[{"embeddable":true,"href":"https:\/\/agora.xtec.cat\/iesmalgrat\/wp-json\/wp\/v2\/pages\/19"}],"wp:attachment":[{"href":"https:\/\/agora.xtec.cat\/iesmalgrat\/wp-json\/wp\/v2\/media?parent=554"}],"curies":[{"name":"wp","href":"https:\/\/api.w.org\/{rel}","templated":true}]}}