{"id":549,"date":"2017-01-31T16:07:48","date_gmt":"2017-01-31T15:07:48","guid":{"rendered":"http:\/\/agora.xtec.cat\/iesmalgrat\/?page_id=549"},"modified":"2024-10-13T19:08:50","modified_gmt":"2024-10-13T17:08:50","slug":"projecte-plurilingue-de-centre","status":"publish","type":"page","link":"https:\/\/agora.xtec.cat\/iesmalgrat\/linstitut\/projecte-plurilingue-de-centre\/","title":{"rendered":"Projecte Ling\u00fc\u00edstic de Centre"},"content":{"rendered":"<ul>\n<li style=\"text-align: justify;\"><strong><a href=\"https:\/\/agora.xtec.cat\/iesmalgrat\/wp-content\/uploads\/usu615\/2024\/10\/PLC.jpg\"><img loading=\"lazy\" decoding=\"async\" class=\"size-full wp-image-5795 alignleft\" src=\"https:\/\/agora.xtec.cat\/iesmalgrat\/wp-content\/uploads\/usu615\/2024\/10\/PLC.jpg\" alt=\"\" width=\"280\" height=\"280\" srcset=\"https:\/\/agora.xtec.cat\/iesmalgrat\/wp-content\/uploads\/usu615\/2024\/10\/PLC.jpg 280w, https:\/\/agora.xtec.cat\/iesmalgrat\/wp-content\/uploads\/usu615\/2024\/10\/PLC-150x150.jpg 150w\" sizes=\"auto, (max-width: 280px) 100vw, 280px\" \/><\/a>Projecte Ling\u00fc\u00edstic de Centre (PLC)<\/strong>: El projecte ling\u00fc\u00edstic \u00e9s l&#8217;element del projecte educatiu que recull els aspectes relatius a l&#8217;ensenyament i l&#8217;\u00fas de les lleng\u00fces al centre. L&#8217;objectiu fonamental ser\u00e0 aconseguir que tot l&#8217;alumnat assoleixi una s\u00f2lida compet\u00e8ncia comunicativa en acabar l&#8217;educaci\u00f3 obligat\u00f2ria, de manera que pugui utilitzar normalment i de manera correcta el catal\u00e0 i el castell\u00e0. Tamb\u00e9 podr\u00e0 comprendre i emetre missatges orals i escrits senzills en llengua anglesa i llengua alemanya (si l&#8217;alumne cursa, optativament, llengua alemanya al llarg de l&#8217;etapa).<\/li>\n<\/ul>\n<p style=\"text-align: center;\"><a href=\"https:\/\/educaciodigital.cat\/iesmalgrat\/moodle\/pluginfile.php\/17983\/mod_resource\/content\/1\/PLC_IES_Ramon_Turro_i_Darder.pdf\">Acc\u00e9s al document: Projecte Ling\u00fc\u00edstic de Centre (PLC)<\/a><\/p>\n<p style=\"text-align: right;\">Revisi\u00f3: Juny de 2020<\/p>\n\n\n<h2 class=\"md-end-block md-heading md-focus\"><span class=\"md-plain md-expand\">Idees Clau del Projecte Ling\u00fc\u00edstic<\/span><\/h2>\n<ol class=\"ol-list\" start=\"\">\n<li class=\"md-list-item\">\n<p class=\"md-end-block md-p\"><span class=\"md-pair-s \"><strong><span class=\"md-plain\">El catal\u00e0 com a llengua principal<\/span><\/strong><\/span><\/p>\n<ul class=\"ul-list\" data-mark=\"-\">\n<li class=\"md-list-item\">\n<p class=\"md-end-block md-p\"><span class=\"md-plain\">El catal\u00e0 \u00e9s la llengua vehicular del centre.<\/span><\/p>\n<\/li>\n<li class=\"md-list-item\">\n<p class=\"md-end-block md-p\"><span class=\"md-plain\">S&#8217;organitzaran activitats per promoure l&#8217;\u00fas de la llengua catalana.<\/span><\/p>\n<\/li>\n<li class=\"md-list-item\">\n<p class=\"md-end-block md-p\"><span class=\"md-plain\">El catal\u00e0 ser\u00e0 utilitzat en comunicacions administratives i internes.<\/span><\/p>\n<\/li>\n<li class=\"md-list-item\">\n<p class=\"md-end-block md-p\"><span class=\"md-plain\">P\u00e0gina web actualitzada regularment en catal\u00e0.<\/span><\/p>\n<\/li>\n<li class=\"md-list-item\">\n<p class=\"md-end-block md-p\"><span class=\"md-plain\">Revista escolar anual com a recurs compartit amb la comunitat educativa.<\/span><\/p>\n<\/li>\n<\/ul>\n<\/li>\n<li class=\"md-list-item\">\n<p class=\"md-end-block md-p\"><span class=\"md-pair-s \"><strong><span class=\"md-plain\">Multiling\u00fcisme<\/span><\/strong><\/span><\/p>\n<ul class=\"ul-list\" data-mark=\"-\">\n<li class=\"md-list-item\">\n<p class=\"md-end-block md-p\"><span class=\"md-plain\">Promoci\u00f3 d&#8217;un projecte pluriling\u00fce amb el catal\u00e0 com a eix vertebrador.<\/span><\/p>\n<\/li>\n<li class=\"md-list-item\">\n<p class=\"md-end-block md-p\"><span class=\"md-plain\">Respecte per la diversitat ling\u00fc\u00edstica i els bagatges culturals dels estudiants.<\/span><\/p>\n<\/li>\n<li class=\"md-list-item\">\n<p class=\"md-end-block md-p\"><span class=\"md-plain\">Mesures espec\u00edfiques per a estudiants que no coneixen cap de les dues lleng\u00fces oficials (catal\u00e0 o castell\u00e0).<\/span><\/p>\n<\/li>\n<li class=\"md-list-item\">\n<p class=\"md-end-block md-p\"><span class=\"md-plain\">\u00das de l&#8217;aula d&#8217;acollida per a l&#8217;aprenentatge de la llengua.<\/span><\/p>\n<\/li>\n<\/ul>\n<\/li>\n<li class=\"md-list-item\">\n<p class=\"md-end-block md-p\"><span class=\"md-pair-s \"><strong><span class=\"md-plain\">Llengua castellana<\/span><\/strong><\/span><\/p>\n<ul class=\"ul-list\" data-mark=\"-\">\n<li class=\"md-list-item\">\n<p class=\"md-end-block md-p\"><span class=\"md-plain\">Assegurar que els estudiants assoleixin el nivell competent de castell\u00e0 al final de l&#8217;ESO.<\/span><\/p>\n<\/li>\n<li class=\"md-list-item\">\n<p class=\"md-end-block md-p\"><span class=\"md-plain\">Col\u00b7laboraci\u00f3 entre els departaments de catal\u00e0 i castell\u00e0 per evitar superposicions en<\/span><span style=\"font-size: revert; color: initial;\"> estructures ling\u00fc\u00edstiques comunes.<\/span><\/p>\n<\/li>\n<\/ul>\n<\/li>\n<li class=\"md-list-item\">\n<p class=\"md-end-block md-p\"><span class=\"md-pair-s \"><strong><span class=\"md-plain\">Lleng\u00fces estrangeres<\/span><\/strong><\/span><\/p>\n<ul class=\"ul-list\" data-mark=\"-\">\n<li class=\"md-list-item\">\n<p class=\"md-end-block md-p\"><span class=\"md-plain\">Angl\u00e8s com a primera llengua estrangera.<\/span><\/p>\n<\/li>\n<li class=\"md-list-item\">\n<p class=\"md-end-block md-p\"><span class=\"md-plain\">Alemany com a segona llengua estrangera.<\/span><\/p>\n<\/li>\n<li class=\"md-list-item\">\n<p class=\"md-end-block md-p\"><span class=\"md-plain\">Estrat\u00e8gies per promoure l&#8217;\u00fas de l&#8217;angl\u00e8s, incloent-hi activitats extraescolars i programes internacionals.<\/span><\/p>\n<\/li>\n<\/ul>\n<\/li>\n<li class=\"md-list-item\">\n<p class=\"md-end-block md-p\"><span class=\"md-pair-s \"><strong><span class=\"md-plain\">Enfocaments metodol\u00f2gics<\/span><\/strong><\/span><\/p>\n<ul class=\"ul-list\" data-mark=\"-\">\n<li class=\"md-list-item\">\n<p class=\"md-end-block md-p\"><span class=\"md-plain\">Prioritzaci\u00f3 de l&#8217;enfocament comunicatiu i competencial.<\/span><\/p>\n<\/li>\n<li class=\"md-list-item\">\n<p class=\"md-end-block md-p\"><span class=\"md-plain\">\u00das de materials did\u00e0ctics diversos, incloent-hi recursos digitals.<\/span><\/p>\n<\/li>\n<\/ul>\n<\/li>\n<li class=\"md-list-item\">\n<p class=\"md-end-block md-p\"><span class=\"md-pair-s \"><strong><span class=\"md-plain\">Avaluaci\u00f3<\/span><\/strong><\/span><\/p>\n<ul class=\"ul-list\" data-mark=\"-\">\n<li class=\"md-list-item\">\n<p class=\"md-end-block md-p\"><span class=\"md-plain\">Proc\u00e9s d&#8217;avaluaci\u00f3 cont\u00ednua tenint en compte el punt de partida de cada estudiant i el seu progr\u00e9s individual.<\/span><\/p>\n<\/li>\n<\/ul>\n<\/li>\n<li class=\"md-list-item\">\n<p class=\"md-end-block md-p\"><span class=\"md-pair-s \"><strong><span class=\"md-plain\">Implicaci\u00f3 de la comunitat<\/span><\/strong><\/span><\/p>\n<ul class=\"ul-list\" data-mark=\"-\">\n<li class=\"md-list-item\">\n<p class=\"md-end-block md-p\"><span class=\"md-plain\">Col\u00b7laboraci\u00f3 amb les fam\u00edlies i l&#8217;AFA per a activitats extraescolars.<\/span><\/p>\n<\/li>\n<li class=\"md-list-item\">\n<p class=\"md-end-block md-p\"><span class=\"md-plain\">\u00das de la biblioteca escolar i activitats de promoci\u00f3 de la lectura.<\/span><\/p>\n<\/li>\n<\/ul>\n<\/li>\n<li class=\"md-list-item\">\n<p class=\"md-end-block md-p\"><span class=\"md-pair-s \"><strong><span class=\"md-plain\">Consci\u00e8ncia cultural<\/span><\/strong><\/span><\/p>\n<ul class=\"ul-list\" data-mark=\"-\">\n<li class=\"md-list-item\">\n<p class=\"md-end-block md-p md-focus\"><span class=\"md-plain\">Valoraci\u00f3 del bagatge ling\u00fc\u00edstic i cultural dels estudiants immigrants.<\/span><\/p>\n<\/li>\n<li class=\"md-list-item\">\n<p class=\"md-end-block md-p\"><span class=\"md-plain\">Inclusi\u00f3 de continguts culturals de diversos pa\u00efsos que conformen l&#8217;\u00e0mbit geogr\u00e0fic de les lleng\u00fces<\/span><\/p>\n<\/li>\n<\/ul>\n<\/li>\n<\/ol>\n<p class=\"md-end-block md-p\"><strong style=\"font-size: revert; color: initial;\"><span class=\"md-plain\">\u00a0 \u00a0 \u00a0 9. Projecci\u00f3 externa<\/span><\/strong><\/p>\n<ul class=\"ul-list\" style=\"list-style-type: circle;\" data-mark=\"-\">\n<li class=\"md-list-item\">\n<p class=\"md-end-block md-p\"><span class=\"md-plain\">Informaci\u00f3 sobre les activitats escolars compartida amb publicacions locals<\/span><\/p>\n<\/li>\n<li class=\"md-list-item md-focus-container\">\n<p class=\"md-end-block md-p md-focus\"><span class=\"md-plain md-expand\">Sortides acad\u00e8miques i intercanvis per complementar el curr\u00edculum de lleng\u00fces<\/span><\/p>\n<\/li>\n<\/ul>\n","protected":false},"excerpt":{"rendered":"<ul>\n<li style=\"text-align: justify;\"><a href=\"https:\/\/agora.xtec.cat\/iesmalgrat\/wp-content\/uploads\/usu615\/2024\/10\/PLC.jpg\"><\/a>Projecte Ling\u00fc\u00edstic de Centre (PLC): El projecte ling\u00fc\u00edstic \u00e9s l&#8217;element del projecte educatiu que recull els aspectes relatius a l&#8217;ensenyament i l&#8217;\u00fas de les lleng\u00fces al centre. L&#8217;objectiu fonamental ser\u00e0 aconseguir que tot l&#8217;alumnat assoleixi una s\u00f2lida compet\u00e8ncia comunicativa en acabar l&#8217;educaci\u00f3&hellip;  <a href=\"https:\/\/agora.xtec.cat\/iesmalgrat\/linstitut\/projecte-plurilingue-de-centre\/\" title=\"Read Projecte Ling\u00fc\u00edstic de Centre\">Llegeix m\u00e9s\u00bb<\/a><br \/>\n","protected":false},"author":8,"featured_media":0,"parent":19,"menu_order":6,"comment_status":"closed","ping_status":"closed","template":"page-templates\/side-menu.php","meta":{"_bbp_topic_count":0,"_bbp_reply_count":0,"_bbp_total_topic_count":0,"_bbp_total_reply_count":0,"_bbp_voice_count":0,"_bbp_anonymous_reply_count":0,"_bbp_topic_count_hidden":0,"_bbp_reply_count_hidden":0,"_bbp_forum_subforum_count":0,"footnotes":""},"class_list":["post-549","page","type-page","status-publish","hentry"],"post_mailing_queue_ids":[],"_links":{"self":[{"href":"https:\/\/agora.xtec.cat\/iesmalgrat\/wp-json\/wp\/v2\/pages\/549","targetHints":{"allow":["GET"]}}],"collection":[{"href":"https:\/\/agora.xtec.cat\/iesmalgrat\/wp-json\/wp\/v2\/pages"}],"about":[{"href":"https:\/\/agora.xtec.cat\/iesmalgrat\/wp-json\/wp\/v2\/types\/page"}],"author":[{"embeddable":true,"href":"https:\/\/agora.xtec.cat\/iesmalgrat\/wp-json\/wp\/v2\/users\/8"}],"replies":[{"embeddable":true,"href":"https:\/\/agora.xtec.cat\/iesmalgrat\/wp-json\/wp\/v2\/comments?post=549"}],"version-history":[{"count":6,"href":"https:\/\/agora.xtec.cat\/iesmalgrat\/wp-json\/wp\/v2\/pages\/549\/revisions"}],"predecessor-version":[{"id":5852,"href":"https:\/\/agora.xtec.cat\/iesmalgrat\/wp-json\/wp\/v2\/pages\/549\/revisions\/5852"}],"up":[{"embeddable":true,"href":"https:\/\/agora.xtec.cat\/iesmalgrat\/wp-json\/wp\/v2\/pages\/19"}],"wp:attachment":[{"href":"https:\/\/agora.xtec.cat\/iesmalgrat\/wp-json\/wp\/v2\/media?parent=549"}],"curies":[{"name":"wp","href":"https:\/\/api.w.org\/{rel}","templated":true}]}}