{"id":5393,"date":"2024-07-01T13:55:18","date_gmt":"2024-07-01T11:55:18","guid":{"rendered":"https:\/\/agora.xtec.cat\/iesmalgrat\/?page_id=5393"},"modified":"2024-12-14T19:42:54","modified_gmt":"2024-12-14T18:42:54","slug":"qualitat-i-millora","status":"publish","type":"page","link":"https:\/\/agora.xtec.cat\/iesmalgrat\/qualitat-i-millora\/","title":{"rendered":"Qualitat i millora"},"content":{"rendered":"\n<p><strong>POL\u00cdTICA DE QUALITAT<\/strong><\/p>\n\n\n\n<p class=\"justify-text-block\">L\u2019Institut Ramon Turr\u00f3 i Darder \u00e9s un centre educatiu p\u00fablic d&#8217;estudis obligatoris i postobligatoris, que entra a formar part del Projecte de Qualitat I Millora Cont\u00ednua (PQiMC) del Departament d\u2019Educaci\u00f3 el setembre del 2023 amb l&#8217;objectiu ajudar a dissenyar, implementar, avaluar i millorar cont\u00ednuament els seus sistemes de gesti\u00f3 en els estudis de Formaci\u00f3 professional i PFI.&nbsp;<\/p>\n\n\n<div class=\"wp-block-image\">\n<figure class=\"alignright size-full is-resized\"><a href=\"https:\/\/agora.xtec.cat\/iesmalgrat\/wp-content\/uploads\/usu615\/2024\/12\/napkin-selection.png\"><img loading=\"lazy\" decoding=\"async\" width=\"933\" height=\"888\" src=\"https:\/\/agora.xtec.cat\/iesmalgrat\/wp-content\/uploads\/usu615\/2024\/12\/napkin-selection.png\" alt=\"\" class=\"wp-image-6340\" style=\"width:400px\" srcset=\"https:\/\/agora.xtec.cat\/iesmalgrat\/wp-content\/uploads\/usu615\/2024\/12\/napkin-selection.png 933w, https:\/\/agora.xtec.cat\/iesmalgrat\/wp-content\/uploads\/usu615\/2024\/12\/napkin-selection-300x286.png 300w, https:\/\/agora.xtec.cat\/iesmalgrat\/wp-content\/uploads\/usu615\/2024\/12\/napkin-selection-768x731.png 768w\" sizes=\"auto, (max-width: 933px) 100vw, 933px\" \/><\/a><\/figure><\/div>\n\n\n<p class=\"justify-text-block\">Les metodologies utilitzades es fonamenten en els principis de la gesti\u00f3 de la qualitat i d\u2019acord amb models basats en normes internacionals (ISO 9001). La finalitat \u00faltima del Projecte \u00e9s la d\u2019aconseguir l\u2019excel\u00b7l\u00e8ncia en els resultats educatius a trav\u00e9s de la millora cont\u00ednua dels processos, la confian\u00e7a i la satisfacci\u00f3 de l\u2019alumnat, les fam\u00edlies, les empreses i els diferents agents implicats, envers el servei educatiu proporcionat.&nbsp;<\/p>\n\n\n\n<p class=\"justify-text-block\">El comprom\u00eds de l\u2019Institut Ramon Turr\u00f3 i Darder amb la Qualitat porta a l\u2019Equip Directiu conjuntament amb la comissi\u00f3 de qualitat a proporcionar els recursos necessaris per poder assolir els objectius derivats de les revisions i necessitats del nostre SGQ per millorar-lo cada curs, mantenint informada a la comunitat educativa que accepta i ent\u00e9n el sistema fins al punt de convertir-lo en cultura pr\u00f2pia de centre.<\/p>\n\n\n\n<p class=\"justify-text-block\">El nostre centre s\u2019organitzar\u00e0 per processos i mantindr\u00e0 un sistema de gesti\u00f3 de qualitat per tal d\u2019assolir la satisfacci\u00f3 de necessitats i expectatives dels nostres clients i grups d\u2019inter\u00e8s, especialment l\u2019alumnat, i la millora cont\u00ednua del servei proporcionat.<\/p>\n\n\n\n<p class=\"justify-text-block\">Dins del proc\u00e9s d\u2019ensenyament-aprenentatge, l\u2019abast es concreta en els cicles de grau mitj\u00e0 i PFI.<\/p>\n\n\n\n<p><strong>Exclusi\u00f3 de la Norma<\/strong>&nbsp;<\/p>\n\n\n\n<p class=\"justify-text-block\">No apliquem el punt de la norma 8.3 de disseny i desenvolupament de productes i serveis. El Departament d\u2019Educaci\u00f3 \u00e9s el responsable del disseny i desenvolupament de productes i serveis: estructura, continguts i recursos necessaris per a impartir els cursos reglats.<\/p>\n","protected":false},"excerpt":{"rendered":"<p>POL\u00cdTICA DE QUALITAT<\/p>\n<p>L\u2019Institut Ramon Turr\u00f3 i Darder \u00e9s un centre educatiu p\u00fablic d&#8217;estudis obligatoris i postobligatoris, que entra a formar part del Projecte de Qualitat I Millora Cont\u00ednua (PQiMC) del Departament d\u2019Educaci\u00f3 el setembre del 2023 amb l&#8217;objectiu ajudar a dissenyar, implementar, avaluar i millorar&hellip;  <a href=\"https:\/\/agora.xtec.cat\/iesmalgrat\/qualitat-i-millora\/\" title=\"Read Qualitat i millora\">Llegeix m\u00e9s\u00bb<\/a><\/p>\n","protected":false},"author":1,"featured_media":0,"parent":0,"menu_order":0,"comment_status":"closed","ping_status":"close","template":"page-templates\/side-menu.php","meta":{"_bbp_topic_count":0,"_bbp_reply_count":0,"_bbp_total_topic_count":0,"_bbp_total_reply_count":0,"_bbp_voice_count":0,"_bbp_anonymous_reply_count":0,"_bbp_topic_count_hidden":0,"_bbp_reply_count_hidden":0,"_bbp_forum_subforum_count":0,"footnotes":""},"class_list":["post-5393","page","type-page","status-publish","hentry"],"post_mailing_queue_ids":[],"_links":{"self":[{"href":"https:\/\/agora.xtec.cat\/iesmalgrat\/wp-json\/wp\/v2\/pages\/5393","targetHints":{"allow":["GET"]}}],"collection":[{"href":"https:\/\/agora.xtec.cat\/iesmalgrat\/wp-json\/wp\/v2\/pages"}],"about":[{"href":"https:\/\/agora.xtec.cat\/iesmalgrat\/wp-json\/wp\/v2\/types\/page"}],"author":[{"embeddable":true,"href":"https:\/\/agora.xtec.cat\/iesmalgrat\/wp-json\/wp\/v2\/users\/1"}],"replies":[{"embeddable":true,"href":"https:\/\/agora.xtec.cat\/iesmalgrat\/wp-json\/wp\/v2\/comments?post=5393"}],"version-history":[{"count":5,"href":"https:\/\/agora.xtec.cat\/iesmalgrat\/wp-json\/wp\/v2\/pages\/5393\/revisions"}],"predecessor-version":[{"id":6342,"href":"https:\/\/agora.xtec.cat\/iesmalgrat\/wp-json\/wp\/v2\/pages\/5393\/revisions\/6342"}],"wp:attachment":[{"href":"https:\/\/agora.xtec.cat\/iesmalgrat\/wp-json\/wp\/v2\/media?parent=5393"}],"curies":[{"name":"wp","href":"https:\/\/api.w.org\/{rel}","templated":true}]}}