{"id":49,"date":"2014-09-17T16:55:55","date_gmt":"2014-09-17T16:55:55","guid":{"rendered":"http:\/\/agora.xtec.cat\/iesmalgrat\/?page_id=49"},"modified":"2025-12-09T15:08:02","modified_gmt":"2025-12-09T14:08:02","slug":"normes-dorganitzacio-i-funcionament","status":"publish","type":"page","link":"https:\/\/agora.xtec.cat\/iesmalgrat\/linstitut\/normes-dorganitzacio-i-funcionament\/","title":{"rendered":"Normes d&#8217;organitzaci\u00f3 i funcionament (NOFC)"},"content":{"rendered":"<h6>(DECRET 102\/2010, de 3 d&#8217;agost, d&#8217;autonomia dels centres educatius. Cap\u00edtol 3. Autonomia organitzativa. Article18)<\/h6>\n<p>Les normes d&#8217;organitzaci\u00f3 i funcionament (NOFC) de l\u2019Institut Ramon Turr\u00f3 i Darder apleguen el conjunt d&#8217;acords i decisions d&#8217;organitzaci\u00f3 i de funcionament que s&#8217;hi adopten per fer possible, en el dia a dia, el treball educatiu i de gesti\u00f3 que permet assolir els objectius proposats en el projecte educatiu del centre i en la seva programaci\u00f3 anual.<\/p>\n<p>Correspon al consell escolar, a proposta de la direcci\u00f3 del centre p\u00fablic, aprovar les normes d&#8217;organitzaci\u00f3 i funcionament i les seves modificacions.<\/p>\n<p><strong><span style=\"color: #333333;\">Contingut<\/span><\/strong><\/p>\n<p style=\"text-align: justify;\"><strong>T\u00edtol\u00a0 1.-<\/strong> Base legal i \u00e0mbit d&#8217;aplicaci\u00f3<br \/>\n<strong>T\u00edtol 2.-<\/strong> Estructura organitzativa de govern i de coordinaci\u00f3 del centre: Consell Escolar, Claustre de professors, Departaments Did\u00e0ctics, Comissi\u00f3 d&#8217;atenci\u00f3 a la diversitat, Equips docents, \u00d2rgans unipersonals de govern (Director, Cap d&#8217;Estudis, Secretari, Coordinaci\u00f3 Pedag\u00f2gica), \u00d2rgans unipersonals de coordinaci\u00f3.<br \/>\n<strong>T\u00edtol 3.-<\/strong> Recursos humans: Professorat, personal d&#8217;administraci\u00f3 i serveis, alumnat, pares i mares d&#8217;alumnes.<br \/>\n<strong>T\u00edtol\u00a0 4.-<\/strong> Organitzaci\u00f3 de l&#8217;ensenyament<br \/>\n<strong>T\u00edtol\u00a0 5.-<\/strong> Recursos materials.<\/p>\n<p style=\"text-align: center;\"><a href=\"https:\/\/drive.google.com\/file\/d\/1lF3Y36ML3s3V6PLqfK97BiQ_CW2GKNWc\/view?usp=drive_link\" target=\"_blank\" rel=\"noopener\" data-wplink-edit=\"true\">Acc\u00e9s al document:Normes d&#8217;organitzaci\u00f3 i funcionament del centre<\/a><\/p>\n<p style=\"text-align: right;\">Darrera revisi\u00f3: Aprovat pel Consell Escolar del 26 de novembre de 2025<\/p>\n","protected":false},"excerpt":{"rendered":"<p>(DECRET 102\/2010, de 3 d&#8217;agost, d&#8217;autonomia dels centres educatius. Cap\u00edtol 3. Autonomia organitzativa. Article18)<br \/>\nLes normes d&#8217;organitzaci\u00f3 i funcionament (NOFC) de l\u2019Institut Ramon Turr\u00f3 i Darder apleguen el conjunt d&#8217;acords i decisions d&#8217;organitzaci\u00f3 i de funcionament que s&#8217;hi adopten per fer possible, en el dia a&hellip;  <a href=\"https:\/\/agora.xtec.cat\/iesmalgrat\/linstitut\/normes-dorganitzacio-i-funcionament\/\" title=\"Read Normes d&#8217;organitzaci\u00f3 i funcionament (NOFC)\">Llegeix m\u00e9s\u00bb<\/a><\/p>\n","protected":false},"author":1,"featured_media":0,"parent":19,"menu_order":6,"comment_status":"closed","ping_status":"closed","template":"page-templates\/side-menu.php","meta":{"_bbp_topic_count":0,"_bbp_reply_count":0,"_bbp_total_topic_count":0,"_bbp_total_reply_count":0,"_bbp_voice_count":0,"_bbp_anonymous_reply_count":0,"_bbp_topic_count_hidden":0,"_bbp_reply_count_hidden":0,"_bbp_forum_subforum_count":0,"footnotes":""},"class_list":["post-49","page","type-page","status-publish","hentry"],"post_mailing_queue_ids":[],"_links":{"self":[{"href":"https:\/\/agora.xtec.cat\/iesmalgrat\/wp-json\/wp\/v2\/pages\/49","targetHints":{"allow":["GET"]}}],"collection":[{"href":"https:\/\/agora.xtec.cat\/iesmalgrat\/wp-json\/wp\/v2\/pages"}],"about":[{"href":"https:\/\/agora.xtec.cat\/iesmalgrat\/wp-json\/wp\/v2\/types\/page"}],"author":[{"embeddable":true,"href":"https:\/\/agora.xtec.cat\/iesmalgrat\/wp-json\/wp\/v2\/users\/1"}],"replies":[{"embeddable":true,"href":"https:\/\/agora.xtec.cat\/iesmalgrat\/wp-json\/wp\/v2\/comments?post=49"}],"version-history":[{"count":6,"href":"https:\/\/agora.xtec.cat\/iesmalgrat\/wp-json\/wp\/v2\/pages\/49\/revisions"}],"predecessor-version":[{"id":7534,"href":"https:\/\/agora.xtec.cat\/iesmalgrat\/wp-json\/wp\/v2\/pages\/49\/revisions\/7534"}],"up":[{"embeddable":true,"href":"https:\/\/agora.xtec.cat\/iesmalgrat\/wp-json\/wp\/v2\/pages\/19"}],"wp:attachment":[{"href":"https:\/\/agora.xtec.cat\/iesmalgrat\/wp-json\/wp\/v2\/media?parent=49"}],"curies":[{"name":"wp","href":"https:\/\/api.w.org\/{rel}","templated":true}]}}