{"id":4809,"date":"2023-08-24T16:58:01","date_gmt":"2023-08-24T14:58:01","guid":{"rendered":"https:\/\/agora.xtec.cat\/iesmalgrat\/?page_id=4809"},"modified":"2023-10-19T17:38:50","modified_gmt":"2023-10-19T15:38:50","slug":"projecte-deducacio-per-a-la-sostenibilitat","status":"publish","type":"page","link":"https:\/\/agora.xtec.cat\/iesmalgrat\/projecte-deducacio-per-a-la-sostenibilitat\/","title":{"rendered":"Projecte d&#8217;Educaci\u00f3 per a la sostenibilitat"},"content":{"rendered":"<div class=\"border-start bgGrey\">\n<div id=\"impacteContainer\">\n<div class=\"fpca-subcapcalera \">\n<div class=\"NG-menu \">\n<div class=\"NG-container\">\n<div class=\"NG-menu__wrapper\">\n<div class=\"NG-menu__wrapper_title\" role=\"main\">\n<h1 class=\"NG-menu__title\"><a href=\"https:\/\/agora.xtec.cat\/iesmalgrat\/wp-content\/uploads\/usu615\/2023\/10\/Sin-titulo.png\"><img loading=\"lazy\" decoding=\"async\" class=\"size-full wp-image-4886 alignleft\" src=\"https:\/\/agora.xtec.cat\/iesmalgrat\/wp-content\/uploads\/usu615\/2023\/10\/Sin-titulo.png\" alt=\"\" width=\"290\" height=\"174\" \/><\/a>Educaci\u00f3 per a la sostenibilitat<\/h1>\n<\/div>\n<\/div>\n<\/div>\n<\/div>\n<\/div>\n<\/div>\n<\/div>\n<div class=\"literalesAccesibilidad\">\n<p>L\u2019educaci\u00f3 per a la sostenibilitat \u00e9s un instrument imprescindible per implicar les persones en la construcci\u00f3 d\u2019una nova cultura de la sostenibilitat i per generar una transformaci\u00f3 social col\u00b7lectiva. El seu objectiu principal \u00e9s el de generar processos d\u2019ensenyament i aprenentatge que portin cap a experi\u00e8ncies aut\u00e8nticament transformadores.Els programes d\u2019educaci\u00f3 ambiental de la Secretaria d\u2019Acci\u00f3 Clim\u00e0tica tenen com a finalitat impulsar aquest canvi cultural que permeti respondre als reptes socioambientals actuals de forma coordinada, i donen compliment al comprom\u00eds de la Secretaria amb la Declaraci\u00f3 del II Congr\u00e9s Nacional d\u2019Educaci\u00f3 Ambiental.<\/p>\n<div id=\"center_1_1R\">\n<div class=\"fpca_descripciopagina formatter_body\">\n<div class=\"basic_text_peq pd-15 pd-30 link-dotted\">\n<p>Els diversos programes d\u2019educaci\u00f3 ambiental que s\u2019impulsen estan adre\u00e7ats a les escoles, a les entitats sense \u00e0nim de lucre, a la ciutadania en general i als professionals del sector de l\u2019educaci\u00f3 ambiental.<\/p>\n<ul>\n<li><a class=\"distribuidora-item-link\" title=\"Xarxa d'Escoles verdes\" href=\"https:\/\/mediambient.gencat.cat\/ca\/05_ambits_dactuacio\/educacio_i_sostenibilitat\/educacio_per_a_la_sostenibilitat\/escoles_verdes\/\" target=\"_self\" rel=\"noopener\">Xarxa d&#8217;Escoles verdes <\/a><\/li>\n<li><a class=\"distribuidora-item-link\" title=\"Xarxa d'Escoles per a la Sostenibilitat de Catalunya (XESC)\" href=\"https:\/\/mediambient.gencat.cat\/ca\/05_ambits_dactuacio\/educacio_i_sostenibilitat\/educacio_per_a_la_sostenibilitat\/xesc\/\" target=\"_self\" rel=\"noopener\">Xarxa d&#8217;Escoles per a la Sostenibilitat de Catalunya (XESC) <\/a><\/li>\n<li><a class=\"distribuidora-item-link\" title=\"Escoles cap a la Sostenibilitat en Xarxa (ESenRED)\" href=\"https:\/\/mediambient.gencat.cat\/ca\/05_ambits_dactuacio\/educacio_i_sostenibilitat\/educacio_per_a_la_sostenibilitat\/Escoles_ESenRED\/\" target=\"_self\" rel=\"noopener\">Escoles cap a la Sostenibilitat en Xarxa (ESenRED) <\/a><\/li>\n<li><a class=\"distribuidora-item-link\" title=\"Aparador de recursos i experi\u00e8ncies educatives\" href=\"https:\/\/mediambient.gencat.cat\/ca\/05_ambits_dactuacio\/educacio_i_sostenibilitat\/educacio_per_a_la_sostenibilitat\/suport_educatiu\/\" target=\"_self\" rel=\"noopener\">Aparador de recursos i experi\u00e8ncies educatives <\/a><\/li>\n<li><a class=\"distribuidora-item-link\" title=\"Aprenentatge servei i servei comunitari ambiental\" href=\"https:\/\/mediambient.gencat.cat\/ca\/05_ambits_dactuacio\/educacio_i_sostenibilitat\/educacio_per_a_la_sostenibilitat\/aprenentatge-servei\/\" target=\"_self\" rel=\"noopener\">Aprenentatge servei i servei comunitari ambiental <\/a><\/li>\n<li><a class=\"distribuidora-item-link\" title=\"Cens d'organitzacions i espais d'educaci\u00f3 ambiental\" href=\"https:\/\/mediambient.gencat.cat\/ca\/05_ambits_dactuacio\/educacio_i_sostenibilitat\/educacio_per_a_la_sostenibilitat\/cens-organitzacions\/\" target=\"_self\" rel=\"noopener\">Cens d&#8217;organitzacions i espais d&#8217;educaci\u00f3 ambiental <\/a><\/li>\n<li><a class=\"distribuidora-item-link\" title=\"Projecte per a la professionalitzaci\u00f3 del sector de l'educaci\u00f3 ambiental\" href=\"https:\/\/mediambient.gencat.cat\/ca\/05_ambits_dactuacio\/educacio_i_sostenibilitat\/educacio_per_a_la_sostenibilitat\/projecte-professionalitzacio-sector-educacio-ambiental\/\" target=\"_self\" rel=\"noopener\">Projecte per a la professionalitzaci\u00f3 del sector de l&#8217;educaci\u00f3 ambiental <\/a><\/li>\n<li><a class=\"distribuidora-item-link\" title=\"Ci\u00e8ncia Ciutadana i Natura\" href=\"https:\/\/mediambient.gencat.cat\/ca\/05_ambits_dactuacio\/educacio_i_sostenibilitat\/educacio_per_a_la_sostenibilitat\/ciencia-ciutadana-natura\/\" target=\"_self\" rel=\"noopener\">Ci\u00e8ncia Ciutadana i Natura <\/a><\/li>\n<li class=\"distribuidora-item \"><a class=\"distribuidora-item-link\" title=\"Projecte ADNPYR\" href=\"https:\/\/mediambient.gencat.cat\/ca\/05_ambits_dactuacio\/educacio_i_sostenibilitat\/educacio_per_a_la_sostenibilitat\/projecte-adnpyr\/\" target=\"_self\" rel=\"noopener\">Projecte ADNPYR <\/a><\/li>\n<\/ul>\n<p>Aquest <a href=\"https:\/\/drive.google.com\/file\/d\/1pPZbxIoTR2b89lUEgHVCus0Y_4jvkl_O\/view?usp=sharing\"><span style=\"color: #ff0000;\"><em><strong>document<\/strong> <\/em><\/span><\/a>\u00e9s el Pla d&#8217;Educaci\u00f3 per a la Sostenibilitat (PES) del nostre centre on es detallen les actuacions previstes per al per\u00edode 2022-2026.<\/p>\n<\/div>\n<\/div>\n<\/div>\n<\/div>\n<p>&nbsp;<\/p>\n","protected":false},"excerpt":{"rendered":"<p><a href=\"https:\/\/agora.xtec.cat\/iesmalgrat\/wp-content\/uploads\/usu615\/2023\/10\/Sin-titulo.png\"><\/a>Educaci\u00f3 per a la sostenibilitat<\/p>\n<p>L\u2019educaci\u00f3 per a la sostenibilitat \u00e9s un instrument imprescindible per implicar les persones en la construcci\u00f3 d\u2019una nova cultura de la sostenibilitat i per generar una transformaci\u00f3 social col\u00b7lectiva. El seu objectiu principal \u00e9s el de generar processos d\u2019ensenyament i&hellip;  <a href=\"https:\/\/agora.xtec.cat\/iesmalgrat\/projecte-deducacio-per-a-la-sostenibilitat\/\" title=\"Read Projecte d&#8217;Educaci\u00f3 per a la sostenibilitat\">Llegeix m\u00e9s\u00bb<\/a><\/p>\n","protected":false},"author":8,"featured_media":0,"parent":0,"menu_order":0,"comment_status":"closed","ping_status":"closed","template":"","meta":{"_bbp_topic_count":0,"_bbp_reply_count":0,"_bbp_total_topic_count":0,"_bbp_total_reply_count":0,"_bbp_voice_count":0,"_bbp_anonymous_reply_count":0,"_bbp_topic_count_hidden":0,"_bbp_reply_count_hidden":0,"_bbp_forum_subforum_count":0,"footnotes":""},"class_list":["post-4809","page","type-page","status-publish","hentry"],"post_mailing_queue_ids":[],"_links":{"self":[{"href":"https:\/\/agora.xtec.cat\/iesmalgrat\/wp-json\/wp\/v2\/pages\/4809","targetHints":{"allow":["GET"]}}],"collection":[{"href":"https:\/\/agora.xtec.cat\/iesmalgrat\/wp-json\/wp\/v2\/pages"}],"about":[{"href":"https:\/\/agora.xtec.cat\/iesmalgrat\/wp-json\/wp\/v2\/types\/page"}],"author":[{"embeddable":true,"href":"https:\/\/agora.xtec.cat\/iesmalgrat\/wp-json\/wp\/v2\/users\/8"}],"replies":[{"embeddable":true,"href":"https:\/\/agora.xtec.cat\/iesmalgrat\/wp-json\/wp\/v2\/comments?post=4809"}],"version-history":[{"count":5,"href":"https:\/\/agora.xtec.cat\/iesmalgrat\/wp-json\/wp\/v2\/pages\/4809\/revisions"}],"predecessor-version":[{"id":4887,"href":"https:\/\/agora.xtec.cat\/iesmalgrat\/wp-json\/wp\/v2\/pages\/4809\/revisions\/4887"}],"wp:attachment":[{"href":"https:\/\/agora.xtec.cat\/iesmalgrat\/wp-json\/wp\/v2\/media?parent=4809"}],"curies":[{"name":"wp","href":"https:\/\/api.w.org\/{rel}","templated":true}]}}