{"id":418,"date":"2016-11-23T18:48:15","date_gmt":"2016-11-23T17:48:15","guid":{"rendered":"http:\/\/agora.xtec.cat\/iesmalgrat\/?page_id=418"},"modified":"2023-10-19T17:24:22","modified_gmt":"2023-10-19T15:24:22","slug":"e-twinning","status":"publish","type":"page","link":"https:\/\/agora.xtec.cat\/iesmalgrat\/projectes\/e-twinning\/","title":{"rendered":"e-Twinning"},"content":{"rendered":"<h6><a href=\"http:\/\/agora.xtec.cat\/iesmalgrat\/wp-content\/uploads\/usu615\/2016\/11\/etwinning-promo-3-240x220.gif\"><img loading=\"lazy\" decoding=\"async\" class=\"alignleft wp-image-907\" src=\"http:\/\/agora.xtec.cat\/iesmalgrat\/wp-content\/uploads\/usu615\/2016\/11\/etwinning-promo-3-240x220.gif\" alt=\"etwinning-promo-3-240x220\" width=\"306\" height=\"255\" \/><\/a>Qu\u00e8 \u00e9s eTwinning?: Es una plataforma que s&#8217;ofereix als equips educatius dels centres escolars dels pa\u00efsos participants per comunicar-se, col\u00b7laborar, desenvolupar projectes o, el que \u00e9s el mateix, sentir-se i fomrar part d&#8217;una de les comunictats educatives m\u00e9s atractives d&#8217;Europa.<\/h6>\n<p>eTwinning fomenta la col\u00b7laboraci\u00f3 escolar europea fent servir les tecnolgies de la informaci\u00f3 i la cimunicaci\u00f3 (TIC) i dona servei als centres escolars poporcionant les eines i els serveis necessaris per facilitar la seva associaci\u00f3 amb d&#8217;altres centres per desenvolupar un projecte en com\u00fa.<\/p>\n<p>eTwinning va n\u00e9ixer l&#8217;any 2005, essent la iniciativa m\u00e9s important del Programa d&#8217;aprenentatge e-learning de la Comissi\u00f3 Europea i des de l&#8217;any 2014 forma part de <a href=\"http:\/\/ec.europa.eu\/programmes\/erasmus-plus\/index_es.htm\">Erasmus+<\/a>, el programa de la Uni\u00f3 Europea en mat\u00e8ria d&#8217;educaci\u00f3, formaci\u00f3, joventut i esport. El servei central de recolzament est\u00e0 dirigit per <a href=\"http:\/\/www.eun.org\/\">European Schoolnet<\/a>, una associaci\u00f3 internacional de 31 pa\u00efsos europeus que promouen l&#8217;educaci\u00f3 en els centres escolar, professors i alumnes de tota Europa.<\/p>\n<p>&nbsp;<\/p>\n<h2 style=\"text-align: center;\"><strong><a href=\"https:\/\/www.etwinning.net\/es\/pub\/index.htm\">https:\/\/www.etwinning.net\/es\/pub\/index.htm<\/a><\/strong><\/h2>\n<p>__________________________________________________________________________________________________________________________________________________________<\/p>\n<h4><span style=\"color: #000000;\"><strong>Clica <\/strong><a href=\"https:\/\/blocs.xtec.cat\/etwinningramonturro\/\"><span style=\"color: #ff0000;\"><em>AQU\u00cd<\/em><\/span><\/a> <strong>per accedir al bloc de centre d&#8217;activitats e-twinning<\/strong><\/span><\/h4>\n","protected":false},"excerpt":{"rendered":"<p><a href=\"http:\/\/agora.xtec.cat\/iesmalgrat\/wp-content\/uploads\/usu615\/2016\/11\/etwinning-promo-3-240x220.gif\"><\/a>Qu\u00e8 \u00e9s eTwinning?: Es una plataforma que s&#8217;ofereix als equips educatius dels centres escolars dels pa\u00efsos participants per comunicar-se, col\u00b7laborar, desenvolupar projectes o, el que \u00e9s el mateix, sentir-se i fomrar part d&#8217;una de les comunictats educatives m\u00e9s atractives d&#8217;Europa.<br \/>\neTwinning fomenta la col\u00b7laboraci\u00f3 escolar&hellip;  <a href=\"https:\/\/agora.xtec.cat\/iesmalgrat\/projectes\/e-twinning\/\" title=\"Read e-Twinning\">Llegeix m\u00e9s\u00bb<\/a><\/p>\n","protected":false},"author":8,"featured_media":0,"parent":410,"menu_order":0,"comment_status":"closed","ping_status":"closed","template":"page-templates\/side-menu.php","meta":{"_bbp_topic_count":0,"_bbp_reply_count":0,"_bbp_total_topic_count":0,"_bbp_total_reply_count":0,"_bbp_voice_count":0,"_bbp_anonymous_reply_count":0,"_bbp_topic_count_hidden":0,"_bbp_reply_count_hidden":0,"_bbp_forum_subforum_count":0,"footnotes":""},"class_list":["post-418","page","type-page","status-publish","hentry"],"post_mailing_queue_ids":[],"_links":{"self":[{"href":"https:\/\/agora.xtec.cat\/iesmalgrat\/wp-json\/wp\/v2\/pages\/418","targetHints":{"allow":["GET"]}}],"collection":[{"href":"https:\/\/agora.xtec.cat\/iesmalgrat\/wp-json\/wp\/v2\/pages"}],"about":[{"href":"https:\/\/agora.xtec.cat\/iesmalgrat\/wp-json\/wp\/v2\/types\/page"}],"author":[{"embeddable":true,"href":"https:\/\/agora.xtec.cat\/iesmalgrat\/wp-json\/wp\/v2\/users\/8"}],"replies":[{"embeddable":true,"href":"https:\/\/agora.xtec.cat\/iesmalgrat\/wp-json\/wp\/v2\/comments?post=418"}],"version-history":[{"count":3,"href":"https:\/\/agora.xtec.cat\/iesmalgrat\/wp-json\/wp\/v2\/pages\/418\/revisions"}],"predecessor-version":[{"id":2103,"href":"https:\/\/agora.xtec.cat\/iesmalgrat\/wp-json\/wp\/v2\/pages\/418\/revisions\/2103"}],"up":[{"embeddable":true,"href":"https:\/\/agora.xtec.cat\/iesmalgrat\/wp-json\/wp\/v2\/pages\/410"}],"wp:attachment":[{"href":"https:\/\/agora.xtec.cat\/iesmalgrat\/wp-json\/wp\/v2\/media?parent=418"}],"curies":[{"name":"wp","href":"https:\/\/api.w.org\/{rel}","templated":true}]}}