{"id":416,"date":"2016-11-23T18:47:35","date_gmt":"2016-11-23T17:47:35","guid":{"rendered":"http:\/\/agora.xtec.cat\/iesmalgrat\/?page_id=416"},"modified":"2018-05-13T13:30:18","modified_gmt":"2018-05-13T11:30:18","slug":"servei-comunitari","status":"publish","type":"page","link":"https:\/\/agora.xtec.cat\/iesmalgrat\/projectes\/servei-comunitari\/","title":{"rendered":"Servei Comunitari"},"content":{"rendered":"<p><strong><a href=\"http:\/\/agora.xtec.cat\/iesmalgrat\/wp-content\/uploads\/usu615\/2016\/11\/images-1.png\"><img loading=\"lazy\" decoding=\"async\" class=\"alignright size-full wp-image-1635\" src=\"http:\/\/agora.xtec.cat\/iesmalgrat\/wp-content\/uploads\/usu615\/2016\/11\/images-1.png\" alt=\"\" width=\"267\" height=\"189\" \/><\/a>L&#8217;impuls del servei comunitari per a l&#8217;alumnat de secund\u00e0ria obligat\u00f2ria<\/strong>\u00a0\u00e9s una acci\u00f3 que vol promoure que els alumnes experimentin i protagonitzin accions de comprom\u00eds c\u00edvic, aprenguin en l&#8217;exercici actiu de la ciutadania, i posin en joc els seus coneixements i capacitats al servei de la comunitat.<\/p>\n<p>&nbsp;<\/p>\n<p>S\u00f3n objectius del Servei comunitari els seg\u00fcents:<\/p>\n<ul>\n<li>\u00a0Desenvolupar la compet\u00e8ncia social i ciutadana, afavorint una actitud cr\u00edtica i compromesa davant la societat, per tal d\u2019esdevenir membres actius en \u00a0una societat catalana democr\u00e0tica i participativa.<\/li>\n<li>\u00a0Desenvolupar habilitats relacionades amb el disseny i realitzaci\u00f3 de projectes i amb el treball d\u2019equip.<\/li>\n<li>\u00a0Donar a con\u00e8ixer a l\u2019alumnat i les seves fam\u00edlies la xarxa associativa i les entitats de l\u2019entorn,\u00a0 per tal de promoure la participaci\u00f3 dels joves.<\/li>\n<li>Promoure el treball en xarxa entre els diferents agents educatius de l\u2019entorn.<\/li>\n<li>Donar una resposta educativa a les necessitats emergents de l\u2019entorn escolar.<\/li>\n<li>Augmentar la participaci\u00f3 en el teixit associatiu i les entitats de caire social per fomentar el comprom\u00eds amb la construcci\u00f3 d\u2019una societat m\u00e9s justa, cohesionada i arrelada al territori.<\/li>\n<\/ul>\n<p><strong>Clica <a href=\"http:\/\/blocs.xtec.cat\/serveicomunitariiesmalgrat\/\">AQU\u00cd<\/a> per accedir al bloc del SERVEI COMUNITARI<\/strong><\/p>\n","protected":false},"excerpt":{"rendered":"<p><a href=\"http:\/\/agora.xtec.cat\/iesmalgrat\/wp-content\/uploads\/usu615\/2016\/11\/images-1.png\"><\/a>L&#8217;impuls del servei comunitari per a l&#8217;alumnat de secund\u00e0ria obligat\u00f2ria\u00a0\u00e9s una acci\u00f3 que vol promoure que els alumnes experimentin i protagonitzin accions de comprom\u00eds c\u00edvic, aprenguin en l&#8217;exercici actiu de la ciutadania, i posin en joc els seus coneixements i capacitats al servei de&hellip;  <a href=\"https:\/\/agora.xtec.cat\/iesmalgrat\/projectes\/servei-comunitari\/\" title=\"Read Servei Comunitari\">Llegeix m\u00e9s\u00bb<\/a><\/p>\n","protected":false},"author":8,"featured_media":0,"parent":410,"menu_order":0,"comment_status":"closed","ping_status":"closed","template":"page-templates\/side-menu.php","meta":{"_bbp_topic_count":0,"_bbp_reply_count":0,"_bbp_total_topic_count":0,"_bbp_total_reply_count":0,"_bbp_voice_count":0,"_bbp_anonymous_reply_count":0,"_bbp_topic_count_hidden":0,"_bbp_reply_count_hidden":0,"_bbp_forum_subforum_count":0,"footnotes":""},"class_list":["post-416","page","type-page","status-publish","hentry"],"post_mailing_queue_ids":[],"_links":{"self":[{"href":"https:\/\/agora.xtec.cat\/iesmalgrat\/wp-json\/wp\/v2\/pages\/416","targetHints":{"allow":["GET"]}}],"collection":[{"href":"https:\/\/agora.xtec.cat\/iesmalgrat\/wp-json\/wp\/v2\/pages"}],"about":[{"href":"https:\/\/agora.xtec.cat\/iesmalgrat\/wp-json\/wp\/v2\/types\/page"}],"author":[{"embeddable":true,"href":"https:\/\/agora.xtec.cat\/iesmalgrat\/wp-json\/wp\/v2\/users\/8"}],"replies":[{"embeddable":true,"href":"https:\/\/agora.xtec.cat\/iesmalgrat\/wp-json\/wp\/v2\/comments?post=416"}],"version-history":[{"count":3,"href":"https:\/\/agora.xtec.cat\/iesmalgrat\/wp-json\/wp\/v2\/pages\/416\/revisions"}],"predecessor-version":[{"id":1637,"href":"https:\/\/agora.xtec.cat\/iesmalgrat\/wp-json\/wp\/v2\/pages\/416\/revisions\/1637"}],"up":[{"embeddable":true,"href":"https:\/\/agora.xtec.cat\/iesmalgrat\/wp-json\/wp\/v2\/pages\/410"}],"wp:attachment":[{"href":"https:\/\/agora.xtec.cat\/iesmalgrat\/wp-json\/wp\/v2\/media?parent=416"}],"curies":[{"name":"wp","href":"https:\/\/api.w.org\/{rel}","templated":true}]}}