{"id":19,"date":"2014-09-17T14:56:56","date_gmt":"2014-09-17T14:56:56","guid":{"rendered":"http:\/\/agora.xtec.cat\/iesmalgrat\/?page_id=19"},"modified":"2024-09-28T09:34:52","modified_gmt":"2024-09-28T07:34:52","slug":"linstitut","status":"publish","type":"page","link":"https:\/\/agora.xtec.cat\/iesmalgrat\/linstitut\/","title":{"rendered":"L&#8217;institut"},"content":{"rendered":"\n<p>L\u2019Institut Ramon Turr\u00f3 i Darder \u00e9s un centre p\u00fablic de Malgrat de Mar que forma part de la xarxa de centres p\u00fablics del Departament d\u2019Ensenyament de la Generalitat de Catalunya. \u00c9s un centre docent arrelat a l\u2019entorn i al context social i cultural, amb un projecte educatiu propi, centrat en les persones, obert a la col\u00b7lectivitat i amb autonomia de gesti\u00f3 i de funcionament.<\/p>\n\n\n\n<div class=\"wp-block-columns is-layout-flex wp-container-core-columns-is-layout-1 wp-block-columns-is-layout-flex\">\n<div class=\"wp-block-column is-layout-flow wp-block-column-is-layout-flow\" style=\"flex-basis:100%\">\n<div class=\"wp-block-group is-nowrap is-layout-flex wp-container-core-group-is-layout-2 wp-block-group-is-layout-flex\">\n<div class=\"wp-block-group\"><div class=\"wp-block-group__inner-container is-layout-constrained wp-block-group-is-layout-constrained\"><div class=\"wp-block-image\">\n<figure class=\"aligncenter is-resized\"><img loading=\"lazy\" decoding=\"async\" width=\"675\" height=\"647\" src=\"https:\/\/agora.xtec.cat\/iesmalgrat\/wp-content\/uploads\/usu615\/2024\/09\/foto2-web-bona-2.png\" alt=\"\" class=\"wp-image-5583\" style=\"width:262px;height:auto\" srcset=\"https:\/\/agora.xtec.cat\/iesmalgrat\/wp-content\/uploads\/usu615\/2024\/09\/foto2-web-bona-2.png 675w, https:\/\/agora.xtec.cat\/iesmalgrat\/wp-content\/uploads\/usu615\/2024\/09\/foto2-web-bona-2-300x288.png 300w\" sizes=\"auto, (max-width: 675px) 100vw, 675px\" \/><\/figure><\/div><\/div><\/div>\n\n\n<div class=\"wp-block-image\">\n<figure class=\"aligncenter is-resized\"><img loading=\"lazy\" decoding=\"async\" width=\"595\" height=\"568\" src=\"https:\/\/agora.xtec.cat\/iesmalgrat\/wp-content\/uploads\/usu615\/2024\/09\/foto-5-web.png\" alt=\"\" class=\"wp-image-5584\" style=\"width:269px;height:auto\" srcset=\"https:\/\/agora.xtec.cat\/iesmalgrat\/wp-content\/uploads\/usu615\/2024\/09\/foto-5-web.png 595w, https:\/\/agora.xtec.cat\/iesmalgrat\/wp-content\/uploads\/usu615\/2024\/09\/foto-5-web-300x286.png 300w\" sizes=\"auto, (max-width: 595px) 100vw, 595px\" \/><\/figure><\/div>\n\n\n<figure class=\"wp-block-image size-full is-resized\"><a href=\"https:\/\/agora.xtec.cat\/iesmalgrat\/wp-content\/uploads\/usu615\/2024\/09\/foto-3-bona.png\"><img loading=\"lazy\" decoding=\"async\" width=\"640\" height=\"559\" src=\"https:\/\/agora.xtec.cat\/iesmalgrat\/wp-content\/uploads\/usu615\/2024\/09\/foto-3-bona.png\" alt=\"\" class=\"wp-image-5586\" style=\"width:289px;height:auto\" srcset=\"https:\/\/agora.xtec.cat\/iesmalgrat\/wp-content\/uploads\/usu615\/2024\/09\/foto-3-bona.png 640w, https:\/\/agora.xtec.cat\/iesmalgrat\/wp-content\/uploads\/usu615\/2024\/09\/foto-3-bona-300x262.png 300w\" sizes=\"auto, (max-width: 640px) 100vw, 640px\" \/><\/a><\/figure>\n<\/div>\n<\/div>\n<\/div>\n\n\n\n<p><\/p>\n\n\n\n<p>Els criteris pedag\u00f2gics del nostre projecte educatiu regeixen i orienten l\u2019exercici professional de tot el personal que, permanentment o ocasionalment, hi treballa. A l\u2019Institut Ramon Turr\u00f3 i Darder, els criteris que regeixen l\u2019organitzaci\u00f3 pedag\u00f2gica dels ensenyaments que impartim contribueixen a :<\/p>\n\n\n\n<ul class=\"wp-block-list\">\n<li>La integraci\u00f3 dels alumnes procedents dels diversos col\u00b7lectius, en aplicaci\u00f3 del principi d\u2019inclusi\u00f3.<\/li>\n\n\n\n<li>L\u2019adequaci\u00f3 dels processos d\u2019ensenyament al ritme d\u2019aprenentatge individual.<\/li>\n\n\n\n<li>La coeducaci\u00f3, que ha d\u2019afavorir la igualtat entre l\u2019alumnat.<\/li>\n\n\n\n<li>La incentivaci\u00f3 de l\u2019esfor\u00e7 individual i grupal, especialment en el treball quotidi\u00e0 a l\u2019institut.<\/li>\n\n\n\n<li>Recon\u00e8ixer, facilitar i fer efectiu el comprom\u00eds dels alumnes en llur proc\u00e9s educatiu, sens perjudici de continuar fomentant el paper de les fam\u00edlies en l\u2019educaci\u00f3 dels fills.<\/li>\n\n\n\n<li>Educar en la responsabilitat de l\u2019estudi i desenvolupar \u00e0mbits d\u2019autoaprenentatge que resultin positius per al progr\u00e9s dels alumnes.<\/li>\n\n\n\n<li>Afavorir el desenvolupament de les capacitats dels alumnes que els permeti la plena integraci\u00f3 social i laboral i la incorporaci\u00f3 als estudis superiors com a resultat de l\u2019acci\u00f3 educativa.<\/li>\n\n\n\n<li>Adequar la funci\u00f3 del professorat, com a agent del proc\u00e9s educatiu, a les caracter\u00edstiques i les necessitats de cada ensenyament, sens perjudici del manteniment de la coher\u00e8ncia global dels elements educatius de la formaci\u00f3.<\/li>\n\n\n\n<li>Fer possible una avaluaci\u00f3 objectiva del rendiment escolar que delimiti els resultats i els efectes de l\u2019avaluaci\u00f3 dels processos d\u2019ensenyament i d\u2019aprenentatge i els resultats de l\u2019avaluaci\u00f3 del progr\u00e9s assolit individualment per cada alumne o alumna, i evidenciar la correlaci\u00f3 entre els resultats acad\u00e8mics dels alumnes i les fites que es proposaven en incorporar-se a aquests ensenyaments.<\/li>\n\n\n\n<li>Potenciar l\u2019exercici de la ciutadania activa mitjan\u00e7ant la participaci\u00f3 en l\u2019activitat de la comunitat.<\/li>\n\n\n\n<li>Establir regles, basades en els principis democr\u00e0tics, que afavoreixin els h\u00e0bits de conviv\u00e8ncia i el respecte a l\u2019autoritat del professorat.<\/li>\n<\/ul>\n","protected":false},"excerpt":{"rendered":"<p>L\u2019Institut Ramon Turr\u00f3 i Darder \u00e9s un centre p\u00fablic de Malgrat de Mar que forma part de la xarxa de centres p\u00fablics del Departament d\u2019Ensenyament de la Generalitat de Catalunya. \u00c9s un centre docent arrelat a l\u2019entorn i al context social i cultural, amb un&hellip;  <a href=\"https:\/\/agora.xtec.cat\/iesmalgrat\/linstitut\/\" title=\"Read L&#8217;institut\">Llegeix m\u00e9s\u00bb<\/a><\/p>\n","protected":false},"author":1,"featured_media":0,"parent":0,"menu_order":0,"comment_status":"closed","ping_status":"closed","template":"page-templates\/side-menu.php","meta":{"_bbp_topic_count":0,"_bbp_reply_count":0,"_bbp_total_topic_count":0,"_bbp_total_reply_count":0,"_bbp_voice_count":0,"_bbp_anonymous_reply_count":0,"_bbp_topic_count_hidden":0,"_bbp_reply_count_hidden":0,"_bbp_forum_subforum_count":0,"footnotes":""},"class_list":["post-19","page","type-page","status-publish","hentry"],"post_mailing_queue_ids":[],"_links":{"self":[{"href":"https:\/\/agora.xtec.cat\/iesmalgrat\/wp-json\/wp\/v2\/pages\/19","targetHints":{"allow":["GET"]}}],"collection":[{"href":"https:\/\/agora.xtec.cat\/iesmalgrat\/wp-json\/wp\/v2\/pages"}],"about":[{"href":"https:\/\/agora.xtec.cat\/iesmalgrat\/wp-json\/wp\/v2\/types\/page"}],"author":[{"embeddable":true,"href":"https:\/\/agora.xtec.cat\/iesmalgrat\/wp-json\/wp\/v2\/users\/1"}],"replies":[{"embeddable":true,"href":"https:\/\/agora.xtec.cat\/iesmalgrat\/wp-json\/wp\/v2\/comments?post=19"}],"version-history":[{"count":6,"href":"https:\/\/agora.xtec.cat\/iesmalgrat\/wp-json\/wp\/v2\/pages\/19\/revisions"}],"predecessor-version":[{"id":5589,"href":"https:\/\/agora.xtec.cat\/iesmalgrat\/wp-json\/wp\/v2\/pages\/19\/revisions\/5589"}],"wp:attachment":[{"href":"https:\/\/agora.xtec.cat\/iesmalgrat\/wp-json\/wp\/v2\/media?parent=19"}],"curies":[{"name":"wp","href":"https:\/\/api.w.org\/{rel}","templated":true}]}}