{"id":1778,"date":"2018-08-14T18:49:25","date_gmt":"2018-08-14T16:49:25","guid":{"rendered":"http:\/\/agora.xtec.cat\/iesmalgrat\/?page_id=1778"},"modified":"2018-08-16T12:30:32","modified_gmt":"2018-08-16T10:30:32","slug":"programa-aquiproubullying","status":"publish","type":"page","link":"https:\/\/agora.xtec.cat\/iesmalgrat\/projectes\/programa-aquiproubullying\/","title":{"rendered":"Programa #aquiproubullying"},"content":{"rendered":"<figure class=\"figure wp-caption alignright\"><a href=\"http:\/\/agora.xtec.cat\/iesmalgrat\/wp-content\/uploads\/usu615\/2018\/08\/aquiproubullyuing.jpg\"><img loading=\"lazy\" decoding=\"async\" class=\"wp-image-1779\" src=\"http:\/\/agora.xtec.cat\/iesmalgrat\/wp-content\/uploads\/usu615\/2018\/08\/aquiproubullyuing-300x181.jpg\" alt=\"\" width=\"359\" height=\"216\" srcset=\"https:\/\/agora.xtec.cat\/iesmalgrat\/wp-content\/uploads\/usu615\/2018\/08\/aquiproubullyuing-300x181.jpg 300w, https:\/\/agora.xtec.cat\/iesmalgrat\/wp-content\/uploads\/usu615\/2018\/08\/aquiproubullyuing.jpg 374w\" sizes=\"auto, (max-width: 359px) 100vw, 359px\" \/><\/a><figcaption class=\"wp-caption-text\">CLICA A LA IMATGE PER LLEGIR EL MANIFEST ANTIBULLYING<\/figcaption><\/figure>\n<h3><strong>Descripci\u00f3<\/strong><\/h3>\n<p>El programa d&#8217;innovaci\u00f3 <strong>#aquiproubullying<\/strong> posa a l&#8217;abast dels centres la formaci\u00f3, estrat\u00e8gies i recursos necessaris per elaborar un projecte de prevenci\u00f3, detecci\u00f3 i intervenci\u00f3 davant l&#8217;assetjament amb la participaci\u00f3 de tota la comunitat escolar, especialment de l&#8217;alumnat qui actuar\u00e0 com observador i agent actiu i comprom\u00e8s en la lluita contra l&#8217;assetjament alhora que adquireix les actituds i els valors propis de la compet\u00e8ncia social i ciutadana.<\/p>\n<h3><strong>Objectius<\/strong><\/h3>\n<ol>\n<li>Implicar la comunitat escolar davant els casos d\u2019assetjament.<\/li>\n<li>Potenciar el comprom\u00eds actiu de l&#8217;alumnat en la prevenci\u00f3 i detecci\u00f3 dels casos d&#8217;assetjament.<\/li>\n<li>Fomentar la gesti\u00f3 positiva dels conflictes.<\/li>\n<li>Contribuir al desenvolupament personal i social de l&#8217;alumnat.<\/li>\n<\/ol>\n<h3>Recursos<\/h3>\n<ol>\n<li><strong><a href=\"https:\/\/drive.google.com\/open?id=16zpp2DfehadXGpOjl4-8yAj7LoVcPxkT\">Projecte #AQUIPROUBULLYING de l&#8217;IES Ramon Turr\u00f3 i Darder<\/a><\/strong><\/li>\n<li><a href=\"http:\/\/blocs.xtec.cat\/aquiproubullying\/\">Bloc del programa<\/a> #aquiproubullying de l&#8217;IES Ramon Turr\u00f3 i Darder<\/li>\n<li><a href=\"http:\/\/xtec.gencat.cat\/ca\/centres\/projeducatiu\/convivencia\/aquiproubullying\/\"><strong>XTEC #aquiproubullying<\/strong><\/a> (M\u00f2duls formatius &#8211; Servei Comunitari &#8220;Guaites&#8221;)<\/li>\n<\/ol>\n<p>&nbsp;<\/p>\n","protected":false},"excerpt":{"rendered":"<p><a href=\"http:\/\/agora.xtec.cat\/iesmalgrat\/wp-content\/uploads\/usu615\/2018\/08\/aquiproubullyuing.jpg\"><\/a>CLICA A LA IMATGE PER LLEGIR EL MANIFEST ANTIBULLYING<br \/>\nDescripci\u00f3<br \/>\nEl programa d&#8217;innovaci\u00f3 #aquiproubullying posa a l&#8217;abast dels centres la formaci\u00f3, estrat\u00e8gies i recursos necessaris per elaborar un projecte de prevenci\u00f3, detecci\u00f3 i intervenci\u00f3 davant l&#8217;assetjament amb la participaci\u00f3 de tota la comunitat escolar, especialment de&hellip;  <a href=\"https:\/\/agora.xtec.cat\/iesmalgrat\/projectes\/programa-aquiproubullying\/\" title=\"Read Programa #aquiproubullying\">Llegeix m\u00e9s\u00bb<\/a><\/p>\n","protected":false},"author":8,"featured_media":0,"parent":410,"menu_order":0,"comment_status":"closed","ping_status":"closed","template":"page-templates\/side-menu.php","meta":{"_bbp_topic_count":0,"_bbp_reply_count":0,"_bbp_total_topic_count":0,"_bbp_total_reply_count":0,"_bbp_voice_count":0,"_bbp_anonymous_reply_count":0,"_bbp_topic_count_hidden":0,"_bbp_reply_count_hidden":0,"_bbp_forum_subforum_count":0,"footnotes":""},"class_list":["post-1778","page","type-page","status-publish","hentry"],"post_mailing_queue_ids":[],"_links":{"self":[{"href":"https:\/\/agora.xtec.cat\/iesmalgrat\/wp-json\/wp\/v2\/pages\/1778","targetHints":{"allow":["GET"]}}],"collection":[{"href":"https:\/\/agora.xtec.cat\/iesmalgrat\/wp-json\/wp\/v2\/pages"}],"about":[{"href":"https:\/\/agora.xtec.cat\/iesmalgrat\/wp-json\/wp\/v2\/types\/page"}],"author":[{"embeddable":true,"href":"https:\/\/agora.xtec.cat\/iesmalgrat\/wp-json\/wp\/v2\/users\/8"}],"replies":[{"embeddable":true,"href":"https:\/\/agora.xtec.cat\/iesmalgrat\/wp-json\/wp\/v2\/comments?post=1778"}],"version-history":[{"count":3,"href":"https:\/\/agora.xtec.cat\/iesmalgrat\/wp-json\/wp\/v2\/pages\/1778\/revisions"}],"predecessor-version":[{"id":1785,"href":"https:\/\/agora.xtec.cat\/iesmalgrat\/wp-json\/wp\/v2\/pages\/1778\/revisions\/1785"}],"up":[{"embeddable":true,"href":"https:\/\/agora.xtec.cat\/iesmalgrat\/wp-json\/wp\/v2\/pages\/410"}],"wp:attachment":[{"href":"https:\/\/agora.xtec.cat\/iesmalgrat\/wp-json\/wp\/v2\/media?parent=1778"}],"curies":[{"name":"wp","href":"https:\/\/api.w.org\/{rel}","templated":true}]}}