{"id":1251,"date":"2017-10-23T13:09:29","date_gmt":"2017-10-23T11:09:29","guid":{"rendered":"http:\/\/agora.xtec.cat\/iesmalgrat\/?page_id=1251"},"modified":"2024-12-12T10:46:37","modified_gmt":"2024-12-12T09:46:37","slug":"programacions-anuals-de-centre","status":"publish","type":"page","link":"https:\/\/agora.xtec.cat\/iesmalgrat\/linstitut\/programacions-anuals-de-centre\/","title":{"rendered":"Programaci\u00f3 anual de centre"},"content":{"rendered":"<p style=\"text-align: justify;\">La Programaci\u00f3 General Anual (PGA) \u00e9s el document que concreta, a partir del <a href=\"https:\/\/drive.google.com\/file\/d\/1GqwIdVucySwi-JsIePNJgA_RnXOI8vTD\/view?usp=drive_link\"><strong>Projecte Educatiu de Centre<\/strong><\/a>, les actuacions concretes per a cada curs, basant-se en les tres l\u00ednies de millora del centre:<\/p>\n<ul style=\"text-align: justify;\">\n<li>Millora dels resultats educatius<\/li>\n<li>Millora de la cohesi\u00f3 i consolidaci\u00f3 del Projecte Educatiu de Centre<\/li>\n<li>Millora de la gesti\u00f3<\/li>\n<\/ul>\n<p style=\"text-align: justify;\">Cadascun dels objectius estan definits amb les actuacions, desenvolupament i indicadors d\u2019avaluaci\u00f3.<\/p>\n<p style=\"text-align: justify;\">La PGA \u00e9s valorada al final de cada curs pels diferents agents de l\u2019escola, creant la Mem\u00f2ria del curs, on es recullen les actuacions fetes i pendents, a partir dels indicadors d\u2019avaluaci\u00f3 previstos a principi de curs.<\/p>\n<p style=\"text-align: justify;\"><strong>TRANSPAR\u00c8NCIA<\/strong><\/p>\n<p style=\"text-align: justify;\">Els ciutadans majors de setze anys i les persones jur\u00eddiques degudament acreditades tenen dret a sol\u00b7licitar informaci\u00f3 p\u00fablica als centres educatius.<br \/>\nEn el cas dels centres educatius, els pares, mares i tutors legals dels alumnes escolaritzats al centre, o el mateix l&#8217;alumne si \u00e9s major de setze anys, tenen la condici\u00f3 de persones interessades per poder sol\u00b7licitar informaci\u00f3 sobre els seus resultats acad\u00e8mics i altres aspectes que els afectin directament. <strong>Les sol\u00b7licituds d&#8217;informaci\u00f3 p\u00fablica es fan per escrit i es presenten de forma presencial.<\/strong><\/p>\n<p style=\"text-align: justify;\">Els usuaris autoritzats poden consultar la programaci\u00f3 anual del curs 2024-2025 clicant en el seg\u00fcent enlla\u00e7:<\/p>\n<p style=\"text-align: center;\"><a href=\"https:\/\/drive.google.com\/file\/d\/10FVZ6SU1XYrgwZE5u6ZC-Z-g2S_lFMtI\/view?usp=drive_link\"> Acc\u00e9s al document: Programaci\u00f3 anual de centre. Curs 2024-2025<\/a><\/p>\n<p style=\"text-align: right;\">Revisi\u00f3: Desembre de 2024<\/p>\n","protected":false},"excerpt":{"rendered":"<p>La Programaci\u00f3 General Anual (PGA) \u00e9s el document que concreta, a partir del <a href=\"https:\/\/drive.google.com\/file\/d\/1GqwIdVucySwi-JsIePNJgA_RnXOI8vTD\/view?usp=drive_link\">Projecte Educatiu de Centre<\/a>, les actuacions concretes per a cada curs, basant-se en les tres l\u00ednies de millora del centre:<\/p>\n<ul style=\"text-align: justify;\">\n<li>Millora dels resultats educatius<\/li>\n<li>Millora de la cohesi\u00f3 i consolidaci\u00f3 del&hellip;  <a href=\"https:\/\/agora.xtec.cat\/iesmalgrat\/linstitut\/programacions-anuals-de-centre\/\" title=\"Read Programaci\u00f3 anual de centre\">Llegeix m\u00e9s\u00bb<\/a><br \/>\n","protected":false},"author":8,"featured_media":0,"parent":19,"menu_order":12,"comment_status":"closed","ping_status":"closed","template":"page-templates\/side-menu.php","meta":{"_bbp_topic_count":0,"_bbp_reply_count":0,"_bbp_total_topic_count":0,"_bbp_total_reply_count":0,"_bbp_voice_count":0,"_bbp_anonymous_reply_count":0,"_bbp_topic_count_hidden":0,"_bbp_reply_count_hidden":0,"_bbp_forum_subforum_count":0,"footnotes":""},"class_list":["post-1251","page","type-page","status-publish","hentry"],"post_mailing_queue_ids":[],"_links":{"self":[{"href":"https:\/\/agora.xtec.cat\/iesmalgrat\/wp-json\/wp\/v2\/pages\/1251","targetHints":{"allow":["GET"]}}],"collection":[{"href":"https:\/\/agora.xtec.cat\/iesmalgrat\/wp-json\/wp\/v2\/pages"}],"about":[{"href":"https:\/\/agora.xtec.cat\/iesmalgrat\/wp-json\/wp\/v2\/types\/page"}],"author":[{"embeddable":true,"href":"https:\/\/agora.xtec.cat\/iesmalgrat\/wp-json\/wp\/v2\/users\/8"}],"replies":[{"embeddable":true,"href":"https:\/\/agora.xtec.cat\/iesmalgrat\/wp-json\/wp\/v2\/comments?post=1251"}],"version-history":[{"count":6,"href":"https:\/\/agora.xtec.cat\/iesmalgrat\/wp-json\/wp\/v2\/pages\/1251\/revisions"}],"predecessor-version":[{"id":6337,"href":"https:\/\/agora.xtec.cat\/iesmalgrat\/wp-json\/wp\/v2\/pages\/1251\/revisions\/6337"}],"up":[{"embeddable":true,"href":"https:\/\/agora.xtec.cat\/iesmalgrat\/wp-json\/wp\/v2\/pages\/19"}],"wp:attachment":[{"href":"https:\/\/agora.xtec.cat\/iesmalgrat\/wp-json\/wp\/v2\/media?parent=1251"}],"curies":[{"name":"wp","href":"https:\/\/api.w.org\/{rel}","templated":true}]}}