{"id":27,"date":"2014-09-17T16:24:03","date_gmt":"2014-09-17T16:24:03","guid":{"rendered":"http:\/\/agora.xtec.cat\/ieslluisvives\/?page_id=27"},"modified":"2025-05-20T09:48:39","modified_gmt":"2025-05-20T07:48:39","slug":"historia","status":"publish","type":"page","link":"https:\/\/agora.xtec.cat\/ieslluisvives\/linstitut\/historia\/","title":{"rendered":"Hist\u00f2ria"},"content":{"rendered":"<p>L\u2019INS Llu\u00eds Vives \u00e9s un centre p\u00fablic d\u2019ensenyament de la Generalitat de Catalunya situat al barri de Sants-Badal (Districte de Sants-Montju\u00efc) i fa frontera amb l\u2019Hospitalet de Llobregat.<\/p>\n<p>L\u2019edifici \u00e9s obra de l\u2019arquitecte <a href=\"https:\/\/ca.wikipedia.org\/wiki\/Josep_Goday_i_Casals\" target=\"_blank\" rel=\"noopener noreferrer\">Josep Goday i Casals<\/a> i pertany a la <a href=\"https:\/\/sites.google.com\/a\/xtec.cat\/xehbcn\/\" target=\"_blank\" rel=\"noopener noreferrer\">Xarxa d\u2019Escoles Hist\u00f2riques de Barcelona<\/a>. Va ser inaugurat l\u2019any 1931 per a escolaritzar els fills i filles de les fam\u00edlies que treballaven en les nombroses f\u00e0briques de la zona i \u00e9s un dels pocs a Barcelona que no ha canviat mai l\u2019\u00fas pel qual va ser creat.<\/p>\n<p>Actualment l&#8217;institut Llu\u00eds Vives comparteix instal\u00b7lacions amb l&#8217;Escola Llu\u00eds Vives.<\/p>\n","protected":false},"excerpt":{"rendered":"<p>L\u2019INS Llu\u00eds Vives \u00e9s un centre p\u00fablic d\u2019ensenyament de la Generalitat de Catalunya situat al barri de Sants-Badal (Districte de Sants-Montju\u00efc) i fa frontera amb l\u2019Hospitalet de Llobregat.<br \/>\nL\u2019edifici \u00e9s obra de l\u2019arquitecte <a href=\"https:\/\/ca.wikipedia.org\/wiki\/Josep_Goday_i_Casals\" target=\"_blank\" rel=\"noopener noreferrer\">Josep Goday i Casals<\/a> i pertany a la <a&hellip;  <a href=\"https:\/\/agora.xtec.cat\/ieslluisvives\/linstitut\/historia\/\" title=\"Read Hist\u00f2ria\">Llegeix m\u00e9s\u00bb<\/a><\/p>\n","protected":false},"author":1,"featured_media":0,"parent":19,"menu_order":20,"comment_status":"closed","ping_status":"closed","template":"page-templates\/side-menu.php","meta":{"_bbp_topic_count":0,"_bbp_reply_count":0,"_bbp_total_topic_count":0,"_bbp_total_reply_count":0,"_bbp_voice_count":0,"_bbp_anonymous_reply_count":0,"_bbp_topic_count_hidden":0,"_bbp_reply_count_hidden":0,"_bbp_forum_subforum_count":0,"footnotes":""},"class_list":["post-27","page","type-page","status-publish","hentry"],"post_mailing_queue_ids":[],"_links":{"self":[{"href":"https:\/\/agora.xtec.cat\/ieslluisvives\/wp-json\/wp\/v2\/pages\/27","targetHints":{"allow":["GET"]}}],"collection":[{"href":"https:\/\/agora.xtec.cat\/ieslluisvives\/wp-json\/wp\/v2\/pages"}],"about":[{"href":"https:\/\/agora.xtec.cat\/ieslluisvives\/wp-json\/wp\/v2\/types\/page"}],"author":[{"embeddable":true,"href":"https:\/\/agora.xtec.cat\/ieslluisvives\/wp-json\/wp\/v2\/users\/1"}],"replies":[{"embeddable":true,"href":"https:\/\/agora.xtec.cat\/ieslluisvives\/wp-json\/wp\/v2\/comments?post=27"}],"version-history":[{"count":4,"href":"https:\/\/agora.xtec.cat\/ieslluisvives\/wp-json\/wp\/v2\/pages\/27\/revisions"}],"predecessor-version":[{"id":2501,"href":"https:\/\/agora.xtec.cat\/ieslluisvives\/wp-json\/wp\/v2\/pages\/27\/revisions\/2501"}],"up":[{"embeddable":true,"href":"https:\/\/agora.xtec.cat\/ieslluisvives\/wp-json\/wp\/v2\/pages\/19"}],"wp:attachment":[{"href":"https:\/\/agora.xtec.cat\/ieslluisvives\/wp-json\/wp\/v2\/media?parent=27"}],"curies":[{"name":"wp","href":"https:\/\/api.w.org\/{rel}","templated":true}]}}