{"id":925,"date":"2024-11-03T11:16:19","date_gmt":"2024-11-03T10:16:19","guid":{"rendered":"https:\/\/agora.xtec.cat\/ieslluiscompanys\/?page_id=925"},"modified":"2024-12-13T19:03:25","modified_gmt":"2024-12-13T18:03:25","slug":"cfgm-atencio-a-persones-en-situacio-de-dependencia-2","status":"publish","type":"page","link":"https:\/\/agora.xtec.cat\/ieslluiscompanys\/estudis\/cfgm-atencio-a-persones-en-situacio-de-dependencia-2\/","title":{"rendered":"CFGM (Atenci\u00f3 a persones en situaci\u00f3 de depend\u00e8ncia)"},"content":{"rendered":"\n<div data-wp-interactive=\"core\/file\" class=\"wp-block-file\"><object data-wp-bind--hidden=\"!state.hasPdfPreview\" hidden class=\"wp-block-file__embed\" data=\"https:\/\/agora.xtec.cat\/ieslluiscompanys\/wp-content\/uploads\/usu3024\/2024\/12\/ADEP-2024-1.pdf\" type=\"application\/pdf\" style=\"width:100%;height:600px\" aria-label=\"Incrustaci\u00f3 del fitxer ADEP-2024.\"><\/object><a id=\"wp-block-file--media-874d6692-19aa-4b76-98a2-309f48fead2e\" href=\"https:\/\/agora.xtec.cat\/ieslluiscompanys\/wp-content\/uploads\/usu3024\/2024\/12\/ADEP-2024-1.pdf\">ADEP-2024<\/a><a href=\"https:\/\/agora.xtec.cat\/ieslluiscompanys\/wp-content\/uploads\/usu3024\/2024\/12\/ADEP-2024-1.pdf\" class=\"wp-block-file__button wp-element-button\" download aria-describedby=\"wp-block-file--media-874d6692-19aa-4b76-98a2-309f48fead2e\">Baixa<\/a><\/div>\n\n\n\n<p><\/p>\n","protected":false},"excerpt":{"rendered":"<p><a id=\"wp-block-file--media-874d6692-19aa-4b76-98a2-309f48fead2e\" href=\"https:\/\/agora.xtec.cat\/ieslluiscompanys\/wp-content\/uploads\/usu3024\/2024\/12\/ADEP-2024-1.pdf\">ADEP-2024<\/a><a href=\"https:\/\/agora.xtec.cat\/ieslluiscompanys\/wp-content\/uploads\/usu3024\/2024\/12\/ADEP-2024-1.pdf\" class=\"wp-block-file__button wp-element-button\" download aria-describedby=\"wp-block-file--media-874d6692-19aa-4b76-98a2-309f48fead2e\">Baixa<\/a><\/p>\n","protected":false},"author":6,"featured_media":0,"parent":195,"menu_order":60,"comment_status":"closed","ping_status":"close","template":"","meta":{"_bbp_topic_count":0,"_bbp_reply_count":0,"_bbp_total_topic_count":0,"_bbp_total_reply_count":0,"_bbp_voice_count":0,"_bbp_anonymous_reply_count":0,"_bbp_topic_count_hidden":0,"_bbp_reply_count_hidden":0,"_bbp_forum_subforum_count":0,"footnotes":""},"class_list":["post-925","page","type-page","status-publish","hentry"],"post_mailing_queue_ids":[],"_links":{"self":[{"href":"https:\/\/agora.xtec.cat\/ieslluiscompanys\/wp-json\/wp\/v2\/pages\/925","targetHints":{"allow":["GET"]}}],"collection":[{"href":"https:\/\/agora.xtec.cat\/ieslluiscompanys\/wp-json\/wp\/v2\/pages"}],"about":[{"href":"https:\/\/agora.xtec.cat\/ieslluiscompanys\/wp-json\/wp\/v2\/types\/page"}],"author":[{"embeddable":true,"href":"https:\/\/agora.xtec.cat\/ieslluiscompanys\/wp-json\/wp\/v2\/users\/6"}],"replies":[{"embeddable":true,"href":"https:\/\/agora.xtec.cat\/ieslluiscompanys\/wp-json\/wp\/v2\/comments?post=925"}],"version-history":[{"count":6,"href":"https:\/\/agora.xtec.cat\/ieslluiscompanys\/wp-json\/wp\/v2\/pages\/925\/revisions"}],"predecessor-version":[{"id":1168,"href":"https:\/\/agora.xtec.cat\/ieslluiscompanys\/wp-json\/wp\/v2\/pages\/925\/revisions\/1168"}],"up":[{"embeddable":true,"href":"https:\/\/agora.xtec.cat\/ieslluiscompanys\/wp-json\/wp\/v2\/pages\/195"}],"wp:attachment":[{"href":"https:\/\/agora.xtec.cat\/ieslluiscompanys\/wp-json\/wp\/v2\/media?parent=925"}],"curies":[{"name":"wp","href":"https:\/\/api.w.org\/{rel}","templated":true}]}}