{"id":894,"date":"2024-11-02T09:56:19","date_gmt":"2024-11-02T08:56:19","guid":{"rendered":"https:\/\/agora.xtec.cat\/ieslluiscompanys\/?page_id=894"},"modified":"2026-02-12T11:18:06","modified_gmt":"2026-02-12T10:18:06","slug":"eso","status":"publish","type":"page","link":"https:\/\/agora.xtec.cat\/ieslluiscompanys\/estudis\/eso\/","title":{"rendered":"ESO"},"content":{"rendered":"<p style=\"text-align: center;\"><span style=\"font-family: Arial, Helvetica, sans-serif; font-size: xx-large;\"><b>1r Curs d&#8217;ESO<\/b><\/span><\/p>\n<p><span style=\"font-family: Arial, Helvetica, sans-serif;\"><b>Els estudis de 1r d&#8217; ESO en el nostre institut es distribueixen en 30 hores a la setmana de la manera seg\u00fcent:<\/b><\/span><\/p>\n<table style=\"width: 100%; height: 336px;\" border=\"0\" width=\"380\" cellspacing=\"2\" cellpadding=\"0\" align=\"center\">\n<tbody>\n<tr style=\"height: 24px;\" bgcolor=\"#ff9900\">\n<td style=\"width: 83.053%; height: 24px;\">\n<div align=\"center\"><span style=\"font-family: Arial, Helvetica, sans-serif;\"><b>Mat\u00e8ries<\/b><\/span><\/div>\n<\/td>\n<td style=\"width: 11.2232%; height: 24px;\">\n<div align=\"center\"><b><span style=\"font-family: Arial, Helvetica, sans-serif;\">Hores<\/span><\/b><\/div>\n<\/td>\n<\/tr>\n<tr style=\"height: 24px;\" bgcolor=\"#ffffcc\">\n<td style=\"width: 83.053%; height: 24px;\">\n<div align=\"left\"><b><span style=\"font-family: Arial, Helvetica, sans-serif;\">Catal\u00e0<\/span><\/b><\/div>\n<\/td>\n<td style=\"width: 11.2232%; height: 24px;\">\n<div align=\"center\"><b><span style=\"font-family: Arial, Helvetica, sans-serif;\">3<\/span><\/b><\/div>\n<\/td>\n<\/tr>\n<tr style=\"height: 24px;\" bgcolor=\"#ccffcc\">\n<td style=\"width: 83.053%; height: 24px;\">\n<div align=\"left\"><b><span style=\"font-family: Arial, Helvetica, sans-serif;\">Castell\u00e0<\/span><\/b><\/div>\n<\/td>\n<td style=\"width: 11.2232%; height: 24px;\">\n<div align=\"center\"><b><span style=\"font-family: Arial, Helvetica, sans-serif;\">3<\/span><\/b><\/div>\n<\/td>\n<\/tr>\n<tr style=\"height: 24px;\" bgcolor=\"#ffffcc\">\n<td style=\"width: 83.053%; height: 24px;\">\n<div align=\"left\"><b><span style=\"font-family: Arial, Helvetica, sans-serif;\">Matem\u00e0tiques\u00a0<\/span><\/b><\/div>\n<\/td>\n<td style=\"width: 11.2232%; height: 24px;\">\n<div align=\"center\"><b><span style=\"font-family: Arial, Helvetica, sans-serif;\">3<\/span><\/b><\/div>\n<\/td>\n<\/tr>\n<tr style=\"height: 24px;\" bgcolor=\"#ccffcc\">\n<td style=\"width: 83.053%; height: 24px;\">\n<div align=\"left\"><b><span style=\"font-family: Arial, Helvetica, sans-serif;\">Angl\u00e8s<\/span><\/b><\/div>\n<\/td>\n<td style=\"width: 11.2232%; height: 24px;\">\n<div align=\"center\"><b><span style=\"font-family: Arial, Helvetica, sans-serif;\">3<\/span><\/b><\/div>\n<\/td>\n<\/tr>\n<tr style=\"height: 24px;\" bgcolor=\"#ffffcc\">\n<td style=\"width: 83.053%; height: 24px;\">\n<div align=\"left\"><b><span style=\"font-family: Arial, Helvetica, sans-serif;\">Biologia i Geologia<\/span><\/b><\/div>\n<\/td>\n<td style=\"width: 11.2232%; height: 24px;\">\n<div align=\"center\"><b><span style=\"font-family: Arial, Helvetica, sans-serif;\">2<\/span><\/b><\/div>\n<\/td>\n<\/tr>\n<tr style=\"height: 24px;\" bgcolor=\"#ccffcc\">\n<td style=\"width: 83.053%; height: 24px;\">\n<div align=\"left\"><b><span style=\"font-family: Arial, Helvetica, sans-serif;\">Ci\u00e8ncies Socials<\/span><\/b><\/div>\n<\/td>\n<td style=\"width: 11.2232%; height: 24px;\">\n<div align=\"center\"><b><span style=\"font-family: Arial, Helvetica, sans-serif;\">2<\/span><\/b><\/div>\n<\/td>\n<\/tr>\n<tr style=\"height: 24px;\" bgcolor=\"#ffffcc\">\n<td style=\"width: 83.053%; height: 24px;\">\n<div align=\"left\"><b><span style=\"font-family: Arial, Helvetica, sans-serif;\">F\u00edsica i Qu\u00edmica<\/span><\/b><\/div>\n<\/td>\n<td style=\"width: 11.2232%; height: 24px;\">\n<div align=\"center\"><b><span style=\"font-family: Arial, Helvetica, sans-serif;\">2<\/span><\/b><\/div>\n<\/td>\n<\/tr>\n<tr style=\"height: 24px;\" bgcolor=\"#ccffcc\">\n<td style=\"width: 83.053%; height: 24px;\">\n<div align=\"left\"><b><span style=\"font-family: Arial, Helvetica, sans-serif;\">M\u00fasica<\/span><\/b><\/div>\n<\/td>\n<td style=\"width: 11.2232%; height: 24px;\">\n<div align=\"center\"><b><span style=\"font-family: Arial, Helvetica, sans-serif;\">2<\/span><\/b><\/div>\n<\/td>\n<\/tr>\n<tr style=\"height: 24px;\" bgcolor=\"#ffffcc\">\n<td style=\"width: 83.053%; height: 24px;\">\n<div align=\"left\"><b><span style=\"font-family: Arial, Helvetica, sans-serif;\">Tecnologia i digitalitzaci\u00f3<\/span><\/b><\/div>\n<\/td>\n<td style=\"width: 11.2232%; height: 24px;\">\n<div align=\"center\"><b><span style=\"font-family: Arial, Helvetica, sans-serif;\">2<\/span><\/b><\/div>\n<\/td>\n<\/tr>\n<tr style=\"height: 24px;\" bgcolor=\"#ccffcc\">\n<td style=\"width: 83.053%; height: 24px;\">\n<div align=\"left\"><span style=\"font-family: Arial, Helvetica, sans-serif;\"><b>Expressi\u00f3 art\u00edstica<\/b><\/span><\/div>\n<\/td>\n<td style=\"width: 11.2232%; height: 24px;\">\n<div align=\"center\"><b><span style=\"font-family: Arial, Helvetica, sans-serif;\">2<\/span><\/b><\/div>\n<\/td>\n<\/tr>\n<tr style=\"height: 24px;\" bgcolor=\"#ffffcc\">\n<td style=\"width: 83.053%; height: 24px;\">\n<div align=\"left\"><b><span style=\"font-family: Arial, Helvetica, sans-serif;\">Educaci\u00f3 F\u00edsica<\/span><\/b><\/div>\n<\/td>\n<td style=\"width: 11.2232%; height: 24px;\">\n<div align=\"center\"><b><span style=\"font-family: Arial, Helvetica, sans-serif;\">2<\/span><\/b><\/div>\n<\/td>\n<\/tr>\n<tr style=\"height: 24px;\" bgcolor=\"#ccffcc\">\n<td style=\"width: 83.053%; height: 24px;\">\n<div align=\"left\"><b><span style=\"font-family: Arial, Helvetica, sans-serif;\">Educaci\u00f3 emocional<\/span><\/b><\/div>\n<\/td>\n<td style=\"width: 11.2232%; height: 24px;\">\n<div align=\"center\"><b><span style=\"font-family: Arial, Helvetica, sans-serif;\">1<\/span><\/b><\/div>\n<\/td>\n<\/tr>\n<tr style=\"height: 24px;\" bgcolor=\"#ffffcc\">\n<td style=\"width: 83.053%; height: 24px;\">\n<div align=\"left\"><b><span style=\"font-family: Arial, Helvetica, sans-serif;\">Tutoria<\/span><\/b><\/div>\n<\/td>\n<td style=\"width: 11.2232%; height: 24px;\">\n<div align=\"center\"><b><span style=\"font-family: Arial, Helvetica, sans-serif;\">1<\/span><\/b><\/div>\n<\/td>\n<\/tr>\n<\/tbody>\n<\/table>\n<p><strong style=\"font-size: revert; color: initial;\">Optatives (2 hores)<\/strong><span style=\"font-size: revert; color: initial;\">: Franc\u00e8s, Steam Art, Steam Matem\u00e0tiques, Steam Biologia, Educaci\u00f3 F\u00edsica<\/span><\/p>\n<p style=\"text-align: center;\"><span style=\"font-family: Arial, Helvetica, sans-serif; font-size: xx-large;\"><b>2n Curs d&#8217;ESO<\/b><\/span><\/p>\n<p><span style=\"font-family: Arial, Helvetica, sans-serif;\"><b>Els estudis de 2n d&#8217; ESO en el nostre institut es distribueixen en 30 hores a la setmana de la manera seg\u00fcent:<\/b><\/span><\/p>\n<table style=\"width: 100%; height: 288px;\" border=\"0\" width=\"380\" cellspacing=\"2\" cellpadding=\"0\" align=\"center\">\n<tbody>\n<tr style=\"height: 24px;\" bgcolor=\"#ff9900\">\n<td style=\"height: 24px; width: 80.119%;\">\n<div align=\"center\"><b><span style=\"font-family: Arial, Helvetica, sans-serif;\">Mat\u00e8ries<\/span><\/b><\/div>\n<\/td>\n<td style=\"height: 24px; width: 18.9286%;\">\n<div align=\"center\"><b><span style=\"font-family: Arial, Helvetica, sans-serif;\">Hores<\/span><\/b><\/div>\n<\/td>\n<\/tr>\n<tr style=\"height: 24px;\" bgcolor=\"#ffffcc\">\n<td style=\"height: 24px; width: 80.119%;\">\n<div align=\"left\"><b><span style=\"font-family: Arial, Helvetica, sans-serif;\">Catal\u00e0<\/span><\/b><\/div>\n<\/td>\n<td style=\"height: 24px; width: 18.9286%;\">\n<div align=\"center\"><b><span style=\"font-family: Arial, Helvetica, sans-serif;\">3<\/span><\/b><\/div>\n<\/td>\n<\/tr>\n<tr style=\"height: 24px;\" bgcolor=\"#ccffcc\">\n<td style=\"height: 24px; width: 80.119%;\">\n<div align=\"left\"><b><span style=\"font-family: Arial, Helvetica, sans-serif;\">Castell\u00e0<\/span><\/b><\/div>\n<\/td>\n<td style=\"height: 24px; width: 18.9286%;\">\n<div align=\"center\"><b><span style=\"font-family: Arial, Helvetica, sans-serif;\">3<\/span><\/b><\/div>\n<\/td>\n<\/tr>\n<tr style=\"height: 24px;\" bgcolor=\"#ffffcc\">\n<td style=\"height: 24px; width: 80.119%;\">\n<div align=\"left\"><b><span style=\"font-family: Arial, Helvetica, sans-serif;\">Matem\u00e0tiques<\/span><\/b><\/div>\n<\/td>\n<td style=\"height: 24px; width: 18.9286%;\">\n<div align=\"center\"><b><span style=\"font-family: Arial, Helvetica, sans-serif;\">4<\/span><\/b><\/div>\n<\/td>\n<\/tr>\n<tr style=\"height: 24px;\" bgcolor=\"#ccffcc\">\n<td style=\"height: 24px; width: 80.119%;\">\n<div align=\"left\"><b><span style=\"font-family: Arial, Helvetica, sans-serif;\">Angl\u00e8s<\/span><\/b><\/div>\n<\/td>\n<td style=\"height: 24px; width: 18.9286%;\">\n<div align=\"center\"><b><span style=\"font-family: Arial, Helvetica, sans-serif;\">3<\/span><\/b><\/div>\n<\/td>\n<\/tr>\n<tr style=\"height: 24px;\" bgcolor=\"#ffffcc\">\n<td style=\"height: 24px; width: 80.119%;\">\n<div align=\"left\"><b><span style=\"font-family: Arial, Helvetica, sans-serif;\">Biologia i Geologia<\/span><\/b><\/div>\n<\/td>\n<td style=\"height: 24px; width: 18.9286%;\">\n<div align=\"center\"><b><span style=\"font-family: Arial, Helvetica, sans-serif;\">2<\/span><\/b><\/div>\n<\/td>\n<\/tr>\n<tr style=\"height: 24px;\" bgcolor=\"#ccffcc\">\n<td style=\"height: 24px; width: 80.119%;\">\n<div align=\"left\"><b><span style=\"font-family: Arial, Helvetica, sans-serif;\">Ci\u00e8ncies Socials<\/span><\/b><\/div>\n<\/td>\n<td style=\"height: 24px; width: 18.9286%;\">\n<div align=\"center\"><b><span style=\"font-family: Arial, Helvetica, sans-serif;\">3<\/span><\/b><\/div>\n<\/td>\n<\/tr>\n<tr style=\"height: 24px;\" bgcolor=\"#ffffcc\">\n<td style=\"height: 24px; width: 80.119%;\">\n<div align=\"left\"><b><span style=\"font-family: Arial, Helvetica, sans-serif;\">Tecnologia i Digitalitzaci\u00f3<\/span><\/b><\/div>\n<\/td>\n<td style=\"height: 24px; width: 18.9286%;\">\n<div align=\"center\"><b><span style=\"font-family: Arial, Helvetica, sans-serif;\">2<\/span><\/b><\/div>\n<\/td>\n<\/tr>\n<tr style=\"height: 24px;\" bgcolor=\"#ccffcc\">\n<td style=\"height: 24px; width: 80.119%;\"><b><span style=\"font-family: Arial, Helvetica, sans-serif;\">F\u00edsica i Qu\u00edmica<\/span><\/b><\/td>\n<td style=\"height: 24px; width: 18.9286%;\">\n<div align=\"center\"><b><span style=\"font-family: Arial, Helvetica, sans-serif;\">2<\/span><\/b><\/div>\n<\/td>\n<\/tr>\n<tr style=\"height: 24px;\" bgcolor=\"#ffffcc\">\n<td style=\"height: 24px; width: 80.119%;\">\n<div align=\"left\"><b><span style=\"font-family: Arial, Helvetica, sans-serif;\">M\u00fasica<\/span><\/b><\/div>\n<\/td>\n<td style=\"height: 24px; width: 18.9286%;\">\n<div align=\"center\"><b><span style=\"font-family: Arial, Helvetica, sans-serif;\">2<\/span><\/b><\/div>\n<\/td>\n<\/tr>\n<tr style=\"height: 24px;\" bgcolor=\"#CCFFCC\">\n<td style=\"height: 24px; width: 80.119%;\">\n<div align=\"left\"><b><span style=\"font-family: Arial, Helvetica, sans-serif;\">Educaci\u00f3 f\u00edsica<\/span><\/b><\/div>\n<\/td>\n<td style=\"height: 24px; width: 18.9286%;\">\n<div align=\"center\"><b><span style=\"font-family: Arial, Helvetica, sans-serif;\">2<\/span><\/b><\/div>\n<\/td>\n<\/tr>\n<tr style=\"height: 24px;\" bgcolor=\"#ffffcc\">\n<td style=\"height: 24px; width: 80.119%;\">\n<div align=\"left\"><b><span style=\"font-family: Arial, Helvetica, sans-serif;\">Educaci\u00f3 emocional<\/span><\/b><\/div>\n<\/td>\n<td style=\"height: 24px; width: 18.9286%;\">\n<div align=\"center\"><b><span style=\"font-family: Arial, Helvetica, sans-serif;\">1<\/span><\/b><\/div>\n<\/td>\n<\/tr>\n<tr style=\"height: 24px;\" bgcolor=\"#CCFFCC\">\n<td style=\"height: 24px; width: 80.119%;\">\n<div align=\"left\"><b><span style=\"font-family: Arial, Helvetica, sans-serif;\">Tutoria<\/span><\/b><\/div>\n<\/td>\n<td style=\"height: 24px; width: 18.9286%;\">\n<div align=\"center\"><b><span style=\"font-family: Arial, Helvetica, sans-serif;\">1<\/span><\/b><\/div>\n<\/td>\n<\/tr>\n<\/tbody>\n<\/table>\n<p><strong style=\"font-size: revert; color: initial;\">Optatives (2 hores)<\/strong><span style=\"font-size: revert; color: initial;\">: Franc\u00e8s, Steam F\u00edsica i Qu\u00edmica, Steam Art, R\u00e0dio, Steam Tecnologia.<\/span><\/p>\n<p style=\"text-align: center;\"><span style=\"font-family: Arial, Helvetica, sans-serif; font-size: xx-large;\"><b>3r Curs d&#8217;ESO<\/b><\/span><\/p>\n<p><span style=\"font-family: Arial, Helvetica, sans-serif;\"><b>Els estudis de 3r d&#8217; ESO al nostre institut es distribueixen en 30 hores a la setmana de la manera seg\u00fcent:<\/b><\/span><\/p>\n<table style=\"width: 96.3095%; height: 312px;\" border=\"0\" width=\"380\" cellspacing=\"2\" cellpadding=\"0\" align=\"center\">\n<tbody>\n<tr style=\"height: 24px;\" bgcolor=\"#ff9900\">\n<td style=\"width: 73.9286%; height: 24px;\">\n<div align=\"center\"><b><span style=\"font-family: Arial, Helvetica, sans-serif;\">Mat\u00e8ries<\/span><\/b><\/div>\n<\/td>\n<td style=\"width: 21.4285%; height: 24px;\">\n<div align=\"center\"><b><span style=\"font-family: Arial, Helvetica, sans-serif;\">Hores<\/span><\/b><\/div>\n<\/td>\n<\/tr>\n<tr style=\"height: 24px;\" bgcolor=\"#ffffcc\">\n<td style=\"width: 73.9286%; height: 24px;\">\n<div align=\"left\"><b><span style=\"font-family: Arial, Helvetica, sans-serif;\">Catal\u00e0<\/span><\/b><\/div>\n<\/td>\n<td style=\"width: 21.4285%; height: 24px;\">\n<div align=\"center\"><b><span style=\"font-family: Arial, Helvetica, sans-serif;\">3<\/span><\/b><\/div>\n<\/td>\n<\/tr>\n<tr style=\"height: 24px;\" bgcolor=\"#ccffcc\">\n<td style=\"width: 73.9286%; height: 24px;\">\n<div align=\"left\"><b><span style=\"font-family: Arial, Helvetica, sans-serif;\">Castell\u00e0<\/span><\/b><\/div>\n<\/td>\n<td style=\"width: 21.4285%; height: 24px;\">\n<div align=\"center\"><b><span style=\"font-family: Arial, Helvetica, sans-serif;\">3<\/span><\/b><\/div>\n<\/td>\n<\/tr>\n<tr style=\"height: 24px;\" bgcolor=\"#ffffcc\">\n<td style=\"width: 73.9286%; height: 24px;\">\n<div align=\"left\"><b><span style=\"font-family: Arial, Helvetica, sans-serif;\">Matem\u00e0tiques<\/span><\/b><\/div>\n<\/td>\n<td style=\"width: 21.4285%; height: 24px;\">\n<div align=\"center\"><b><span style=\"font-family: Arial, Helvetica, sans-serif;\">4<\/span><\/b><\/div>\n<\/td>\n<\/tr>\n<tr style=\"height: 24px;\" bgcolor=\"#ccffcc\">\n<td style=\"width: 73.9286%; height: 24px;\">\n<div align=\"left\"><b><span style=\"font-family: Arial, Helvetica, sans-serif;\">Angl\u00e8s<\/span><\/b><\/div>\n<\/td>\n<td style=\"width: 21.4285%; height: 24px;\">\n<div align=\"center\"><b><span style=\"font-family: Arial, Helvetica, sans-serif;\">3<\/span><\/b><\/div>\n<\/td>\n<\/tr>\n<tr style=\"height: 24px;\" bgcolor=\"#ffffcc\">\n<td style=\"width: 73.9286%; height: 24px;\">\n<div align=\"left\"><b><span style=\"font-family: Arial, Helvetica, sans-serif;\">Biologia i Geologia<\/span><\/b><\/div>\n<\/td>\n<td style=\"width: 21.4285%; height: 24px;\">\n<div align=\"center\"><b><span style=\"font-family: Arial, Helvetica, sans-serif;\">2<\/span><\/b><\/div>\n<\/td>\n<\/tr>\n<tr style=\"height: 24px;\" bgcolor=\"#ccffcc\">\n<td style=\"width: 73.9286%; height: 24px;\" bgcolor=\"#CCFFCC\"><b><span style=\"font-family: Arial, Helvetica, sans-serif;\">F\u00edsica i Qu\u00edmica<\/span><\/b><\/td>\n<td style=\"width: 21.4285%; height: 24px;\">\n<div class=\"Estilo3\" align=\"center\"><b><span style=\"font-family: Arial, Helvetica, sans-serif;\">2<\/span><\/b><\/div>\n<\/td>\n<\/tr>\n<tr style=\"height: 24px;\" bgcolor=\"#FFFFCC\">\n<td style=\"width: 73.9286%; height: 24px;\"><b><span style=\"font-family: Arial, Helvetica, sans-serif;\">Ci\u00e8ncies Socials<\/span><\/b><\/td>\n<td style=\"width: 21.4285%; height: 24px;\">\n<div align=\"center\"><b><span style=\"font-family: Arial, Helvetica, sans-serif;\">2<\/span><\/b><\/div>\n<\/td>\n<\/tr>\n<tr style=\"height: 24px;\" bgcolor=\"ccffcc\">\n<td style=\"width: 73.9286%; height: 24px;\">\n<div align=\"left\"><b><span style=\"font-family: Arial, Helvetica, sans-serif;\">Tecnologia i Digitalitzaci\u00f3<\/span><\/b><\/div>\n<\/td>\n<td style=\"width: 21.4285%; height: 24px;\">\n<div align=\"center\"><b><span style=\"font-family: Arial, Helvetica, sans-serif;\">2<\/span><\/b><\/div>\n<\/td>\n<\/tr>\n<tr style=\"height: 24px;\" bgcolor=\"#FFFFCC\">\n<td style=\"width: 73.9286%; height: 24px;\"><b><span style=\"font-family: Arial, Helvetica, sans-serif;\">Expressi\u00f3 Art\u00edstica<\/span><\/b><\/td>\n<td style=\"width: 21.4285%; height: 24px;\">\n<div align=\"center\"><b><span style=\"font-family: Arial, Helvetica, sans-serif;\">2<\/span><\/b><\/div>\n<\/td>\n<\/tr>\n<tr style=\"height: 24px;\" bgcolor=\"#CCFFCC\">\n<td style=\"width: 73.9286%; height: 24px;\">\n<div align=\"left\"><b><span style=\"font-family: Arial, Helvetica, sans-serif;\">Educaci\u00f3 F\u00edsica<\/span><\/b><\/div>\n<\/td>\n<td style=\"width: 21.4285%; height: 24px;\">\n<div align=\"center\"><b><span style=\"font-family: Arial, Helvetica, sans-serif;\">2<\/span><\/b><\/div>\n<\/td>\n<\/tr>\n<tr style=\"height: 24px;\" bgcolor=\"#FFFFCC\">\n<td style=\"width: 73.9286%; height: 24px;\">\n<div align=\"left\"><b><span style=\"font-family: Arial, Helvetica, sans-serif;\">Educaci\u00f3 Emocional<\/span><\/b><\/div>\n<\/td>\n<td style=\"width: 21.4285%; height: 24px;\">\n<div align=\"center\"><b><span style=\"font-family: Arial, Helvetica, sans-serif;\">1<\/span><\/b><\/div>\n<\/td>\n<\/tr>\n<tr class=\"Estilo3\" style=\"height: 24px;\" bgcolor=\"#CCFFCC\">\n<td style=\"width: 73.9286%; height: 24px;\">\n<div class=\"Estilo3\" align=\"left\"><b><span style=\"font-family: Arial, Helvetica, sans-serif;\">Tutoria<\/span><\/b><\/div>\n<\/td>\n<td style=\"width: 21.4285%; height: 24px;\">\n<div align=\"center\"><b>1<\/b><\/div>\n<\/td>\n<\/tr>\n<\/tbody>\n<\/table>\n<p><strong style=\"font-size: revert; color: initial;\">Optatives (2 hores)<\/strong><span style=\"font-size: revert; color: initial;\">: Mediaci\u00f3, Emprenedoria, Cultura Cl\u00e0ssica, Franc\u00e8s, M\u00fasica, Rob\u00f2tica.<\/span><\/p>\n<p style=\"text-align: center;\"><span style=\"font-family: Arial, Helvetica, sans-serif; font-size: xx-large;\"><b>4t Curs d&#8217;ESO<\/b><\/span><\/p>\n<p><b style=\"font-family: Arial, Helvetica, sans-serif; font-size: revert; color: initial;\">Els estudis de 4t d&#8217; ESO al nostre institut es distribueixen en 30 hores a la setmana de la manera seg\u00fcent:<\/b><\/p>\n<table style=\"width: 833px;\" border=\"0\" width=\"388\" cellspacing=\"2\" cellpadding=\"0\" align=\"center\">\n<tbody>\n<tr bgcolor=\"#ff9900\">\n<td style=\"width: 683px;\" width=\"314\">\n<div align=\"center\"><b><span style=\"font-family: Arial, Helvetica, sans-serif;\">Mat\u00e8ries<\/span><\/b><\/div>\n<\/td>\n<td style=\"width: 150px;\" width=\"68\">\n<div align=\"center\"><b><span style=\"font-family: Arial, Helvetica, sans-serif;\">Hores<\/span><\/b><\/div>\n<\/td>\n<\/tr>\n<tr bgcolor=\"#ffffcc\">\n<td style=\"width: 683px;\">\n<div align=\"left\"><b><span style=\"font-family: Arial, Helvetica, sans-serif;\">Catal\u00e0<\/span><\/b><\/div>\n<\/td>\n<td style=\"width: 150px;\">\n<div align=\"center\"><b><span style=\"font-family: Arial, Helvetica, sans-serif;\">3<\/span><\/b><\/div>\n<\/td>\n<\/tr>\n<tr bgcolor=\"#ccffcc\">\n<td style=\"width: 683px;\">\n<div align=\"left\"><b><span style=\"font-family: Arial, Helvetica, sans-serif;\">Castell\u00e0<\/span><\/b><\/div>\n<\/td>\n<td style=\"width: 150px;\">\n<div align=\"center\"><b><span style=\"font-family: Arial, Helvetica, sans-serif;\">3<\/span><\/b><\/div>\n<\/td>\n<\/tr>\n<tr bgcolor=\"#ffffcc\">\n<td style=\"width: 683px;\">\n<div align=\"left\"><b><span style=\"font-family: Arial, Helvetica, sans-serif;\">Matem\u00e0tiques<\/span><\/b><\/div>\n<\/td>\n<td style=\"width: 150px;\">\n<div align=\"center\"><b><span style=\"font-family: Arial, Helvetica, sans-serif;\">4<\/span><\/b><\/div>\n<\/td>\n<\/tr>\n<tr bgcolor=\"#ccffcc\">\n<td style=\"width: 683px;\">\n<div align=\"left\"><b><span style=\"font-family: Arial, Helvetica, sans-serif;\">Angl\u00e8s<\/span><\/b><\/div>\n<\/td>\n<td style=\"width: 150px;\">\n<div align=\"center\"><b><span style=\"font-family: Arial, Helvetica, sans-serif;\">3<\/span><\/b><\/div>\n<\/td>\n<\/tr>\n<tr bgcolor=\"#ffffcc\">\n<td style=\"width: 683px;\">\n<div align=\"left\"><b><span style=\"font-family: Arial, Helvetica, sans-serif;\">Ci\u00e8ncies Socials<\/span><\/b><\/div>\n<\/td>\n<td style=\"width: 150px;\">\n<div align=\"center\"><b><span style=\"font-family: Arial, Helvetica, sans-serif;\">3<\/span><\/b><\/div>\n<\/td>\n<\/tr>\n<tr bgcolor=\"#ccffcc\">\n<td style=\"width: 683px;\">\n<div align=\"left\"><b><span style=\"font-family: Arial, Helvetica, sans-serif;\">Educaci\u00f3 en Valors \u00c8tics i C\u00edvics<\/span><\/b><\/div>\n<\/td>\n<td style=\"width: 150px;\">\n<div align=\"center\"><b><span style=\"font-family: Arial, Helvetica, sans-serif;\">1<\/span><\/b><\/div>\n<\/td>\n<\/tr>\n<tr bgcolor=\"#ffffcc\">\n<td style=\"width: 683px;\">\n<div align=\"left\"><b><span style=\"font-family: Arial, Helvetica, sans-serif;\">Educaci\u00f3 F\u00edsica<\/span><\/b><\/div>\n<\/td>\n<td style=\"width: 150px;\">\n<div align=\"center\"><b><span style=\"font-family: Arial, Helvetica, sans-serif;\">2<\/span><\/b><\/div>\n<\/td>\n<\/tr>\n<tr bgcolor=\"#ccffcc\">\n<td style=\"width: 683px;\"><b><span style=\"font-family: Arial, Helvetica, sans-serif;\">Educaci\u00f3 Emocional<\/span><\/b><\/td>\n<td style=\"width: 150px;\">\n<div align=\"center\"><b><span style=\"font-family: Arial, Helvetica, sans-serif;\">1<\/span><\/b><\/div>\n<\/td>\n<\/tr>\n<tr bgcolor=\"#ffffcc\">\n<td style=\"width: 683px;\">\n<div align=\"left\"><b><span style=\"font-family: Arial, Helvetica, sans-serif;\">Tutoria<\/span><\/b><\/div>\n<\/td>\n<td style=\"width: 150px;\">\n<div align=\"center\"><b><span style=\"font-family: Arial, Helvetica, sans-serif;\">1<\/span><\/b><\/div>\n<\/td>\n<\/tr>\n<\/tbody>\n<\/table>\n<p>Mat\u00e8ries d&#8217;itinerari:<\/p>\n<p>Cient\u00edfic: F\u00edsica i Qu\u00edmica, Biologia i Geologia.<\/p>\n<p>Tecnol\u00f2gic: Tecnologia i Digitalitzaci\u00f3, Digitalitzaci\u00f3<\/p>\n<p>Human\u00edstic: Cultura Cl\u00e0ssica, Llat\u00ed<\/p>\n<p>Social: Emprenedoria, Economia<\/p>\n<p><strong style=\"font-size: revert; color: initial;\">Optatives (2 hores)<\/strong><span style=\"font-size: revert; color: initial;\">: Franc\u00e8s, M\u00fasica, Educaci\u00f3 F\u00edsica, Digitalitzaci\u00f3, Filosofia, Expressi\u00f3 Art\u00edstica.<\/span><\/p>\n<p align=\"center\">\n","protected":false},"excerpt":{"rendered":"<p>1r Curs d&#8217;ESO<br \/>\nEls estudis de 1r d&#8217; ESO en el nostre institut es distribueixen en 30 hores a la setmana de la manera seg\u00fcent:<\/p>\n<p>Mat\u00e8ries<\/p>\n<p>Hores<\/p>\n<p>Catal\u00e0<\/p>\n<p>3<\/p>\n<p>Castell\u00e0<\/p>\n<p>3<\/p>\n<p>Matem\u00e0tiques\u00a0<\/p>\n<p>3<\/p>\n<p>Angl\u00e8s<\/p>\n<p>3<\/p>\n<p>Biologia i Geologia<\/p>\n<p>2<\/p>\n<p>Ci\u00e8ncies Socials<\/p>\n<p>2<\/p>\n<p>F\u00edsica i Qu\u00edmica<\/p>\n<p>2<\/p>\n<p>M\u00fasica<\/p>\n<p>2<\/p>\n<p>Tecnologia i digitalitzaci\u00f3<\/p>\n<p>2<\/p>\n<p>Expressi\u00f3 art\u00edstica<\/p>\n<p>2<\/p>\n<p>Educaci\u00f3 F\u00edsica<\/p>\n<p>2<\/p>\n<p>Educaci\u00f3 emocional<\/p>\n<p>1<\/p>\n<p>Tutoria<\/p>\n<p>1<\/p>\n<p>Optatives (2 hores): Franc\u00e8s, Steam Art, Steam Matem\u00e0tiques, Steam Biologia, Educaci\u00f3 F\u00edsica<br \/>\n2n&hellip;  <a href=\"https:\/\/agora.xtec.cat\/ieslluiscompanys\/estudis\/eso\/\" title=\"Read ESO\">Llegeix m\u00e9s\u00bb<\/a><\/p>\n","protected":false},"author":6,"featured_media":0,"parent":195,"menu_order":10,"comment_status":"closed","ping_status":"close","template":"","meta":{"_bbp_topic_count":0,"_bbp_reply_count":0,"_bbp_total_topic_count":0,"_bbp_total_reply_count":0,"_bbp_voice_count":0,"_bbp_anonymous_reply_count":0,"_bbp_topic_count_hidden":0,"_bbp_reply_count_hidden":0,"_bbp_forum_subforum_count":0,"footnotes":""},"class_list":["post-894","page","type-page","status-publish","hentry"],"post_mailing_queue_ids":[],"_links":{"self":[{"href":"https:\/\/agora.xtec.cat\/ieslluiscompanys\/wp-json\/wp\/v2\/pages\/894","targetHints":{"allow":["GET"]}}],"collection":[{"href":"https:\/\/agora.xtec.cat\/ieslluiscompanys\/wp-json\/wp\/v2\/pages"}],"about":[{"href":"https:\/\/agora.xtec.cat\/ieslluiscompanys\/wp-json\/wp\/v2\/types\/page"}],"author":[{"embeddable":true,"href":"https:\/\/agora.xtec.cat\/ieslluiscompanys\/wp-json\/wp\/v2\/users\/6"}],"replies":[{"embeddable":true,"href":"https:\/\/agora.xtec.cat\/ieslluiscompanys\/wp-json\/wp\/v2\/comments?post=894"}],"version-history":[{"count":6,"href":"https:\/\/agora.xtec.cat\/ieslluiscompanys\/wp-json\/wp\/v2\/pages\/894\/revisions"}],"predecessor-version":[{"id":2389,"href":"https:\/\/agora.xtec.cat\/ieslluiscompanys\/wp-json\/wp\/v2\/pages\/894\/revisions\/2389"}],"up":[{"embeddable":true,"href":"https:\/\/agora.xtec.cat\/ieslluiscompanys\/wp-json\/wp\/v2\/pages\/195"}],"wp:attachment":[{"href":"https:\/\/agora.xtec.cat\/ieslluiscompanys\/wp-json\/wp\/v2\/media?parent=894"}],"curies":[{"name":"wp","href":"https:\/\/api.w.org\/{rel}","templated":true}]}}