{"id":867,"date":"2024-11-01T19:25:20","date_gmt":"2024-11-01T18:25:20","guid":{"rendered":"https:\/\/agora.xtec.cat\/ieslluiscompanys\/?page_id=867"},"modified":"2026-01-17T19:54:42","modified_gmt":"2026-01-17T18:54:42","slug":"sant-jordi","status":"publish","type":"page","link":"https:\/\/agora.xtec.cat\/ieslluiscompanys\/activitats\/sant-jordi\/","title":{"rendered":"Sant Jordi"},"content":{"rendered":"\n<p>El dia 23 d&#8217;abril \u00e9s un dia assenyalat en el curs. Celebrem la diada de Sant Jordi i per aix\u00f2 es realitzen diferents activitats durant tot el mat\u00ed: paradetes de plats aut\u00f2ctons preparats per l&#8217;alumnat de l&#8217;aula d&#8217;acollida, entrega dels premis dels Jocs Florals o la participaci\u00f3 de l&#8217;alumnat en la festa de Sant Jordi a Ripollet.<\/p>\n\n\n\n<p><a href=\"https:\/\/agora.xtec.cat\/ieslluiscompanys\/activitats\/sant-jordi\/sant-jordi-2024\/\" data-type=\"link\" data-id=\"https:\/\/agora.xtec.cat\/ieslluiscompanys\/activitats\/sant-jordi\/sant-jordi-2024\/\">Sant Jordi 2024<\/a><\/p>\n\n\n\n<p><a href=\"https:\/\/agora.xtec.cat\/ieslluiscompanys\/general\/sant-jordi-2025-2\/\">Sant Jordi 2025<\/a><\/p>\n","protected":false},"excerpt":{"rendered":"<p>El dia 23 d&#8217;abril \u00e9s un dia assenyalat en el curs. Celebrem la diada de Sant Jordi i per aix\u00f2 es realitzen diferents activitats durant tot el mat\u00ed: paradetes de plats aut\u00f2ctons preparats per l&#8217;alumnat de l&#8217;aula d&#8217;acollida, entrega dels premis dels Jocs Florals o&hellip;  <a href=\"https:\/\/agora.xtec.cat\/ieslluiscompanys\/activitats\/sant-jordi\/\" title=\"Read Sant Jordi\">Llegeix m\u00e9s\u00bb<\/a><\/p>\n","protected":false},"author":7,"featured_media":0,"parent":862,"menu_order":20,"comment_status":"closed","ping_status":"closed","template":"","meta":{"_bbp_topic_count":0,"_bbp_reply_count":0,"_bbp_total_topic_count":0,"_bbp_total_reply_count":0,"_bbp_voice_count":0,"_bbp_anonymous_reply_count":0,"_bbp_topic_count_hidden":0,"_bbp_reply_count_hidden":0,"_bbp_forum_subforum_count":0,"footnotes":""},"class_list":["post-867","page","type-page","status-publish","hentry"],"post_mailing_queue_ids":[],"_links":{"self":[{"href":"https:\/\/agora.xtec.cat\/ieslluiscompanys\/wp-json\/wp\/v2\/pages\/867","targetHints":{"allow":["GET"]}}],"collection":[{"href":"https:\/\/agora.xtec.cat\/ieslluiscompanys\/wp-json\/wp\/v2\/pages"}],"about":[{"href":"https:\/\/agora.xtec.cat\/ieslluiscompanys\/wp-json\/wp\/v2\/types\/page"}],"author":[{"embeddable":true,"href":"https:\/\/agora.xtec.cat\/ieslluiscompanys\/wp-json\/wp\/v2\/users\/7"}],"replies":[{"embeddable":true,"href":"https:\/\/agora.xtec.cat\/ieslluiscompanys\/wp-json\/wp\/v2\/comments?post=867"}],"version-history":[{"count":6,"href":"https:\/\/agora.xtec.cat\/ieslluiscompanys\/wp-json\/wp\/v2\/pages\/867\/revisions"}],"predecessor-version":[{"id":2295,"href":"https:\/\/agora.xtec.cat\/ieslluiscompanys\/wp-json\/wp\/v2\/pages\/867\/revisions\/2295"}],"up":[{"embeddable":true,"href":"https:\/\/agora.xtec.cat\/ieslluiscompanys\/wp-json\/wp\/v2\/pages\/862"}],"wp:attachment":[{"href":"https:\/\/agora.xtec.cat\/ieslluiscompanys\/wp-json\/wp\/v2\/media?parent=867"}],"curies":[{"name":"wp","href":"https:\/\/api.w.org\/{rel}","templated":true}]}}