{"id":844,"date":"2024-10-31T10:55:50","date_gmt":"2024-10-31T09:55:50","guid":{"rendered":"https:\/\/agora.xtec.cat\/ieslluiscompanys\/?page_id=844"},"modified":"2026-02-10T10:28:31","modified_gmt":"2026-02-10T09:28:31","slug":"projectes-de-coeducacio","status":"publish","type":"page","link":"https:\/\/agora.xtec.cat\/ieslluiscompanys\/projectes\/projectes-de-coeducacio\/","title":{"rendered":"Projectes de coeducaci\u00f3"},"content":{"rendered":"\n<p>La perspectiva de g\u00e8nere \u00e9s fonamental en la tasca docent per tal que l&#8217;alumnat assoleixi uns valors \u00e8tics imprescindibles a la societat actual.<\/p>\n\n\n\n<p>Per aix\u00f2, treballem en la creaci\u00f3 d&#8217;activitats transversals i interdisciplin\u00e0ries enfocades en el respecte a la difer\u00e8ncia.<\/p>\n\n\n\n<p><\/p>\n\n\n\n<div style=\"height:18px\" aria-hidden=\"true\" class=\"wp-block-spacer\"><\/div>\n\n\n\n<p><\/p>\n","protected":false},"excerpt":{"rendered":"<p>La perspectiva de g\u00e8nere \u00e9s fonamental en la tasca docent per tal que l&#8217;alumnat assoleixi uns valors \u00e8tics imprescindibles a la societat actual.<\/p>\n<p>Per aix\u00f2, treballem en la creaci\u00f3 d&#8217;activitats transversals i interdisciplin\u00e0ries enfocades en el respecte a la difer\u00e8ncia.<\/p>\n","protected":false},"author":6,"featured_media":0,"parent":829,"menu_order":30,"comment_status":"closed","ping_status":"close","template":"","meta":{"_bbp_topic_count":0,"_bbp_reply_count":0,"_bbp_total_topic_count":0,"_bbp_total_reply_count":0,"_bbp_voice_count":0,"_bbp_anonymous_reply_count":0,"_bbp_topic_count_hidden":0,"_bbp_reply_count_hidden":0,"_bbp_forum_subforum_count":0,"footnotes":""},"class_list":["post-844","page","type-page","status-publish","hentry"],"post_mailing_queue_ids":[],"_links":{"self":[{"href":"https:\/\/agora.xtec.cat\/ieslluiscompanys\/wp-json\/wp\/v2\/pages\/844","targetHints":{"allow":["GET"]}}],"collection":[{"href":"https:\/\/agora.xtec.cat\/ieslluiscompanys\/wp-json\/wp\/v2\/pages"}],"about":[{"href":"https:\/\/agora.xtec.cat\/ieslluiscompanys\/wp-json\/wp\/v2\/types\/page"}],"author":[{"embeddable":true,"href":"https:\/\/agora.xtec.cat\/ieslluiscompanys\/wp-json\/wp\/v2\/users\/6"}],"replies":[{"embeddable":true,"href":"https:\/\/agora.xtec.cat\/ieslluiscompanys\/wp-json\/wp\/v2\/comments?post=844"}],"version-history":[{"count":4,"href":"https:\/\/agora.xtec.cat\/ieslluiscompanys\/wp-json\/wp\/v2\/pages\/844\/revisions"}],"predecessor-version":[{"id":2382,"href":"https:\/\/agora.xtec.cat\/ieslluiscompanys\/wp-json\/wp\/v2\/pages\/844\/revisions\/2382"}],"up":[{"embeddable":true,"href":"https:\/\/agora.xtec.cat\/ieslluiscompanys\/wp-json\/wp\/v2\/pages\/829"}],"wp:attachment":[{"href":"https:\/\/agora.xtec.cat\/ieslluiscompanys\/wp-json\/wp\/v2\/media?parent=844"}],"curies":[{"name":"wp","href":"https:\/\/api.w.org\/{rel}","templated":true}]}}