{"id":834,"date":"2024-10-31T10:50:33","date_gmt":"2024-10-31T09:50:33","guid":{"rendered":"https:\/\/agora.xtec.cat\/ieslluiscompanys\/?page_id=834"},"modified":"2025-01-30T18:34:23","modified_gmt":"2025-01-30T17:34:23","slug":"biblioteca-escolar-be","status":"publish","type":"page","link":"https:\/\/agora.xtec.cat\/ieslluiscompanys\/projectes\/biblioteca-escolar-be\/","title":{"rendered":"Biblioteca escolar (BE)"},"content":{"rendered":"\n<p>El curs 2017-2018 vam definir un projecte de biblioteca escolar, vinculat al Pla Lector de centre, que t\u00e9 com a objectius clau la difusi\u00f3 cultural i el foment del gust lector, d&#8217;una banda, i la millora de la cohesi\u00f3 de la comunitat educativa, de l&#8217;altra.<\/p>\n\n\n\n<p>Aqu\u00ed podeu llegir el document base d&#8217;aquest projecte de biblioteca escolar:<\/p>\n\n\n\n<div class=\"wp-block-file\"><a id=\"wp-block-file--media-9f982e3c-4e16-4ac5-884a-a1a5c420e6c1\" href=\"https:\/\/agora.xtec.cat\/ieslluiscompanys\/wp-content\/uploads\/usu3024\/2024\/10\/Projecte_BIB_LluisCompanys_2017-1.pdf\">Projecte_BIB_LluisCompanys_2017-1<\/a><a href=\"https:\/\/agora.xtec.cat\/ieslluiscompanys\/wp-content\/uploads\/usu3024\/2024\/10\/Projecte_BIB_LluisCompanys_2017-1.pdf\" class=\"wp-block-file__button wp-element-button\" download aria-describedby=\"wp-block-file--media-9f982e3c-4e16-4ac5-884a-a1a5c420e6c1\">Baixa<\/a><\/div>\n\n\n\n<p>A m\u00e9s, podeu trobar a les xarxes socials la nostra biblioteca, batejada com a Biblioteca i sala d&#8217;estudi Andreu Sol\u00e0 en commemoraci\u00f3 d&#8217;aquest personatge de la cultura ripolletenca: <\/p>\n\n\n\n<ul class=\"wp-block-list\">\n<li>@bibllcompanys, a Instagram i Twitter<\/li>\n\n\n\n<li><a href=\"http:\/\/bibliotecaandreusola.blogspot.com\/\">http:\/\/bibliotecaandreusola.blogspot.com<\/a><a href=\"http:\/\/bibliotecaandreusola.blogspot.com\/\" target=\"_blank\" rel=\"noreferrer noopener\">\/<\/a><\/li>\n\n\n\n<li><a href=\"https:\/\/www.youtube.com\/channel\/UCIevvQcd8z_mnSZa5jqPTZQ\" target=\"_blank\" rel=\"noreferrer noopener\">canal de Youtube de la biblioteca<\/a><\/li>\n<\/ul>\n\n\n\n<p><strong>I podeu consultar en l\u00ednia el nostre cat\u00e0leg:<\/strong><\/p>\n\n\n\n<p><a href=\"https:\/\/aplicacions.gestioeducativa.gencat.cat\/epergam\">https:\/\/aplicacions.gestioeducativa.gencat.cat\/epergam<\/a><\/p>\n\n\n\n<figure class=\"wp-block-image size-large\"><img decoding=\"async\" src=\"http:\/\/www.institutlluiscompanys.org\/wp-content\/uploads\/2023\/11\/EN_Co-fundedbytheEU_RGB_POS-1024x228.png\" alt=\"\" class=\"wp-image-3972\"\/><\/figure>\n\n\n\n<div class=\"wp-block-group\"><div class=\"wp-block-group__inner-container is-layout-flow wp-block-group-is-layout-flow\">\n<div class=\"wp-block-group\"><div class=\"wp-block-group__inner-container is-layout-flow wp-block-group-is-layout-flow\">\n<figure class=\"wp-block-image size-large is-resized\"><img loading=\"lazy\" decoding=\"async\" src=\"http:\/\/www.institutlluiscompanys.org\/wp-content\/uploads\/2023\/11\/logotip-fons-blanc-CETE-1.jpg\" alt=\"\" class=\"wp-image-3976\" width=\"163\" height=\"139\"><a href=\"http:\/\/www.sepie.es\/\" target=\"_blank\" rel=\"noopener noreferrer\"><img loading=\"lazy\" decoding=\"async\" src=\"http:\/\/www.institutlluiscompanys.org\/wp-content\/uploads\/2023\/11\/SEPIE_erasmus_plus.gif\" alt=\"\" class=\"wp-image-3973\" width=\"231\" height=\"85\"><\/a><\/figure>\n<\/div><\/div>\n<\/div><\/div>\n\n\n\n<p>D&#8217;altra banda, el curs 2020-21 vam ser seleccionats pel <strong>programa biblioteca escolar Puntedu<\/strong> per participar en el <strong>Microconsorci Biblioteca escolar PuntEdu<\/strong>, que forma part del <strong>Consorci KA120 Erasmus+ CETE+(2021-2027)<\/strong>. <\/p>\n\n\n\n<p><strong><strong>Aquest projecte CETE+<\/strong>&nbsp;\u00e9s un&nbsp;<em>Consorci Europeu per a la Transformaci\u00f3 Educativa<\/em>&nbsp;<\/strong>emmarcat en una acreditaci\u00f3 Erasmus+ KA120, subvencionat per la Uni\u00f3 Europea<strong> i nosaltres hi hem participat al <span class=\"has-inline-color has-vivid-red-color\">projecte 21<\/span> (desenvolupat b\u00e0sicament al curs 2021-22) i al <span class=\"has-inline-color has-vivid-red-color\">projecte 22<\/span> (desenvolupat al curs 2022-23). <\/strong><\/p>\n\n\n\n<p><em><span class=\"has-inline-color has-vivid-purple-color\">To read in English the information about the CETE+ Erasmus+ project, click <a href=\"http:\/\/www.institutlluiscompanys.org\/cete-erasmus-project\/\" target=\"_blank\" rel=\"noreferrer noopener\">here<\/a>.<\/span><\/em><\/p>\n\n\n\n<p>Els objectius generals dels projectes 21 i 22 es poden resumir en dos eixos:<\/p>\n\n\n\n<ol class=\"wp-block-list\">\n<li>Fer de la BE un motor d\u2019innovaci\u00f3 i d&#8217;inclusi\u00f3 i cohesi\u00f3 social en el centre<\/li>\n\n\n\n<li>Implicar la comunitat educativa, especialment l&#8217;alumnat i el professorat, en l&#8217;\u00fas de la BE afavorint indirectament el foment lector entre l&#8217;alumnat i la seva alfabetitzaci\u00f3 medi\u00e0tica<\/li>\n<\/ol>\n\n\n\n<p>A efectes pr\u00e0ctics, aquest projecte s&#8217;ha tradu\u00eft en hores de formaci\u00f3 per millorar la nostra biblioteca escolar i convertir-la en un agent clau de la transformaci\u00f3 educativa.<\/p>\n\n\n\n<p>Al <strong><span class=\"has-inline-color has-vivid-red-color\">projecte 21<\/span><\/strong>, aquesta formaci\u00f3 ha incl\u00f2s<strong> dues mobilitats a l&#8217;estranger<\/strong>, dos &#8220;<strong>job shadowings<\/strong>&#8220;, a escoles europees, per aprendre com funciona all\u00e0 el sistema educatiu i, sobretot, quin paper t\u00e9 la biblioteca escolar en les bones pr\u00e0ctiques educatives: al maig de 2022 \u00b4dues docents (Vanessa Rodr\u00edguez i Vanessa Pina) van visitar l&#8217;<strong>institut-escola dan\u00e8s <a rel=\"noreferrer noopener\" href=\"https:\/\/soenderskov-skolen.aula.dk\/\" target=\"_blank\">Soenderskov-Skolen<\/a><\/strong>; i al setembre de 2022 dos docents m\u00e9s (Esther Palet i Iv\u00e1n Seisdedos) van visitar l&#8217;<strong>escola holandesa <a rel=\"noreferrer noopener\" href=\"https:\/\/aics.espritscholen.nl\/home\" target=\"_blank\">Amsterdam&nbsp;International Community School<\/a><\/strong>.<\/p>\n\n\n\n<p>Amb aquest projecte, fem un altre pas cap a la innovaci\u00f3 educativa fent de la biblioteca i, en definitiva, de la lectura i les habilitats comunicatives un pilar clau en la formaci\u00f3 de l&#8217;alumnat.<\/p>\n\n\n\n<p>Podeu consultar els<strong> diaris de viatge de les mobilitats <\/strong>de tots aquests docents, aix\u00ed com informaci\u00f3 sobre les diverses activitats dutes a terme arran de la participaci\u00f3 en aquests projectes CETE+,  al <a href=\"https:\/\/bibliotecaandreusola.blogspot.com\/p\/microconsorci-biblioteca-escolar.html\" target=\"_blank\" rel=\"noreferrer noopener\">blog de la nostra biblioteca escolar<\/a>.<\/p>\n\n\n\n<p>A m\u00e9s, dins d&#8217;aquest <strong>projecte 21<\/strong> hem dissenyat una <strong>unitat did\u00e0ctica interdisciplin\u00e0ria<\/strong> que hem dut a la pr\u00e0ctica per primer cop aquest curs 2022-23, a la franja de treball per projectes de 1r d&#8217;ESO: &#8220;Descobertes: descobriments cient\u00edfics de dones per descobrir&#8221;. El producte final d&#8217;aquesta unitat ha estat la creaci\u00f3 d&#8217;una<a rel=\"noreferrer noopener\" href=\"https:\/\/padlet.com\/lcprojectes1r\/descobertes-descobriments-cient-fics-de-dones-per-descobrir-fx1vfi2daipf93nt\" target=\"_blank\"><strong> l\u00ednia del temps amb infografies de dones que han fet grans aportacions a la hist\u00f2ria de la ci\u00e8ncia<\/strong><\/a>.<\/p>\n\n\n\n<p>I tamb\u00e9, dins del projecte 21, hem realitzat dues situacions d&#8217;aprenentatge enfocades a la formaci\u00f3 d&#8217;usuaris de la biblioteca escolar: una per a 1r d&#8217;ESO i una altra per a 3r d&#8217;ESO, que tamb\u00e9 inclou la possibilitat de fer Servei Comunitari com a ajudants de biblioteca.<\/p>\n\n\n\n<ul><li><a rel=\"noreferrer noopener\" href=\"https:\/\/drive.google.com\/file\/d\/1j7jsQw33-rUynt2cyOOfb4JlknRnkvfZ\/view?usp=sharing\" target=\"_blank\"><a rel=\"noreferrer noopener\" href=\"https:\/\/drive.google.com\/file\/d\/1j7jsQw33-rUynt2cyOOfb4JlknRnkvfZ\/view?usp=sharing\" target=\"_blank\">Situaci\u00f3 d&#8217;aprenentatge a 1r d&#8217;ESO: Fem un bon \u00fas de la biblioteca escolar<\/a><\/a><\/li><li><a rel=\"noreferrer noopener\" href=\"https:\/\/drive.google.com\/file\/d\/1j7jsQw33-rUynt2cyOOfb4JlknRnkvfZ\/view?usp=sharing\" target=\"_blank\"><a rel=\"noreferrer noopener\" href=\"https:\/\/drive.google.com\/file\/d\/16LuSpN4K47SUsS504gUqlMtnJkLF5ECZ\/view?usp=sharing\" target=\"_blank\">Situaci\u00f3 d&#8217;aprenentatge a 3r d&#8217;ESO: Ajudants de biblioteca<\/a><\/a><\/li><\/ul>\n\n\n\n<p><\/p>\n\n\n\n<figure class=\"wp-block-image size-large\"><a href=\"https:\/\/padlet.com\/lcprojectes1r\/descobertes-descobriments-cient-fics-de-dones-per-descobrir-fx1vfi2daipf93nt\" target=\"_blank\" rel=\"noopener noreferrer\"><img decoding=\"async\" src=\"http:\/\/www.institutlluiscompanys.org\/wp-content\/uploads\/2023\/03\/l\u00ednia-sencera-1-1024x768.jpg\" alt=\"\" class=\"wp-image-3595\"\/><\/a><figcaption class=\"wp-element-caption\">L\u00ednia del temps de dones cient\u00edfiques<br>(Descobertes: descobriments cient\u00edfics de dones per descobrir)<\/figcaption><\/figure>\n\n\n\n<figure class=\"wp-block-gallery has-nested-images columns-default is-cropped wp-block-gallery-1 is-layout-flex wp-block-gallery-is-layout-flex\">\n<figure class=\"wp-block-image size-large\"><img decoding=\"async\" data-id=\"3962\" src=\"http:\/\/www.institutlluiscompanys.org\/wp-content\/uploads\/2023\/11\/AMI_servei-prestec-1024x768.jpg\" alt=\"\" class=\"wp-image-3962\"\/><\/figure>\n\n\n\n<figure class=\"wp-block-image size-large\"><img decoding=\"async\" data-id=\"3963\" src=\"http:\/\/www.institutlluiscompanys.org\/wp-content\/uploads\/2023\/11\/AMI-alumnes001-1024x768.jpg\" alt=\"\" class=\"wp-image-3963\"\/><\/figure>\n\n\n\n<figure class=\"wp-block-image size-large\"><img decoding=\"async\" data-id=\"3964\" src=\"http:\/\/www.institutlluiscompanys.org\/wp-content\/uploads\/2023\/11\/AMI-alumnes002-1024x768.jpg\" alt=\"\" class=\"wp-image-3964\"\/><\/figure>\n\n\n\n<figure class=\"wp-block-image size-large\"><img decoding=\"async\" data-id=\"3965\" src=\"http:\/\/www.institutlluiscompanys.org\/wp-content\/uploads\/2023\/11\/AMI-alumnes003-1024x768.jpg\" alt=\"\" class=\"wp-image-3965\"\/><\/figure>\n\n\n\n<figure class=\"wp-block-image size-large\"><img decoding=\"async\" data-id=\"3966\" src=\"http:\/\/www.institutlluiscompanys.org\/wp-content\/uploads\/2023\/11\/AMI-consultar_cat\u00e0leg-1024x768.jpg\" alt=\"\" class=\"wp-image-3966\"\/><\/figure>\n<figcaption class=\"blocks-gallery-caption wp-element-caption\">Aplicaci\u00f3 de la situaci\u00f3 d&#8217;aprenentatge &#8220;Fem un bon \u00fas de la biblioteca escolar&#8221;, a 1r d&#8217;ESO, curs 2023-24.<\/figcaption><\/figure>\n\n\n\n<p>Aquest projecte 21, es va tancar amb la visita a l&#8217;institut de les coordinadores del projecte de biblioteques escolars! Podeu llegir<a href=\"https:\/\/projectes.xtec.cat\/bescat\/general\/visita-a-linstitut-lluis-companys\/\" target=\"_blank\" rel=\"noreferrer noopener\"> aqu\u00ed <\/a>en qu\u00e8 va consistir la visita.<\/p>\n\n\n\n<p>D&#8217;altra banda, durant el <strong><span class=\"has-inline-color has-vivid-red-color\">projecte 22<\/span><\/strong>, iniciat al curs 2022-23, s&#8217;han realitzat tamb\u00e9 dues mobilitats a l\u2019estranger, dos \u201c<strong>job shadowings<\/strong>\u201c, a escoles europees: una a Portugal i una altra a It\u00e0lia. Us compartim aqu\u00ed els diaris de viatge dels dos docents que han realitzat aquestes mobilitats:<\/p>\n\n\n\n<p>Mobilitat al centre&nbsp;<strong><a href=\"https:\/\/www.google.com\/url?sa=t&amp;rct=j&amp;q=&amp;esrc=s&amp;source=web&amp;cd=&amp;cad=rja&amp;uact=8&amp;ved=2ahUKEwiEpMukt8iCAxUMTqQEHa6oCoQQFnoECA4QAQ&amp;url=https%3A%2F%2Fwww.esmaior.pt%2F&amp;usg=AOvVaw0ANKlDt_wVbXN6Z6nwrR0B&amp;opi=89978449\" target=\"_blank\" rel=\"noreferrer noopener\">Agrupamento de Escolas de Santa Maria Maior<\/a> <\/strong>(a Viana do Castelo, Portugal), al maig de 2023:<\/p>\n\n\n\n<ul class=\"wp-block-list\">\n<li>Iv\u00e1n Seisdedos Gonz\u00e1lez: <a href=\"https:\/\/view.genial.ly\/6460e0b13ed7fb0011d2ae8c\/presentation-e-portugal\" target=\"_blank\" rel=\"noreferrer noopener\">diari de la mobilitat en format Genially<\/a><\/li>\n<\/ul>\n\n\n\n<p>Mobilitat al centre <strong><a href=\"https:\/\/www.istitutocomprensivocadeo.edu.it\/\" target=\"_blank\" rel=\"noreferrer noopener\">IC Cadeo e Pontenure<\/a><\/strong> (institut distribu\u00eft en dos nuclis, un a Roveleto di Cadeo i un altre al municipi de Pontenure, It\u00e0lia), tamb\u00e9 al maig de 2023:<\/p>\n\n\n\n<ul class=\"wp-block-list\">\n<li>Vanessa Pina Castro: <a href=\"https:\/\/sites.google.com\/xtec.cat\/vpinacastro-mobility-journal\" target=\"_blank\" rel=\"noreferrer noopener\">diari de la mobilitat en format web<\/a><\/li>\n<\/ul>\n\n\n\n<figure class=\"wp-block-table\"><table><tbody><tr><td><span class=\"has-inline-color has-luminous-vivid-orange-color\">&#8220;The CETE+ project is co-funded by the Erasmus+ programme of the European Union. The content of the mobility journals and the libray project is the sole responsibility of Institut Llu\u00eds Companys and neither the European Commission nor the Spanish Service for the Internationalisation of Education (SEPIE) is responsible for any use that may be made of the information contained therein&#8221;.<\/span><\/td><td><span class=\"has-inline-color has-vivid-cyan-blue-color\">\u201cEl proyecto CETE+ est\u00e1 cofinanzado por el programa Erasmus+ de la Uni\u00f3n Europea. El contenido de los diarios de movilidad y del proyecto de biblioteca es responsabilidad absoluta del Institut Llu\u00eds Companys y ni la Comisi\u00f3n Europea ni el servicio Espa\u00f1ol para la Internacionalizaci\u00f3n de la Educaci\u00f3n (SEPIE) son responsables del uso que pueda hacerse de la informaci\u00f3n aqu\u00ed difundida.\u201d<\/span><\/td><\/tr><\/tbody><\/table><\/figure>\n\n\n\n<p>A m\u00e9s, una de les activitats dutes a terme a la nostra biblioteca escolar al mar\u00e7 de 2023, el cicle feminista &#8220;Els dijous s\u00f3n nostres&#8221;, va rebre el segell de bona pr\u00e0ctica de biblioteca escolar dins de la l\u00ednia d&#8217;actuaci\u00f3 que ent\u00e9n la biblioteca escolar com a agent dinamitzador cultural del centre. Si seguiu l&#8217;enlla\u00e7 incorporat al segell, sabreu de qu\u00e8 tractava aquest cicle feminista.<\/p>\n\n\n\n<figure class=\"wp-block-image size-medium\"><a href=\"https:\/\/projectes.xtec.cat\/bescat\/general\/bones-practiques-cicle-de-dactivitats-feministes-els-dijous-son-nostres\/\" target=\"_blank\" rel=\"noopener noreferrer\"><img decoding=\"async\" src=\"http:\/\/www.institutlluiscompanys.org\/wp-content\/uploads\/2023\/09\/BESCAT.edu3_-300x300.png\" alt=\"\" class=\"wp-image-3884\"\/><\/a><\/figure>\n\n\n\n<p>#ErasmusPlus<\/p>\n\n\n\n<p><\/p>\n","protected":false},"excerpt":{"rendered":"<p>El curs 2017-2018 vam definir un projecte de biblioteca escolar, vinculat al Pla Lector de centre, que t\u00e9 com a objectius clau la difusi\u00f3 cultural i el foment del gust lector, d&#8217;una banda, i la millora de la cohesi\u00f3 de la comunitat educativa, de l&#8217;altra.<\/p>\n<p>Aqu\u00ed&hellip;  <a href=\"https:\/\/agora.xtec.cat\/ieslluiscompanys\/projectes\/biblioteca-escolar-be\/\" title=\"Read Biblioteca escolar (BE)\">Llegeix m\u00e9s\u00bb<\/a><\/p>\n","protected":false},"author":6,"featured_media":0,"parent":829,"menu_order":20,"comment_status":"closed","ping_status":"close","template":"","meta":{"_bbp_topic_count":0,"_bbp_reply_count":0,"_bbp_total_topic_count":0,"_bbp_total_reply_count":0,"_bbp_voice_count":0,"_bbp_anonymous_reply_count":0,"_bbp_topic_count_hidden":0,"_bbp_reply_count_hidden":0,"_bbp_forum_subforum_count":0,"footnotes":""},"class_list":["post-834","page","type-page","status-publish","hentry"],"post_mailing_queue_ids":[],"_links":{"self":[{"href":"https:\/\/agora.xtec.cat\/ieslluiscompanys\/wp-json\/wp\/v2\/pages\/834","targetHints":{"allow":["GET"]}}],"collection":[{"href":"https:\/\/agora.xtec.cat\/ieslluiscompanys\/wp-json\/wp\/v2\/pages"}],"about":[{"href":"https:\/\/agora.xtec.cat\/ieslluiscompanys\/wp-json\/wp\/v2\/types\/page"}],"author":[{"embeddable":true,"href":"https:\/\/agora.xtec.cat\/ieslluiscompanys\/wp-json\/wp\/v2\/users\/6"}],"replies":[{"embeddable":true,"href":"https:\/\/agora.xtec.cat\/ieslluiscompanys\/wp-json\/wp\/v2\/comments?post=834"}],"version-history":[{"count":2,"href":"https:\/\/agora.xtec.cat\/ieslluiscompanys\/wp-json\/wp\/v2\/pages\/834\/revisions"}],"predecessor-version":[{"id":1325,"href":"https:\/\/agora.xtec.cat\/ieslluiscompanys\/wp-json\/wp\/v2\/pages\/834\/revisions\/1325"}],"up":[{"embeddable":true,"href":"https:\/\/agora.xtec.cat\/ieslluiscompanys\/wp-json\/wp\/v2\/pages\/829"}],"wp:attachment":[{"href":"https:\/\/agora.xtec.cat\/ieslluiscompanys\/wp-json\/wp\/v2\/media?parent=834"}],"curies":[{"name":"wp","href":"https:\/\/api.w.org\/{rel}","templated":true}]}}