{"id":831,"date":"2024-10-31T10:46:32","date_gmt":"2024-10-31T09:46:32","guid":{"rendered":"https:\/\/agora.xtec.cat\/ieslluiscompanys\/?page_id=831"},"modified":"2024-10-31T10:52:22","modified_gmt":"2024-10-31T09:52:22","slug":"projecte-linguistic-de-centre","status":"publish","type":"page","link":"https:\/\/agora.xtec.cat\/ieslluiscompanys\/projectes\/projecte-linguistic-de-centre\/","title":{"rendered":"Projecte Ling\u00fc\u00edstic de Centre"},"content":{"rendered":"<p>Consulteu <a href=\"https:\/\/agora.xtec.cat\/ieslluiscompanys\/wp-content\/uploads\/usu3024\/2024\/10\/C7.-PLC_INSLluisCompanys_Rev_17uny2022.pdf\" target=\"_blank\" rel=\"noopener noreferrer\">aqu\u00ed<\/a> el Projecte Ling\u00fc\u00edstic de Centre, reelaborat durant el curs 2018-19, revisat a l&#8217;octubre de 2021 i amb una darrera actualitzaci\u00f3 feta durant el curs 2021-22.<\/p>\n<p>A m\u00e9s, des d&#8217;aqu\u00ed podeu accedir al blog <em><a href=\"https:\/\/blocs.xtec.cat\/pucamblapista\/\" target=\"_blank\" rel=\"noopener noreferrer\">PUC amb la pista!<\/a><\/em>, que \u00e9s la seu virtual del concurs de can\u00e7\u00f3 catalana que forma part del nostre Pla per a l&#8217;\u00das del Catal\u00e0 (PUC).<\/p>\n","protected":false},"excerpt":{"rendered":"<p>Consulteu <a href=\"https:\/\/agora.xtec.cat\/ieslluiscompanys\/wp-content\/uploads\/usu3024\/2024\/10\/C7.-PLC_INSLluisCompanys_Rev_17uny2022.pdf\" target=\"_blank\" rel=\"noopener noreferrer\">aqu\u00ed<\/a> el Projecte Ling\u00fc\u00edstic de Centre, reelaborat durant el curs 2018-19, revisat a l&#8217;octubre de 2021 i amb una darrera actualitzaci\u00f3 feta durant el curs 2021-22.<br \/>\nA m\u00e9s, des d&#8217;aqu\u00ed podeu accedir al blog <a href=\"https:\/\/blocs.xtec.cat\/pucamblapista\/\" target=\"_blank\" rel=\"noopener noreferrer\">PUC amb la&hellip;  <a href=\"https:\/\/agora.xtec.cat\/ieslluiscompanys\/projectes\/projecte-linguistic-de-centre\/\" title=\"Read Projecte Ling\u00fc\u00edstic de Centre\">Llegeix m\u00e9s\u00bb<\/a><\/p>\n","protected":false},"author":6,"featured_media":0,"parent":829,"menu_order":10,"comment_status":"closed","ping_status":"close","template":"","meta":{"_bbp_topic_count":0,"_bbp_reply_count":0,"_bbp_total_topic_count":0,"_bbp_total_reply_count":0,"_bbp_voice_count":0,"_bbp_anonymous_reply_count":0,"_bbp_topic_count_hidden":0,"_bbp_reply_count_hidden":0,"_bbp_forum_subforum_count":0,"footnotes":""},"class_list":["post-831","page","type-page","status-publish","hentry"],"post_mailing_queue_ids":[],"_links":{"self":[{"href":"https:\/\/agora.xtec.cat\/ieslluiscompanys\/wp-json\/wp\/v2\/pages\/831","targetHints":{"allow":["GET"]}}],"collection":[{"href":"https:\/\/agora.xtec.cat\/ieslluiscompanys\/wp-json\/wp\/v2\/pages"}],"about":[{"href":"https:\/\/agora.xtec.cat\/ieslluiscompanys\/wp-json\/wp\/v2\/types\/page"}],"author":[{"embeddable":true,"href":"https:\/\/agora.xtec.cat\/ieslluiscompanys\/wp-json\/wp\/v2\/users\/6"}],"replies":[{"embeddable":true,"href":"https:\/\/agora.xtec.cat\/ieslluiscompanys\/wp-json\/wp\/v2\/comments?post=831"}],"version-history":[{"count":1,"href":"https:\/\/agora.xtec.cat\/ieslluiscompanys\/wp-json\/wp\/v2\/pages\/831\/revisions"}],"predecessor-version":[{"id":833,"href":"https:\/\/agora.xtec.cat\/ieslluiscompanys\/wp-json\/wp\/v2\/pages\/831\/revisions\/833"}],"up":[{"embeddable":true,"href":"https:\/\/agora.xtec.cat\/ieslluiscompanys\/wp-json\/wp\/v2\/pages\/829"}],"wp:attachment":[{"href":"https:\/\/agora.xtec.cat\/ieslluiscompanys\/wp-json\/wp\/v2\/media?parent=831"}],"curies":[{"name":"wp","href":"https:\/\/api.w.org\/{rel}","templated":true}]}}