{"id":790,"date":"2024-10-27T19:10:55","date_gmt":"2024-10-27T18:10:55","guid":{"rendered":"https:\/\/agora.xtec.cat\/ieslluiscompanys\/?page_id=790"},"modified":"2025-09-05T13:51:07","modified_gmt":"2025-09-05T11:51:07","slug":"coordinacions","status":"publish","type":"page","link":"https:\/\/agora.xtec.cat\/ieslluiscompanys\/projecte-educatiu\/coordinacions\/","title":{"rendered":"Coordinacions"},"content":{"rendered":"<table style=\"border-collapse: collapse; width: 100%; height: 413px;\">\n<tbody>\n<tr style=\"height: 23px;\">\n<td style=\"width: 67.5%; height: 23px;\">Coordinaci\u00f3 1r ESO<\/td>\n<td style=\"width: 32.5%; height: 23px;\">Toni Fern\u00e1ndez<\/td>\n<\/tr>\n<tr style=\"height: 23px;\">\n<td style=\"width: 67.5%; height: 23px;\">Coordinaci\u00f3 2n ESO<\/td>\n<td style=\"width: 32.5%; height: 23px;\">Munts Costa<\/td>\n<\/tr>\n<tr style=\"height: 23px;\">\n<td style=\"width: 67.5%; height: 23px;\">Coordinaci\u00f3 3r ESO<\/td>\n<td style=\"width: 32.5%; height: 23px;\">Ver\u00f2nica Alejandre<\/td>\n<\/tr>\n<tr style=\"height: 23px;\">\n<td style=\"width: 67.5%; height: 23px;\">Coordinaci\u00f3 4t ESO<\/td>\n<td style=\"width: 32.5%; height: 23px;\">Ingrid Bueno<\/td>\n<\/tr>\n<tr style=\"height: 23px;\">\n<td style=\"width: 67.5%; height: 23px;\">Coordinaci\u00f3 Batxillerat<\/td>\n<td style=\"width: 32.5%; height: 23px;\">Isabel Hinojosa<\/td>\n<\/tr>\n<tr style=\"height: 23px;\">\n<td style=\"width: 67.5%; height: 23px;\">Coordinaci\u00f3 d&#8217;activitats i serveis<\/td>\n<td style=\"width: 32.5%; height: 23px;\">Isabel Hinojosa<\/td>\n<\/tr>\n<tr style=\"height: 23px;\">\n<td style=\"width: 67.5%; height: 23px;\">Coordinaci\u00f3 TIC<\/td>\n<td style=\"width: 32.5%; height: 23px;\">Jacobo Sanz<\/td>\n<\/tr>\n<tr style=\"height: 23px;\">\n<td style=\"width: 67.5%; height: 23px;\">Coordinaci\u00f3 de riscos laborals<\/td>\n<td style=\"width: 32.5%; height: 23px;\">Elisenda Carb\u00ed<\/td>\n<\/tr>\n<tr style=\"height: 23px;\">\n<td style=\"width: 67.5%; height: 23px;\">Coordinadora LIC<\/td>\n<td style=\"width: 32.5%; height: 23px;\">Irene Jim\u00e9nez<\/td>\n<\/tr>\n<tr style=\"height: 23px;\">\n<td style=\"width: 67.5%; height: 23px;\">Coordinaci\u00f3 d\u2019esports<\/td>\n<td style=\"width: 32.5%; height: 23px;\">Sergio Juan<\/td>\n<\/tr>\n<tr style=\"height: 23px;\">\n<td style=\"width: 67.5%; height: 23px;\">Coordinaci\u00f3 de qualitat<\/td>\n<td style=\"width: 32.5%; height: 23px;\">Jordi Viu<\/td>\n<\/tr>\n<tr style=\"height: 23px;\">\n<td style=\"width: 67.5%; height: 23px;\">Coordinaci\u00f3 de FP<\/td>\n<td style=\"width: 32.5%; height: 23px;\">Marisol teva<\/td>\n<\/tr>\n<tr style=\"height: 23px;\">\n<td style=\"width: 67.5%; height: 23px;\">Coordinaci\u00f3 biblioteca<\/td>\n<td style=\"width: 32.5%; height: 23px;\">Xavi Pradas<\/td>\n<\/tr>\n<tr style=\"height: 23px;\">\n<td style=\"width: 67.5%; height: 23px;\">Coordinaci\u00f3 Comissi\u00f3 de Llengua i Cohesi\u00f3<\/td>\n<td style=\"width: 32.5%; height: 23px;\">Anna Valdivia<\/td>\n<\/tr>\n<tr style=\"height: 23px;\">\n<td style=\"width: 67.5%; height: 23px;\">Coordinaci\u00f3 Mediaci\u00f3<\/td>\n<td style=\"width: 32.5%; height: 23px;\">Estel Asens<\/td>\n<\/tr>\n<tr style=\"height: 23px;\">\n<td style=\"width: 67.5%; height: 23px;\">Coordinaci\u00f3 Campus \u00cdtaca<\/td>\n<td style=\"width: 32.5%; height: 23px;\">Ver\u00f2nica Alejandre<\/td>\n<\/tr>\n<tr style=\"height: 23px;\">\n<td style=\"width: 67.5%; height: 22px;\">Coordinaci\u00f3 PIMPAM<\/td>\n<td style=\"width: 32.5%; height: 22px;\">Nat\u00e0lia Crespo<\/td>\n<\/tr>\n<tr style=\"height: 23px;\">\n<td style=\"width: 67.5%; height: 23px;\">Coordinaci\u00f3 Servei Comunitari<\/td>\n<td style=\"width: 32.5%; height: 23px;\">Margarida Clos<\/td>\n<\/tr>\n<tr>\n<td style=\"width: 67.5%;\">Coordinaci\u00f3 Xarxes socials<\/td>\n<td style=\"width: 32.5%;\">Laura Ostos<\/td>\n<\/tr>\n<tr>\n<td style=\"width: 67.5%;\">Coordinaci\u00f3 Comissi\u00f3 Coeducaci\u00f3, Conviv\u00e8ncia i Benestar de l&#8217;alumnat<\/td>\n<td style=\"width: 32.5%;\">\u00a0<\/td>\n<\/tr>\n<\/tbody>\n<\/table>\n\n\n<p><\/p>\n\n\n\n<p><\/p>\n\n\n\n<p><\/p>\n\n\n\n<p><\/p>\n\n\n\n<p><\/p>\n","protected":false},"excerpt":{"rendered":"<p>Coordinaci\u00f3 1r ESO<br \/>\nToni Fern\u00e1ndez<\/p>\n<p>Coordinaci\u00f3 2n ESO<br \/>\nMunts Costa<\/p>\n<p>Coordinaci\u00f3 3r ESO<br \/>\nVer\u00f2nica Alejandre<\/p>\n<p>Coordinaci\u00f3 4t ESO<br \/>\nIngrid Bueno<\/p>\n<p>Coordinaci\u00f3 Batxillerat<br \/>\nIsabel Hinojosa<\/p>\n<p>Coordinaci\u00f3 d&#8217;activitats i serveis<br \/>\nIsabel Hinojosa<\/p>\n<p>Coordinaci\u00f3 TIC<br \/>\nJacobo Sanz<\/p>\n<p>Coordinaci\u00f3 de riscos laborals<br \/>\nElisenda Carb\u00ed<\/p>\n<p>Coordinadora LIC<br \/>\nIrene Jim\u00e9nez<\/p>\n<p>Coordinaci\u00f3 d\u2019esports<br \/>\nSergio Juan<\/p>\n<p>Coordinaci\u00f3 de qualitat<br \/>\nJordi Viu<\/p>\n<p>Coordinaci\u00f3 de FP<br \/>\nMarisol teva<\/p>\n<p>Coordinaci\u00f3 biblioteca<br \/>\nXavi Pradas<\/p>\n<p>Coordinaci\u00f3 Comissi\u00f3 de Llengua i Cohesi\u00f3<br \/>\nAnna Valdivia<\/p>\n<p>Coordinaci\u00f3 Mediaci\u00f3<br \/>\nEstel Asens<\/p>\n<p>Coordinaci\u00f3&hellip;  <a href=\"https:\/\/agora.xtec.cat\/ieslluiscompanys\/projecte-educatiu\/coordinacions\/\" title=\"Read Coordinacions\">Llegeix m\u00e9s\u00bb<\/a><\/p>\n","protected":false},"author":6,"featured_media":0,"parent":57,"menu_order":50,"comment_status":"closed","ping_status":"close","template":"page-templates\/side-menu.php","meta":{"_bbp_topic_count":0,"_bbp_reply_count":0,"_bbp_total_topic_count":0,"_bbp_total_reply_count":0,"_bbp_voice_count":0,"_bbp_anonymous_reply_count":0,"_bbp_topic_count_hidden":0,"_bbp_reply_count_hidden":0,"_bbp_forum_subforum_count":0,"footnotes":""},"class_list":["post-790","page","type-page","status-publish","hentry"],"post_mailing_queue_ids":[],"_links":{"self":[{"href":"https:\/\/agora.xtec.cat\/ieslluiscompanys\/wp-json\/wp\/v2\/pages\/790","targetHints":{"allow":["GET"]}}],"collection":[{"href":"https:\/\/agora.xtec.cat\/ieslluiscompanys\/wp-json\/wp\/v2\/pages"}],"about":[{"href":"https:\/\/agora.xtec.cat\/ieslluiscompanys\/wp-json\/wp\/v2\/types\/page"}],"author":[{"embeddable":true,"href":"https:\/\/agora.xtec.cat\/ieslluiscompanys\/wp-json\/wp\/v2\/users\/6"}],"replies":[{"embeddable":true,"href":"https:\/\/agora.xtec.cat\/ieslluiscompanys\/wp-json\/wp\/v2\/comments?post=790"}],"version-history":[{"count":5,"href":"https:\/\/agora.xtec.cat\/ieslluiscompanys\/wp-json\/wp\/v2\/pages\/790\/revisions"}],"predecessor-version":[{"id":2047,"href":"https:\/\/agora.xtec.cat\/ieslluiscompanys\/wp-json\/wp\/v2\/pages\/790\/revisions\/2047"}],"up":[{"embeddable":true,"href":"https:\/\/agora.xtec.cat\/ieslluiscompanys\/wp-json\/wp\/v2\/pages\/57"}],"wp:attachment":[{"href":"https:\/\/agora.xtec.cat\/ieslluiscompanys\/wp-json\/wp\/v2\/media?parent=790"}],"curies":[{"name":"wp","href":"https:\/\/api.w.org\/{rel}","templated":true}]}}