{"id":788,"date":"2024-10-27T19:10:08","date_gmt":"2024-10-27T18:10:08","guid":{"rendered":"https:\/\/agora.xtec.cat\/ieslluiscompanys\/?page_id=788"},"modified":"2026-03-13T11:31:11","modified_gmt":"2026-03-13T10:31:11","slug":"consell-escolar","status":"publish","type":"page","link":"https:\/\/agora.xtec.cat\/ieslluiscompanys\/projecte-educatiu\/consell-escolar\/","title":{"rendered":"Consell escolar"},"content":{"rendered":"<h4>La composici\u00f3 del consell escolar del centre \u00e9s la seg\u00fcent:<\/h4>\n<table style=\"width: 100%; border: 0px; height: 230px;\">\n<tbody>\n<tr style=\"height: 23px;\">\n<td style=\"font-weight: bold; text-align: left; border: 0px; width: 34.4114%; height: 23px;\">Director:<\/td>\n<td style=\"text-align: left; border: 0px; width: 64.8124%; height: 23px;\">Raul Prieto<\/td>\n<\/tr>\n<tr style=\"height: 23px;\">\n<td style=\"font-weight: bold; text-align: left; border: 0px; width: 34.4114%; height: 23px;\">Cap d\u2019estudis:<\/td>\n<td style=\"text-align: left; border: 0px; width: 64.8124%; height: 23px;\">Anna Santanach<\/td>\n<\/tr>\n<tr style=\"height: 23px;\">\n<td style=\"font-weight: bold; text-align: left; border: 0px; width: 34.4114%; height: 23px;\">Secretari:<\/td>\n<td style=\"text-align: left; border: 0px; width: 64.8124%; height: 23px;\">Llu\u00eds Romero<\/td>\n<\/tr>\n<tr style=\"height: 23px;\">\n<td style=\"font-weight: bold; text-align: left; border: 0px; width: 34.4114%; height: 23px;\">Representants del PAS:<\/td>\n<td style=\"text-align: left; border: 0px; width: 64.8124%; height: 23px;\">Olga Escolano<\/td>\n<\/tr>\n<tr style=\"height: 46px;\">\n<td style=\"font-weight: bold; text-align: left; border: 0px; width: 34.4114%; height: 46px;\">Representants del professorat:<\/td>\n<td style=\"text-align: left; border: 0px; width: 64.8124%; height: 46px;\">Isabel Hinojosa, Laura Ostos, \u00c0ngels Garcia, Alba Gim\u00e9nez, Jordi Viu<\/td>\n<\/tr>\n<tr style=\"height: 23px;\">\n<td style=\"font-weight: bold; text-align: left; border: 0px; width: 34.4114%; height: 23px;\">Representant de l\u2019Ajuntament:<\/td>\n<td style=\"text-align: left; border: 0px; width: 64.8124%; height: 23px;\">\u00d2scar L\u00f3pez (regidor d&#8217;Educaci\u00f3)<\/td>\n<\/tr>\n<tr style=\"height: 46px;\">\n<td style=\"font-weight: bold; text-align: left; border: 0px; width: 34.4114%; height: 46px;\">Representants dels pares\/mares:<\/td>\n<td style=\"text-align: left; border: 0px; width: 64.8124%; height: 46px;\">Sonia Costa (AFA), Genoveva Carrasco, Ana Mar\u00eda G\u00f3mez<\/td>\n<\/tr>\n<tr style=\"height: 23px;\">\n<td style=\"font-weight: bold; text-align: left; border: 0px; width: 34.4114%; height: 23px;\">Representants de l\u2019alumnat:<\/td>\n<td style=\"text-align: left; border: 0px; width: 64.8124%; height: 23px;\">Xavier L\u00f3pez, Sandra Jorquera<\/td>\n<\/tr>\n<\/tbody>\n<\/table>\n<h4><a href=\"https:\/\/agora.xtec.cat\/ieslluiscompanys\/acords-del-consell-escolar\/\">Acords del Consell Escolar<\/a><\/h4>\n<h4><a href=\"https:\/\/agora.xtec.cat\/ieslluiscompanys\/pressupost\/\">Pressupost<\/a><\/h4>\n\n\n<p><\/p>\n\n\n\n<p><\/p>\n","protected":false},"excerpt":{"rendered":"<p>La composici\u00f3 del consell escolar del centre \u00e9s la seg\u00fcent:<\/p>\n<p>Director:<br \/>\nRaul Prieto<\/p>\n<p>Cap d\u2019estudis:<br \/>\nAnna Santanach<\/p>\n<p>Secretari:<br \/>\nLlu\u00eds Romero<\/p>\n<p>Representants del PAS:<br \/>\nOlga Escolano<\/p>\n<p>Representants del professorat:<br \/>\nIsabel Hinojosa, Laura Ostos, \u00c0ngels Garcia, Alba Gim\u00e9nez, Jordi Viu<\/p>\n<p>Representant de l\u2019Ajuntament:<br \/>\n\u00d2scar L\u00f3pez (regidor d&#8217;Educaci\u00f3)<\/p>\n<p>Representants dels pares\/mares:<br \/>\nSonia Costa (AFA), Genoveva Carrasco, Ana Mar\u00eda G\u00f3mez<\/p>\n<p>Representants de l\u2019alumnat:<br \/>\nXavier L\u00f3pez,&hellip;  <a href=\"https:\/\/agora.xtec.cat\/ieslluiscompanys\/projecte-educatiu\/consell-escolar\/\" title=\"Read Consell escolar\">Llegeix m\u00e9s\u00bb<\/a><\/p>\n","protected":false},"author":6,"featured_media":0,"parent":57,"menu_order":40,"comment_status":"closed","ping_status":"close","template":"page-templates\/side-menu.php","meta":{"_bbp_topic_count":0,"_bbp_reply_count":0,"_bbp_total_topic_count":0,"_bbp_total_reply_count":0,"_bbp_voice_count":0,"_bbp_anonymous_reply_count":0,"_bbp_topic_count_hidden":0,"_bbp_reply_count_hidden":0,"_bbp_forum_subforum_count":0,"footnotes":""},"class_list":["post-788","page","type-page","status-publish","hentry"],"post_mailing_queue_ids":[],"_links":{"self":[{"href":"https:\/\/agora.xtec.cat\/ieslluiscompanys\/wp-json\/wp\/v2\/pages\/788","targetHints":{"allow":["GET"]}}],"collection":[{"href":"https:\/\/agora.xtec.cat\/ieslluiscompanys\/wp-json\/wp\/v2\/pages"}],"about":[{"href":"https:\/\/agora.xtec.cat\/ieslluiscompanys\/wp-json\/wp\/v2\/types\/page"}],"author":[{"embeddable":true,"href":"https:\/\/agora.xtec.cat\/ieslluiscompanys\/wp-json\/wp\/v2\/users\/6"}],"replies":[{"embeddable":true,"href":"https:\/\/agora.xtec.cat\/ieslluiscompanys\/wp-json\/wp\/v2\/comments?post=788"}],"version-history":[{"count":6,"href":"https:\/\/agora.xtec.cat\/ieslluiscompanys\/wp-json\/wp\/v2\/pages\/788\/revisions"}],"predecessor-version":[{"id":2473,"href":"https:\/\/agora.xtec.cat\/ieslluiscompanys\/wp-json\/wp\/v2\/pages\/788\/revisions\/2473"}],"up":[{"embeddable":true,"href":"https:\/\/agora.xtec.cat\/ieslluiscompanys\/wp-json\/wp\/v2\/pages\/57"}],"wp:attachment":[{"href":"https:\/\/agora.xtec.cat\/ieslluiscompanys\/wp-json\/wp\/v2\/media?parent=788"}],"curies":[{"name":"wp","href":"https:\/\/api.w.org\/{rel}","templated":true}]}}