{"id":785,"date":"2024-10-27T19:08:31","date_gmt":"2024-10-27T18:08:31","guid":{"rendered":"https:\/\/agora.xtec.cat\/ieslluiscompanys\/?page_id=785"},"modified":"2024-12-16T10:06:22","modified_gmt":"2024-12-16T09:06:22","slug":"secretaria","status":"publish","type":"page","link":"https:\/\/agora.xtec.cat\/ieslluiscompanys\/projecte-educatiu\/secretaria\/","title":{"rendered":"Secretaria"},"content":{"rendered":"<div style=\"background-color: #f2f2ff; padding: 10px 10px 1px 10px;\">\n<h4 style=\"font-weight: bold;\">Personal d&#8217;oficines<\/h4>\n<p>Eva Baena Olivera<\/p>\n<p>Maria Carmen Guardia<\/p>\n<h4 style=\"font-weight: bold;\">Conserges<\/h4>\n<p>Olga Escolano<\/p>\n<p>Rebeca Serrano<\/p>\n<p>Josep Manzano.<\/p>\n<\/div>\n<h4 style=\"font-weight: bold;\">Horaris de secretaria del curs 2024-25.<\/h4>\n<table style=\"height: 124px;\" width=\"506\">\n<tbody>\n<tr>\n<td width=\"64\"><\/td>\n<td width=\"99\">DILLUNS<\/td>\n<td width=\"98\">DIMARTS<\/td>\n<td width=\"98\">DIMECRES<\/td>\n<td width=\"93\">DIJOUS<\/td>\n<td width=\"94\">DIVENDRES<\/td>\n<\/tr>\n<tr>\n<td>Matins<\/td>\n<td>8,30\u00a0 &#8211; 14.00h<\/td>\n<td>8,30\u00a0 &#8211; 14.00h<\/td>\n<td>8,30\u00a0 &#8211; 14.00h<\/td>\n<td>8,30\u00a0 &#8211; 14.00h<\/td>\n<td>8,30\u00a0 &#8211; 14.00h<\/td>\n<\/tr>\n<tr>\n<td>Tardes<\/td>\n<td><\/td>\n<td>15,00 &#8211; 18.30h<\/td>\n<td>15.00 -18.30h<\/td>\n<td><\/td>\n<td><\/td>\n<\/tr>\n<\/tbody>\n<\/table>\n<div style=\"margin-top: 20px;\">Durant el per\u00edode del 15 de Desembre fins el 10 de gener l&#8217;administraci\u00f3 del centre romandr\u00e0 tancada d&#8217; acord Decret 56\/2012, de 29 de maig que regula les funcions del personal Auxiliar i Subaltern del Departament.<\/div>\n<hr \/>\n<h2>CERTIFICATS OFICIALS<\/h2>\n<p>Per demanar qualsevol tipus de Certificat (Qualificacions, assist\u00e8ncia, etc..) cal aportar el Carnet escolar o el n\u00famero del DNI. Es pot recollir en 2\/3 dies laborables.<\/p>\n<h3>Sol\u00b7licitud de t\u00edtols anteriors a la LOGSE: <strong>BUP<\/strong><\/h3>\n<p>La sol\u00b7licitud d&#8217;aquest certificat actualment s&#8217;ha de fer per internet a trav\u00e9s de la seg\u00fcent adre\u00e7a del MEC:<br \/>\n<a href=\"http:\/\/www.educacionyfp.gob.es\/servicios-al-ciudadano\/catalogo\/gestion-titulos\/estudios-no-universitarios\/titulos-espanoles.html\" target=\"_blank\" rel=\"noopener noreferrer\">CERTIFICAT OFICIAL DE BUP<\/a><\/p>\n<h3>Sol\u00b7licitud de t\u00edtols LOGSE: <strong>Batxillerat i Cicles Formatius<\/strong><\/h3>\n<p>1. Sol\u00b7licitar el full de pagament de les taxes que es facilita a la Secretaria del centre.<br \/>\n2. Pagar a qualsevol oficina de &#8220;La Caixa&#8221; les taxes.<br \/>\n3. RETORNAR a la secretaria el full de pagament amb una fotoc\u00f2pia del DNI per tal de sol\u00b7licitar el t\u00edtol.<\/p>\n<p>Mentre no arriba el t\u00edtol, el resguard del t\u00edtol t\u00e9 la mateixa validesa que l&#8217;original a tots els efectes.<\/p>\n<p>Fam\u00edlia nombrosa : cal fotoc\u00f2pia actualitzada del Carnet de Fam\u00edlia Nombrosa.<\/p>\n<h3>T\u00edtol d&#8217;ESO<\/h3>\n<p>Es tramita directament des de la secretaria de l&#8217;Institut. Informaci\u00f3:<br \/>\n<strong>Tel\u00e8fon: 93 580 31 42 <\/strong><\/p>\n","protected":false},"excerpt":{"rendered":"<p>Personal d&#8217;oficines<br \/>\nEva Baena Olivera<br \/>\nMaria Carmen Guardia<br \/>\nConserges<br \/>\nOlga Escolano<br \/>\nRebeca Serrano<br \/>\nJosep Manzano.<\/p>\n<p>Horaris de secretaria del curs 2024-25.<\/p>\n<p>DILLUNS<br \/>\nDIMARTS<br \/>\nDIMECRES<br \/>\nDIJOUS<br \/>\nDIVENDRES<\/p>\n<p>Matins<br \/>\n8,30\u00a0 &#8211; 14.00h<br \/>\n8,30\u00a0 &#8211; 14.00h<br \/>\n8,30\u00a0 &#8211; 14.00h<br \/>\n8,30\u00a0 &#8211; 14.00h<br \/>\n8,30\u00a0 &#8211; 14.00h<\/p>\n<p>Tardes<\/p>\n<p>15,00 &#8211; 18.30h<br \/>\n15.00 -18.30h<\/p>\n<p>Durant el per\u00edode del 15 de Desembre fins el 10 de gener l&#8217;administraci\u00f3 del centre romandr\u00e0 tancada d&#8217; acord&hellip;  <a href=\"https:\/\/agora.xtec.cat\/ieslluiscompanys\/projecte-educatiu\/secretaria\/\" title=\"Read Secretaria\">Llegeix m\u00e9s\u00bb<\/a><\/p>\n","protected":false},"author":6,"featured_media":0,"parent":57,"menu_order":30,"comment_status":"closed","ping_status":"close","template":"page-templates\/side-menu.php","meta":{"_bbp_topic_count":0,"_bbp_reply_count":0,"_bbp_total_topic_count":0,"_bbp_total_reply_count":0,"_bbp_voice_count":0,"_bbp_anonymous_reply_count":0,"_bbp_topic_count_hidden":0,"_bbp_reply_count_hidden":0,"_bbp_forum_subforum_count":0,"footnotes":""},"class_list":["post-785","page","type-page","status-publish","hentry"],"post_mailing_queue_ids":[],"_links":{"self":[{"href":"https:\/\/agora.xtec.cat\/ieslluiscompanys\/wp-json\/wp\/v2\/pages\/785","targetHints":{"allow":["GET"]}}],"collection":[{"href":"https:\/\/agora.xtec.cat\/ieslluiscompanys\/wp-json\/wp\/v2\/pages"}],"about":[{"href":"https:\/\/agora.xtec.cat\/ieslluiscompanys\/wp-json\/wp\/v2\/types\/page"}],"author":[{"embeddable":true,"href":"https:\/\/agora.xtec.cat\/ieslluiscompanys\/wp-json\/wp\/v2\/users\/6"}],"replies":[{"embeddable":true,"href":"https:\/\/agora.xtec.cat\/ieslluiscompanys\/wp-json\/wp\/v2\/comments?post=785"}],"version-history":[{"count":4,"href":"https:\/\/agora.xtec.cat\/ieslluiscompanys\/wp-json\/wp\/v2\/pages\/785\/revisions"}],"predecessor-version":[{"id":1179,"href":"https:\/\/agora.xtec.cat\/ieslluiscompanys\/wp-json\/wp\/v2\/pages\/785\/revisions\/1179"}],"up":[{"embeddable":true,"href":"https:\/\/agora.xtec.cat\/ieslluiscompanys\/wp-json\/wp\/v2\/pages\/57"}],"wp:attachment":[{"href":"https:\/\/agora.xtec.cat\/ieslluiscompanys\/wp-json\/wp\/v2\/media?parent=785"}],"curies":[{"name":"wp","href":"https:\/\/api.w.org\/{rel}","templated":true}]}}