{"id":717,"date":"2024-10-26T11:32:49","date_gmt":"2024-10-26T09:32:49","guid":{"rendered":"https:\/\/agora.xtec.cat\/ieslluiscompanys\/?page_id=717"},"modified":"2024-11-03T18:42:32","modified_gmt":"2024-11-03T17:42:32","slug":"qui-som","status":"publish","type":"page","link":"https:\/\/agora.xtec.cat\/ieslluiscompanys\/linstitut\/qui-som\/","title":{"rendered":"Qui som"},"content":{"rendered":"\n<p>Som un institut p\u00fablic que es va crear a mitjans del curs 1981-82 i que ocupa l\u2019actual edifici des de 1983. \u00c9s un centre no confessional que practica la coeducaci\u00f3 i utilitza la llengua catalana com a vehicle d\u2019ensenyament-aprenentatge. Considerem l\u2019educaci\u00f3 com un proc\u00e9s basat en el pluralisme i els valors democr\u00e0tics i que potencia l\u2019actitud activa de l\u2019alumnat.<\/p>\n\n\n<div class=\"wp-block-image is-style-default\">\n<figure class=\"aligncenter size-full is-resized\"><a href=\"https:\/\/agora.xtec.cat\/ieslluiscompanys\/wp-content\/uploads\/usu3024\/2024\/10\/Disseny-sense-titol-4.png\"><img loading=\"lazy\" decoding=\"async\" width=\"500\" height=\"368\" src=\"https:\/\/agora.xtec.cat\/ieslluiscompanys\/wp-content\/uploads\/usu3024\/2024\/10\/Disseny-sense-titol-4.png\" alt=\"\" class=\"wp-image-718\" style=\"width:240px;height:auto\" srcset=\"https:\/\/agora.xtec.cat\/ieslluiscompanys\/wp-content\/uploads\/usu3024\/2024\/10\/Disseny-sense-titol-4.png 500w, https:\/\/agora.xtec.cat\/ieslluiscompanys\/wp-content\/uploads\/usu3024\/2024\/10\/Disseny-sense-titol-4-300x221.png 300w\" sizes=\"auto, (max-width: 500px) 100vw, 500px\" \/><\/a><\/figure><\/div>","protected":false},"excerpt":{"rendered":"<p>Som un institut p\u00fablic que es va crear a mitjans del curs 1981-82 i que ocupa l\u2019actual edifici des de 1983. \u00c9s un centre no confessional que practica la coeducaci\u00f3 i utilitza la llengua catalana com a vehicle d\u2019ensenyament-aprenentatge. Considerem l\u2019educaci\u00f3 com un proc\u00e9s basat&hellip;  <a href=\"https:\/\/agora.xtec.cat\/ieslluiscompanys\/linstitut\/qui-som\/\" title=\"Read Qui som\">Llegeix m\u00e9s\u00bb<\/a><\/p>\n","protected":false},"author":6,"featured_media":0,"parent":19,"menu_order":5,"comment_status":"closed","ping_status":"close","template":"page-templates\/side-menu.php","meta":{"_bbp_topic_count":0,"_bbp_reply_count":0,"_bbp_total_topic_count":0,"_bbp_total_reply_count":0,"_bbp_voice_count":0,"_bbp_anonymous_reply_count":0,"_bbp_topic_count_hidden":0,"_bbp_reply_count_hidden":0,"_bbp_forum_subforum_count":0,"footnotes":""},"class_list":["post-717","page","type-page","status-publish","hentry"],"post_mailing_queue_ids":[],"_links":{"self":[{"href":"https:\/\/agora.xtec.cat\/ieslluiscompanys\/wp-json\/wp\/v2\/pages\/717","targetHints":{"allow":["GET"]}}],"collection":[{"href":"https:\/\/agora.xtec.cat\/ieslluiscompanys\/wp-json\/wp\/v2\/pages"}],"about":[{"href":"https:\/\/agora.xtec.cat\/ieslluiscompanys\/wp-json\/wp\/v2\/types\/page"}],"author":[{"embeddable":true,"href":"https:\/\/agora.xtec.cat\/ieslluiscompanys\/wp-json\/wp\/v2\/users\/6"}],"replies":[{"embeddable":true,"href":"https:\/\/agora.xtec.cat\/ieslluiscompanys\/wp-json\/wp\/v2\/comments?post=717"}],"version-history":[{"count":1,"href":"https:\/\/agora.xtec.cat\/ieslluiscompanys\/wp-json\/wp\/v2\/pages\/717\/revisions"}],"predecessor-version":[{"id":719,"href":"https:\/\/agora.xtec.cat\/ieslluiscompanys\/wp-json\/wp\/v2\/pages\/717\/revisions\/719"}],"up":[{"embeddable":true,"href":"https:\/\/agora.xtec.cat\/ieslluiscompanys\/wp-json\/wp\/v2\/pages\/19"}],"wp:attachment":[{"href":"https:\/\/agora.xtec.cat\/ieslluiscompanys\/wp-json\/wp\/v2\/media?parent=717"}],"curies":[{"name":"wp","href":"https:\/\/api.w.org\/{rel}","templated":true}]}}