{"id":1645,"date":"2025-04-06T20:20:08","date_gmt":"2025-04-06T18:20:08","guid":{"rendered":"https:\/\/agora.xtec.cat\/ieslluiscompanys\/?page_id=1645"},"modified":"2026-04-08T11:49:16","modified_gmt":"2026-04-08T09:49:16","slug":"preinscripcio-i-matricula-curs-2026-27","status":"publish","type":"page","link":"https:\/\/agora.xtec.cat\/ieslluiscompanys\/preinscripcio-i-matricula-curs-2026-27\/","title":{"rendered":"PREINSCRIPCIO I MATRICULA CURS 2026-27"},"content":{"rendered":"\n<p>Cliqueu cada un dels enlla\u00e7os en funci\u00f3 dels vostres estudis per tal de saber com es desenvolupen els processos de preinscripci\u00f3 i matr\u00edcula.<\/p>\n\n\n\n<p><a href=\"https:\/\/agora.xtec.cat\/ieslluiscompanys\/preinscripcio-i-matricula-2026-27\/\">ALUMNAT DE L&#8217; ESO<\/a> (6 al 18 de mar\u00e7)<\/p>\n\n\n\n<p><a href=\"https:\/\/agora.xtec.cat\/ieslluiscompanys\/batxillerat-2025-26\/\">ALUMNAT BATXILLERAT<\/a> (9 al 16 d\u2019abril)<\/p>\n\n\n\n<p><a href=\"https:\/\/agora.xtec.cat\/ieslluiscompanys\/cicles-formatius\/\">ALUMNAT CICLES FORMATIUS<\/a> (26 de maig a l&#8217;1 de juny)<\/p>\n\n\n\n<p><a href=\"https:\/\/agora.xtec.cat\/ieslluiscompanys\/informacions-ife\/\">IFE<\/a> (11 al 22 de maig)<\/p>\n\n\n\n<p><a href=\"https:\/\/sites.google.com\/xtec.cat\/inslluiscompanys\/p%C3%A0gina-principal\">TOTA LA INFORMACI\u00d3 SOBRE LA PREINSCRIPCI\u00d3<\/a> (EN ELABORACIO).<\/p>\n\n\n\n<p><\/p>\n","protected":false},"excerpt":{"rendered":"<p>Cliqueu cada un dels enlla\u00e7os en funci\u00f3 dels vostres estudis per tal de saber com es desenvolupen els processos de preinscripci\u00f3 i matr\u00edcula.<\/p>\n<p><a href=\"https:\/\/agora.xtec.cat\/ieslluiscompanys\/preinscripcio-i-matricula-2026-27\/\">ALUMNAT DE L&#8217; ESO<\/a> (6 al 18 de mar\u00e7)<\/p>\n<p><a href=\"https:\/\/agora.xtec.cat\/ieslluiscompanys\/batxillerat-2025-26\/\">ALUMNAT BATXILLERAT<\/a> (9 al 16 d\u2019abril)<\/p>\n<p><a href=\"https:\/\/agora.xtec.cat\/ieslluiscompanys\/cicles-formatius\/\">ALUMNAT CICLES FORMATIUS<\/a> (26 de maig a&hellip;  <a href=\"https:\/\/agora.xtec.cat\/ieslluiscompanys\/preinscripcio-i-matricula-curs-2026-27\/\" title=\"Read PREINSCRIPCIO I MATRICULA CURS 2026-27\">Llegeix m\u00e9s\u00bb<\/a><\/p>\n","protected":false},"author":1,"featured_media":0,"parent":0,"menu_order":0,"comment_status":"closed","ping_status":"closed","template":"","meta":{"_bbp_topic_count":0,"_bbp_reply_count":0,"_bbp_total_topic_count":0,"_bbp_total_reply_count":0,"_bbp_voice_count":0,"_bbp_anonymous_reply_count":0,"_bbp_topic_count_hidden":0,"_bbp_reply_count_hidden":0,"_bbp_forum_subforum_count":0,"footnotes":""},"class_list":["post-1645","page","type-page","status-publish","hentry"],"post_mailing_queue_ids":[],"_links":{"self":[{"href":"https:\/\/agora.xtec.cat\/ieslluiscompanys\/wp-json\/wp\/v2\/pages\/1645","targetHints":{"allow":["GET"]}}],"collection":[{"href":"https:\/\/agora.xtec.cat\/ieslluiscompanys\/wp-json\/wp\/v2\/pages"}],"about":[{"href":"https:\/\/agora.xtec.cat\/ieslluiscompanys\/wp-json\/wp\/v2\/types\/page"}],"author":[{"embeddable":true,"href":"https:\/\/agora.xtec.cat\/ieslluiscompanys\/wp-json\/wp\/v2\/users\/1"}],"replies":[{"embeddable":true,"href":"https:\/\/agora.xtec.cat\/ieslluiscompanys\/wp-json\/wp\/v2\/comments?post=1645"}],"version-history":[{"count":6,"href":"https:\/\/agora.xtec.cat\/ieslluiscompanys\/wp-json\/wp\/v2\/pages\/1645\/revisions"}],"predecessor-version":[{"id":2561,"href":"https:\/\/agora.xtec.cat\/ieslluiscompanys\/wp-json\/wp\/v2\/pages\/1645\/revisions\/2561"}],"wp:attachment":[{"href":"https:\/\/agora.xtec.cat\/ieslluiscompanys\/wp-json\/wp\/v2\/media?parent=1645"}],"curies":[{"name":"wp","href":"https:\/\/api.w.org\/{rel}","templated":true}]}}