{"id":1594,"date":"2025-03-25T19:02:24","date_gmt":"2025-03-25T18:02:24","guid":{"rendered":"https:\/\/agora.xtec.cat\/ieslluiscompanys\/?page_id=1594"},"modified":"2026-01-17T20:08:08","modified_gmt":"2026-01-17T19:08:08","slug":"viatges","status":"publish","type":"page","link":"https:\/\/agora.xtec.cat\/ieslluiscompanys\/activitats\/viatges\/","title":{"rendered":"Viatges"},"content":{"rendered":"\n<p><a href=\"https:\/\/agora.xtec.cat\/ieslluiscompanys\/general\/viatge-a-roma-de-2n-batxillerat\/\" data-type=\"post\" data-id=\"1458\">Viatge a Roma de 2n de Batxillerat (mar\u00e7 2025)<\/a><\/p>\n\n\n\n<p><a href=\"https:\/\/agora.xtec.cat\/ieslluiscompanys\/general\/viatge-a-munic\/\" data-type=\"post\" data-id=\"1563\">Vaitge a M\u00fanic del 1r de Batxillerat cient\u00edficotecnol\u00f2gic (mar\u00e7 2025)<\/a><\/p>\n\n\n\n<p><a href=\"https:\/\/agora.xtec.cat\/ieslluiscompanys\/general\/colonies-de-1r-deso\/\">Col\u00f2nies de 1r d&#8217;ESO (octubre 2025)<\/a><\/p>\n","protected":false},"excerpt":{"rendered":"<p><a href=\"https:\/\/agora.xtec.cat\/ieslluiscompanys\/general\/viatge-a-roma-de-2n-batxillerat\/\" data-type=\"post\" data-id=\"1458\">Viatge a Roma de 2n de Batxillerat (mar\u00e7 2025)<\/a><\/p>\n<p><a href=\"https:\/\/agora.xtec.cat\/ieslluiscompanys\/general\/viatge-a-munic\/\" data-type=\"post\" data-id=\"1563\">Vaitge a M\u00fanic del 1r de Batxillerat cient\u00edficotecnol\u00f2gic (mar\u00e7 2025)<\/a><\/p>\n<p><a href=\"https:\/\/agora.xtec.cat\/ieslluiscompanys\/general\/colonies-de-1r-deso\/\">Col\u00f2nies de 1r d&#8217;ESO (octubre 2025)<\/a><\/p>\n","protected":false},"author":7,"featured_media":0,"parent":862,"menu_order":0,"comment_status":"closed","ping_status":"close","template":"","meta":{"_bbp_topic_count":0,"_bbp_reply_count":0,"_bbp_total_topic_count":0,"_bbp_total_reply_count":0,"_bbp_voice_count":0,"_bbp_anonymous_reply_count":0,"_bbp_topic_count_hidden":0,"_bbp_reply_count_hidden":0,"_bbp_forum_subforum_count":0,"footnotes":""},"class_list":["post-1594","page","type-page","status-publish","hentry"],"post_mailing_queue_ids":[],"_links":{"self":[{"href":"https:\/\/agora.xtec.cat\/ieslluiscompanys\/wp-json\/wp\/v2\/pages\/1594","targetHints":{"allow":["GET"]}}],"collection":[{"href":"https:\/\/agora.xtec.cat\/ieslluiscompanys\/wp-json\/wp\/v2\/pages"}],"about":[{"href":"https:\/\/agora.xtec.cat\/ieslluiscompanys\/wp-json\/wp\/v2\/types\/page"}],"author":[{"embeddable":true,"href":"https:\/\/agora.xtec.cat\/ieslluiscompanys\/wp-json\/wp\/v2\/users\/7"}],"replies":[{"embeddable":true,"href":"https:\/\/agora.xtec.cat\/ieslluiscompanys\/wp-json\/wp\/v2\/comments?post=1594"}],"version-history":[{"count":3,"href":"https:\/\/agora.xtec.cat\/ieslluiscompanys\/wp-json\/wp\/v2\/pages\/1594\/revisions"}],"predecessor-version":[{"id":2304,"href":"https:\/\/agora.xtec.cat\/ieslluiscompanys\/wp-json\/wp\/v2\/pages\/1594\/revisions\/2304"}],"up":[{"embeddable":true,"href":"https:\/\/agora.xtec.cat\/ieslluiscompanys\/wp-json\/wp\/v2\/pages\/862"}],"wp:attachment":[{"href":"https:\/\/agora.xtec.cat\/ieslluiscompanys\/wp-json\/wp\/v2\/media?parent=1594"}],"curies":[{"name":"wp","href":"https:\/\/api.w.org\/{rel}","templated":true}]}}