{"id":9,"date":"2014-09-12T10:15:01","date_gmt":"2014-09-12T10:15:01","guid":{"rendered":"http:\/\/agora.xtec.cat\/ieslluchirafecas\/?page_id=9"},"modified":"2026-04-14T08:34:11","modified_gmt":"2026-04-14T06:34:11","slug":"pagina-dinici-buida","status":"publish","type":"page","link":"https:\/\/agora.xtec.cat\/ieslluchirafecas\/","title":{"rendered":"Inicihttps:\/\/agora.xtec.cat\/ieslluchirafecas\/"},"content":{"rendered":"<table style=\"width: 100%; border-collapse: separate; border-spacing: 0 10px; font-family: 'Segoe UI', Roboto, Helvetica, Arial, sans-serif;\">\n<thead>\n<tr>\n<th style=\"background-color: #f8f9fa; padding: 20px; text-align: center; border-bottom: 3px solid #196f3d; border-radius: 8px;\" colspan=\"2\">\n<h1 style=\"margin: 0; color: #196f3d !important; text-transform: uppercase; letter-spacing: 2px; font-size: 1.8em;\">\ud83d\udce5 PREINSCRIPCI\u00d3 CURS 2026-2027<\/h1>\n<p style=\"margin: 5px 0 0 0; color: #555; font-weight: normal;\">Selecciona el teu tipus d&#8217;estudis per veure el calendari i la informaci\u00f3 oficial<\/p>\n<\/th>\n<\/tr>\n<\/thead>\n<tbody>\n<tr>\n<td style=\"width: 25%; background-color: #196f3d; padding: 15px; border-radius: 8px 0 0 8px; text-align: center; vertical-align: middle;\">\n<h3 style=\"color: #ffffff !important; margin: 0; font-size: 1.2em; text-transform: uppercase;\">ESO<\/h3>\n<\/td>\n<td style=\"width: 75%; background-color: #f4f9f4; padding: 10px; border: 2px solid #196f3d; border-left: none; border-radius: 0 8px 8px 0;\"><a style=\"display: block; color: #555; padding: 5px 15px; text-decoration: underline; font-size: 0.9em;\" href=\"https:\/\/preinscripcio.gencat.cat\/ca\/estudis\/eso\/inici\/\" target=\"_blank\" rel=\"noopener\">\ud83c\udf10 Web oficial Departament d&#8217;Educaci\u00f3<\/a><\/td>\n<\/tr>\n<tr>\n<td style=\"background-color: #2e86c1; padding: 15px; border-radius: 8px 0 0 8px; text-align: center; vertical-align: middle;\">\n<h3 style=\"color: #ffffff !important; margin: 0; font-size: 1.2em; text-transform: uppercase;\">BATX<\/h3>\n<\/td>\n<td style=\"background-color: #f0f7fc; padding: 10px; border: 2px solid #2e86c1; border-left: none; border-radius: 0 8px 8px 0;\">\n<a style=\"display: block; color: #555; padding: 5px 15px; text-decoration: underline; font-size: 0.9em;\" href=\"https:\/\/preinscripcio.gencat.cat\/ca\/estudis\/batxillerat\/inici\/\" target=\"_blank\" rel=\"noopener\">\ud83c\udf10 Web oficial Departament d&#8217;Educaci\u00f3<\/a><\/td>\n<\/tr>\n<tr>\n<td style=\"background-color: #16a085; padding: 15px; border-radius: 8px 0 0 8px; text-align: center; vertical-align: middle;\">\n<h3 style=\"color: #ffffff !important; margin: 0; font-size: 1.2em; text-transform: uppercase;\">CFGB<\/h3>\n<\/td>\n<td style=\"background-color: #e8f6f3; padding: 10px; border: 2px solid #16a085; border-left: none; border-radius: 0 8px 8px 0;\"><a style=\"display: block; color: #555; padding: 5px 15px; text-decoration: underline; font-size: 0.9em;\" href=\"https:\/\/preinscripcio.gencat.cat\/ca\/estudis\/fp-basica\/inici\/\" target=\"_blank\" rel=\"noopener\">\ud83c\udf10 Web oficial Departament d&#8217;Educaci\u00f3<\/a><\/td>\n<\/tr>\n<tr>\n<td style=\"background-color: #e67e22; padding: 15px; border-radius: 8px 0 0 8px; text-align: center; vertical-align: middle;\">\n<h3 style=\"color: #ffffff !important; margin: 0; font-size: 1.2em; text-transform: uppercase;\">CFGM<\/h3>\n<\/td>\n<td style=\"background-color: #fdf2e9; padding: 10px; border: 2px solid #e67e22; border-left: none; border-radius: 0 8px 8px 0;\"><a style=\"display: block; color: #555; padding: 5px 15px; text-decoration: underline; font-size: 0.9em;\" href=\"https:\/\/preinscripcio.gencat.cat\/ca\/estudis\/fp-grau-mitja\/inici\/\" target=\"_blank\" rel=\"noopener\">\ud83c\udf10 Web oficial Departament d&#8217;Educaci\u00f3<\/a><\/td>\n<\/tr>\n<tr>\n<td style=\"background-color: #a93226; padding: 15px; border-radius: 8px 0 0 8px; text-align: center; vertical-align: middle;\">\n<h3 style=\"color: #ffffff !important; margin: 0; font-size: 1.2em; text-transform: uppercase;\">CFGS<\/h3>\n<\/td>\n<td style=\"background-color: #f9ebea; padding: 10px; border: 2px solid #a93226; border-left: none; border-radius: 0 8px 8px 0;\"><a style=\"display: block; color: #555; padding: 5px 15px; text-decoration: underline; font-size: 0.9em;\" href=\"https:\/\/preinscripcio.gencat.cat\/ca\/estudis\/fp-grau-superior\/inici\/\" target=\"_blank\" rel=\"noopener\">\ud83c\udf10 Web oficial Departament d&#8217;Educaci\u00f3<\/a><\/td>\n<\/tr>\n<tr>\n<td style=\"background-color: #8e44ad; padding: 15px; border-radius: 8px 0 0 8px; text-align: center; vertical-align: middle;\">\n<h3 style=\"color: #ffffff !important; margin: 0; font-size: 1.2em; text-transform: uppercase;\">PFI<\/h3>\n<\/td>\n<td style=\"background-color: #f5eef8; padding: 10px; border: 2px solid #8e44ad; border-left: none; border-radius: 0 8px 8px 0;\"><a style=\"display: block; color: #555; padding: 5px 15px; text-decoration: underline; font-size: 0.9em;\" href=\"https:\/\/preinscripcio.gencat.cat\/ca\/estudis\/pfi\/inici\/\" target=\"_blank\" rel=\"noopener\">\ud83c\udf10 Web oficial Departament d&#8217;Educaci\u00f3<\/a><\/td>\n<\/tr>\n<tr>\n<td style=\"background-color: #2c3e50; padding: 15px; border-radius: 8px 0 0 8px; text-align: center; vertical-align: middle;\">\n<h3 style=\"color: #ffffff !important; margin: 0; font-size: 0.9em; text-transform: uppercase;\">ESPECIALIT.<\/h3>\n<\/td>\n<td style=\"background-color: #f4f6f7; padding: 10px; border: 2px solid #2c3e50; border-left: none; border-radius: 0 8px 8px 0;\">\n<a style=\"display: block; color: #555; padding: 5px 15px; text-decoration: underline; font-size: 0.9em;\" href=\"https:\/\/preinscripcio.gencat.cat\/ca\/estudis\/cursos-especialitzacio-fp\/inici\/\" target=\"_blank\" rel=\"noopener\">\ud83c\udf10 Web oficial Departament d&#8217;Educaci\u00f3<\/a><\/td>\n<\/tr>\n<\/tbody>\n<\/table>\n<h3 id=\"beques\">Beques i ajuts a l&#8217;estudi<\/h3>\n<p style=\"text-align: center;\"><a href=\"https:\/\/agora.xtec.cat\/ieslluchirafecas\/secretaria-2\/beques\/\">M\u00e9s informaci\u00f3 detallada a la secci\u00f3 de Beques<\/a><\/p>\n<table style=\"width: 99.855%; border: 5px solid #f1c40f; border-collapse: collapse; font-family: 'Segoe UI', Roboto, Helvetica, Arial, sans-serif;\">\n<tbody>\n<tr style=\"background-color: #f1c40f;\">\n<td style=\"padding: 20px; text-align: center;\" colspan=\"2\">\n<h2 style=\"color: #ffffff !important; margin: 0; text-transform: uppercase; letter-spacing: 1px;\">\ud83d\udcb0 Beques d&#8217;estudis postobligatoris 2025-2026<\/h2>\n<\/td>\n<\/tr>\n<tr>\n<td style=\"width: 30%; border-bottom: 1px solid #e0e0e0; padding: 20px; background-color: #fef9e7; text-align: center;\"><strong style=\"color: #9a7d0a; font-size: 1.1em;\">Del 7 d&#8217;abril al 18 de maig<\/strong><\/td>\n<td style=\"width: 70%; border-bottom: 1px solid #e0e0e0; padding: 20px;\"><b style=\"color: #7d6608;\">Termini de sol\u00b7licitud<\/b><br \/>\n<span style=\"font-size: 0.9em; color: #555;\">Convocat\u00f2ria general de beques per a Batxillerat i Cicles Formatius. Cal demanar-la en aquestes dates.<\/span><\/td>\n<\/tr>\n<tr>\n<td style=\"width: 30%; border-bottom: 5px solid #f1c40f; padding: 20px; background-color: #ffffff; text-align: center;\"><strong style=\"color: #c0392b; font-size: 1.1em;\">Molt important<\/strong><\/td>\n<td style=\"width: 70%; border-bottom: 5px solid #f1c40f; padding: 20px;\"><a href=\"https:\/\/web.gencat.cat\/ca\/ciutadania\/actualitat\/demanar-beques-i-ajuts-per-estudiar\"><b style=\"color: #c0392b;\">Tr\u00e0mit telem\u00e0tic<\/b><\/a><br \/>\n<span style=\"font-size: 0.9em; color: #555;\">La sol\u00b7licitud es fa a trav\u00e9s de la seu electr\u00f2nica de la Generalitat de Catalunya. No espereu a l&#8217;\u00faltim dia per evitar col\u00b7lapse a la xarxa.<\/span><\/td>\n<\/tr>\n<\/tbody>\n<\/table>\n","protected":false},"excerpt":{"rendered":"<p>\ud83d\udce5 PREINSCRIPCI\u00d3 CURS 2026-2027<br \/>\nSelecciona el teu tipus d&#8217;estudis per veure el calendari i la informaci\u00f3 oficial<\/p>\n<p>ESO<\/p>\n<p><a style=\"display: block; color: #555; padding: 5px 15px; text-decoration: underline; font-size: 0.9em;\" href=\"https:\/\/preinscripcio.gencat.cat\/ca\/estudis\/eso\/inici\/\" target=\"_blank\" rel=\"noopener\">\ud83c\udf10 Web oficial Departament d&#8217;Educaci\u00f3<\/a><\/p>\n<p>BATX<\/p>\n<p><a style=\"display: block; color: #555; padding: 5px 15px; text-decoration: underline; font-size: 0.9em;\"&hellip;  <a href=\"https:\/\/agora.xtec.cat\/ieslluchirafecas\/\" title=\"Read Inicihttps:\/\/agora.xtec.cat\/ieslluchirafecas\/\">Llegeix m\u00e9s\u00bb<\/a><\/p>\n","protected":false},"author":1,"featured_media":0,"parent":0,"menu_order":0,"comment_status":"closed","ping_status":"closed","template":"page-templates\/front-page.php","meta":{"_bbp_topic_count":0,"_bbp_reply_count":0,"_bbp_total_topic_count":0,"_bbp_total_reply_count":0,"_bbp_voice_count":0,"_bbp_anonymous_reply_count":0,"_bbp_topic_count_hidden":0,"_bbp_reply_count_hidden":0,"_bbp_forum_subforum_count":0,"footnotes":""},"class_list":["post-9","page","type-page","status-publish","hentry"],"post_mailing_queue_ids":[],"_links":{"self":[{"href":"https:\/\/agora.xtec.cat\/ieslluchirafecas\/wp-json\/wp\/v2\/pages\/9","targetHints":{"allow":["GET"]}}],"collection":[{"href":"https:\/\/agora.xtec.cat\/ieslluchirafecas\/wp-json\/wp\/v2\/pages"}],"about":[{"href":"https:\/\/agora.xtec.cat\/ieslluchirafecas\/wp-json\/wp\/v2\/types\/page"}],"author":[{"embeddable":true,"href":"https:\/\/agora.xtec.cat\/ieslluchirafecas\/wp-json\/wp\/v2\/users\/1"}],"replies":[{"embeddable":true,"href":"https:\/\/agora.xtec.cat\/ieslluchirafecas\/wp-json\/wp\/v2\/comments?post=9"}],"version-history":[{"count":7,"href":"https:\/\/agora.xtec.cat\/ieslluchirafecas\/wp-json\/wp\/v2\/pages\/9\/revisions"}],"predecessor-version":[{"id":14750,"href":"https:\/\/agora.xtec.cat\/ieslluchirafecas\/wp-json\/wp\/v2\/pages\/9\/revisions\/14750"}],"wp:attachment":[{"href":"https:\/\/agora.xtec.cat\/ieslluchirafecas\/wp-json\/wp\/v2\/media?parent=9"}],"curies":[{"name":"wp","href":"https:\/\/api.w.org\/{rel}","templated":true}]}}