{"id":650,"date":"2020-01-31T21:00:09","date_gmt":"2020-01-31T20:00:09","guid":{"rendered":"https:\/\/agora.xtec.cat\/ieslluchirafecas\/?page_id=650"},"modified":"2025-09-11T08:13:15","modified_gmt":"2025-09-11T06:13:15","slug":"cures-auxiliars-dinfermeria","status":"publish","type":"page","link":"https:\/\/agora.xtec.cat\/ieslluchirafecas\/estudis\/cicles-formatius\/cicles-formatius-de-grau-mitja\/cures-auxiliars-dinfermeria\/","title":{"rendered":"CFGM Cures Auxiliars d\u2019Infermeria"},"content":{"rendered":"<h4><strong>Fam\u00edlia professional: sanit\u00e0ria<\/strong><\/h4>\n<p style=\"text-align: center;\"><a href=\"https:\/\/agora.xtec.cat\/ieslluchirafecas\/wp-content\/uploads\/usu330\/2025\/04\/Fulleto-CURES-AUXILIARS-DINFERMERIA-FAMILIA-PROFESSIONAL-SANITARIA-CURS-2024-25.pdf\">Descarrega el Fullet\u00f3 Informatiu CAI<\/a><\/p>\n\r\n\t<div class=\"slideshow_container slideshow_container_style-light\" style=\"height: 300px; \" data-slideshow-id=\"1707\" data-style-name=\"style-light\" data-style-version=\"2.3.1\" >\r\n\r\n\t\t\t\t\t<div class=\"slideshow_loading_icon\"><\/div>\r\n\t\t\r\n\t\t<div class=\"slideshow_content\" style=\"display: none;\">\r\n\r\n\t\t\t<div class=\"slideshow_view\">\r\n\t\t\t\t<div class=\"slideshow_slide slideshow_slide_image\">\r\n\t\t\t\t\t\t\t\t\t\t\t<img src=\"https:\/\/agora.xtec.cat\/ieslluchirafecas\/wp-content\/uploads\/usu330\/2021\/11\/DSC_0237_-scaled.jpg\" alt=\"DSC_0237_\" width=\"2560\" height=\"1707\" \/>\r\n\t\t\t\t\t\t\t\t\t\t<div class=\"slideshow_description_box slideshow_transparent\">\r\n\t\t\t\t\t\t<div class=\"slideshow_title\">DSC_0237_<\/div>\t\t\t\t\t\t\t\t\t\t\t<\/div>\r\n\t\t\t\t<\/div>\r\n\r\n\t\t\t\t\t\t<div style=\"clear: both;\"><\/div><\/div><div class=\"slideshow_view\">\r\n\t\t\t\t<div class=\"slideshow_slide slideshow_slide_image\">\r\n\t\t\t\t\t\t\t\t\t\t\t<img src=\"https:\/\/agora.xtec.cat\/ieslluchirafecas\/wp-content\/uploads\/usu330\/2021\/11\/DSC_0226_-scaled.jpg\" alt=\"DSC_0226_\" width=\"2560\" height=\"1707\" \/>\r\n\t\t\t\t\t\t\t\t\t\t<div class=\"slideshow_description_box slideshow_transparent\">\r\n\t\t\t\t\t\t<div class=\"slideshow_title\">DSC_0226_<\/div>\t\t\t\t\t\t\t\t\t\t\t<\/div>\r\n\t\t\t\t<\/div>\r\n\r\n\t\t\t\t\t\t<div style=\"clear: both;\"><\/div><\/div><div class=\"slideshow_view\">\r\n\t\t\t\t<div class=\"slideshow_slide slideshow_slide_image\">\r\n\t\t\t\t\t\t\t\t\t\t\t<img src=\"https:\/\/agora.xtec.cat\/ieslluchirafecas\/wp-content\/uploads\/usu330\/2021\/11\/DSC_0224_-scaled.jpg\" alt=\"DSC_0224_\" width=\"2560\" height=\"1707\" \/>\r\n\t\t\t\t\t\t\t\t\t\t<div class=\"slideshow_description_box slideshow_transparent\">\r\n\t\t\t\t\t\t<div class=\"slideshow_title\">DSC_0224_<\/div>\t\t\t\t\t\t\t\t\t\t\t<\/div>\r\n\t\t\t\t<\/div>\r\n\r\n\t\t\t\t\t\t<div style=\"clear: both;\"><\/div><\/div>\r\n\t\t<\/div>\r\n\r\n\t\t<div class=\"slideshow_controlPanel slideshow_transparent\" style=\"display: none;\"><ul><li class=\"slideshow_togglePlay\" data-play-text=\"Visualitza\" data-pause-text=\"Pausa\"><\/li><\/ul><\/div>\r\n\r\n\t\t<div class=\"slideshow_button slideshow_previous slideshow_transparent\" role=\"button\" data-previous-text=\"Anterior\" style=\"display: none;\"><\/div>\r\n\t\t<div class=\"slideshow_button slideshow_next slideshow_transparent\" role=\"button\" data-next-text=\"Seg\u00fcent\" style=\"display: none;\"><\/div>\r\n\r\n\t\t<div class=\"slideshow_pagination\" style=\"display: none;\" data-go-to-text=\"V\u00e9s a la diapositiva\"><div class=\"slideshow_pagination_center\"><\/div><\/div>\r\n\r\n\t\t<!-- WordPress Slideshow Version 2.3.1 -->\r\n\r\n\t\t\t<\/div>\r\n\r\n\n<h4><strong>Compet\u00e8ncies professionals<\/strong><\/h4>\n<p>\u00c9s compet\u00e8ncia general d\u2019aquests t\u00e8cnics proporcionar cures auxiliars al pacient\/client i actuar sobre les condicions sanit\u00e0ries del seu entorn: com a membre d\u2019un equip d\u2019infermeria en centres hospitalaris i d\u2019atenci\u00f3 prim\u00e0ria, sota la depend\u00e8ncia del diplomat d\u2019infermeria.<\/p>\n<p>Unitats de compet\u00e8ncia:<\/p>\n<ul>\n<li>Preparar els materials i processar la informaci\u00f3 de la consulta\/unitat.<\/li>\n<li>Aplicar cures auxiliars d\u2019infermeria al pacient\/client.<\/li>\n<li>Tenir cura de les condicions sanit\u00e0ries de l\u2019entorn del pacient\/client.<\/li>\n<li>Col\u00b7laborar en la prestaci\u00f3 de cures ps\u00edquiques al pacient\/client.<\/li>\n<li>Realitzar tasques d\u2019instrumentaci\u00f3 en equips de salut bucodental.<\/li>\n<\/ul>\n<h4><strong>Titulaci\u00f3<\/strong><\/h4>\n<p>Els alumnes que superin el CFGM rebran la titulaci\u00f3 de T\u00e8cnic en cures auxiliars d\u2019infermeria, la qual correspon al nivell 2 de qualificaci\u00f3 professional segons preveu la Decisi\u00f3 del Consell de la Uni\u00f3 Europea.<\/p>\n<h4><strong>Principals ocupacions i llocs de treball<\/strong><\/h4>\n<p>Com exemple i amb finalitat d\u2019orientaci\u00f3 professional, s\u2019enumeren un conjunt de possibles ocupacions i llocs de treball:<\/p>\n<ul>\n<li>Auxiliars d\u2019infermeria\/cl\u00ednica.<\/li>\n<li>Auxiliar de balnearis.<\/li>\n<li>Auxiliar d\u2019atenci\u00f3 prim\u00e0ria i cures d\u2019infermeria a domicili.<\/li>\n<li>Auiliar bucodental, auxiliar geri\u00e0tric, auxiliar d\u2019esterilitzaci\u00f3, auxiliars d\u2019unitats especials, auxiliar de salut mental, \u2026<\/li>\n<\/ul>\n<h4><strong>Durada<\/strong><\/h4>\n<p>La durada d\u2019aquest cicle formatiu es de 1400 hores (un curs acad\u00e8mic) dividides de la seg\u00fcent manera:<\/p>\n<ul>\n<li>990 hores de formaci\u00f3 en el centre educatiu.<\/li>\n<li>410 hores de formaci\u00f3 en un centre de treball.<\/li>\n<\/ul>\n<h4><strong>Cr\u00e8dits en que s\u2019estructura el cicle formatiu<\/strong><\/h4>\n<table style=\"border-collapse: collapse; width: 600px;\">\n<tbody>\n<tr>\n<td style=\"width: 50px;\">CR\u00c8DIT<\/td>\n<td style=\"width: 550px;\">NOM<\/td>\n<\/tr>\n<tr>\n<td style=\"width: 50px;\">1<\/td>\n<td style=\"width: 550%;\">Operacions administratives i documentaci\u00f3 sanit\u00e0ria<\/td>\n<\/tr>\n<tr>\n<td style=\"width: 50px;\">2<\/td>\n<td style=\"width: 550%;\">L\u2019\u00e9sser hum\u00e0 davant la malaltia<\/td>\n<\/tr>\n<tr>\n<td style=\"width: 50px;\">3<\/td>\n<td style=\"width: 550px;\">Benestar del pacient: necessitats d\u2019higiene, rep\u00f2s i moviment<\/td>\n<\/tr>\n<tr>\n<td style=\"width: 50px;\">4<\/td>\n<td style=\"width: 550px;\">Cures b\u00e0siques d\u2019infermeria aplicades a les necessitats de l\u2019\u00e9sser hum\u00e0<\/td>\n<\/tr>\n<tr>\n<td style=\"width: 50px;\">5<\/td>\n<td style=\"width: 550px;\">Primers auxilis<\/td>\n<\/tr>\n<tr>\n<td style=\"width: 50px;\">6<\/td>\n<td style=\"width: 550px;\">Higiene del medi hospitalari i neteja del material<\/td>\n<\/tr>\n<tr>\n<td style=\"width: 50px;\">7<\/td>\n<td style=\"width: 550px;\">Recolzament psicol\u00f2gic al pacient\/client<\/td>\n<\/tr>\n<tr>\n<td style=\"width: 50px;\">8<\/td>\n<td style=\"width: 550px;\">Educaci\u00f3 per a la salut<\/td>\n<\/tr>\n<tr>\n<td style=\"width: 50px;\">9<\/td>\n<td style=\"width: 550px;\">T\u00e8cniques d\u2019ajuda odontol\u00f2gica\/estomatol\u00f2gica<\/td>\n<\/tr>\n<tr>\n<td style=\"width: 50px;\">10<\/td>\n<td style=\"width: 550px;\">Relacions en l\u2019equip de treball<\/td>\n<\/tr>\n<tr>\n<td style=\"width: 50px;\">11<\/td>\n<td style=\"width: 550px;\">Formaci\u00f3 i orientaci\u00f3 laboral<\/td>\n<\/tr>\n<tr>\n<td style=\"width: 50px;\">12<\/td>\n<td style=\"width: 550px;\">Formaci\u00f3 en centres de treball<\/td>\n<\/tr>\n<tr>\n<td style=\"width: 50px;\">13<\/td>\n<td style=\"width: 550px;\">S\u00edntesi<\/td>\n<\/tr>\n<\/tbody>\n<\/table>\n<h4><strong>Horari<\/strong><\/h4>\n<p>Disponible en curs de mat\u00ed o de tarda<\/p>\n<ul>\n<li>Horari intensiu de mat\u00ed, de 8.00 a 14.30 h.<\/li>\n<li>Horari intensiu de tarda, de 15.00\u2032 a 21.30\u2019h<\/li>\n<\/ul>\n<h4>Preinscripci\u00f3 i matriculaci\u00f3<\/h4>\n<p>Consulteu la web del departament d&#8217;Ensenyament: <a href=\"https:\/\/preinscripcio.gencat.cat\/\">https:\/\/preinscripcio.gencat.cat\/<\/a> i els apartats de <a href=\"https:\/\/agora.xtec.cat\/ieslluchirafecas\/secretaria-2\/preinscripcio\/\"><strong>preinscripci\u00f3<\/strong><\/a> i <strong><a href=\"https:\/\/agora.xtec.cat\/ieslluchirafecas\/secretaria-2\/matricula\/\">matr\u00edcula<\/a><\/strong> corresponents. All\u00e0 tindreu tota la informaci\u00f3 quan la tinguem disponible.<\/p>\n<p>&nbsp;<\/p>\n<p><object style=\"width: 800px; height: 600px;\" data=\"https:\/\/agora.xtec.cat\/ieslluchirafecas\/wp-content\/uploads\/usu330\/2025\/04\/Fulleto-CURES-AUXILIARS-DINFERMERIA-FAMILIA-PROFESSIONAL-SANITARIA-CURS-2024-25.pdf\" width=\"300\" height=\"150\"><span style=\"display: inline-block; width: 0px; overflow: hidden; line-height: 0;\" data-mce-type=\"bookmark\" class=\"mce_SELRES_start\">\ufeff<\/span><\/object><\/p>\n","protected":false},"excerpt":{"rendered":"<p>Fam\u00edlia professional: sanit\u00e0ria<br \/>\n<a href=\"https:\/\/agora.xtec.cat\/ieslluchirafecas\/wp-content\/uploads\/usu330\/2025\/04\/Fulleto-CURES-AUXILIARS-DINFERMERIA-FAMILIA-PROFESSIONAL-SANITARIA-CURS-2024-25.pdf\">Descarrega el Fullet\u00f3 Informatiu CAI<\/a><\/p>\n<p>\t\t\t\t\t\tDSC_0237_\t\t\t\t\t\t\t\t\t\t\t<\/p>\n<p>\t\t\t\t\t\tDSC_0226_\t\t\t\t\t\t\t\t\t\t\t<\/p>\n<p>\t\t\t\t\t\tDSC_0224_\t\t\t\t\t\t\t\t\t\t\t<\/p>\n<ul>\n<li class=\"slideshow_togglePlay\" data-play-text=\"Visualitza\" data-pause-text=\"Pausa\"><\/li>\n<\/ul>\n<p>Compet\u00e8ncies professionals<br \/>\n\u00c9s compet\u00e8ncia general d\u2019aquests t\u00e8cnics proporcionar cures auxiliars al pacient\/client i actuar sobre les condicions sanit\u00e0ries del seu entorn: com a membre d\u2019un equip d\u2019infermeria en centres hospitalaris i d\u2019atenci\u00f3 prim\u00e0ria, sota la depend\u00e8ncia&hellip;  <a href=\"https:\/\/agora.xtec.cat\/ieslluchirafecas\/estudis\/cicles-formatius\/cicles-formatius-de-grau-mitja\/cures-auxiliars-dinfermeria\/\" title=\"Read CFGM Cures Auxiliars d\u2019Infermeria\">Llegeix m\u00e9s\u00bb<\/a><\/p>\n","protected":false},"author":1,"featured_media":0,"parent":635,"menu_order":0,"comment_status":"closed","ping_status":"closed","template":"page-templates\/side-menu.php","meta":{"_bbp_topic_count":0,"_bbp_reply_count":0,"_bbp_total_topic_count":0,"_bbp_total_reply_count":0,"_bbp_voice_count":0,"_bbp_anonymous_reply_count":0,"_bbp_topic_count_hidden":0,"_bbp_reply_count_hidden":0,"_bbp_forum_subforum_count":0,"footnotes":""},"class_list":["post-650","page","type-page","status-publish","hentry"],"post_mailing_queue_ids":[],"_links":{"self":[{"href":"https:\/\/agora.xtec.cat\/ieslluchirafecas\/wp-json\/wp\/v2\/pages\/650","targetHints":{"allow":["GET"]}}],"collection":[{"href":"https:\/\/agora.xtec.cat\/ieslluchirafecas\/wp-json\/wp\/v2\/pages"}],"about":[{"href":"https:\/\/agora.xtec.cat\/ieslluchirafecas\/wp-json\/wp\/v2\/types\/page"}],"author":[{"embeddable":true,"href":"https:\/\/agora.xtec.cat\/ieslluchirafecas\/wp-json\/wp\/v2\/users\/1"}],"replies":[{"embeddable":true,"href":"https:\/\/agora.xtec.cat\/ieslluchirafecas\/wp-json\/wp\/v2\/comments?post=650"}],"version-history":[{"count":7,"href":"https:\/\/agora.xtec.cat\/ieslluchirafecas\/wp-json\/wp\/v2\/pages\/650\/revisions"}],"predecessor-version":[{"id":14122,"href":"https:\/\/agora.xtec.cat\/ieslluchirafecas\/wp-json\/wp\/v2\/pages\/650\/revisions\/14122"}],"up":[{"embeddable":true,"href":"https:\/\/agora.xtec.cat\/ieslluchirafecas\/wp-json\/wp\/v2\/pages\/635"}],"wp:attachment":[{"href":"https:\/\/agora.xtec.cat\/ieslluchirafecas\/wp-json\/wp\/v2\/media?parent=650"}],"curies":[{"name":"wp","href":"https:\/\/api.w.org\/{rel}","templated":true}]}}