{"id":637,"date":"2020-01-31T20:15:19","date_gmt":"2020-01-31T19:15:19","guid":{"rendered":"https:\/\/agora.xtec.cat\/ieslluchirafecas\/?page_id=637"},"modified":"2025-04-03T07:53:47","modified_gmt":"2025-04-03T05:53:47","slug":"cicles-formatius-de-grau-superior","status":"publish","type":"page","link":"https:\/\/agora.xtec.cat\/ieslluchirafecas\/estudis\/cicles-formatius\/cicles-formatius-de-grau-superior\/","title":{"rendered":"Cicles Formatius de Grau Superior"},"content":{"rendered":"<table style=\"width: 99.855%; border: 5px solid #000502; font-family: Georgia, serif;\">\n<tbody>\n<tr style=\"height: 98px;\" valign=\"center\">\n<td style=\"width: 104.357%; background-color: #ff0000; text-align: center; height: 98px;\" width=\"150px\">\n<h1 style=\"color: #ffffff;\"><span style=\"color: #000000;\">Cicles de grau superior<\/span><\/h1>\n<\/td>\n<\/tr>\n<tr style=\"height: 67px;\" valign=\"center\">\n<td style=\"width: 104.357%; background-color: #ff6600; text-align: center; height: 67px;\" width=\"150px\">\n<h3><span style=\"color: #ffffff;\"><a style=\"color: #ffffff;\" href=\"https:\/\/agora.xtec.cat\/ieslluchirafecas\/estudis\/cicles-formatius\/cicles-formatius-de-grau-superior\/automatitzacio-i-robotica-industrial\/\"><span style=\"color: #3366ff;\"><span style=\"color: #000000;\"><span style=\"color: #ff0000;\">Automatitzaci\u00f3 i rob\u00f2tica industrial<\/span><\/span><\/span><\/a><\/span><\/h3>\n<\/td>\n<\/tr>\n<tr style=\"height: 67px;\" valign=\"center\">\n<td style=\"width: 104.357%; background-color: #5ece9b; text-align: center; height: 67px;\" width=\"150px\">\n<h3><span style=\"color: #ffffff;\"><a style=\"color: #ffffff;\" href=\"https:\/\/agora.xtec.cat\/ieslluchirafecas\/estudis\/cicles-formatius\/cicles-formatius-de-grau-superior\/cfgs-mecatronica-industrial\/\"><span style=\"color: #3366ff;\"><span style=\"color: #000000;\"><span style=\"color: #ff0000;\">Mecatr\u00f2nica industrial<\/span><\/span><\/span><\/a><\/span><\/h3>\n<\/td>\n<\/tr>\n<tr style=\"height: 67px;\" valign=\"center\">\n<td style=\"width: 104.357%; background-color: #ff6600; text-align: center; height: 67px;\" width=\"150px\">\n<h3><span style=\"color: #ffffff;\"><a style=\"color: #ffffff;\" href=\"https:\/\/agora.xtec.cat\/ieslluchirafecas\/estudis\/cicles-formatius\/cicles-formatius-de-grau-superior\/sistemes-electrotecnics-automatitzats\/\"><span style=\"color: #3366ff;\"><span style=\"color: #000000;\"><span style=\"color: #ff0000;\">Sistemes electrot\u00e8cnics automatitzats<\/span><\/span><\/span><\/a><\/span><\/h3>\n<\/td>\n<\/tr>\n<\/tbody>\n<\/table>\n<div class=\"highlight\"><\/div>\n<p>Poden accedir al CFGS alumnes amb:<\/p>\n<ul>\n<li>Qualsevol CFGM superat.<\/li>\n<li>El batxillerat superat.<\/li>\n<li>El COU aprovat.<\/li>\n<li>2n grau FP aprovat.<\/li>\n<\/ul>\n<p>Les persones que no compleixin les condicions anteriors i que tinguin complerts 20 anys o m\u00e9s i sis mesos d\u2019experi\u00e8ncia laboral podran accedir al CFGS mitjan\u00e7ant la superaci\u00f3 d\u2019una prova d\u2019acc\u00e9s.<\/p>\n<p><script src=\"moz-extension:\/\/f3e5eac6-5e7c-4eb3-9e23-44429eecccaf\/window-inject.js\" type=\"text\/javascript\"><\/script><\/p>\n","protected":false},"excerpt":{"rendered":"<p>Cicles de grau superior<\/p>\n<p><a style=\"color: #ffffff;\" href=\"https:\/\/agora.xtec.cat\/ieslluchirafecas\/estudis\/cicles-formatius\/cicles-formatius-de-grau-superior\/automatitzacio-i-robotica-industrial\/\">Automatitzaci\u00f3 i rob\u00f2tica industrial<\/a><\/p>\n<p><a style=\"color: #ffffff;\" href=\"https:\/\/agora.xtec.cat\/ieslluchirafecas\/estudis\/cicles-formatius\/cicles-formatius-de-grau-superior\/cfgs-mecatronica-industrial\/\">Mecatr\u00f2nica industrial<\/a><\/p>\n<p><a style=\"color: #ffffff;\" href=\"https:\/\/agora.xtec.cat\/ieslluchirafecas\/estudis\/cicles-formatius\/cicles-formatius-de-grau-superior\/sistemes-electrotecnics-automatitzats\/\">Sistemes electrot\u00e8cnics automatitzats<\/a><\/p>\n<p>Poden accedir al CFGS alumnes amb:<\/p>\n<ul>\n<li>Qualsevol CFGM superat.<\/li>\n<li>El batxillerat superat.<\/li>\n<li>El COU aprovat.<\/li>\n<li>2n grau FP aprovat.<\/li>\n<\/ul>\n<p>Les persones que no compleixin les condicions anteriors i que tinguin complerts 20&hellip;  <a href=\"https:\/\/agora.xtec.cat\/ieslluchirafecas\/estudis\/cicles-formatius\/cicles-formatius-de-grau-superior\/\" title=\"Read Cicles Formatius de Grau Superior\">Llegeix m\u00e9s\u00bb<\/a><\/p>\n","protected":false},"author":1,"featured_media":0,"parent":632,"menu_order":20,"comment_status":"closed","ping_status":"closed","template":"page-templates\/side-menu.php","meta":{"_bbp_topic_count":0,"_bbp_reply_count":0,"_bbp_total_topic_count":0,"_bbp_total_reply_count":0,"_bbp_voice_count":0,"_bbp_anonymous_reply_count":0,"_bbp_topic_count_hidden":0,"_bbp_reply_count_hidden":0,"_bbp_forum_subforum_count":0,"footnotes":""},"class_list":["post-637","page","type-page","status-publish","hentry"],"post_mailing_queue_ids":[],"_links":{"self":[{"href":"https:\/\/agora.xtec.cat\/ieslluchirafecas\/wp-json\/wp\/v2\/pages\/637","targetHints":{"allow":["GET"]}}],"collection":[{"href":"https:\/\/agora.xtec.cat\/ieslluchirafecas\/wp-json\/wp\/v2\/pages"}],"about":[{"href":"https:\/\/agora.xtec.cat\/ieslluchirafecas\/wp-json\/wp\/v2\/types\/page"}],"author":[{"embeddable":true,"href":"https:\/\/agora.xtec.cat\/ieslluchirafecas\/wp-json\/wp\/v2\/users\/1"}],"replies":[{"embeddable":true,"href":"https:\/\/agora.xtec.cat\/ieslluchirafecas\/wp-json\/wp\/v2\/comments?post=637"}],"version-history":[{"count":6,"href":"https:\/\/agora.xtec.cat\/ieslluchirafecas\/wp-json\/wp\/v2\/pages\/637\/revisions"}],"predecessor-version":[{"id":13470,"href":"https:\/\/agora.xtec.cat\/ieslluchirafecas\/wp-json\/wp\/v2\/pages\/637\/revisions\/13470"}],"up":[{"embeddable":true,"href":"https:\/\/agora.xtec.cat\/ieslluchirafecas\/wp-json\/wp\/v2\/pages\/632"}],"wp:attachment":[{"href":"https:\/\/agora.xtec.cat\/ieslluchirafecas\/wp-json\/wp\/v2\/media?parent=637"}],"curies":[{"name":"wp","href":"https:\/\/api.w.org\/{rel}","templated":true}]}}