{"id":632,"date":"2020-01-31T20:12:45","date_gmt":"2020-01-31T19:12:45","guid":{"rendered":"https:\/\/agora.xtec.cat\/ieslluchirafecas\/?page_id=632"},"modified":"2025-10-07T17:21:37","modified_gmt":"2025-10-07T15:21:37","slug":"cicles-formatius","status":"publish","type":"page","link":"https:\/\/agora.xtec.cat\/ieslluchirafecas\/estudis\/cicles-formatius\/","title":{"rendered":"Cicles Formatius"},"content":{"rendered":"<table style=\"width: 99.855%; border: 5px solid #660000; font-family: Georgia, serif;\">\n<tbody>\n<tr style=\"height: 98px;\" valign=\"center\">\n<td style=\"width: 104.357%; background-color: #990000; text-align: center; height: 98px;\" width=\"150px\">\n<h1 style=\"color: #ffffff;\"><span style=\"color: #ffffff;\">Cicles formatius de grau b\u00e0sic<\/span><\/h1>\n<\/td>\n<\/tr>\n<tr style=\"height: 67px;\" valign=\"center\">\n<td style=\"width: 104.357%; background-color: #cccccc; text-align: center; height: 67px;\" width=\"150px\">\n<h3><a style=\"color: #000000;\" href=\"https:\/\/agora.xtec.cat\/ieslluchirafecas\/estudis\/cicles-formatius\/cicles-formatius-de-grau-basic\/cfgb-fabricacio-i-muntatge\/\"><span style=\"color: #ffffff;\"><span style=\"color: #000000;\">Fabricaci\u00f3 i muntatge<\/span><\/span><\/a><\/h3>\n<\/td>\n<\/tr>\n<\/tbody>\n<\/table>\n<p>&nbsp;<\/p>\n<table style=\"width: 99.855%; border: 5px solid #660000; font-family: Georgia, serif; height: 488px;\">\n<tbody>\n<tr style=\"height: 98px;\" valign=\"center\">\n<td style=\"width: 104.357%; background-color: #990000; text-align: center; height: 98px;\" width=\"150px\">\n<h1 style=\"color: #ffffff;\"><span style=\"color: #ffffff;\">Cicles formatius de grau mitj\u00e0<\/span><\/h1>\n<\/td>\n<\/tr>\n<tr style=\"height: 67px;\" valign=\"center\">\n<td style=\"width: 104.357%; background-color: #d9d9d9; text-align: center; height: 67px;\" width=\"150px\">\n<h3><a style=\"color: #000000;\" href=\"https:\/\/agora.xtec.cat\/ieslluchirafecas\/estudis\/cicles-formatius\/cicles-formatius-de-grau-mitja\/cures-auxiliars-dinfermeria\/\"><span style=\"color: #800080;\">Cures auxiliars d&#8217;infermeria<\/span><\/a><\/h3>\n<\/td>\n<\/tr>\n<tr style=\"height: 67px;\" valign=\"center\">\n<td style=\"width: 104.357%; background-color: #f2f2f2; text-align: center; height: 67px;\" width=\"150px\">\n<h3><a style=\"color: #000000;\" href=\"https:\/\/agora.xtec.cat\/ieslluchirafecas\/estudis\/cicles-formatius\/cicles-formatius-de-grau-mitja\/cfgm-farmacia-i-parafarmacia\/\"><span style=\"color: #800080;\">Farm\u00e0cia i parafarm\u00e0cia<\/span><\/a><\/h3>\n<\/td>\n<\/tr>\n<tr style=\"height: 61px;\" valign=\"center\">\n<td style=\"width: 104.357%; background-color: #d9d9d9; padding: 5px; height: 61px;\">\n<h3 style=\"text-align: center;\"><a href=\"https:\/\/agora.xtec.cat\/ieslluchirafecas\/estudis\/cicles-formatius\/cicles-formatius-de-grau-mitja\/installacions-electriques-i-automatiques\/\"><span style=\"color: #000080;\"><span style=\"color: #800080;\">Instal\u00b7lacions El\u00e8ctriques i Autom\u00e0tiques<\/span><\/span><\/a><\/h3>\n<\/td>\n<\/tr>\n<tr style=\"height: 67px;\" valign=\"center\">\n<td style=\"width: 104.357%; background-color: #f2f2f2; text-align: center; height: 67px;\" width=\"150px\">\n<h3><span style=\"color: #800080;\"><a style=\"color: #800080;\" href=\"https:\/\/agora.xtec.cat\/ieslluchirafecas\/estudis\/cicles-formatius\/cicles-formatius-de-grau-mitja\/manteniment-de-vaixells-esportius-i-desbarjo\/\"><span style=\"color: #800080;\">Manteniment de vaixells esportius i d\u2019esbarjo<\/span><\/a><\/span><\/h3>\n<\/td>\n<\/tr>\n<tr style=\"height: 61px;\" valign=\"center\">\n<td style=\"width: 104.357%; background-color: #d9d9d9; padding: 5px; height: 61px;\">\n<h3 style=\"text-align: center;\"><span style=\"color: #800080;\"><a style=\"color: #800080;\" href=\"https:\/\/agora.xtec.cat\/ieslluchirafecas\/estudis\/cicles-formatius\/cicles-formatius-de-grau-mitja\/manteniment-electromecanic\/\"><span style=\"color: #800080;\">Manteniment Electromec\u00e0nic<\/span><\/a><\/span><\/h3>\n<\/td>\n<\/tr>\n<tr style=\"height: 67px;\" valign=\"center\">\n<td style=\"width: 104.357%; background-color: #f2f2f2; text-align: center; height: 67px;\" width=\"150px\">\n<h3><span style=\"color: #000080;\"><a href=\"https:\/\/agora.xtec.cat\/ieslluchirafecas\/estudis\/cicles-formatius\/cicles-formatius-de-grau-mitja\/manteniment-de-material-rodant-ferroviari\/\"><span style=\"color: #000080;\"><span style=\"color: #800080;\">Manteniment de material rodant ferroviari<\/span><\/span><\/a><\/span><\/h3>\n<\/td>\n<\/tr>\n<\/tbody>\n<\/table>\n<table style=\"width: 99.855%; border: 5px solid #660000; font-family: Georgia, serif;\">\n<tbody>\n<tr style=\"height: 98px;\" valign=\"center\">\n<td style=\"width: 104.357%; background-color: #990000; text-align: center; height: 98px;\" width=\"150px\">\n<h1 style=\"color: #ffffff;\"><span style=\"color: #ffffff;\">Cicles formatius de grau superior<\/span><\/h1>\n<\/td>\n<\/tr>\n<tr style=\"height: 67px;\" valign=\"center\">\n<td style=\"width: 104.357%; background-color: #d9d9d9; text-align: center; height: 67px;\" width=\"150px\">\n<h3><a style=\"color: #000000;\" href=\"https:\/\/agora.xtec.cat\/ieslluchirafecas\/estudis\/cicles-formatius\/cicles-formatius-de-grau-superior\/automatitzacio-i-robotica-industrial\/\"><span style=\"color: #ff6600;\">Automatitzaci\u00f3 i Rob\u00f2tica Industrial<\/span><\/a><\/h3>\n<\/td>\n<\/tr>\n<tr style=\"height: 67px;\" valign=\"center\">\n<td style=\"width: 104.357%; background-color: #f2f2f2; text-align: center; height: 67px;\" width=\"150px\">\n<h3><a style=\"color: #000000;\" href=\"https:\/\/agora.xtec.cat\/ieslluchirafecas\/estudis\/cicles-formatius\/cicles-formatius-de-grau-superior\/cfgs-mecatronica-industrial\/\"><span style=\"color: #ff6600;\">Mecatr\u00f2nica Industrial<\/span><\/a><\/h3>\n<\/td>\n<\/tr>\n<tr style=\"height: 67px;\" valign=\"center\">\n<td style=\"width: 104.357%; background-color: #d9d9d9; text-align: center; height: 67px;\" width=\"150px\">\n<h3><span style=\"color: #ff6600;\"><a style=\"color: #ff6600;\" href=\"https:\/\/agora.xtec.cat\/ieslluchirafecas\/estudis\/cicles-formatius\/cicles-formatius-de-grau-superior\/sistemes-electrotecnics-automatitzats\/\"><span style=\"color: #ff6600;\">Sistemes electrot\u00e8cnics automatitzats<\/span><\/a><\/span><\/h3>\n<\/td>\n<\/tr>\n<\/tbody>\n<\/table>\n<table style=\"width: 99.855%; border: 5px solid #660000; font-family: Georgia, serif;\">\n<tbody>\n<tr style=\"height: 98px;\" valign=\"center\">\n<td style=\"width: 104.357%; background-color: #990000; text-align: center; height: 98px;\" width=\"150px\">\n<h1 style=\"color: #ffffff;\"><span style=\"color: #ffffff;\">Cursos d&#8217;especialitzaci\u00f3<\/span><\/h1>\n<\/td>\n<\/tr>\n<tr style=\"height: 67px;\" valign=\"center\">\n<td style=\"width: 104.357%; background-color: #d9d9d9; text-align: center; height: 67px;\" width=\"150px\">\n<h3><a style=\"color: #000000;\" href=\"https:\/\/agora.xtec.cat\/ieslluchirafecas\/estudis\/cicles-formatius\/certificats-de-professionalitat\/manteniment-dels-sistemes-mecanics-de-material-rodant-ferroviari\/\">Manteniment avan\u00e7at de sistemes de material rodant ferroviari<\/a><\/h3>\n<\/td>\n<\/tr>\n<tr style=\"height: 67px;\" valign=\"center\">\n<td style=\"width: 104.357%; background-color: #f2f2f2; text-align: center; height: 67px;\" width=\"150px\">\n<h3><a style=\"color: #000000;\" href=\"https:\/\/agora.xtec.cat\/ieslluchirafecas\/estudis\/cicles-formatius\/certificats-de-professionalitat\/manteniment-de-sistemes-electrics-i-electronics-de-material-rodant-ferroviari\/\">Sistemes de senyalitzaci\u00f3 i telecomunicacions ferrovi\u00e0ries<\/a><\/h3>\n<\/td>\n<\/tr>\n<\/tbody>\n<\/table>\n<p>&nbsp;<\/p>\n<p>&nbsp;<\/p>\n<p>La Formaci\u00f3 Professional compr\u00e8n un conjunt d\u2019ensenyaments que capaciten per a l\u2019exercici qualificat de diverses professions i proporcionen a l\u2019alumne la formaci\u00f3 necess\u00e0ria per a adquirir la compet\u00e8ncia professional caracter\u00edstica de cada t\u00edtol, a m\u00e9s de comprendre l\u2019organitzaci\u00f3 i les caracter\u00edstiques del sector corresponent.<\/p>\n<p>La Formaci\u00f3 Professional espec\u00edfica s\u2019ordena en cicles formatius que donen la qualificaci\u00f3 necess\u00e0ria per a executar les tasques pr\u00f2pies de la professi\u00f3.<\/p>\n<p>La durada dels cicles formatius engloba les hores lectives destinades a la formaci\u00f3 en un centre educatiu i les hores destinades a la formaci\u00f3 pr\u00e0ctica en centres de treball. En total oscil\u00b7la entre 1.300 i 2.000 hores, la qual cosa suposa un o dos cursos acad\u00e8mics.<\/p>\n<p>Els cicles formatius s\u2019organitzen en m\u00f2duls professionals, els quals s\u2019estructuren en cr\u00e8dits de car\u00e0cter teoricopr\u00e0ctic de durada variable i propis de cada cicle formatiu. A m\u00e9s, inclouen, ordin\u00e0riament, un cr\u00e8dit de s\u00edntesi que ha de permetre culminar la integraci\u00f3 dels continguts impartits al llarg del cicle.<\/p>\n<p>D\u2019altra banda, els centres docents disposen d\u2019un determinat nombre d\u2019hores lectives per a completar el curr\u00edculum, les quals, juntament amb els cr\u00e8dits de formaci\u00f3 pr\u00e0ctica en centres de treball i de s\u00edntesi, han de permetre, especialment, l\u2019adaptaci\u00f3 del curr\u00edculum del cicle a l\u2019entorn socioecon\u00f2mic de cada centre docent.<\/p>\n<p>El cr\u00e8dit de formaci\u00f3 pr\u00e0ctica en centres de treball \u00e9s mat\u00e8ria obligat\u00f2ria i avaluable, i es realitza en empreses o entitats mitjan\u00e7ant els convenis que el Departament d\u2019Ensenyament ha establert amb aquestes.<\/p>\n<p>A m\u00e9s, en alguns dels cicles oferim l&#8217;<strong>oportunitat de realitzar FORMACI\u00d3 DUAL<\/strong>, en els que parts dels continguts del cicle es realitzen a una empresa, de manera que l&#8217;alumne apr\u00e8n de primera m\u00e0 les habilitats professionals necess\u00e0ries. Aquesta formaci\u00f3 DUAL porta associada una beca-salari.<\/p>\n<p>La formaci\u00f3 professional espec\u00edfica t\u00e9 la finalitat de proporcionar a l\u2019alumnat la formaci\u00f3 necess\u00e0ria per:<\/p>\n<ul>\n<li>Adquirir la compet\u00e8ncia professional caracter\u00edstica de cada t\u00edtol.<\/li>\n<li>Comprendre l\u2019organitzaci\u00f3 i les caracter\u00edstiques del sector corresponent, i tamb\u00e9 el mecanismes d\u2019inserci\u00f3 professional.<\/li>\n<li>Con\u00e8ixer la legislaci\u00f3 laboral i els drets i obligacions que s\u2019en deriven.<\/li>\n<li>Adquirir els coneixements i les habilitats necess\u00e0ries per treballar en condicions de seguretat i prevenir els possibles riscos derivats de les situacions de treball.<\/li>\n<\/ul>\n","protected":false},"excerpt":{"rendered":"<p>Cicles formatius de grau b\u00e0sic<\/p>\n<p><a style=\"color: #000000;\" href=\"https:\/\/agora.xtec.cat\/ieslluchirafecas\/estudis\/cicles-formatius\/cicles-formatius-de-grau-basic\/cfgb-fabricacio-i-muntatge\/\">Fabricaci\u00f3 i muntatge<\/a><\/p>\n<p>&nbsp;<\/p>\n<p>Cicles formatius de grau mitj\u00e0<\/p>\n<p><a style=\"color: #000000;\" href=\"https:\/\/agora.xtec.cat\/ieslluchirafecas\/estudis\/cicles-formatius\/cicles-formatius-de-grau-mitja\/cures-auxiliars-dinfermeria\/\">Cures auxiliars d&#8217;infermeria<\/a><\/p>\n<p><a style=\"color: #000000;\" href=\"https:\/\/agora.xtec.cat\/ieslluchirafecas\/estudis\/cicles-formatius\/cicles-formatius-de-grau-mitja\/cfgm-farmacia-i-parafarmacia\/\">Farm\u00e0cia i parafarm\u00e0cia<\/a><\/p>\n<p><a href=\"https:\/\/agora.xtec.cat\/ieslluchirafecas\/estudis\/cicles-formatius\/cicles-formatius-de-grau-mitja\/installacions-electriques-i-automatiques\/\">Instal\u00b7lacions El\u00e8ctriques i Autom\u00e0tiques<\/a><\/p>\n<p><a style=\"color: #800080;\" href=\"https:\/\/agora.xtec.cat\/ieslluchirafecas\/estudis\/cicles-formatius\/cicles-formatius-de-grau-mitja\/manteniment-de-vaixells-esportius-i-desbarjo\/\">Manteniment de vaixells esportius i d\u2019esbarjo<\/a><\/p>\n<p><a style=\"color: #800080;\" href=\"https:\/\/agora.xtec.cat\/ieslluchirafecas\/estudis\/cicles-formatius\/cicles-formatius-de-grau-mitja\/manteniment-electromecanic\/\">Manteniment Electromec\u00e0nic<\/a><\/p>\n<p><a href=\"https:\/\/agora.xtec.cat\/ieslluchirafecas\/estudis\/cicles-formatius\/cicles-formatius-de-grau-mitja\/manteniment-de-material-rodant-ferroviari\/\">Manteniment de material rodant ferroviari<\/a><\/p>\n<p>Cicles&hellip;  <a href=\"https:\/\/agora.xtec.cat\/ieslluchirafecas\/estudis\/cicles-formatius\/\" title=\"Read Cicles Formatius\">Llegeix m\u00e9s\u00bb<\/a><\/p>\n","protected":false},"author":1,"featured_media":0,"parent":195,"menu_order":0,"comment_status":"closed","ping_status":"closed","template":"page-templates\/side-menu.php","meta":{"_bbp_topic_count":0,"_bbp_reply_count":0,"_bbp_total_topic_count":0,"_bbp_total_reply_count":0,"_bbp_voice_count":0,"_bbp_anonymous_reply_count":0,"_bbp_topic_count_hidden":0,"_bbp_reply_count_hidden":0,"_bbp_forum_subforum_count":0,"footnotes":""},"class_list":["post-632","page","type-page","status-publish","hentry"],"post_mailing_queue_ids":[],"_links":{"self":[{"href":"https:\/\/agora.xtec.cat\/ieslluchirafecas\/wp-json\/wp\/v2\/pages\/632","targetHints":{"allow":["GET"]}}],"collection":[{"href":"https:\/\/agora.xtec.cat\/ieslluchirafecas\/wp-json\/wp\/v2\/pages"}],"about":[{"href":"https:\/\/agora.xtec.cat\/ieslluchirafecas\/wp-json\/wp\/v2\/types\/page"}],"author":[{"embeddable":true,"href":"https:\/\/agora.xtec.cat\/ieslluchirafecas\/wp-json\/wp\/v2\/users\/1"}],"replies":[{"embeddable":true,"href":"https:\/\/agora.xtec.cat\/ieslluchirafecas\/wp-json\/wp\/v2\/comments?post=632"}],"version-history":[{"count":7,"href":"https:\/\/agora.xtec.cat\/ieslluchirafecas\/wp-json\/wp\/v2\/pages\/632\/revisions"}],"predecessor-version":[{"id":14209,"href":"https:\/\/agora.xtec.cat\/ieslluchirafecas\/wp-json\/wp\/v2\/pages\/632\/revisions\/14209"}],"up":[{"embeddable":true,"href":"https:\/\/agora.xtec.cat\/ieslluchirafecas\/wp-json\/wp\/v2\/pages\/195"}],"wp:attachment":[{"href":"https:\/\/agora.xtec.cat\/ieslluchirafecas\/wp-json\/wp\/v2\/media?parent=632"}],"curies":[{"name":"wp","href":"https:\/\/api.w.org\/{rel}","templated":true}]}}